{"id":18678,"date":"2026-04-13T10:31:06","date_gmt":"2026-04-13T08:31:06","guid":{"rendered":"https:\/\/surysaray.com\/?post_type=product&#038;p=18678"},"modified":"2026-04-13T10:33:33","modified_gmt":"2026-04-13T08:33:33","slug":"balancing-ointment-cleanser","status":"publish","type":"product","link":"https:\/\/surysaray.com\/en\/producto\/balancing-ointment-cleanser\/","title":{"rendered":"Balancing Ointment CLEANSER"},"content":{"rendered":"","protected":false},"excerpt":{"rendered":"<p data-start=\"49\" data-end=\"323\"><strong data-start=\"49\" data-end=\"95\">B\u00e1lsamo limpiador suave para piel sensible<\/strong> que limpia en profundidad sin irritar, calma al instante y refuerza la barrera cut\u00e1nea. Enriquecido con l\u00edpidos nutritivos, fermentos postbi\u00f3ticos y glicerina, ayuda a mantener la hidrataci\u00f3n y mejorar el equilibrio de la piel.<\/p>\n<p data-start=\"325\" data-end=\"451\" data-is-last-node=\"\" data-is-only-node=\"\"><strong data-start=\"325\" data-end=\"341\">Modo de uso:<\/strong> aplicar ma\u00f1ana y\/o noche sobre la piel seca, masajear con un poco de agua y aclarar con abundante agua tibia.<\/p>\n","protected":false},"featured_media":18681,"template":"","meta":{"_joinchat":[]},"product_cat":[659,618],"product_tag":[],"yoast_head":"<!-- This site is optimized with the Yoast SEO plugin v20.2.1 - https:\/\/yoast.com\/wordpress\/plugins\/seo\/ -->\n<title>Balancing Ointment CLEANSER - Sury Saray<\/title>\n<meta name=\"robots\" content=\"noindex, follow\" \/>\n<meta property=\"og:locale\" content=\"en_US\" \/>\n<meta property=\"og:type\" content=\"article\" \/>\n<meta property=\"og:title\" content=\"Balancing Ointment CLEANSER - Sury Saray\" \/>\n<meta property=\"og:description\" content=\"B\u00e1lsamo limpiador suave para piel sensible que limpia en profundidad sin irritar, calma al instante y refuerza la barrera cut\u00e1nea. Enriquecido con l\u00edpidos nutritivos, fermentos postbi\u00f3ticos y glicerina, ayuda a mantener la hidrataci\u00f3n y mejorar el equilibrio de la piel. Modo de uso: aplicar ma\u00f1ana y\/o noche sobre la piel seca, masajear con un poco de agua y aclarar con abundante agua tibia.\" \/>\n<meta property=\"og:url\" content=\"https:\/\/surysaray.com\/en\/producto\/balancing-ointment-cleanser\/\" \/>\n<meta property=\"og:site_name\" content=\"Sury Saray\" \/>\n<meta property=\"article:modified_time\" content=\"2026-04-13T08:33:33+00:00\" \/>\n<meta property=\"og:image\" content=\"https:\/\/surysaray.com\/wp-content\/uploads\/2026\/04\/ointment-cleanser-arreglad.png\" \/>\n\t<meta property=\"og:image:width\" content=\"400\" \/>\n\t<meta property=\"og:image:height\" content=\"400\" \/>\n\t<meta property=\"og:image:type\" content=\"image\/png\" \/>\n<meta name=\"twitter:card\" content=\"summary_large_image\" \/>\n<script type=\"application\/ld+json\" class=\"yoast-schema-graph\">{\"@context\":\"https:\/\/schema.org\",\"@graph\":[{\"@type\":\"WebPage\",\"@id\":\"https:\/\/surysaray.com\/en\/producto\/balancing-ointment-cleanser\/\",\"url\":\"https:\/\/surysaray.com\/en\/producto\/balancing-ointment-cleanser\/\",\"name\":\"Balancing Ointment CLEANSER - Sury Saray\",\"isPartOf\":{\"@id\":\"https:\/\/surysaray.com\/#website\"},\"datePublished\":\"2026-04-13T08:31:06+00:00\",\"dateModified\":\"2026-04-13T08:33:33+00:00\",\"breadcrumb\":{\"@id\":\"https:\/\/surysaray.com\/en\/producto\/balancing-ointment-cleanser\/#breadcrumb\"},\"inLanguage\":\"en-US\",\"potentialAction\":[{\"@type\":\"ReadAction\",\"target\":[\"https:\/\/surysaray.com\/en\/producto\/balancing-ointment-cleanser\/\"]}]},{\"@type\":\"BreadcrumbList\",\"@id\":\"https:\/\/surysaray.com\/en\/producto\/balancing-ointment-cleanser\/#breadcrumb\",\"itemListElement\":[{\"@type\":\"ListItem\",\"position\":1,\"name\":\"Portada\",\"item\":\"https:\/\/surysaray.com\/en\/\"},{\"@type\":\"ListItem\",\"position\":2,\"name\":\"Shop\",\"item\":\"https:\/\/surysaray.com\/online-shop\/\"},{\"@type\":\"ListItem\",\"position\":3,\"name\":\"Balancing Ointment CLEANSER\"}]},{\"@type\":\"WebSite\",\"@id\":\"https:\/\/surysaray.com\/#website\",\"url\":\"https:\/\/surysaray.com\/\",\"name\":\"Sury Saray\",\"description\":\"\",\"potentialAction\":[{\"@type\":\"SearchAction\",\"target\":{\"@type\":\"EntryPoint\",\"urlTemplate\":\"https:\/\/surysaray.com\/?s={search_term_string}\"},\"query-input\":\"required name=search_term_string\"}],\"inLanguage\":\"en-US\"}]}<\/script>\n<!-- \/ Yoast SEO plugin. -->","yoast_head_json":{"title":"Balancing Ointment CLEANSER - Sury Saray","robots":{"index":"noindex","follow":"follow"},"og_locale":"en_US","og_type":"article","og_title":"Balancing Ointment CLEANSER - Sury Saray","og_description":"B\u00e1lsamo limpiador suave para piel sensible que limpia en profundidad sin irritar, calma al instante y refuerza la barrera cut\u00e1nea. Enriquecido con l\u00edpidos nutritivos, fermentos postbi\u00f3ticos y glicerina, ayuda a mantener la hidrataci\u00f3n y mejorar el equilibrio de la piel. Modo de uso: aplicar ma\u00f1ana y\/o noche sobre la piel seca, masajear con un poco de agua y aclarar con abundante agua tibia.","og_url":"https:\/\/surysaray.com\/en\/producto\/balancing-ointment-cleanser\/","og_site_name":"Sury Saray","article_modified_time":"2026-04-13T08:33:33+00:00","og_image":[{"width":400,"height":400,"url":"https:\/\/surysaray.com\/wp-content\/uploads\/2026\/04\/ointment-cleanser-arreglad.png","type":"image\/png"}],"twitter_card":"summary_large_image","schema":{"@context":"https:\/\/schema.org","@graph":[{"@type":"WebPage","@id":"https:\/\/surysaray.com\/en\/producto\/balancing-ointment-cleanser\/","url":"https:\/\/surysaray.com\/en\/producto\/balancing-ointment-cleanser\/","name":"Balancing Ointment CLEANSER - Sury Saray","isPartOf":{"@id":"https:\/\/surysaray.com\/#website"},"datePublished":"2026-04-13T08:31:06+00:00","dateModified":"2026-04-13T08:33:33+00:00","breadcrumb":{"@id":"https:\/\/surysaray.com\/en\/producto\/balancing-ointment-cleanser\/#breadcrumb"},"inLanguage":"en-US","potentialAction":[{"@type":"ReadAction","target":["https:\/\/surysaray.com\/en\/producto\/balancing-ointment-cleanser\/"]}]},{"@type":"BreadcrumbList","@id":"https:\/\/surysaray.com\/en\/producto\/balancing-ointment-cleanser\/#breadcrumb","itemListElement":[{"@type":"ListItem","position":1,"name":"Portada","item":"https:\/\/surysaray.com\/en\/"},{"@type":"ListItem","position":2,"name":"Shop","item":"https:\/\/surysaray.com\/online-shop\/"},{"@type":"ListItem","position":3,"name":"Balancing Ointment CLEANSER"}]},{"@type":"WebSite","@id":"https:\/\/surysaray.com\/#website","url":"https:\/\/surysaray.com\/","name":"Sury Saray","description":"","potentialAction":[{"@type":"SearchAction","target":{"@type":"EntryPoint","urlTemplate":"https:\/\/surysaray.com\/?s={search_term_string}"},"query-input":"required name=search_term_string"}],"inLanguage":"en-US"}]}},"_links":{"self":[{"href":"https:\/\/surysaray.com\/en\/wp-json\/wp\/v3\/product\/18678"}],"collection":[{"href":"https:\/\/surysaray.com\/en\/wp-json\/wp\/v3\/product"}],"about":[{"href":"https:\/\/surysaray.com\/en\/wp-json\/wp\/v2\/types\/product"}],"wp:featuredmedia":[{"embeddable":true,"href":"https:\/\/surysaray.com\/en\/wp-json\/wp\/v2\/media\/18681"}],"wp:attachment":[{"href":"https:\/\/surysaray.com\/en\/wp-json\/wp\/v2\/media?parent=18678"}],"wp:term":[{"taxonomy":"product_cat","embeddable":true,"href":"https:\/\/surysaray.com\/en\/wp-json\/wp\/v2\/product_cat?post=18678"},{"taxonomy":"product_tag","embeddable":true,"href":"https:\/\/surysaray.com\/en\/wp-json\/wp\/v2\/product_tag?post=18678"}],"curies":[{"name":"wp","href":"https:\/\/api.w.org\/{rel}","templated":true}]}}