{"id":18667,"date":"2026-03-19T13:12:57","date_gmt":"2026-03-19T12:12:57","guid":{"rendered":"https:\/\/surysaray.com\/?post_type=product&#038;p=18667"},"modified":"2026-04-13T10:14:07","modified_gmt":"2026-04-13T08:14:07","slug":"clarifying-instant-relief-lotion-902-neuroxyl-calming-complex","status":"publish","type":"product","link":"https:\/\/surysaray.com\/en\/producto\/clarifying-instant-relief-lotion-902-neuroxyl-calming-complex\/","title":{"rendered":"Clarifying Instant relief LOTION 902% Neuroxyl calming complex"},"content":{"rendered":"","protected":false},"excerpt":{"rendered":"<p>La <strong data-start=\"71\" data-end=\"96\">Instant Relief Lotion<\/strong> de DOCTOR BABOR SENSITIVE calma y protege la piel sensible del rostro y cuerpo. Con un 9,2\u202f% de extractos de plantas calmantes, ceramidas y microplata, refuerza la barrera cut\u00e1nea, reduce la tirantez y el picor, y ayuda a equilibrar la piel propensa al acn\u00e9. 100\u202f% vegana y libre de siliconas, parabenos y micropl\u00e1sticos, se absorbe r\u00e1pido y deja la piel nutrida y suave. Se recomienda aplicar ma\u00f1ana y noche para una piel m\u00e1s equilibrada y calmada.<\/p>\n","protected":false},"featured_media":18670,"template":"","meta":{"_joinchat":[]},"product_cat":[541,659,618],"product_tag":[],"yoast_head":"<!-- This site is optimized with the Yoast SEO plugin v20.2.1 - https:\/\/yoast.com\/wordpress\/plugins\/seo\/ -->\n<title>Clarifying Instant relief LOTION 902% Neuroxyl calming complex - Sury Saray<\/title>\n<meta name=\"robots\" content=\"noindex, follow\" \/>\n<meta property=\"og:locale\" content=\"en_US\" \/>\n<meta property=\"og:type\" content=\"article\" \/>\n<meta property=\"og:title\" content=\"Clarifying Instant relief LOTION 902% Neuroxyl calming complex - Sury Saray\" \/>\n<meta property=\"og:description\" content=\"La Instant Relief Lotion de DOCTOR BABOR SENSITIVE calma y protege la piel sensible del rostro y cuerpo. Con un 9,2\u202f% de extractos de plantas calmantes, ceramidas y microplata, refuerza la barrera cut\u00e1nea, reduce la tirantez y el picor, y ayuda a equilibrar la piel propensa al acn\u00e9. 100\u202f% vegana y libre de siliconas, parabenos y micropl\u00e1sticos, se absorbe r\u00e1pido y deja la piel nutrida y suave. Se recomienda aplicar ma\u00f1ana y noche para una piel m\u00e1s equilibrada y calmada.\" \/>\n<meta property=\"og:url\" content=\"https:\/\/surysaray.com\/producto\/clarifying-instant-relief-lotion-902-neuroxyl-calming-complex\/\" \/>\n<meta property=\"og:site_name\" content=\"Sury Saray\" \/>\n<meta property=\"article:modified_time\" content=\"2026-04-13T08:14:07+00:00\" \/>\n<meta property=\"og:image\" content=\"https:\/\/surysaray.com\/wp-content\/uploads\/2026\/03\/insta-relif-lotion-arreglada.png\" \/>\n\t<meta property=\"og:image:width\" content=\"400\" \/>\n\t<meta property=\"og:image:height\" content=\"400\" \/>\n\t<meta property=\"og:image:type\" content=\"image\/png\" \/>\n<meta name=\"twitter:card\" content=\"summary_large_image\" \/>\n<script type=\"application\/ld+json\" class=\"yoast-schema-graph\">{\"@context\":\"https:\/\/schema.org\",\"@graph\":[{\"@type\":\"WebPage\",\"@id\":\"https:\/\/surysaray.com\/producto\/clarifying-instant-relief-lotion-902-neuroxyl-calming-complex\/\",\"url\":\"https:\/\/surysaray.com\/producto\/clarifying-instant-relief-lotion-902-neuroxyl-calming-complex\/\",\"name\":\"Clarifying Instant relief LOTION 902% Neuroxyl calming complex - Sury Saray\",\"isPartOf\":{\"@id\":\"https:\/\/surysaray.com\/#website\"},\"datePublished\":\"2026-03-19T12:12:57+00:00\",\"dateModified\":\"2026-04-13T08:14:07+00:00\",\"breadcrumb\":{\"@id\":\"https:\/\/surysaray.com\/producto\/clarifying-instant-relief-lotion-902-neuroxyl-calming-complex\/#breadcrumb\"},\"inLanguage\":\"en-US\",\"potentialAction\":[{\"@type\":\"ReadAction\",\"target\":[\"https:\/\/surysaray.com\/producto\/clarifying-instant-relief-lotion-902-neuroxyl-calming-complex\/\"]}]},{\"@type\":\"BreadcrumbList\",\"@id\":\"https:\/\/surysaray.com\/producto\/clarifying-instant-relief-lotion-902-neuroxyl-calming-complex\/#breadcrumb\",\"itemListElement\":[{\"@type\":\"ListItem\",\"position\":1,\"name\":\"Portada\",\"item\":\"https:\/\/surysaray.com\/en\/\"},{\"@type\":\"ListItem\",\"position\":2,\"name\":\"Shop\",\"item\":\"https:\/\/surysaray.com\/online-shop\/\"},{\"@type\":\"ListItem\",\"position\":3,\"name\":\"Clarifying Instant relief LOTION 902% Neuroxyl calming complex\"}]},{\"@type\":\"WebSite\",\"@id\":\"https:\/\/surysaray.com\/#website\",\"url\":\"https:\/\/surysaray.com\/\",\"name\":\"Sury Saray\",\"description\":\"\",\"potentialAction\":[{\"@type\":\"SearchAction\",\"target\":{\"@type\":\"EntryPoint\",\"urlTemplate\":\"https:\/\/surysaray.com\/?s={search_term_string}\"},\"query-input\":\"required name=search_term_string\"}],\"inLanguage\":\"en-US\"}]}<\/script>\n<!-- \/ Yoast SEO plugin. -->","yoast_head_json":{"title":"Clarifying Instant relief LOTION 902% Neuroxyl calming complex - Sury Saray","robots":{"index":"noindex","follow":"follow"},"og_locale":"en_US","og_type":"article","og_title":"Clarifying Instant relief LOTION 902% Neuroxyl calming complex - Sury Saray","og_description":"La Instant Relief Lotion de DOCTOR BABOR SENSITIVE calma y protege la piel sensible del rostro y cuerpo. Con un 9,2\u202f% de extractos de plantas calmantes, ceramidas y microplata, refuerza la barrera cut\u00e1nea, reduce la tirantez y el picor, y ayuda a equilibrar la piel propensa al acn\u00e9. 100\u202f% vegana y libre de siliconas, parabenos y micropl\u00e1sticos, se absorbe r\u00e1pido y deja la piel nutrida y suave. Se recomienda aplicar ma\u00f1ana y noche para una piel m\u00e1s equilibrada y calmada.","og_url":"https:\/\/surysaray.com\/producto\/clarifying-instant-relief-lotion-902-neuroxyl-calming-complex\/","og_site_name":"Sury Saray","article_modified_time":"2026-04-13T08:14:07+00:00","og_image":[{"width":400,"height":400,"url":"https:\/\/surysaray.com\/wp-content\/uploads\/2026\/03\/insta-relif-lotion-arreglada.png","type":"image\/png"}],"twitter_card":"summary_large_image","schema":{"@context":"https:\/\/schema.org","@graph":[{"@type":"WebPage","@id":"https:\/\/surysaray.com\/producto\/clarifying-instant-relief-lotion-902-neuroxyl-calming-complex\/","url":"https:\/\/surysaray.com\/producto\/clarifying-instant-relief-lotion-902-neuroxyl-calming-complex\/","name":"Clarifying Instant relief LOTION 902% Neuroxyl calming complex - Sury Saray","isPartOf":{"@id":"https:\/\/surysaray.com\/#website"},"datePublished":"2026-03-19T12:12:57+00:00","dateModified":"2026-04-13T08:14:07+00:00","breadcrumb":{"@id":"https:\/\/surysaray.com\/producto\/clarifying-instant-relief-lotion-902-neuroxyl-calming-complex\/#breadcrumb"},"inLanguage":"en-US","potentialAction":[{"@type":"ReadAction","target":["https:\/\/surysaray.com\/producto\/clarifying-instant-relief-lotion-902-neuroxyl-calming-complex\/"]}]},{"@type":"BreadcrumbList","@id":"https:\/\/surysaray.com\/producto\/clarifying-instant-relief-lotion-902-neuroxyl-calming-complex\/#breadcrumb","itemListElement":[{"@type":"ListItem","position":1,"name":"Portada","item":"https:\/\/surysaray.com\/en\/"},{"@type":"ListItem","position":2,"name":"Shop","item":"https:\/\/surysaray.com\/online-shop\/"},{"@type":"ListItem","position":3,"name":"Clarifying Instant relief LOTION 902% Neuroxyl calming complex"}]},{"@type":"WebSite","@id":"https:\/\/surysaray.com\/#website","url":"https:\/\/surysaray.com\/","name":"Sury Saray","description":"","potentialAction":[{"@type":"SearchAction","target":{"@type":"EntryPoint","urlTemplate":"https:\/\/surysaray.com\/?s={search_term_string}"},"query-input":"required name=search_term_string"}],"inLanguage":"en-US"}]}},"_links":{"self":[{"href":"https:\/\/surysaray.com\/en\/wp-json\/wp\/v3\/product\/18667"}],"collection":[{"href":"https:\/\/surysaray.com\/en\/wp-json\/wp\/v3\/product"}],"about":[{"href":"https:\/\/surysaray.com\/en\/wp-json\/wp\/v2\/types\/product"}],"wp:featuredmedia":[{"embeddable":true,"href":"https:\/\/surysaray.com\/en\/wp-json\/wp\/v2\/media\/18670"}],"wp:attachment":[{"href":"https:\/\/surysaray.com\/en\/wp-json\/wp\/v2\/media?parent=18667"}],"wp:term":[{"taxonomy":"product_cat","embeddable":true,"href":"https:\/\/surysaray.com\/en\/wp-json\/wp\/v2\/product_cat?post=18667"},{"taxonomy":"product_tag","embeddable":true,"href":"https:\/\/surysaray.com\/en\/wp-json\/wp\/v2\/product_tag?post=18667"}],"curies":[{"name":"wp","href":"https:\/\/api.w.org\/{rel}","templated":true}]}}