{"id":18222,"date":"2025-04-11T11:33:14","date_gmt":"2025-04-11T09:33:14","guid":{"rendered":"https:\/\/surysaray.com\/producto\/mesoprotech-water-veil-spf50\/"},"modified":"2025-04-11T11:45:24","modified_gmt":"2025-04-11T09:45:24","slug":"mesoprotech-water-veil-spf50","status":"publish","type":"product","link":"https:\/\/surysaray.com\/en\/producto\/mesoprotech-water-veil-spf50\/","title":{"rendered":"Mesoprotech Water Veil SPF50+"},"content":{"rendered":"<p class=\"\" data-start=\"0\" data-end=\"277\"><strong data-start=\"0\" data-end=\"27\">Mesoprotech water veil<\/strong> de MESOESTETIC<em data-start=\"31\" data-end=\"45\">\u00a0<\/em>es un protector solar facial de textura ligera tipo gel-crema, con <strong data-start=\"113\" data-end=\"124\" data-is-only-node=\"\">SPF 50+<\/strong>, ideal para pieles mixtas o grasas.<\/p>\n<p class=\"\" data-start=\"0\" data-end=\"277\">Protege contra rayos <strong data-start=\"182\" data-end=\"221\">UVA, UVB, luz visible e infrarrojos<\/strong>, mientras hidrata y previene el envejecimiento cut\u00e1neo.<\/p>\n<p class=\"\" data-start=\"279\" data-end=\"471\">Contiene <strong data-start=\"288\" data-end=\"309\">\u00e1cido hialur\u00f3nico<\/strong> y <strong data-start=\"312\" data-end=\"331\">Collagen pro-47<\/strong>, que ayudan a mejorar la firmeza y elasticidad de la piel.<\/p>\n<p class=\"\" data-start=\"279\" data-end=\"471\"><strong data-start=\"394\" data-end=\"413\">No comedog\u00e9nico<\/strong>, <strong data-start=\"415\" data-end=\"437\">resistente al agua<\/strong> y <strong data-start=\"440\" data-end=\"470\">dermatol\u00f3gicamente testado<\/strong>.<\/p>\n<p data-start=\"279\" data-end=\"471\">Ideal para uso diario.<\/p>\n<p class=\"\" data-start=\"279\" data-end=\"471\">Aplicar media hora antes de la exposici\u00f3n solar y reaplicar cada 2 horas.<\/p>\n<p class=\"\" data-start=\"279\" data-end=\"471\">\n","protected":false},"excerpt":{"rendered":"<p>Mesoprotech water veil de MESOESTETIC\u00a0es un protector solar facial de textura ligera tipo gel-crema, con SPF 50+, ideal para pieles mixtas o grasas. Protege contra rayos UVA, UVB, luz visible e infrarrojos, mientras hidrata y previene el envejecimiento cut\u00e1neo. Contiene \u00e1cido hialur\u00f3nico y Collagen pro-47, que ayudan a mejorar la firmeza y elasticidad de la [&hellip;]<\/p>\n","protected":false},"featured_media":18218,"template":"","meta":{"_joinchat":[]},"product_cat":[740,541,655,542],"product_tag":[],"yoast_head":"<!-- This site is optimized with the Yoast SEO plugin v20.2.1 - https:\/\/yoast.com\/wordpress\/plugins\/seo\/ -->\n<title>Mesoprotech Water Veil SPF50+ - Sury Saray<\/title>\n<meta name=\"robots\" content=\"noindex, follow\" \/>\n<meta property=\"og:locale\" content=\"en_US\" \/>\n<meta property=\"og:type\" content=\"article\" \/>\n<meta property=\"og:title\" content=\"Mesoprotech Water Veil SPF50+ - Sury Saray\" \/>\n<meta property=\"og:description\" content=\"Mesoprotech water veil de MESOESTETIC\u00a0es un protector solar facial de textura ligera tipo gel-crema, con SPF 50+, ideal para pieles mixtas o grasas. Protege contra rayos UVA, UVB, luz visible e infrarrojos, mientras hidrata y previene el envejecimiento cut\u00e1neo. Contiene \u00e1cido hialur\u00f3nico y Collagen pro-47, que ayudan a mejorar la firmeza y elasticidad de la [&hellip;]\" \/>\n<meta property=\"og:url\" content=\"https:\/\/surysaray.com\/en\/producto\/mesoprotech-water-veil-spf50\/\" \/>\n<meta property=\"og:site_name\" content=\"Sury Saray\" \/>\n<meta property=\"article:modified_time\" content=\"2025-04-11T09:45:24+00:00\" \/>\n<meta property=\"og:image\" content=\"https:\/\/surysaray.com\/wp-content\/uploads\/2025\/04\/water-veil.jpg\" \/>\n\t<meta property=\"og:image:width\" content=\"474\" \/>\n\t<meta property=\"og:image:height\" content=\"474\" \/>\n\t<meta property=\"og:image:type\" content=\"image\/jpeg\" \/>\n<meta name=\"twitter:card\" content=\"summary_large_image\" \/>\n<script type=\"application\/ld+json\" class=\"yoast-schema-graph\">{\"@context\":\"https:\/\/schema.org\",\"@graph\":[{\"@type\":\"WebPage\",\"@id\":\"https:\/\/surysaray.com\/en\/producto\/mesoprotech-water-veil-spf50\/\",\"url\":\"https:\/\/surysaray.com\/en\/producto\/mesoprotech-water-veil-spf50\/\",\"name\":\"Mesoprotech Water Veil SPF50+ - Sury Saray\",\"isPartOf\":{\"@id\":\"https:\/\/surysaray.com\/#website\"},\"datePublished\":\"2025-04-11T09:33:14+00:00\",\"dateModified\":\"2025-04-11T09:45:24+00:00\",\"breadcrumb\":{\"@id\":\"https:\/\/surysaray.com\/en\/producto\/mesoprotech-water-veil-spf50\/#breadcrumb\"},\"inLanguage\":\"en-US\",\"potentialAction\":[{\"@type\":\"ReadAction\",\"target\":[\"https:\/\/surysaray.com\/en\/producto\/mesoprotech-water-veil-spf50\/\"]}]},{\"@type\":\"BreadcrumbList\",\"@id\":\"https:\/\/surysaray.com\/en\/producto\/mesoprotech-water-veil-spf50\/#breadcrumb\",\"itemListElement\":[{\"@type\":\"ListItem\",\"position\":1,\"name\":\"Portada\",\"item\":\"https:\/\/surysaray.com\/en\/\"},{\"@type\":\"ListItem\",\"position\":2,\"name\":\"Shop\",\"item\":\"https:\/\/surysaray.com\/online-shop\/\"},{\"@type\":\"ListItem\",\"position\":3,\"name\":\"Mesoprotech Water Veil SPF50+\"}]},{\"@type\":\"WebSite\",\"@id\":\"https:\/\/surysaray.com\/#website\",\"url\":\"https:\/\/surysaray.com\/\",\"name\":\"Sury Saray\",\"description\":\"\",\"potentialAction\":[{\"@type\":\"SearchAction\",\"target\":{\"@type\":\"EntryPoint\",\"urlTemplate\":\"https:\/\/surysaray.com\/?s={search_term_string}\"},\"query-input\":\"required name=search_term_string\"}],\"inLanguage\":\"en-US\"}]}<\/script>\n<!-- \/ Yoast SEO plugin. -->","yoast_head_json":{"title":"Mesoprotech Water Veil SPF50+ - Sury Saray","robots":{"index":"noindex","follow":"follow"},"og_locale":"en_US","og_type":"article","og_title":"Mesoprotech Water Veil SPF50+ - Sury Saray","og_description":"Mesoprotech water veil de MESOESTETIC\u00a0es un protector solar facial de textura ligera tipo gel-crema, con SPF 50+, ideal para pieles mixtas o grasas. Protege contra rayos UVA, UVB, luz visible e infrarrojos, mientras hidrata y previene el envejecimiento cut\u00e1neo. Contiene \u00e1cido hialur\u00f3nico y Collagen pro-47, que ayudan a mejorar la firmeza y elasticidad de la [&hellip;]","og_url":"https:\/\/surysaray.com\/en\/producto\/mesoprotech-water-veil-spf50\/","og_site_name":"Sury Saray","article_modified_time":"2025-04-11T09:45:24+00:00","og_image":[{"width":474,"height":474,"url":"https:\/\/surysaray.com\/wp-content\/uploads\/2025\/04\/water-veil.jpg","type":"image\/jpeg"}],"twitter_card":"summary_large_image","schema":{"@context":"https:\/\/schema.org","@graph":[{"@type":"WebPage","@id":"https:\/\/surysaray.com\/en\/producto\/mesoprotech-water-veil-spf50\/","url":"https:\/\/surysaray.com\/en\/producto\/mesoprotech-water-veil-spf50\/","name":"Mesoprotech Water Veil SPF50+ - Sury Saray","isPartOf":{"@id":"https:\/\/surysaray.com\/#website"},"datePublished":"2025-04-11T09:33:14+00:00","dateModified":"2025-04-11T09:45:24+00:00","breadcrumb":{"@id":"https:\/\/surysaray.com\/en\/producto\/mesoprotech-water-veil-spf50\/#breadcrumb"},"inLanguage":"en-US","potentialAction":[{"@type":"ReadAction","target":["https:\/\/surysaray.com\/en\/producto\/mesoprotech-water-veil-spf50\/"]}]},{"@type":"BreadcrumbList","@id":"https:\/\/surysaray.com\/en\/producto\/mesoprotech-water-veil-spf50\/#breadcrumb","itemListElement":[{"@type":"ListItem","position":1,"name":"Portada","item":"https:\/\/surysaray.com\/en\/"},{"@type":"ListItem","position":2,"name":"Shop","item":"https:\/\/surysaray.com\/online-shop\/"},{"@type":"ListItem","position":3,"name":"Mesoprotech Water Veil SPF50+"}]},{"@type":"WebSite","@id":"https:\/\/surysaray.com\/#website","url":"https:\/\/surysaray.com\/","name":"Sury Saray","description":"","potentialAction":[{"@type":"SearchAction","target":{"@type":"EntryPoint","urlTemplate":"https:\/\/surysaray.com\/?s={search_term_string}"},"query-input":"required name=search_term_string"}],"inLanguage":"en-US"}]}},"_links":{"self":[{"href":"https:\/\/surysaray.com\/en\/wp-json\/wp\/v3\/product\/18222"}],"collection":[{"href":"https:\/\/surysaray.com\/en\/wp-json\/wp\/v3\/product"}],"about":[{"href":"https:\/\/surysaray.com\/en\/wp-json\/wp\/v2\/types\/product"}],"wp:featuredmedia":[{"embeddable":true,"href":"https:\/\/surysaray.com\/en\/wp-json\/wp\/v2\/media\/18218"}],"wp:attachment":[{"href":"https:\/\/surysaray.com\/en\/wp-json\/wp\/v2\/media?parent=18222"}],"wp:term":[{"taxonomy":"product_cat","embeddable":true,"href":"https:\/\/surysaray.com\/en\/wp-json\/wp\/v2\/product_cat?post=18222"},{"taxonomy":"product_tag","embeddable":true,"href":"https:\/\/surysaray.com\/en\/wp-json\/wp\/v2\/product_tag?post=18222"}],"curies":[{"name":"wp","href":"https:\/\/api.w.org\/{rel}","templated":true}]}}