{"id":18195,"date":"2025-03-14T12:40:31","date_gmt":"2025-03-14T11:40:31","guid":{"rendered":"https:\/\/surysaray.com\/?post_type=product&#038;p=18195"},"modified":"2025-03-14T12:56:59","modified_gmt":"2025-03-14T11:56:59","slug":"mesoprotech-water-veil-spf50-oily-skins","status":"publish","type":"product","link":"https:\/\/surysaray.com\/en\/producto\/mesoprotech-water-veil-spf50-oily-skins\/","title":{"rendered":"Mesoprotech Water Veil SPF50+ OILY SKINS"},"content":{"rendered":"<p>Protector solar ligero con fotoprotecci\u00f3n muy alta SPF 50+ para pieles mixtas con tendencia grasa. Su textura de r\u00e1pida absorci\u00f3n proporciona hidrataci\u00f3n y un acabado fresco en la piel. No comedog\u00e9nico.<\/p>\n<p>Ingrerdientes Principales:<\/p>\n<p>\u00c1cido hialur\u00f3ninco<\/p>\n<p>Gracias a su poder de retener el agua ayudar a su acci\u00f3n hidratante.<\/p>\n<p>Potenciador de la elasticidad y firmeza, reduciendo los signos del envejecimiento.<\/p>\n<p>Collagen pro47<\/p>\n<p>Extracto vegetal potenciador de la s\u00edntesis de col\u00e1geno y elastina, aumentando su presencia y calidad en la matriz extracelular. Previene el fotoenvejecimiento.<\/p>\n<p>Mesoprotech Complex:<\/p>\n<p>Complejo fotoprotector de amplio espectro: protecci\u00f3n frente a la radiaci\u00f3n UVB + UVA, a la luz visible (HEV) y la luz infrarroja (IR). Combinaci\u00f3n \u00f3ptima de filtros f\u00edsicos, biol\u00f3gicos y\/o qu\u00edmicos para proporcionar la m\u00e1xima eficacia.<\/p>\n","protected":false},"excerpt":{"rendered":"<p>Protector solar ligero con fotoprotecci\u00f3n muy alta SPF 50+ para pieles mixtas con tendencia grasa. Su textura de r\u00e1pida absorci\u00f3n proporciona hidrataci\u00f3n y un acabado fresco en la piel. No comedog\u00e9nico. Ingrerdientes Principales: \u00c1cido hialur\u00f3ninco Gracias a su poder de retener el agua ayudar a su acci\u00f3n hidratante. Potenciador de la elasticidad y firmeza, reduciendo [&hellip;]<\/p>\n","protected":false},"featured_media":18199,"template":"","meta":{"_joinchat":[]},"product_cat":[740,95],"product_tag":[],"yoast_head":"<!-- This site is optimized with the Yoast SEO plugin v20.2.1 - https:\/\/yoast.com\/wordpress\/plugins\/seo\/ -->\n<title>Mesoprotech Water Veil SPF50+ OILY SKINS - Sury Saray<\/title>\n<meta name=\"robots\" content=\"noindex, follow\" \/>\n<meta property=\"og:locale\" content=\"en_US\" \/>\n<meta property=\"og:type\" content=\"article\" \/>\n<meta property=\"og:title\" content=\"Mesoprotech Water Veil SPF50+ OILY SKINS - Sury Saray\" \/>\n<meta property=\"og:description\" content=\"Protector solar ligero con fotoprotecci\u00f3n muy alta SPF 50+ para pieles mixtas con tendencia grasa. Su textura de r\u00e1pida absorci\u00f3n proporciona hidrataci\u00f3n y un acabado fresco en la piel. No comedog\u00e9nico. Ingrerdientes Principales: \u00c1cido hialur\u00f3ninco Gracias a su poder de retener el agua ayudar a su acci\u00f3n hidratante. Potenciador de la elasticidad y firmeza, reduciendo [&hellip;]\" \/>\n<meta property=\"og:url\" content=\"https:\/\/surysaray.com\/en\/producto\/mesoprotech-water-veil-spf50-oily-skins\/\" \/>\n<meta property=\"og:site_name\" content=\"Sury Saray\" \/>\n<meta property=\"article:modified_time\" content=\"2025-03-14T11:56:59+00:00\" \/>\n<meta property=\"og:image\" content=\"https:\/\/surysaray.com\/wp-content\/uploads\/2025\/03\/water-veil.jpg\" \/>\n\t<meta property=\"og:image:width\" content=\"474\" \/>\n\t<meta property=\"og:image:height\" content=\"474\" \/>\n\t<meta property=\"og:image:type\" content=\"image\/jpeg\" \/>\n<meta name=\"twitter:card\" content=\"summary_large_image\" \/>\n<meta name=\"twitter:label1\" content=\"Est. reading time\" \/>\n\t<meta name=\"twitter:data1\" content=\"1 minute\" \/>\n<script type=\"application\/ld+json\" class=\"yoast-schema-graph\">{\"@context\":\"https:\/\/schema.org\",\"@graph\":[{\"@type\":\"WebPage\",\"@id\":\"https:\/\/surysaray.com\/en\/producto\/mesoprotech-water-veil-spf50-oily-skins\/\",\"url\":\"https:\/\/surysaray.com\/en\/producto\/mesoprotech-water-veil-spf50-oily-skins\/\",\"name\":\"Mesoprotech Water Veil SPF50+ OILY SKINS - Sury Saray\",\"isPartOf\":{\"@id\":\"https:\/\/surysaray.com\/#website\"},\"datePublished\":\"2025-03-14T11:40:31+00:00\",\"dateModified\":\"2025-03-14T11:56:59+00:00\",\"breadcrumb\":{\"@id\":\"https:\/\/surysaray.com\/en\/producto\/mesoprotech-water-veil-spf50-oily-skins\/#breadcrumb\"},\"inLanguage\":\"en-US\",\"potentialAction\":[{\"@type\":\"ReadAction\",\"target\":[\"https:\/\/surysaray.com\/en\/producto\/mesoprotech-water-veil-spf50-oily-skins\/\"]}]},{\"@type\":\"BreadcrumbList\",\"@id\":\"https:\/\/surysaray.com\/en\/producto\/mesoprotech-water-veil-spf50-oily-skins\/#breadcrumb\",\"itemListElement\":[{\"@type\":\"ListItem\",\"position\":1,\"name\":\"Portada\",\"item\":\"https:\/\/surysaray.com\/en\/\"},{\"@type\":\"ListItem\",\"position\":2,\"name\":\"Shop\",\"item\":\"https:\/\/surysaray.com\/online-shop\/\"},{\"@type\":\"ListItem\",\"position\":3,\"name\":\"Mesoprotech Water Veil SPF50+ OILY SKINS\"}]},{\"@type\":\"WebSite\",\"@id\":\"https:\/\/surysaray.com\/#website\",\"url\":\"https:\/\/surysaray.com\/\",\"name\":\"Sury Saray\",\"description\":\"\",\"potentialAction\":[{\"@type\":\"SearchAction\",\"target\":{\"@type\":\"EntryPoint\",\"urlTemplate\":\"https:\/\/surysaray.com\/?s={search_term_string}\"},\"query-input\":\"required name=search_term_string\"}],\"inLanguage\":\"en-US\"}]}<\/script>\n<!-- \/ Yoast SEO plugin. -->","yoast_head_json":{"title":"Mesoprotech Water Veil SPF50+ OILY SKINS - Sury Saray","robots":{"index":"noindex","follow":"follow"},"og_locale":"en_US","og_type":"article","og_title":"Mesoprotech Water Veil SPF50+ OILY SKINS - Sury Saray","og_description":"Protector solar ligero con fotoprotecci\u00f3n muy alta SPF 50+ para pieles mixtas con tendencia grasa. Su textura de r\u00e1pida absorci\u00f3n proporciona hidrataci\u00f3n y un acabado fresco en la piel. No comedog\u00e9nico. Ingrerdientes Principales: \u00c1cido hialur\u00f3ninco Gracias a su poder de retener el agua ayudar a su acci\u00f3n hidratante. Potenciador de la elasticidad y firmeza, reduciendo [&hellip;]","og_url":"https:\/\/surysaray.com\/en\/producto\/mesoprotech-water-veil-spf50-oily-skins\/","og_site_name":"Sury Saray","article_modified_time":"2025-03-14T11:56:59+00:00","og_image":[{"width":474,"height":474,"url":"https:\/\/surysaray.com\/wp-content\/uploads\/2025\/03\/water-veil.jpg","type":"image\/jpeg"}],"twitter_card":"summary_large_image","twitter_misc":{"Est. reading time":"1 minute"},"schema":{"@context":"https:\/\/schema.org","@graph":[{"@type":"WebPage","@id":"https:\/\/surysaray.com\/en\/producto\/mesoprotech-water-veil-spf50-oily-skins\/","url":"https:\/\/surysaray.com\/en\/producto\/mesoprotech-water-veil-spf50-oily-skins\/","name":"Mesoprotech Water Veil SPF50+ OILY SKINS - Sury Saray","isPartOf":{"@id":"https:\/\/surysaray.com\/#website"},"datePublished":"2025-03-14T11:40:31+00:00","dateModified":"2025-03-14T11:56:59+00:00","breadcrumb":{"@id":"https:\/\/surysaray.com\/en\/producto\/mesoprotech-water-veil-spf50-oily-skins\/#breadcrumb"},"inLanguage":"en-US","potentialAction":[{"@type":"ReadAction","target":["https:\/\/surysaray.com\/en\/producto\/mesoprotech-water-veil-spf50-oily-skins\/"]}]},{"@type":"BreadcrumbList","@id":"https:\/\/surysaray.com\/en\/producto\/mesoprotech-water-veil-spf50-oily-skins\/#breadcrumb","itemListElement":[{"@type":"ListItem","position":1,"name":"Portada","item":"https:\/\/surysaray.com\/en\/"},{"@type":"ListItem","position":2,"name":"Shop","item":"https:\/\/surysaray.com\/online-shop\/"},{"@type":"ListItem","position":3,"name":"Mesoprotech Water Veil SPF50+ OILY SKINS"}]},{"@type":"WebSite","@id":"https:\/\/surysaray.com\/#website","url":"https:\/\/surysaray.com\/","name":"Sury Saray","description":"","potentialAction":[{"@type":"SearchAction","target":{"@type":"EntryPoint","urlTemplate":"https:\/\/surysaray.com\/?s={search_term_string}"},"query-input":"required name=search_term_string"}],"inLanguage":"en-US"}]}},"_links":{"self":[{"href":"https:\/\/surysaray.com\/en\/wp-json\/wp\/v3\/product\/18195"}],"collection":[{"href":"https:\/\/surysaray.com\/en\/wp-json\/wp\/v3\/product"}],"about":[{"href":"https:\/\/surysaray.com\/en\/wp-json\/wp\/v2\/types\/product"}],"wp:featuredmedia":[{"embeddable":true,"href":"https:\/\/surysaray.com\/en\/wp-json\/wp\/v2\/media\/18199"}],"wp:attachment":[{"href":"https:\/\/surysaray.com\/en\/wp-json\/wp\/v2\/media?parent=18195"}],"wp:term":[{"taxonomy":"product_cat","embeddable":true,"href":"https:\/\/surysaray.com\/en\/wp-json\/wp\/v2\/product_cat?post=18195"},{"taxonomy":"product_tag","embeddable":true,"href":"https:\/\/surysaray.com\/en\/wp-json\/wp\/v2\/product_tag?post=18195"}],"curies":[{"name":"wp","href":"https:\/\/api.w.org\/{rel}","templated":true}]}}