{"id":18193,"date":"2025-03-14T12:21:30","date_gmt":"2025-03-14T11:21:30","guid":{"rendered":"https:\/\/surysaray.com\/?post_type=product&#038;p=18193"},"modified":"2025-03-14T12:57:26","modified_gmt":"2025-03-14T11:57:26","slug":"mesoprotech-mineral-fluid-spf50","status":"publish","type":"product","link":"https:\/\/surysaray.com\/en\/producto\/mesoprotech-mineral-fluid-spf50\/","title":{"rendered":"Mesoprotech Mineral Fluid SPF50+"},"content":{"rendered":"<p>Alta protecci\u00f3n SPF 50+ gracias a su filtro exclusivamente mineral para pieles sensibles o sensibilizadas o post-tratamientos d\u00e9rmicos. Con prebi\u00f3ticos para equilibrar y atenuar signos de sensibilidad.<\/p>\n<p>De textura fluida para minimizar el residuo blanco. Resistente al agua.<\/p>\n<p>Ingredientes Principales.<\/p>\n<p>Collagen Pro47:<\/p>\n<p>Potenciador de s\u00edntesis de col\u00e1geno y elastina ayudando a combatir la firmeza de\u00a0 la piel. Aumento en la calidad de la matriz extracelular, previniendo el fotoenvejecimiento.<\/p>\n<p>Mesoprotech Complex:<\/p>\n<p>Complejo fotoprotector de amplio espectro: protecci\u00f3n frente a la radiaci\u00f3n UVB + UVA, a la luz visible (HEV) y la luz infrarroja (IR). Combinaci\u00f3n \u00f3ptima de filtros f\u00edsicos, biol\u00f3gicos y\/o qu\u00edmicos para proporcionar la m\u00e1xima eficacia.<\/p>\n<p>Aplicar media hora antes dedla exposicion solar y reaplicar cada 2 horas en caso de exposici\u00f3n solar directa, ba\u00f1o o exceso de sudoraci\u00f3n. Agitar antes de usar.<\/p>\n<p>Sin perfume<\/p>\n","protected":false},"excerpt":{"rendered":"<p>Alta protecci\u00f3n SPF 50+ gracias a su filtro exclusivamente mineral para pieles sensibles o sensibilizadas o post-tratamientos d\u00e9rmicos. Con prebi\u00f3ticos para equilibrar y atenuar signos de sensibilidad. De textura fluida para minimizar el residuo blanco. Resistente al agua. Ingredientes Principales. Collagen Pro47: Potenciador de s\u00edntesis de col\u00e1geno y elastina ayudando a combatir la firmeza de\u00a0 [&hellip;]<\/p>\n","protected":false},"featured_media":18202,"template":"","meta":{"_joinchat":[]},"product_cat":[740],"product_tag":[],"yoast_head":"<!-- This site is optimized with the Yoast SEO plugin v20.2.1 - https:\/\/yoast.com\/wordpress\/plugins\/seo\/ -->\n<title>Mesoprotech Mineral Fluid SPF50+ - Sury Saray<\/title>\n<meta name=\"robots\" content=\"noindex, follow\" \/>\n<meta property=\"og:locale\" content=\"en_US\" \/>\n<meta property=\"og:type\" content=\"article\" \/>\n<meta property=\"og:title\" content=\"Mesoprotech Mineral Fluid SPF50+ - Sury Saray\" \/>\n<meta property=\"og:description\" content=\"Alta protecci\u00f3n SPF 50+ gracias a su filtro exclusivamente mineral para pieles sensibles o sensibilizadas o post-tratamientos d\u00e9rmicos. Con prebi\u00f3ticos para equilibrar y atenuar signos de sensibilidad. De textura fluida para minimizar el residuo blanco. Resistente al agua. Ingredientes Principales. Collagen Pro47: Potenciador de s\u00edntesis de col\u00e1geno y elastina ayudando a combatir la firmeza de\u00a0 [&hellip;]\" \/>\n<meta property=\"og:url\" content=\"https:\/\/surysaray.com\/en\/producto\/mesoprotech-mineral-fluid-spf50\/\" \/>\n<meta property=\"og:site_name\" content=\"Sury Saray\" \/>\n<meta property=\"article:modified_time\" content=\"2025-03-14T11:57:26+00:00\" \/>\n<meta property=\"og:image\" content=\"https:\/\/surysaray.com\/wp-content\/uploads\/2025\/03\/mineal-fluid.jpg\" \/>\n\t<meta property=\"og:image:width\" content=\"474\" \/>\n\t<meta property=\"og:image:height\" content=\"474\" \/>\n\t<meta property=\"og:image:type\" content=\"image\/jpeg\" \/>\n<meta name=\"twitter:card\" content=\"summary_large_image\" \/>\n<meta name=\"twitter:label1\" content=\"Est. reading time\" \/>\n\t<meta name=\"twitter:data1\" content=\"1 minute\" \/>\n<script type=\"application\/ld+json\" class=\"yoast-schema-graph\">{\"@context\":\"https:\/\/schema.org\",\"@graph\":[{\"@type\":\"WebPage\",\"@id\":\"https:\/\/surysaray.com\/en\/producto\/mesoprotech-mineral-fluid-spf50\/\",\"url\":\"https:\/\/surysaray.com\/en\/producto\/mesoprotech-mineral-fluid-spf50\/\",\"name\":\"Mesoprotech Mineral Fluid SPF50+ - Sury Saray\",\"isPartOf\":{\"@id\":\"https:\/\/surysaray.com\/#website\"},\"datePublished\":\"2025-03-14T11:21:30+00:00\",\"dateModified\":\"2025-03-14T11:57:26+00:00\",\"breadcrumb\":{\"@id\":\"https:\/\/surysaray.com\/en\/producto\/mesoprotech-mineral-fluid-spf50\/#breadcrumb\"},\"inLanguage\":\"en-US\",\"potentialAction\":[{\"@type\":\"ReadAction\",\"target\":[\"https:\/\/surysaray.com\/en\/producto\/mesoprotech-mineral-fluid-spf50\/\"]}]},{\"@type\":\"BreadcrumbList\",\"@id\":\"https:\/\/surysaray.com\/en\/producto\/mesoprotech-mineral-fluid-spf50\/#breadcrumb\",\"itemListElement\":[{\"@type\":\"ListItem\",\"position\":1,\"name\":\"Portada\",\"item\":\"https:\/\/surysaray.com\/en\/\"},{\"@type\":\"ListItem\",\"position\":2,\"name\":\"Shop\",\"item\":\"https:\/\/surysaray.com\/online-shop\/\"},{\"@type\":\"ListItem\",\"position\":3,\"name\":\"Mesoprotech Mineral Fluid SPF50+\"}]},{\"@type\":\"WebSite\",\"@id\":\"https:\/\/surysaray.com\/#website\",\"url\":\"https:\/\/surysaray.com\/\",\"name\":\"Sury Saray\",\"description\":\"\",\"potentialAction\":[{\"@type\":\"SearchAction\",\"target\":{\"@type\":\"EntryPoint\",\"urlTemplate\":\"https:\/\/surysaray.com\/?s={search_term_string}\"},\"query-input\":\"required name=search_term_string\"}],\"inLanguage\":\"en-US\"}]}<\/script>\n<!-- \/ Yoast SEO plugin. -->","yoast_head_json":{"title":"Mesoprotech Mineral Fluid SPF50+ - Sury Saray","robots":{"index":"noindex","follow":"follow"},"og_locale":"en_US","og_type":"article","og_title":"Mesoprotech Mineral Fluid SPF50+ - Sury Saray","og_description":"Alta protecci\u00f3n SPF 50+ gracias a su filtro exclusivamente mineral para pieles sensibles o sensibilizadas o post-tratamientos d\u00e9rmicos. Con prebi\u00f3ticos para equilibrar y atenuar signos de sensibilidad. De textura fluida para minimizar el residuo blanco. Resistente al agua. Ingredientes Principales. Collagen Pro47: Potenciador de s\u00edntesis de col\u00e1geno y elastina ayudando a combatir la firmeza de\u00a0 [&hellip;]","og_url":"https:\/\/surysaray.com\/en\/producto\/mesoprotech-mineral-fluid-spf50\/","og_site_name":"Sury Saray","article_modified_time":"2025-03-14T11:57:26+00:00","og_image":[{"width":474,"height":474,"url":"https:\/\/surysaray.com\/wp-content\/uploads\/2025\/03\/mineal-fluid.jpg","type":"image\/jpeg"}],"twitter_card":"summary_large_image","twitter_misc":{"Est. reading time":"1 minute"},"schema":{"@context":"https:\/\/schema.org","@graph":[{"@type":"WebPage","@id":"https:\/\/surysaray.com\/en\/producto\/mesoprotech-mineral-fluid-spf50\/","url":"https:\/\/surysaray.com\/en\/producto\/mesoprotech-mineral-fluid-spf50\/","name":"Mesoprotech Mineral Fluid SPF50+ - Sury Saray","isPartOf":{"@id":"https:\/\/surysaray.com\/#website"},"datePublished":"2025-03-14T11:21:30+00:00","dateModified":"2025-03-14T11:57:26+00:00","breadcrumb":{"@id":"https:\/\/surysaray.com\/en\/producto\/mesoprotech-mineral-fluid-spf50\/#breadcrumb"},"inLanguage":"en-US","potentialAction":[{"@type":"ReadAction","target":["https:\/\/surysaray.com\/en\/producto\/mesoprotech-mineral-fluid-spf50\/"]}]},{"@type":"BreadcrumbList","@id":"https:\/\/surysaray.com\/en\/producto\/mesoprotech-mineral-fluid-spf50\/#breadcrumb","itemListElement":[{"@type":"ListItem","position":1,"name":"Portada","item":"https:\/\/surysaray.com\/en\/"},{"@type":"ListItem","position":2,"name":"Shop","item":"https:\/\/surysaray.com\/online-shop\/"},{"@type":"ListItem","position":3,"name":"Mesoprotech Mineral Fluid SPF50+"}]},{"@type":"WebSite","@id":"https:\/\/surysaray.com\/#website","url":"https:\/\/surysaray.com\/","name":"Sury Saray","description":"","potentialAction":[{"@type":"SearchAction","target":{"@type":"EntryPoint","urlTemplate":"https:\/\/surysaray.com\/?s={search_term_string}"},"query-input":"required name=search_term_string"}],"inLanguage":"en-US"}]}},"_links":{"self":[{"href":"https:\/\/surysaray.com\/en\/wp-json\/wp\/v3\/product\/18193"}],"collection":[{"href":"https:\/\/surysaray.com\/en\/wp-json\/wp\/v3\/product"}],"about":[{"href":"https:\/\/surysaray.com\/en\/wp-json\/wp\/v2\/types\/product"}],"wp:featuredmedia":[{"embeddable":true,"href":"https:\/\/surysaray.com\/en\/wp-json\/wp\/v2\/media\/18202"}],"wp:attachment":[{"href":"https:\/\/surysaray.com\/en\/wp-json\/wp\/v2\/media?parent=18193"}],"wp:term":[{"taxonomy":"product_cat","embeddable":true,"href":"https:\/\/surysaray.com\/en\/wp-json\/wp\/v2\/product_cat?post=18193"},{"taxonomy":"product_tag","embeddable":true,"href":"https:\/\/surysaray.com\/en\/wp-json\/wp\/v2\/product_tag?post=18193"}],"curies":[{"name":"wp","href":"https:\/\/api.w.org\/{rel}","templated":true}]}}