{"id":18186,"date":"2025-03-14T11:51:09","date_gmt":"2025-03-14T10:51:09","guid":{"rendered":"https:\/\/surysaray.com\/?post_type=product&#038;p=18186"},"modified":"2025-03-14T12:58:01","modified_gmt":"2025-03-14T11:58:01","slug":"mesoprotech-sun-stick-100-spf50","status":"publish","type":"product","link":"https:\/\/surysaray.com\/en\/producto\/mesoprotech-sun-stick-100-spf50\/","title":{"rendered":"Mesoprotech Sun Stick 100 SPF50+"},"content":{"rendered":"<p>STICK FOTOPROTECTOR SPF 50+<\/p>\n<p>Indicado para aplicar sobre las zonas mas sensibles del rostro, para proteger el\u00a0 contorno de los ojos,\u00a0 labios, machas incluso cicatrices.<\/p>\n<p>Gracias\u00a0 a su formato en stick super practico para aplicar en cualquier momento y lugar, de f\u00e1cil aplicaci\u00f3n ya que se extiende f\u00e1cilmente sin dejar residuo y resistente al agua.<\/p>\n<p>Para todo tipo de pieles. Testado dermatol\u00f3gicamente y oftalmol\u00f3gicamente.<\/p>\n<p>Ingredientes principales:<\/p>\n<p>Aceite de Rosa Mosqueta que a su vez nos ayuda a reparar la piel.<\/p>\n<p>Collagen Pro-47: Potencia la sintesis de colageno y la calidad de la matriz extracelular. Previene el fotoenvejecimiento y promueve la elasticidad y firmeza.<\/p>\n<p>Mesoprotech Complex: Complejo fotoprotector de amplio espectro: Protecci\u00f3n frente a la radiaci\u00f3n UVB + UVA, a la luz visible (HEV) y la luz infrarroja (IR)<\/p>\n<p>Combinaci\u00f3n \u00f3ptima de filtros f\u00edsicos, biol\u00f3gicos y\/o qu\u00edmicos para proporcionar la m\u00e1xima eficacia y cosmeticidad.<\/p>\n<p>Sin perfume.<\/p>\n<p>Aplicar media hora antes a la exposici\u00f3n solar. Reaplicar cada 2 horas en caso de exposici\u00f3n solar directa, despu\u00e9s de cada ba\u00f1o o sudoraci\u00f3n.<\/p>\n<p>&nbsp;<\/p>\n<p>&nbsp;<\/p>\n<p>&nbsp;<\/p>\n<p>&nbsp;<\/p>\n<p>&nbsp;<\/p>\n","protected":false},"excerpt":{"rendered":"<p>STICK FOTOPROTECTOR SPF 50+ Indicado para aplicar sobre las zonas mas sensibles del rostro, para proteger el\u00a0 contorno de los ojos,\u00a0 labios, machas incluso cicatrices. Gracias\u00a0 a su formato en stick super practico para aplicar en cualquier momento y lugar, de f\u00e1cil aplicaci\u00f3n ya que se extiende f\u00e1cilmente sin dejar residuo y resistente al agua. [&hellip;]<\/p>\n","protected":false},"featured_media":18205,"template":"","meta":{"_joinchat":[]},"product_cat":[740,655],"product_tag":[],"yoast_head":"<!-- This site is optimized with the Yoast SEO plugin v20.2.1 - https:\/\/yoast.com\/wordpress\/plugins\/seo\/ -->\n<title>Mesoprotech Sun Stick 100 SPF50+ - Sury Saray<\/title>\n<meta name=\"robots\" content=\"noindex, follow\" \/>\n<meta property=\"og:locale\" content=\"en_US\" \/>\n<meta property=\"og:type\" content=\"article\" \/>\n<meta property=\"og:title\" content=\"Mesoprotech Sun Stick 100 SPF50+ - Sury Saray\" \/>\n<meta property=\"og:description\" content=\"STICK FOTOPROTECTOR SPF 50+ Indicado para aplicar sobre las zonas mas sensibles del rostro, para proteger el\u00a0 contorno de los ojos,\u00a0 labios, machas incluso cicatrices. Gracias\u00a0 a su formato en stick super practico para aplicar en cualquier momento y lugar, de f\u00e1cil aplicaci\u00f3n ya que se extiende f\u00e1cilmente sin dejar residuo y resistente al agua. [&hellip;]\" \/>\n<meta property=\"og:url\" content=\"https:\/\/surysaray.com\/en\/producto\/mesoprotech-sun-stick-100-spf50\/\" \/>\n<meta property=\"og:site_name\" content=\"Sury Saray\" \/>\n<meta property=\"article:modified_time\" content=\"2025-03-14T11:58:01+00:00\" \/>\n<meta property=\"og:image\" content=\"https:\/\/surysaray.com\/wp-content\/uploads\/2025\/03\/stick.jpg\" \/>\n\t<meta property=\"og:image:width\" content=\"474\" \/>\n\t<meta property=\"og:image:height\" content=\"474\" \/>\n\t<meta property=\"og:image:type\" content=\"image\/jpeg\" \/>\n<meta name=\"twitter:card\" content=\"summary_large_image\" \/>\n<meta name=\"twitter:label1\" content=\"Est. reading time\" \/>\n\t<meta name=\"twitter:data1\" content=\"1 minute\" \/>\n<script type=\"application\/ld+json\" class=\"yoast-schema-graph\">{\"@context\":\"https:\/\/schema.org\",\"@graph\":[{\"@type\":\"WebPage\",\"@id\":\"https:\/\/surysaray.com\/en\/producto\/mesoprotech-sun-stick-100-spf50\/\",\"url\":\"https:\/\/surysaray.com\/en\/producto\/mesoprotech-sun-stick-100-spf50\/\",\"name\":\"Mesoprotech Sun Stick 100 SPF50+ - Sury Saray\",\"isPartOf\":{\"@id\":\"https:\/\/surysaray.com\/#website\"},\"datePublished\":\"2025-03-14T10:51:09+00:00\",\"dateModified\":\"2025-03-14T11:58:01+00:00\",\"breadcrumb\":{\"@id\":\"https:\/\/surysaray.com\/en\/producto\/mesoprotech-sun-stick-100-spf50\/#breadcrumb\"},\"inLanguage\":\"en-US\",\"potentialAction\":[{\"@type\":\"ReadAction\",\"target\":[\"https:\/\/surysaray.com\/en\/producto\/mesoprotech-sun-stick-100-spf50\/\"]}]},{\"@type\":\"BreadcrumbList\",\"@id\":\"https:\/\/surysaray.com\/en\/producto\/mesoprotech-sun-stick-100-spf50\/#breadcrumb\",\"itemListElement\":[{\"@type\":\"ListItem\",\"position\":1,\"name\":\"Portada\",\"item\":\"https:\/\/surysaray.com\/en\/\"},{\"@type\":\"ListItem\",\"position\":2,\"name\":\"Shop\",\"item\":\"https:\/\/surysaray.com\/online-shop\/\"},{\"@type\":\"ListItem\",\"position\":3,\"name\":\"Mesoprotech Sun Stick 100 SPF50+\"}]},{\"@type\":\"WebSite\",\"@id\":\"https:\/\/surysaray.com\/#website\",\"url\":\"https:\/\/surysaray.com\/\",\"name\":\"Sury Saray\",\"description\":\"\",\"potentialAction\":[{\"@type\":\"SearchAction\",\"target\":{\"@type\":\"EntryPoint\",\"urlTemplate\":\"https:\/\/surysaray.com\/?s={search_term_string}\"},\"query-input\":\"required name=search_term_string\"}],\"inLanguage\":\"en-US\"}]}<\/script>\n<!-- \/ Yoast SEO plugin. -->","yoast_head_json":{"title":"Mesoprotech Sun Stick 100 SPF50+ - Sury Saray","robots":{"index":"noindex","follow":"follow"},"og_locale":"en_US","og_type":"article","og_title":"Mesoprotech Sun Stick 100 SPF50+ - Sury Saray","og_description":"STICK FOTOPROTECTOR SPF 50+ Indicado para aplicar sobre las zonas mas sensibles del rostro, para proteger el\u00a0 contorno de los ojos,\u00a0 labios, machas incluso cicatrices. Gracias\u00a0 a su formato en stick super practico para aplicar en cualquier momento y lugar, de f\u00e1cil aplicaci\u00f3n ya que se extiende f\u00e1cilmente sin dejar residuo y resistente al agua. [&hellip;]","og_url":"https:\/\/surysaray.com\/en\/producto\/mesoprotech-sun-stick-100-spf50\/","og_site_name":"Sury Saray","article_modified_time":"2025-03-14T11:58:01+00:00","og_image":[{"width":474,"height":474,"url":"https:\/\/surysaray.com\/wp-content\/uploads\/2025\/03\/stick.jpg","type":"image\/jpeg"}],"twitter_card":"summary_large_image","twitter_misc":{"Est. reading time":"1 minute"},"schema":{"@context":"https:\/\/schema.org","@graph":[{"@type":"WebPage","@id":"https:\/\/surysaray.com\/en\/producto\/mesoprotech-sun-stick-100-spf50\/","url":"https:\/\/surysaray.com\/en\/producto\/mesoprotech-sun-stick-100-spf50\/","name":"Mesoprotech Sun Stick 100 SPF50+ - Sury Saray","isPartOf":{"@id":"https:\/\/surysaray.com\/#website"},"datePublished":"2025-03-14T10:51:09+00:00","dateModified":"2025-03-14T11:58:01+00:00","breadcrumb":{"@id":"https:\/\/surysaray.com\/en\/producto\/mesoprotech-sun-stick-100-spf50\/#breadcrumb"},"inLanguage":"en-US","potentialAction":[{"@type":"ReadAction","target":["https:\/\/surysaray.com\/en\/producto\/mesoprotech-sun-stick-100-spf50\/"]}]},{"@type":"BreadcrumbList","@id":"https:\/\/surysaray.com\/en\/producto\/mesoprotech-sun-stick-100-spf50\/#breadcrumb","itemListElement":[{"@type":"ListItem","position":1,"name":"Portada","item":"https:\/\/surysaray.com\/en\/"},{"@type":"ListItem","position":2,"name":"Shop","item":"https:\/\/surysaray.com\/online-shop\/"},{"@type":"ListItem","position":3,"name":"Mesoprotech Sun Stick 100 SPF50+"}]},{"@type":"WebSite","@id":"https:\/\/surysaray.com\/#website","url":"https:\/\/surysaray.com\/","name":"Sury Saray","description":"","potentialAction":[{"@type":"SearchAction","target":{"@type":"EntryPoint","urlTemplate":"https:\/\/surysaray.com\/?s={search_term_string}"},"query-input":"required name=search_term_string"}],"inLanguage":"en-US"}]}},"_links":{"self":[{"href":"https:\/\/surysaray.com\/en\/wp-json\/wp\/v3\/product\/18186"}],"collection":[{"href":"https:\/\/surysaray.com\/en\/wp-json\/wp\/v3\/product"}],"about":[{"href":"https:\/\/surysaray.com\/en\/wp-json\/wp\/v2\/types\/product"}],"wp:featuredmedia":[{"embeddable":true,"href":"https:\/\/surysaray.com\/en\/wp-json\/wp\/v2\/media\/18205"}],"wp:attachment":[{"href":"https:\/\/surysaray.com\/en\/wp-json\/wp\/v2\/media?parent=18186"}],"wp:term":[{"taxonomy":"product_cat","embeddable":true,"href":"https:\/\/surysaray.com\/en\/wp-json\/wp\/v2\/product_cat?post=18186"},{"taxonomy":"product_tag","embeddable":true,"href":"https:\/\/surysaray.com\/en\/wp-json\/wp\/v2\/product_tag?post=18186"}],"curies":[{"name":"wp","href":"https:\/\/api.w.org\/{rel}","templated":true}]}}