{"id":18010,"date":"2025-02-11T13:33:12","date_gmt":"2025-02-11T12:33:12","guid":{"rendered":"https:\/\/surysaray.com\/?post_type=product&#038;p=18010"},"modified":"2025-02-11T13:52:33","modified_gmt":"2025-02-11T12:52:33","slug":"crystal-retinal-10-suero-de-noche-de-retinal-estable-30ml","status":"publish","type":"product","link":"https:\/\/surysaray.com\/en\/producto\/crystal-retinal-10-suero-de-noche-de-retinal-estable-30ml\/","title":{"rendered":"CRYSTAL  RETINAL 10 Suero de noche de RETINAL estable 30ml"},"content":{"rendered":"","protected":false},"excerpt":{"rendered":"<p>CRYSTAL RETINAL 10 Es un suero de noche para la renovaci\u00f3n profunda de la piel madura. Serum de vitamina A, con retinal estable al 0,10%, reduce arrugas, manchas y flacidez.<\/p>\n<p>Formulado con retinal de alto rendimiento, act\u00faa 11 veces m\u00e1s r\u00e1pido que el retinol cl\u00e1sico, potenciando la producci\u00f3n de col\u00e1geno y rejuveneciendo la piel. Resultados visiblen en 4 semanas.<\/p>\n<p>Su textura de suero-crema, de color natural melocot\u00f3n, se absorbe f\u00e1cilmente y deja un aroma reconfortante de vainilla.<\/p>\n<p>Ideal para mejorar los resultados de Crystal Retinal 6, este s\u00e9rum de noche trata las l\u00edneas finas, suaviza la piel y combate las bacterias causantes del acn\u00e9.<\/p>\n<p>Modo de uso:<\/p>\n<p>Por la noche, despu\u00e9s de la limpieza, aplicar 2 pulsaciones de Crystal Retinal sobre el rostro y el cuello. Deje que se absorba y aplique a continuaci\u00f3n una crema hidratante. Recomendamos Advanced Night Restore, que se ha dise\u00f1ado espec\u00edficamente para utilizarse despu\u00e9s de la vitamina A.<\/p>\n<p>Para los nuevos usuarios de Crystal Retinal, aplicar gradualmente. Util\u00edcelo dos veces por semana durante las 2 primeras semanas, una noche s\u00ed y otra no durante las 2 semanas siguientes, y despu\u00e9s todas las noches. Siempre debe utilizar un protector solar a la ma\u00f1ana siguiente de usar la vitamina A.<\/p>\n<h5>Utilizar gradualmente al menos 1 tubo del Crystal Retinal de una potencia baja antes de pasar a la siguiente potencia mas alta.<\/h5>\n","protected":false},"featured_media":18015,"template":"","meta":{"_joinchat":[]},"product_cat":[73],"product_tag":[],"yoast_head":"<!-- This site is optimized with the Yoast SEO plugin v20.2.1 - https:\/\/yoast.com\/wordpress\/plugins\/seo\/ -->\n<title>CRYSTAL RETINAL 10 Suero de noche de RETINAL estable 30ml - Sury Saray<\/title>\n<meta name=\"robots\" content=\"noindex, follow\" \/>\n<meta property=\"og:locale\" content=\"en_US\" \/>\n<meta property=\"og:type\" content=\"article\" \/>\n<meta property=\"og:title\" content=\"CRYSTAL RETINAL 10 Suero de noche de RETINAL estable 30ml - Sury Saray\" \/>\n<meta property=\"og:description\" content=\"CRYSTAL RETINAL 10 Es un suero de noche para la renovaci\u00f3n profunda de la piel madura. Serum de vitamina A, con retinal estable al 0,10%, reduce arrugas, manchas y flacidez.  Formulado con retinal de alto rendimiento, act\u00faa 11 veces m\u00e1s r\u00e1pido que el retinol cl\u00e1sico, potenciando la producci\u00f3n de col\u00e1geno y rejuveneciendo la piel. Resultados visiblen en 4 semanas.  Su textura de suero-crema, de color natural melocot\u00f3n, se absorbe f\u00e1cilmente y deja un aroma reconfortante de vainilla.  Ideal para mejorar los resultados de Crystal Retinal 6, este s\u00e9rum de noche trata las l\u00edneas finas, suaviza la piel y combate las bacterias causantes del acn\u00e9.  Modo de uso:  Por la noche, despu\u00e9s de la limpieza, aplicar 2 pulsaciones de Crystal Retinal sobre el rostro y el cuello. Deje que se absorba y aplique a continuaci\u00f3n una crema hidratante. Recomendamos Advanced Night Restore, que se ha dise\u00f1ado espec\u00edficamente para utilizarse despu\u00e9s de la vitamina A.  Para los nuevos usuarios de Crystal Retinal, aplicar gradualmente. Util\u00edcelo dos veces por semana durante las 2 primeras semanas, una noche s\u00ed y otra no durante las 2 semanas siguientes, y despu\u00e9s todas las noches. Siempre debe utilizar un protector solar a la ma\u00f1ana siguiente de usar la vitamina A. Utilizar gradualmente al menos 1 tubo del Crystal Retinal de una potencia baja antes de pasar a la siguiente potencia mas alta.\" \/>\n<meta property=\"og:url\" content=\"https:\/\/surysaray.com\/en\/producto\/crystal-retinal-10-suero-de-noche-de-retinal-estable-30ml\/\" \/>\n<meta property=\"og:site_name\" content=\"Sury Saray\" \/>\n<meta property=\"article:modified_time\" content=\"2025-02-11T12:52:33+00:00\" \/>\n<meta property=\"og:image\" content=\"https:\/\/surysaray.com\/wp-content\/uploads\/2025\/02\/Medik8-CrystalRetinal10-serum-vitamina-A.webp\" \/>\n\t<meta property=\"og:image:width\" content=\"1024\" \/>\n\t<meta property=\"og:image:height\" content=\"1024\" \/>\n\t<meta property=\"og:image:type\" content=\"image\/webp\" \/>\n<meta name=\"twitter:card\" content=\"summary_large_image\" \/>\n<script type=\"application\/ld+json\" class=\"yoast-schema-graph\">{\"@context\":\"https:\/\/schema.org\",\"@graph\":[{\"@type\":\"WebPage\",\"@id\":\"https:\/\/surysaray.com\/en\/producto\/crystal-retinal-10-suero-de-noche-de-retinal-estable-30ml\/\",\"url\":\"https:\/\/surysaray.com\/en\/producto\/crystal-retinal-10-suero-de-noche-de-retinal-estable-30ml\/\",\"name\":\"CRYSTAL RETINAL 10 Suero de noche de RETINAL estable 30ml - Sury Saray\",\"isPartOf\":{\"@id\":\"https:\/\/surysaray.com\/#website\"},\"datePublished\":\"2025-02-11T12:33:12+00:00\",\"dateModified\":\"2025-02-11T12:52:33+00:00\",\"breadcrumb\":{\"@id\":\"https:\/\/surysaray.com\/en\/producto\/crystal-retinal-10-suero-de-noche-de-retinal-estable-30ml\/#breadcrumb\"},\"inLanguage\":\"en-US\",\"potentialAction\":[{\"@type\":\"ReadAction\",\"target\":[\"https:\/\/surysaray.com\/en\/producto\/crystal-retinal-10-suero-de-noche-de-retinal-estable-30ml\/\"]}]},{\"@type\":\"BreadcrumbList\",\"@id\":\"https:\/\/surysaray.com\/en\/producto\/crystal-retinal-10-suero-de-noche-de-retinal-estable-30ml\/#breadcrumb\",\"itemListElement\":[{\"@type\":\"ListItem\",\"position\":1,\"name\":\"Portada\",\"item\":\"https:\/\/surysaray.com\/en\/\"},{\"@type\":\"ListItem\",\"position\":2,\"name\":\"Shop\",\"item\":\"https:\/\/surysaray.com\/online-shop\/\"},{\"@type\":\"ListItem\",\"position\":3,\"name\":\"CRYSTAL RETINAL 10 Suero de noche de RETINAL estable 30ml\"}]},{\"@type\":\"WebSite\",\"@id\":\"https:\/\/surysaray.com\/#website\",\"url\":\"https:\/\/surysaray.com\/\",\"name\":\"Sury Saray\",\"description\":\"\",\"potentialAction\":[{\"@type\":\"SearchAction\",\"target\":{\"@type\":\"EntryPoint\",\"urlTemplate\":\"https:\/\/surysaray.com\/?s={search_term_string}\"},\"query-input\":\"required name=search_term_string\"}],\"inLanguage\":\"en-US\"}]}<\/script>\n<!-- \/ Yoast SEO plugin. -->","yoast_head_json":{"title":"CRYSTAL RETINAL 10 Suero de noche de RETINAL estable 30ml - Sury Saray","robots":{"index":"noindex","follow":"follow"},"og_locale":"en_US","og_type":"article","og_title":"CRYSTAL RETINAL 10 Suero de noche de RETINAL estable 30ml - Sury Saray","og_description":"CRYSTAL RETINAL 10 Es un suero de noche para la renovaci\u00f3n profunda de la piel madura. Serum de vitamina A, con retinal estable al 0,10%, reduce arrugas, manchas y flacidez.  Formulado con retinal de alto rendimiento, act\u00faa 11 veces m\u00e1s r\u00e1pido que el retinol cl\u00e1sico, potenciando la producci\u00f3n de col\u00e1geno y rejuveneciendo la piel. Resultados visiblen en 4 semanas.  Su textura de suero-crema, de color natural melocot\u00f3n, se absorbe f\u00e1cilmente y deja un aroma reconfortante de vainilla.  Ideal para mejorar los resultados de Crystal Retinal 6, este s\u00e9rum de noche trata las l\u00edneas finas, suaviza la piel y combate las bacterias causantes del acn\u00e9.  Modo de uso:  Por la noche, despu\u00e9s de la limpieza, aplicar 2 pulsaciones de Crystal Retinal sobre el rostro y el cuello. Deje que se absorba y aplique a continuaci\u00f3n una crema hidratante. Recomendamos Advanced Night Restore, que se ha dise\u00f1ado espec\u00edficamente para utilizarse despu\u00e9s de la vitamina A.  Para los nuevos usuarios de Crystal Retinal, aplicar gradualmente. Util\u00edcelo dos veces por semana durante las 2 primeras semanas, una noche s\u00ed y otra no durante las 2 semanas siguientes, y despu\u00e9s todas las noches. Siempre debe utilizar un protector solar a la ma\u00f1ana siguiente de usar la vitamina A. Utilizar gradualmente al menos 1 tubo del Crystal Retinal de una potencia baja antes de pasar a la siguiente potencia mas alta.","og_url":"https:\/\/surysaray.com\/en\/producto\/crystal-retinal-10-suero-de-noche-de-retinal-estable-30ml\/","og_site_name":"Sury Saray","article_modified_time":"2025-02-11T12:52:33+00:00","og_image":[{"width":1024,"height":1024,"url":"https:\/\/surysaray.com\/wp-content\/uploads\/2025\/02\/Medik8-CrystalRetinal10-serum-vitamina-A.webp","type":"image\/webp"}],"twitter_card":"summary_large_image","schema":{"@context":"https:\/\/schema.org","@graph":[{"@type":"WebPage","@id":"https:\/\/surysaray.com\/en\/producto\/crystal-retinal-10-suero-de-noche-de-retinal-estable-30ml\/","url":"https:\/\/surysaray.com\/en\/producto\/crystal-retinal-10-suero-de-noche-de-retinal-estable-30ml\/","name":"CRYSTAL RETINAL 10 Suero de noche de RETINAL estable 30ml - Sury Saray","isPartOf":{"@id":"https:\/\/surysaray.com\/#website"},"datePublished":"2025-02-11T12:33:12+00:00","dateModified":"2025-02-11T12:52:33+00:00","breadcrumb":{"@id":"https:\/\/surysaray.com\/en\/producto\/crystal-retinal-10-suero-de-noche-de-retinal-estable-30ml\/#breadcrumb"},"inLanguage":"en-US","potentialAction":[{"@type":"ReadAction","target":["https:\/\/surysaray.com\/en\/producto\/crystal-retinal-10-suero-de-noche-de-retinal-estable-30ml\/"]}]},{"@type":"BreadcrumbList","@id":"https:\/\/surysaray.com\/en\/producto\/crystal-retinal-10-suero-de-noche-de-retinal-estable-30ml\/#breadcrumb","itemListElement":[{"@type":"ListItem","position":1,"name":"Portada","item":"https:\/\/surysaray.com\/en\/"},{"@type":"ListItem","position":2,"name":"Shop","item":"https:\/\/surysaray.com\/online-shop\/"},{"@type":"ListItem","position":3,"name":"CRYSTAL RETINAL 10 Suero de noche de RETINAL estable 30ml"}]},{"@type":"WebSite","@id":"https:\/\/surysaray.com\/#website","url":"https:\/\/surysaray.com\/","name":"Sury Saray","description":"","potentialAction":[{"@type":"SearchAction","target":{"@type":"EntryPoint","urlTemplate":"https:\/\/surysaray.com\/?s={search_term_string}"},"query-input":"required name=search_term_string"}],"inLanguage":"en-US"}]}},"_links":{"self":[{"href":"https:\/\/surysaray.com\/en\/wp-json\/wp\/v3\/product\/18010"}],"collection":[{"href":"https:\/\/surysaray.com\/en\/wp-json\/wp\/v3\/product"}],"about":[{"href":"https:\/\/surysaray.com\/en\/wp-json\/wp\/v2\/types\/product"}],"wp:featuredmedia":[{"embeddable":true,"href":"https:\/\/surysaray.com\/en\/wp-json\/wp\/v2\/media\/18015"}],"wp:attachment":[{"href":"https:\/\/surysaray.com\/en\/wp-json\/wp\/v2\/media?parent=18010"}],"wp:term":[{"taxonomy":"product_cat","embeddable":true,"href":"https:\/\/surysaray.com\/en\/wp-json\/wp\/v2\/product_cat?post=18010"},{"taxonomy":"product_tag","embeddable":true,"href":"https:\/\/surysaray.com\/en\/wp-json\/wp\/v2\/product_tag?post=18010"}],"curies":[{"name":"wp","href":"https:\/\/api.w.org\/{rel}","templated":true}]}}