{"id":17991,"date":"2025-02-11T11:55:29","date_gmt":"2025-02-11T10:55:29","guid":{"rendered":"https:\/\/surysaray.com\/?post_type=product&#038;p=17991"},"modified":"2025-02-11T12:38:02","modified_gmt":"2025-02-11T11:38:02","slug":"collagen-drink","status":"publish","type":"product","link":"https:\/\/surysaray.com\/en\/producto\/collagen-drink\/","title":{"rendered":"COLLAGEN DRINK"},"content":{"rendered":"","protected":false},"excerpt":{"rendered":"<h5>El col\u00e1geno para una piel bella desde el interior.<\/h5>\n<p>A medida que vamos cumpliendo a\u00f1os, a paritr de los 25 a\u00f1os, nuestra produccion de col\u00e1geno va decayendo,\u00a0 por lo que el colageno del tejido conectivo y la piel se va reduciendo.<\/p>\n<p>El ingrediente principal de COLLAGEN DRINK son p\u00e9ptidos colageno de bacalao TIPO1( Con un contenido muy alto de glicina, prolina e hidroxiprolina, los componentes mas importantes del colageno en la piel, tambi\u00f1en contiene ciste\u00edna y precursor metionina, que son cruciales para la formaci\u00f3n de fibras de col\u00e1geno.) Ya que la piel del bacalao es muy identica a nuestra piel\u00a0 esta tambien se utiliza en medicina para reconstruir la piel da\u00f1ada por quemaduras.<\/p>\n<p>Tomar nuestro COLLAGEN DRINK diariamente nos ayudara a maximizar la sintesis de colageno que tiene lugar durante la noche.<\/p>\n<p>Los p\u00e9ptidos contenidos en la Bebida de Col\u00e1geno llegan al torrente sangu\u00edneo a trav\u00e9s del est\u00f3mago y el intestino delgado. El transporte a las capas mas profundas de la piel tiene lugar a trav\u00e9s de los vasos sangu\u00edneos. Los p\u00e9ptidos\u00a0 son tan peque\u00f1os que llegan intactos al torrente sangu\u00edneo. La mayor parte se descompone en amino\u00e1cidos y queda a disposici\u00f3n del organismo en la sangre para la formaci\u00f3n de nuevo col\u00e1geno.<\/p>\n<p>Ingredientes:<\/p>\n<p>Col\u00e1geno de bacalao, membrana de c\u00e1scara de huevo, silicio org\u00e1nico de extracto de cola de caballo, vitamina C de extracto de acerola, extracto de granada, biotina, zinc, cobre, manganeso, concentrado de zanahoria y c\u00e1rtamo, zumo de lim\u00f3n, sorbato pot\u00e1sico, sirope de flor de coco, goma xantana, agua.<\/p>\n<p>Como tomar:<\/p>\n<p>25 ml por la noche.<br \/>\nIncluye un vaso medidor.<\/p>\n<p>Los complementos alimenticios no sustituyen a una dieta equilibrada y variada y a un estilo de vida sano.<\/p>\n<p>No superes la ingesta diaria recomendada.<\/p>\n<p>Mantenlo fuera del alcance de los ni\u00f1os peque\u00f1os y no lo almacenes a m\u00e1s de 25 \u00b0C. Contiene al\u00e9rgeno de pescado.<\/p>\n<p>La Bebida de Col\u00e1geno PROCEANIS contiene al\u00e9rgenos de pescado y huevo y no contiene lactosa ni gluten.<\/p>\n","protected":false},"featured_media":17988,"template":"","meta":{"_joinchat":[]},"product_cat":[738,545,660,542],"product_tag":[],"yoast_head":"<!-- This site is optimized with the Yoast SEO plugin v20.2.1 - https:\/\/yoast.com\/wordpress\/plugins\/seo\/ -->\n<title>COLLAGEN DRINK - Sury Saray<\/title>\n<meta name=\"robots\" content=\"noindex, follow\" \/>\n<meta property=\"og:locale\" content=\"en_US\" \/>\n<meta property=\"og:type\" content=\"article\" \/>\n<meta property=\"og:title\" content=\"COLLAGEN DRINK - Sury Saray\" \/>\n<meta property=\"og:description\" content=\"El col\u00e1geno para una piel bella desde el interior. A medida que vamos cumpliendo a\u00f1os, a paritr de los 25 a\u00f1os, nuestra produccion de col\u00e1geno va decayendo,\u00a0 por lo que el colageno del tejido conectivo y la piel se va reduciendo.  El ingrediente principal de COLLAGEN DRINK son p\u00e9ptidos colageno de bacalao TIPO1( Con un contenido muy alto de glicina, prolina e hidroxiprolina, los componentes mas importantes del colageno en la piel, tambi\u00f1en contiene ciste\u00edna y precursor metionina, que son cruciales para la formaci\u00f3n de fibras de col\u00e1geno.) Ya que la piel del bacalao es muy identica a nuestra piel\u00a0 esta tambien se utiliza en medicina para reconstruir la piel da\u00f1ada por quemaduras.  Tomar nuestro COLLAGEN DRINK diariamente nos ayudara a maximizar la sintesis de colageno que tiene lugar durante la noche.  Los p\u00e9ptidos contenidos en la Bebida de Col\u00e1geno llegan al torrente sangu\u00edneo a trav\u00e9s del est\u00f3mago y el intestino delgado. El transporte a las capas mas profundas de la piel tiene lugar a trav\u00e9s de los vasos sangu\u00edneos. Los p\u00e9ptidos\u00a0 son tan peque\u00f1os que llegan intactos al torrente sangu\u00edneo. La mayor parte se descompone en amino\u00e1cidos y queda a disposici\u00f3n del organismo en la sangre para la formaci\u00f3n de nuevo col\u00e1geno.  Ingredientes:  Col\u00e1geno de bacalao, membrana de c\u00e1scara de huevo, silicio org\u00e1nico de extracto de cola de caballo, vitamina C de extracto de acerola, extracto de granada, biotina, zinc, cobre, manganeso, concentrado de zanahoria y c\u00e1rtamo, zumo de lim\u00f3n, sorbato pot\u00e1sico, sirope de flor de coco, goma xantana, agua.  Como tomar:  25 ml por la noche. Incluye un vaso medidor.  Los complementos alimenticios no sustituyen a una dieta equilibrada y variada y a un estilo de vida sano.  No superes la ingesta diaria recomendada.  Mantenlo fuera del alcance de los ni\u00f1os peque\u00f1os y no lo almacenes a m\u00e1s de 25 \u00b0C. Contiene al\u00e9rgeno de pescado.  La Bebida de Col\u00e1geno PROCEANIS contiene al\u00e9rgenos de pescado y huevo y no contiene lactosa ni gluten.\" \/>\n<meta property=\"og:url\" content=\"https:\/\/surysaray.com\/producto\/collagen-drink\/\" \/>\n<meta property=\"og:site_name\" content=\"Sury Saray\" \/>\n<meta property=\"article:modified_time\" content=\"2025-02-11T11:38:02+00:00\" \/>\n<meta property=\"og:image\" content=\"https:\/\/surysaray.com\/wp-content\/uploads\/2025\/02\/COLLAGEN-DRINK.png\" \/>\n\t<meta property=\"og:image:width\" content=\"600\" \/>\n\t<meta property=\"og:image:height\" content=\"600\" \/>\n\t<meta property=\"og:image:type\" content=\"image\/png\" \/>\n<meta name=\"twitter:card\" content=\"summary_large_image\" \/>\n<script type=\"application\/ld+json\" class=\"yoast-schema-graph\">{\"@context\":\"https:\/\/schema.org\",\"@graph\":[{\"@type\":\"WebPage\",\"@id\":\"https:\/\/surysaray.com\/producto\/collagen-drink\/\",\"url\":\"https:\/\/surysaray.com\/producto\/collagen-drink\/\",\"name\":\"COLLAGEN DRINK - Sury Saray\",\"isPartOf\":{\"@id\":\"https:\/\/surysaray.com\/#website\"},\"datePublished\":\"2025-02-11T10:55:29+00:00\",\"dateModified\":\"2025-02-11T11:38:02+00:00\",\"breadcrumb\":{\"@id\":\"https:\/\/surysaray.com\/producto\/collagen-drink\/#breadcrumb\"},\"inLanguage\":\"en-US\",\"potentialAction\":[{\"@type\":\"ReadAction\",\"target\":[\"https:\/\/surysaray.com\/producto\/collagen-drink\/\"]}]},{\"@type\":\"BreadcrumbList\",\"@id\":\"https:\/\/surysaray.com\/producto\/collagen-drink\/#breadcrumb\",\"itemListElement\":[{\"@type\":\"ListItem\",\"position\":1,\"name\":\"Portada\",\"item\":\"https:\/\/surysaray.com\/en\/\"},{\"@type\":\"ListItem\",\"position\":2,\"name\":\"Shop\",\"item\":\"https:\/\/surysaray.com\/online-shop\/\"},{\"@type\":\"ListItem\",\"position\":3,\"name\":\"COLLAGEN DRINK\"}]},{\"@type\":\"WebSite\",\"@id\":\"https:\/\/surysaray.com\/#website\",\"url\":\"https:\/\/surysaray.com\/\",\"name\":\"Sury Saray\",\"description\":\"\",\"potentialAction\":[{\"@type\":\"SearchAction\",\"target\":{\"@type\":\"EntryPoint\",\"urlTemplate\":\"https:\/\/surysaray.com\/?s={search_term_string}\"},\"query-input\":\"required name=search_term_string\"}],\"inLanguage\":\"en-US\"}]}<\/script>\n<!-- \/ Yoast SEO plugin. -->","yoast_head_json":{"title":"COLLAGEN DRINK - Sury Saray","robots":{"index":"noindex","follow":"follow"},"og_locale":"en_US","og_type":"article","og_title":"COLLAGEN DRINK - Sury Saray","og_description":"El col\u00e1geno para una piel bella desde el interior. A medida que vamos cumpliendo a\u00f1os, a paritr de los 25 a\u00f1os, nuestra produccion de col\u00e1geno va decayendo,\u00a0 por lo que el colageno del tejido conectivo y la piel se va reduciendo.  El ingrediente principal de COLLAGEN DRINK son p\u00e9ptidos colageno de bacalao TIPO1( Con un contenido muy alto de glicina, prolina e hidroxiprolina, los componentes mas importantes del colageno en la piel, tambi\u00f1en contiene ciste\u00edna y precursor metionina, que son cruciales para la formaci\u00f3n de fibras de col\u00e1geno.) Ya que la piel del bacalao es muy identica a nuestra piel\u00a0 esta tambien se utiliza en medicina para reconstruir la piel da\u00f1ada por quemaduras.  Tomar nuestro COLLAGEN DRINK diariamente nos ayudara a maximizar la sintesis de colageno que tiene lugar durante la noche.  Los p\u00e9ptidos contenidos en la Bebida de Col\u00e1geno llegan al torrente sangu\u00edneo a trav\u00e9s del est\u00f3mago y el intestino delgado. El transporte a las capas mas profundas de la piel tiene lugar a trav\u00e9s de los vasos sangu\u00edneos. Los p\u00e9ptidos\u00a0 son tan peque\u00f1os que llegan intactos al torrente sangu\u00edneo. La mayor parte se descompone en amino\u00e1cidos y queda a disposici\u00f3n del organismo en la sangre para la formaci\u00f3n de nuevo col\u00e1geno.  Ingredientes:  Col\u00e1geno de bacalao, membrana de c\u00e1scara de huevo, silicio org\u00e1nico de extracto de cola de caballo, vitamina C de extracto de acerola, extracto de granada, biotina, zinc, cobre, manganeso, concentrado de zanahoria y c\u00e1rtamo, zumo de lim\u00f3n, sorbato pot\u00e1sico, sirope de flor de coco, goma xantana, agua.  Como tomar:  25 ml por la noche. Incluye un vaso medidor.  Los complementos alimenticios no sustituyen a una dieta equilibrada y variada y a un estilo de vida sano.  No superes la ingesta diaria recomendada.  Mantenlo fuera del alcance de los ni\u00f1os peque\u00f1os y no lo almacenes a m\u00e1s de 25 \u00b0C. Contiene al\u00e9rgeno de pescado.  La Bebida de Col\u00e1geno PROCEANIS contiene al\u00e9rgenos de pescado y huevo y no contiene lactosa ni gluten.","og_url":"https:\/\/surysaray.com\/producto\/collagen-drink\/","og_site_name":"Sury Saray","article_modified_time":"2025-02-11T11:38:02+00:00","og_image":[{"width":600,"height":600,"url":"https:\/\/surysaray.com\/wp-content\/uploads\/2025\/02\/COLLAGEN-DRINK.png","type":"image\/png"}],"twitter_card":"summary_large_image","schema":{"@context":"https:\/\/schema.org","@graph":[{"@type":"WebPage","@id":"https:\/\/surysaray.com\/producto\/collagen-drink\/","url":"https:\/\/surysaray.com\/producto\/collagen-drink\/","name":"COLLAGEN DRINK - Sury Saray","isPartOf":{"@id":"https:\/\/surysaray.com\/#website"},"datePublished":"2025-02-11T10:55:29+00:00","dateModified":"2025-02-11T11:38:02+00:00","breadcrumb":{"@id":"https:\/\/surysaray.com\/producto\/collagen-drink\/#breadcrumb"},"inLanguage":"en-US","potentialAction":[{"@type":"ReadAction","target":["https:\/\/surysaray.com\/producto\/collagen-drink\/"]}]},{"@type":"BreadcrumbList","@id":"https:\/\/surysaray.com\/producto\/collagen-drink\/#breadcrumb","itemListElement":[{"@type":"ListItem","position":1,"name":"Portada","item":"https:\/\/surysaray.com\/en\/"},{"@type":"ListItem","position":2,"name":"Shop","item":"https:\/\/surysaray.com\/online-shop\/"},{"@type":"ListItem","position":3,"name":"COLLAGEN DRINK"}]},{"@type":"WebSite","@id":"https:\/\/surysaray.com\/#website","url":"https:\/\/surysaray.com\/","name":"Sury Saray","description":"","potentialAction":[{"@type":"SearchAction","target":{"@type":"EntryPoint","urlTemplate":"https:\/\/surysaray.com\/?s={search_term_string}"},"query-input":"required name=search_term_string"}],"inLanguage":"en-US"}]}},"_links":{"self":[{"href":"https:\/\/surysaray.com\/en\/wp-json\/wp\/v3\/product\/17991"}],"collection":[{"href":"https:\/\/surysaray.com\/en\/wp-json\/wp\/v3\/product"}],"about":[{"href":"https:\/\/surysaray.com\/en\/wp-json\/wp\/v2\/types\/product"}],"wp:featuredmedia":[{"embeddable":true,"href":"https:\/\/surysaray.com\/en\/wp-json\/wp\/v2\/media\/17988"}],"wp:attachment":[{"href":"https:\/\/surysaray.com\/en\/wp-json\/wp\/v2\/media?parent=17991"}],"wp:term":[{"taxonomy":"product_cat","embeddable":true,"href":"https:\/\/surysaray.com\/en\/wp-json\/wp\/v2\/product_cat?post=17991"},{"taxonomy":"product_tag","embeddable":true,"href":"https:\/\/surysaray.com\/en\/wp-json\/wp\/v2\/product_tag?post=17991"}],"curies":[{"name":"wp","href":"https:\/\/api.w.org\/{rel}","templated":true}]}}