{"id":17933,"date":"2025-02-04T11:08:17","date_gmt":"2025-02-04T10:08:17","guid":{"rendered":"https:\/\/surysaray.com\/?post_type=product&#038;p=17933"},"modified":"2025-02-04T11:41:48","modified_gmt":"2025-02-04T10:41:48","slug":"balance-lotion-250ml","status":"publish","type":"product","link":"https:\/\/surysaray.com\/en\/producto\/balance-lotion-250ml\/","title":{"rendered":"Balance Lotion 250ml"},"content":{"rendered":"<p><strong>Balance Lotion<\/strong> es un t\u00f3nico equilibrante y seborregulador especialmente indicado para pieles mixtas y grasas. Ayuda a disminuir el tama\u00f1o del poro.<\/p>\n<p>Su completa f\u00f3rmula permite una acci\u00f3n multicoms\u00e9tica:<\/p>\n<p>1. Astringente (acci\u00f3n y efecto secante).<\/p>\n<p>2. Purificante y equilibrante. Modula la secreci\u00f3n de sebo, evitando la proliferaci\u00f3n de microorganismos no deseados y obteniendo una piel limpia.<\/p>\n<p>3. Microexfoliante. Elimina las c\u00e9lulas muertas y favorece la regeneraci\u00f3n celular.<\/p>\n<p>4. Hidratante, capaz de regular y mantener el pH de la piel.<\/p>\n<p>Aplicar con ayuda de un algod\u00f3n humedecido dando ligeros golpecitos sobre rostro y cuello.<\/p>\n<p>Ingrerdientes principales:<\/p>\n<ul>\n<li>Niacinamida:<\/li>\n<\/ul>\n<div class=\"elementor-image-box-description\">\n<ol>\n<li>Aporta hidrataci\u00f3n a la piel.<\/li>\n<li>Aumenta la producci\u00f3n de col\u00e1geno, por lo que reduce las arrugas y signos del envejecimiento.<\/li>\n<li>Tiene propiedades seborreguladoras, por lo que ayuda a combatir y reducir el acn\u00e9.<\/li>\n<li>Reduce la irritaci\u00f3n y el enrojecimiento de la piel.<\/li>\n<li>Protege la piel de los radicales libres y agentes externos.<\/li>\n<\/ol>\n<ul>\n<li>Acido l\u00e1ctico:<\/li>\n<\/ul>\n<div class=\"elementor-image-box-description\">\n<ol>\n<li>Capacidades para exfoliar y estimular la producci\u00f3n de col\u00e1geno.<\/li>\n<li>Acelera la renovaci\u00f3n celular y revitaliza la piel.<\/li>\n<li>Elimina impurezas, purifica y matiza la piel.<\/li>\n<li>Aporta una mayor suavidad a la piel.<\/li>\n<li>Combate la aparici\u00f3n del acn\u00e9.<\/li>\n<li>Minimiza imperfecciones y act\u00faa sobre las finas de expresi\u00f3n.<\/li>\n<\/ol>\n<\/div>\n<\/div>\n","protected":false},"excerpt":{"rendered":"<p>Balance Lotion es un t\u00f3nico equilibrante y seborregulador especialmente indicado para pieles mixtas y grasas. Ayuda a disminuir el tama\u00f1o del poro. Su completa f\u00f3rmula permite una acci\u00f3n multicoms\u00e9tica: 1. Astringente (acci\u00f3n y efecto secante). 2. Purificante y equilibrante. Modula la secreci\u00f3n de sebo, evitando la proliferaci\u00f3n de microorganismos no deseados y obteniendo una piel [&hellip;]<\/p>\n","protected":false},"featured_media":17936,"template":"","meta":{"_joinchat":[]},"product_cat":[690,541,659,542],"product_tag":[],"yoast_head":"<!-- This site is optimized with the Yoast SEO plugin v20.2.1 - https:\/\/yoast.com\/wordpress\/plugins\/seo\/ -->\n<title>Balance Lotion 250ml - Sury Saray<\/title>\n<meta name=\"robots\" content=\"noindex, follow\" \/>\n<meta property=\"og:locale\" content=\"en_US\" \/>\n<meta property=\"og:type\" content=\"article\" \/>\n<meta property=\"og:title\" content=\"Balance Lotion 250ml - Sury Saray\" \/>\n<meta property=\"og:description\" content=\"Balance Lotion es un t\u00f3nico equilibrante y seborregulador especialmente indicado para pieles mixtas y grasas. Ayuda a disminuir el tama\u00f1o del poro. Su completa f\u00f3rmula permite una acci\u00f3n multicoms\u00e9tica: 1. Astringente (acci\u00f3n y efecto secante). 2. Purificante y equilibrante. Modula la secreci\u00f3n de sebo, evitando la proliferaci\u00f3n de microorganismos no deseados y obteniendo una piel [&hellip;]\" \/>\n<meta property=\"og:url\" content=\"https:\/\/surysaray.com\/en\/producto\/balance-lotion-250ml\/\" \/>\n<meta property=\"og:site_name\" content=\"Sury Saray\" \/>\n<meta property=\"article:modified_time\" content=\"2025-02-04T10:41:48+00:00\" \/>\n<meta property=\"og:image\" content=\"https:\/\/surysaray.com\/wp-content\/uploads\/2025\/02\/balance-lotion.jpg\" \/>\n\t<meta property=\"og:image:width\" content=\"800\" \/>\n\t<meta property=\"og:image:height\" content=\"800\" \/>\n\t<meta property=\"og:image:type\" content=\"image\/jpeg\" \/>\n<meta name=\"twitter:card\" content=\"summary_large_image\" \/>\n<meta name=\"twitter:label1\" content=\"Est. reading time\" \/>\n\t<meta name=\"twitter:data1\" content=\"1 minute\" \/>\n<script type=\"application\/ld+json\" class=\"yoast-schema-graph\">{\"@context\":\"https:\/\/schema.org\",\"@graph\":[{\"@type\":\"WebPage\",\"@id\":\"https:\/\/surysaray.com\/en\/producto\/balance-lotion-250ml\/\",\"url\":\"https:\/\/surysaray.com\/en\/producto\/balance-lotion-250ml\/\",\"name\":\"Balance Lotion 250ml - Sury Saray\",\"isPartOf\":{\"@id\":\"https:\/\/surysaray.com\/#website\"},\"datePublished\":\"2025-02-04T10:08:17+00:00\",\"dateModified\":\"2025-02-04T10:41:48+00:00\",\"breadcrumb\":{\"@id\":\"https:\/\/surysaray.com\/en\/producto\/balance-lotion-250ml\/#breadcrumb\"},\"inLanguage\":\"en-US\",\"potentialAction\":[{\"@type\":\"ReadAction\",\"target\":[\"https:\/\/surysaray.com\/en\/producto\/balance-lotion-250ml\/\"]}]},{\"@type\":\"BreadcrumbList\",\"@id\":\"https:\/\/surysaray.com\/en\/producto\/balance-lotion-250ml\/#breadcrumb\",\"itemListElement\":[{\"@type\":\"ListItem\",\"position\":1,\"name\":\"Portada\",\"item\":\"https:\/\/surysaray.com\/en\/\"},{\"@type\":\"ListItem\",\"position\":2,\"name\":\"Shop\",\"item\":\"https:\/\/surysaray.com\/online-shop\/\"},{\"@type\":\"ListItem\",\"position\":3,\"name\":\"Balance Lotion 250ml\"}]},{\"@type\":\"WebSite\",\"@id\":\"https:\/\/surysaray.com\/#website\",\"url\":\"https:\/\/surysaray.com\/\",\"name\":\"Sury Saray\",\"description\":\"\",\"potentialAction\":[{\"@type\":\"SearchAction\",\"target\":{\"@type\":\"EntryPoint\",\"urlTemplate\":\"https:\/\/surysaray.com\/?s={search_term_string}\"},\"query-input\":\"required name=search_term_string\"}],\"inLanguage\":\"en-US\"}]}<\/script>\n<!-- \/ Yoast SEO plugin. -->","yoast_head_json":{"title":"Balance Lotion 250ml - Sury Saray","robots":{"index":"noindex","follow":"follow"},"og_locale":"en_US","og_type":"article","og_title":"Balance Lotion 250ml - Sury Saray","og_description":"Balance Lotion es un t\u00f3nico equilibrante y seborregulador especialmente indicado para pieles mixtas y grasas. Ayuda a disminuir el tama\u00f1o del poro. Su completa f\u00f3rmula permite una acci\u00f3n multicoms\u00e9tica: 1. Astringente (acci\u00f3n y efecto secante). 2. Purificante y equilibrante. Modula la secreci\u00f3n de sebo, evitando la proliferaci\u00f3n de microorganismos no deseados y obteniendo una piel [&hellip;]","og_url":"https:\/\/surysaray.com\/en\/producto\/balance-lotion-250ml\/","og_site_name":"Sury Saray","article_modified_time":"2025-02-04T10:41:48+00:00","og_image":[{"width":800,"height":800,"url":"https:\/\/surysaray.com\/wp-content\/uploads\/2025\/02\/balance-lotion.jpg","type":"image\/jpeg"}],"twitter_card":"summary_large_image","twitter_misc":{"Est. reading time":"1 minute"},"schema":{"@context":"https:\/\/schema.org","@graph":[{"@type":"WebPage","@id":"https:\/\/surysaray.com\/en\/producto\/balance-lotion-250ml\/","url":"https:\/\/surysaray.com\/en\/producto\/balance-lotion-250ml\/","name":"Balance Lotion 250ml - Sury Saray","isPartOf":{"@id":"https:\/\/surysaray.com\/#website"},"datePublished":"2025-02-04T10:08:17+00:00","dateModified":"2025-02-04T10:41:48+00:00","breadcrumb":{"@id":"https:\/\/surysaray.com\/en\/producto\/balance-lotion-250ml\/#breadcrumb"},"inLanguage":"en-US","potentialAction":[{"@type":"ReadAction","target":["https:\/\/surysaray.com\/en\/producto\/balance-lotion-250ml\/"]}]},{"@type":"BreadcrumbList","@id":"https:\/\/surysaray.com\/en\/producto\/balance-lotion-250ml\/#breadcrumb","itemListElement":[{"@type":"ListItem","position":1,"name":"Portada","item":"https:\/\/surysaray.com\/en\/"},{"@type":"ListItem","position":2,"name":"Shop","item":"https:\/\/surysaray.com\/online-shop\/"},{"@type":"ListItem","position":3,"name":"Balance Lotion 250ml"}]},{"@type":"WebSite","@id":"https:\/\/surysaray.com\/#website","url":"https:\/\/surysaray.com\/","name":"Sury Saray","description":"","potentialAction":[{"@type":"SearchAction","target":{"@type":"EntryPoint","urlTemplate":"https:\/\/surysaray.com\/?s={search_term_string}"},"query-input":"required name=search_term_string"}],"inLanguage":"en-US"}]}},"_links":{"self":[{"href":"https:\/\/surysaray.com\/en\/wp-json\/wp\/v3\/product\/17933"}],"collection":[{"href":"https:\/\/surysaray.com\/en\/wp-json\/wp\/v3\/product"}],"about":[{"href":"https:\/\/surysaray.com\/en\/wp-json\/wp\/v2\/types\/product"}],"wp:featuredmedia":[{"embeddable":true,"href":"https:\/\/surysaray.com\/en\/wp-json\/wp\/v2\/media\/17936"}],"wp:attachment":[{"href":"https:\/\/surysaray.com\/en\/wp-json\/wp\/v2\/media?parent=17933"}],"wp:term":[{"taxonomy":"product_cat","embeddable":true,"href":"https:\/\/surysaray.com\/en\/wp-json\/wp\/v2\/product_cat?post=17933"},{"taxonomy":"product_tag","embeddable":true,"href":"https:\/\/surysaray.com\/en\/wp-json\/wp\/v2\/product_tag?post=17933"}],"curies":[{"name":"wp","href":"https:\/\/api.w.org\/{rel}","templated":true}]}}