{"id":17928,"date":"2025-02-04T11:14:57","date_gmt":"2025-02-04T10:14:57","guid":{"rendered":"https:\/\/surysaray.com\/?post_type=product&#038;p=17928"},"modified":"2025-02-04T11:33:24","modified_gmt":"2025-02-04T10:33:24","slug":"glicolic-gel-clean","status":"publish","type":"product","link":"https:\/\/surysaray.com\/en\/producto\/glicolic-gel-clean\/","title":{"rendered":"Glicolic Gel Clean"},"content":{"rendered":"<p>Limpiador espec\u00edficamente indicado para la limpieza facial de pieles mixtas, grasas y acn\u00e9icas.<\/p>\n<ol>\n<li>Limpieza facial diaria.<\/li>\n<li>Modula el pH de la piel acn\u00e9ica.<\/li>\n<li>Elimina el exceso de sebo y refresca la piel, dej\u00e1ndola libre de impurezas y residuos ambientales.<\/li>\n<li>No irrita.<\/li>\n<\/ol>\n<p>Aplicar con un algod\u00f3n o disco y limpiar con suave masaje. No precisa usar t\u00f3nico facial. Su f\u00f3rmula contiene todos los activos necesarios para eliminar todo tipo de impurezas y exceso de grasa, manteniendo su hidrataci\u00f3n y equilibrio natural.<\/p>\n<p>Ingredientes principales:<\/p>\n<ul>\n<li>Acido Glicolico:<\/li>\n<\/ul>\n<div class=\"col col-text col-sm-12 col-lg-6\">\n<div class=\"elementor-image-box-description\">\n<ol>\n<li>Contribuye a la renovaci\u00f3n celular.<\/li>\n<li>Mejora la textura de la piel.<\/li>\n<li>Combate los signos de la edad.<\/li>\n<li>Mejora las pieles grasas y con acn\u00e9 gracias a que controla la producci\u00f3n de sebo.<\/li>\n<\/ol>\n<\/div>\n<\/div>\n","protected":false},"excerpt":{"rendered":"<p>Limpiador espec\u00edficamente indicado para la limpieza facial de pieles mixtas, grasas y acn\u00e9icas. Limpieza facial diaria. Modula el pH de la piel acn\u00e9ica. Elimina el exceso de sebo y refresca la piel, dej\u00e1ndola libre de impurezas y residuos ambientales. No irrita. Aplicar con un algod\u00f3n o disco y limpiar con suave masaje. No precisa usar [&hellip;]<\/p>\n","protected":false},"featured_media":17931,"template":"","meta":{"_joinchat":[]},"product_cat":[690,541,659,542],"product_tag":[],"yoast_head":"<!-- This site is optimized with the Yoast SEO plugin v20.2.1 - https:\/\/yoast.com\/wordpress\/plugins\/seo\/ -->\n<title>Glicolic Gel Clean - Sury Saray<\/title>\n<meta name=\"robots\" content=\"noindex, follow\" \/>\n<meta property=\"og:locale\" content=\"en_US\" \/>\n<meta property=\"og:type\" content=\"article\" \/>\n<meta property=\"og:title\" content=\"Glicolic Gel Clean - Sury Saray\" \/>\n<meta property=\"og:description\" content=\"Limpiador espec\u00edficamente indicado para la limpieza facial de pieles mixtas, grasas y acn\u00e9icas. Limpieza facial diaria. Modula el pH de la piel acn\u00e9ica. Elimina el exceso de sebo y refresca la piel, dej\u00e1ndola libre de impurezas y residuos ambientales. No irrita. Aplicar con un algod\u00f3n o disco y limpiar con suave masaje. No precisa usar [&hellip;]\" \/>\n<meta property=\"og:url\" content=\"https:\/\/surysaray.com\/en\/producto\/glicolic-gel-clean\/\" \/>\n<meta property=\"og:site_name\" content=\"Sury Saray\" \/>\n<meta property=\"article:modified_time\" content=\"2025-02-04T10:33:24+00:00\" \/>\n<meta property=\"og:image\" content=\"https:\/\/surysaray.com\/wp-content\/uploads\/2025\/02\/glicolic-gel-clean.jpg\" \/>\n\t<meta property=\"og:image:width\" content=\"1500\" \/>\n\t<meta property=\"og:image:height\" content=\"1500\" \/>\n\t<meta property=\"og:image:type\" content=\"image\/jpeg\" \/>\n<meta name=\"twitter:card\" content=\"summary_large_image\" \/>\n<meta name=\"twitter:label1\" content=\"Est. reading time\" \/>\n\t<meta name=\"twitter:data1\" content=\"1 minute\" \/>\n<script type=\"application\/ld+json\" class=\"yoast-schema-graph\">{\"@context\":\"https:\/\/schema.org\",\"@graph\":[{\"@type\":\"WebPage\",\"@id\":\"https:\/\/surysaray.com\/en\/producto\/glicolic-gel-clean\/\",\"url\":\"https:\/\/surysaray.com\/en\/producto\/glicolic-gel-clean\/\",\"name\":\"Glicolic Gel Clean - Sury Saray\",\"isPartOf\":{\"@id\":\"https:\/\/surysaray.com\/#website\"},\"datePublished\":\"2025-02-04T10:14:57+00:00\",\"dateModified\":\"2025-02-04T10:33:24+00:00\",\"breadcrumb\":{\"@id\":\"https:\/\/surysaray.com\/en\/producto\/glicolic-gel-clean\/#breadcrumb\"},\"inLanguage\":\"en-US\",\"potentialAction\":[{\"@type\":\"ReadAction\",\"target\":[\"https:\/\/surysaray.com\/en\/producto\/glicolic-gel-clean\/\"]}]},{\"@type\":\"BreadcrumbList\",\"@id\":\"https:\/\/surysaray.com\/en\/producto\/glicolic-gel-clean\/#breadcrumb\",\"itemListElement\":[{\"@type\":\"ListItem\",\"position\":1,\"name\":\"Portada\",\"item\":\"https:\/\/surysaray.com\/en\/\"},{\"@type\":\"ListItem\",\"position\":2,\"name\":\"Shop\",\"item\":\"https:\/\/surysaray.com\/online-shop\/\"},{\"@type\":\"ListItem\",\"position\":3,\"name\":\"Glicolic Gel Clean\"}]},{\"@type\":\"WebSite\",\"@id\":\"https:\/\/surysaray.com\/#website\",\"url\":\"https:\/\/surysaray.com\/\",\"name\":\"Sury Saray\",\"description\":\"\",\"potentialAction\":[{\"@type\":\"SearchAction\",\"target\":{\"@type\":\"EntryPoint\",\"urlTemplate\":\"https:\/\/surysaray.com\/?s={search_term_string}\"},\"query-input\":\"required name=search_term_string\"}],\"inLanguage\":\"en-US\"}]}<\/script>\n<!-- \/ Yoast SEO plugin. -->","yoast_head_json":{"title":"Glicolic Gel Clean - Sury Saray","robots":{"index":"noindex","follow":"follow"},"og_locale":"en_US","og_type":"article","og_title":"Glicolic Gel Clean - Sury Saray","og_description":"Limpiador espec\u00edficamente indicado para la limpieza facial de pieles mixtas, grasas y acn\u00e9icas. Limpieza facial diaria. Modula el pH de la piel acn\u00e9ica. Elimina el exceso de sebo y refresca la piel, dej\u00e1ndola libre de impurezas y residuos ambientales. No irrita. Aplicar con un algod\u00f3n o disco y limpiar con suave masaje. No precisa usar [&hellip;]","og_url":"https:\/\/surysaray.com\/en\/producto\/glicolic-gel-clean\/","og_site_name":"Sury Saray","article_modified_time":"2025-02-04T10:33:24+00:00","og_image":[{"width":1500,"height":1500,"url":"https:\/\/surysaray.com\/wp-content\/uploads\/2025\/02\/glicolic-gel-clean.jpg","type":"image\/jpeg"}],"twitter_card":"summary_large_image","twitter_misc":{"Est. reading time":"1 minute"},"schema":{"@context":"https:\/\/schema.org","@graph":[{"@type":"WebPage","@id":"https:\/\/surysaray.com\/en\/producto\/glicolic-gel-clean\/","url":"https:\/\/surysaray.com\/en\/producto\/glicolic-gel-clean\/","name":"Glicolic Gel Clean - Sury Saray","isPartOf":{"@id":"https:\/\/surysaray.com\/#website"},"datePublished":"2025-02-04T10:14:57+00:00","dateModified":"2025-02-04T10:33:24+00:00","breadcrumb":{"@id":"https:\/\/surysaray.com\/en\/producto\/glicolic-gel-clean\/#breadcrumb"},"inLanguage":"en-US","potentialAction":[{"@type":"ReadAction","target":["https:\/\/surysaray.com\/en\/producto\/glicolic-gel-clean\/"]}]},{"@type":"BreadcrumbList","@id":"https:\/\/surysaray.com\/en\/producto\/glicolic-gel-clean\/#breadcrumb","itemListElement":[{"@type":"ListItem","position":1,"name":"Portada","item":"https:\/\/surysaray.com\/en\/"},{"@type":"ListItem","position":2,"name":"Shop","item":"https:\/\/surysaray.com\/online-shop\/"},{"@type":"ListItem","position":3,"name":"Glicolic Gel Clean"}]},{"@type":"WebSite","@id":"https:\/\/surysaray.com\/#website","url":"https:\/\/surysaray.com\/","name":"Sury Saray","description":"","potentialAction":[{"@type":"SearchAction","target":{"@type":"EntryPoint","urlTemplate":"https:\/\/surysaray.com\/?s={search_term_string}"},"query-input":"required name=search_term_string"}],"inLanguage":"en-US"}]}},"_links":{"self":[{"href":"https:\/\/surysaray.com\/en\/wp-json\/wp\/v3\/product\/17928"}],"collection":[{"href":"https:\/\/surysaray.com\/en\/wp-json\/wp\/v3\/product"}],"about":[{"href":"https:\/\/surysaray.com\/en\/wp-json\/wp\/v2\/types\/product"}],"wp:featuredmedia":[{"embeddable":true,"href":"https:\/\/surysaray.com\/en\/wp-json\/wp\/v2\/media\/17931"}],"wp:attachment":[{"href":"https:\/\/surysaray.com\/en\/wp-json\/wp\/v2\/media?parent=17928"}],"wp:term":[{"taxonomy":"product_cat","embeddable":true,"href":"https:\/\/surysaray.com\/en\/wp-json\/wp\/v2\/product_cat?post=17928"},{"taxonomy":"product_tag","embeddable":true,"href":"https:\/\/surysaray.com\/en\/wp-json\/wp\/v2\/product_tag?post=17928"}],"curies":[{"name":"wp","href":"https:\/\/api.w.org\/{rel}","templated":true}]}}