{"id":17922,"date":"2025-02-04T11:26:05","date_gmt":"2025-02-04T10:26:05","guid":{"rendered":"https:\/\/surysaray.com\/?post_type=product&#038;p=17922"},"modified":"2025-02-04T11:32:41","modified_gmt":"2025-02-04T10:32:41","slug":"hialucos","status":"publish","type":"product","link":"https:\/\/surysaray.com\/en\/producto\/hialucos\/","title":{"rendered":"Hialucos"},"content":{"rendered":"<p><strong>Hialuc\u00f3s<\/strong>\u00a0es un producto cosm\u00e9tico para cualquier tipo de piel que se puede usar como recuperador d\u00e9rmico, hidratante y como redensificador cut\u00e1neo.<\/p>\n<ol>\n<li>Hidrataci\u00f3n.<\/li>\n<li>Redensificaci\u00f3n d\u00e9rmica.<\/li>\n<li>Regeneraci\u00f3n cut\u00e1nea.<\/li>\n<li>Mejora el aspecto de cicatrices y marcas en la piel.<\/li>\n<li>Antiaging.<\/li>\n<\/ol>\n<p>Aplicar una generosa capa de crema habitual o recomendada, inmediatamente despu\u00e9s aplicaremos Hialuc\u00f3s, con movimientos circulares. Dependiendo de la cantidad aplicada sera un efecto crema o mascarilla.<\/p>\n<p>Su ingrediente principal es el \u00c1cido Hialur\u00f3nico.<\/p>\n","protected":false},"excerpt":{"rendered":"<p>Hialuc\u00f3s\u00a0es un producto cosm\u00e9tico para cualquier tipo de piel que se puede usar como recuperador d\u00e9rmico, hidratante y como redensificador cut\u00e1neo. Hidrataci\u00f3n. Redensificaci\u00f3n d\u00e9rmica. Regeneraci\u00f3n cut\u00e1nea. Mejora el aspecto de cicatrices y marcas en la piel. Antiaging. Aplicar una generosa capa de crema habitual o recomendada, inmediatamente despu\u00e9s aplicaremos Hialuc\u00f3s, con movimientos circulares. Dependiendo de [&hellip;]<\/p>\n","protected":false},"featured_media":17926,"template":"","meta":{"_joinchat":[]},"product_cat":[690,541,126,127,654,542],"product_tag":[],"yoast_head":"<!-- This site is optimized with the Yoast SEO plugin v20.2.1 - https:\/\/yoast.com\/wordpress\/plugins\/seo\/ -->\n<title>Hialucos - Sury Saray<\/title>\n<meta name=\"robots\" content=\"noindex, follow\" \/>\n<meta property=\"og:locale\" content=\"en_US\" \/>\n<meta property=\"og:type\" content=\"article\" \/>\n<meta property=\"og:title\" content=\"Hialucos - Sury Saray\" \/>\n<meta property=\"og:description\" content=\"Hialuc\u00f3s\u00a0es un producto cosm\u00e9tico para cualquier tipo de piel que se puede usar como recuperador d\u00e9rmico, hidratante y como redensificador cut\u00e1neo. Hidrataci\u00f3n. Redensificaci\u00f3n d\u00e9rmica. Regeneraci\u00f3n cut\u00e1nea. Mejora el aspecto de cicatrices y marcas en la piel. Antiaging. Aplicar una generosa capa de crema habitual o recomendada, inmediatamente despu\u00e9s aplicaremos Hialuc\u00f3s, con movimientos circulares. Dependiendo de [&hellip;]\" \/>\n<meta property=\"og:url\" content=\"https:\/\/surysaray.com\/en\/producto\/hialucos\/\" \/>\n<meta property=\"og:site_name\" content=\"Sury Saray\" \/>\n<meta property=\"article:modified_time\" content=\"2025-02-04T10:32:41+00:00\" \/>\n<meta property=\"og:image\" content=\"https:\/\/surysaray.com\/wp-content\/uploads\/2025\/02\/hialucos.jpg\" \/>\n\t<meta property=\"og:image:width\" content=\"1500\" \/>\n\t<meta property=\"og:image:height\" content=\"1500\" \/>\n\t<meta property=\"og:image:type\" content=\"image\/jpeg\" \/>\n<meta name=\"twitter:card\" content=\"summary_large_image\" \/>\n<script type=\"application\/ld+json\" class=\"yoast-schema-graph\">{\"@context\":\"https:\/\/schema.org\",\"@graph\":[{\"@type\":\"WebPage\",\"@id\":\"https:\/\/surysaray.com\/en\/producto\/hialucos\/\",\"url\":\"https:\/\/surysaray.com\/en\/producto\/hialucos\/\",\"name\":\"Hialucos - Sury Saray\",\"isPartOf\":{\"@id\":\"https:\/\/surysaray.com\/#website\"},\"datePublished\":\"2025-02-04T10:26:05+00:00\",\"dateModified\":\"2025-02-04T10:32:41+00:00\",\"breadcrumb\":{\"@id\":\"https:\/\/surysaray.com\/en\/producto\/hialucos\/#breadcrumb\"},\"inLanguage\":\"en-US\",\"potentialAction\":[{\"@type\":\"ReadAction\",\"target\":[\"https:\/\/surysaray.com\/en\/producto\/hialucos\/\"]}]},{\"@type\":\"BreadcrumbList\",\"@id\":\"https:\/\/surysaray.com\/en\/producto\/hialucos\/#breadcrumb\",\"itemListElement\":[{\"@type\":\"ListItem\",\"position\":1,\"name\":\"Portada\",\"item\":\"https:\/\/surysaray.com\/en\/\"},{\"@type\":\"ListItem\",\"position\":2,\"name\":\"Shop\",\"item\":\"https:\/\/surysaray.com\/online-shop\/\"},{\"@type\":\"ListItem\",\"position\":3,\"name\":\"Hialucos\"}]},{\"@type\":\"WebSite\",\"@id\":\"https:\/\/surysaray.com\/#website\",\"url\":\"https:\/\/surysaray.com\/\",\"name\":\"Sury Saray\",\"description\":\"\",\"potentialAction\":[{\"@type\":\"SearchAction\",\"target\":{\"@type\":\"EntryPoint\",\"urlTemplate\":\"https:\/\/surysaray.com\/?s={search_term_string}\"},\"query-input\":\"required name=search_term_string\"}],\"inLanguage\":\"en-US\"}]}<\/script>\n<!-- \/ Yoast SEO plugin. -->","yoast_head_json":{"title":"Hialucos - Sury Saray","robots":{"index":"noindex","follow":"follow"},"og_locale":"en_US","og_type":"article","og_title":"Hialucos - Sury Saray","og_description":"Hialuc\u00f3s\u00a0es un producto cosm\u00e9tico para cualquier tipo de piel que se puede usar como recuperador d\u00e9rmico, hidratante y como redensificador cut\u00e1neo. Hidrataci\u00f3n. Redensificaci\u00f3n d\u00e9rmica. Regeneraci\u00f3n cut\u00e1nea. Mejora el aspecto de cicatrices y marcas en la piel. Antiaging. Aplicar una generosa capa de crema habitual o recomendada, inmediatamente despu\u00e9s aplicaremos Hialuc\u00f3s, con movimientos circulares. Dependiendo de [&hellip;]","og_url":"https:\/\/surysaray.com\/en\/producto\/hialucos\/","og_site_name":"Sury Saray","article_modified_time":"2025-02-04T10:32:41+00:00","og_image":[{"width":1500,"height":1500,"url":"https:\/\/surysaray.com\/wp-content\/uploads\/2025\/02\/hialucos.jpg","type":"image\/jpeg"}],"twitter_card":"summary_large_image","schema":{"@context":"https:\/\/schema.org","@graph":[{"@type":"WebPage","@id":"https:\/\/surysaray.com\/en\/producto\/hialucos\/","url":"https:\/\/surysaray.com\/en\/producto\/hialucos\/","name":"Hialucos - Sury Saray","isPartOf":{"@id":"https:\/\/surysaray.com\/#website"},"datePublished":"2025-02-04T10:26:05+00:00","dateModified":"2025-02-04T10:32:41+00:00","breadcrumb":{"@id":"https:\/\/surysaray.com\/en\/producto\/hialucos\/#breadcrumb"},"inLanguage":"en-US","potentialAction":[{"@type":"ReadAction","target":["https:\/\/surysaray.com\/en\/producto\/hialucos\/"]}]},{"@type":"BreadcrumbList","@id":"https:\/\/surysaray.com\/en\/producto\/hialucos\/#breadcrumb","itemListElement":[{"@type":"ListItem","position":1,"name":"Portada","item":"https:\/\/surysaray.com\/en\/"},{"@type":"ListItem","position":2,"name":"Shop","item":"https:\/\/surysaray.com\/online-shop\/"},{"@type":"ListItem","position":3,"name":"Hialucos"}]},{"@type":"WebSite","@id":"https:\/\/surysaray.com\/#website","url":"https:\/\/surysaray.com\/","name":"Sury Saray","description":"","potentialAction":[{"@type":"SearchAction","target":{"@type":"EntryPoint","urlTemplate":"https:\/\/surysaray.com\/?s={search_term_string}"},"query-input":"required name=search_term_string"}],"inLanguage":"en-US"}]}},"_links":{"self":[{"href":"https:\/\/surysaray.com\/en\/wp-json\/wp\/v3\/product\/17922"}],"collection":[{"href":"https:\/\/surysaray.com\/en\/wp-json\/wp\/v3\/product"}],"about":[{"href":"https:\/\/surysaray.com\/en\/wp-json\/wp\/v2\/types\/product"}],"wp:featuredmedia":[{"embeddable":true,"href":"https:\/\/surysaray.com\/en\/wp-json\/wp\/v2\/media\/17926"}],"wp:attachment":[{"href":"https:\/\/surysaray.com\/en\/wp-json\/wp\/v2\/media?parent=17922"}],"wp:term":[{"taxonomy":"product_cat","embeddable":true,"href":"https:\/\/surysaray.com\/en\/wp-json\/wp\/v2\/product_cat?post=17922"},{"taxonomy":"product_tag","embeddable":true,"href":"https:\/\/surysaray.com\/en\/wp-json\/wp\/v2\/product_tag?post=17922"}],"curies":[{"name":"wp","href":"https:\/\/api.w.org\/{rel}","templated":true}]}}