{"id":17366,"date":"2024-05-10T13:53:01","date_gmt":"2024-05-10T11:53:01","guid":{"rendered":"https:\/\/surysaray.com\/?post_type=product&#038;p=17366"},"modified":"2024-05-10T13:59:13","modified_gmt":"2024-05-10T11:59:13","slug":"aceite-de-rosa-mosqueta-100ml","status":"publish","type":"product","link":"https:\/\/surysaray.com\/en\/producto\/aceite-de-rosa-mosqueta-100ml\/","title":{"rendered":"Aceite de Rosa Mosqueta 100ml"},"content":{"rendered":"","protected":false},"excerpt":{"rendered":"<p>Regeneraci\u00f3n celular, hidrataci\u00f3n y recuperaci\u00f3n d\u00e9rmica. Mejora el aspecto de la piel en caso de cicatrices, marcas de acn\u00e9, quemaduras, estr\u00edas, sequedad, envejecimiento, irritaciones, tratamientos dermatol\u00f3gicos y post-peeling.<\/p>\n<p>La Rosa Mosqueta tiene una gran capacidad de regeneraci\u00f3n de la piel, aten\u00faa arrugas, dando a la piel una hidrataci\u00f3n y tersura agradables, devolvi\u00e9ndole su flexibilidad y elasticidad. Mejora el aspecto de cicatrices cerradas. Debido a su estructura gel aumenta el grosor de la capa de aceite, dejando la piel con un tacto no graso.<\/p>\n<p>Activos: Aceite de Rosa Mosqueta, Vitamina E<\/p>\n<p>Modo de uso:<\/p>\n<p>Aplicar 1 o 2 veces al d\u00eda con un suave masaje hasta su total absorci\u00f3n. Aplicar, una o dos veces al d\u00eda, 3-4 gotas de producto y dar un masaje hasta su total absorci\u00f3n. Tambi\u00e9n se puede usar diariamente en pieles muy secas para aumentar su hidrataci\u00f3n antes de aplicar la crema habitual, siendo muy \u00fatil para regular la capacidad de hidrataci\u00f3n de cualquier crema.<\/p>\n","protected":false},"featured_media":17369,"template":"","meta":{"_joinchat":[]},"product_cat":[690,541,638,124,654,650,542],"product_tag":[],"yoast_head":"<!-- This site is optimized with the Yoast SEO plugin v20.2.1 - https:\/\/yoast.com\/wordpress\/plugins\/seo\/ -->\n<title>Aceite de Rosa Mosqueta 100ml - Sury Saray<\/title>\n<meta name=\"robots\" content=\"noindex, follow\" \/>\n<meta property=\"og:locale\" content=\"en_US\" \/>\n<meta property=\"og:type\" content=\"article\" \/>\n<meta property=\"og:title\" content=\"Aceite de Rosa Mosqueta 100ml - Sury Saray\" \/>\n<meta property=\"og:description\" content=\"Regeneraci\u00f3n celular, hidrataci\u00f3n y recuperaci\u00f3n d\u00e9rmica. Mejora el aspecto de la piel en caso de cicatrices, marcas de acn\u00e9, quemaduras, estr\u00edas, sequedad, envejecimiento, irritaciones, tratamientos dermatol\u00f3gicos y post-peeling.  La Rosa Mosqueta tiene una gran capacidad de regeneraci\u00f3n de la piel, aten\u00faa arrugas, dando a la piel una hidrataci\u00f3n y tersura agradables, devolvi\u00e9ndole su flexibilidad y elasticidad. Mejora el aspecto de cicatrices cerradas. Debido a su estructura gel aumenta el grosor de la capa de aceite, dejando la piel con un tacto no graso.  Activos: Aceite de Rosa Mosqueta, Vitamina E  Modo de uso:  Aplicar 1 o 2 veces al d\u00eda con un suave masaje hasta su total absorci\u00f3n. Aplicar, una o dos veces al d\u00eda, 3-4 gotas de producto y dar un masaje hasta su total absorci\u00f3n. Tambi\u00e9n se puede usar diariamente en pieles muy secas para aumentar su hidrataci\u00f3n antes de aplicar la crema habitual, siendo muy \u00fatil para regular la capacidad de hidrataci\u00f3n de cualquier crema.\" \/>\n<meta property=\"og:url\" content=\"https:\/\/surysaray.com\/en\/producto\/aceite-de-rosa-mosqueta-100ml\/\" \/>\n<meta property=\"og:site_name\" content=\"Sury Saray\" \/>\n<meta property=\"article:modified_time\" content=\"2024-05-10T11:59:13+00:00\" \/>\n<meta property=\"og:image\" content=\"https:\/\/surysaray.com\/wp-content\/uploads\/2024\/05\/aceite-rosa-mosqueta.png\" \/>\n\t<meta property=\"og:image:width\" content=\"800\" \/>\n\t<meta property=\"og:image:height\" content=\"800\" \/>\n\t<meta property=\"og:image:type\" content=\"image\/png\" \/>\n<meta name=\"twitter:card\" content=\"summary_large_image\" \/>\n<script type=\"application\/ld+json\" class=\"yoast-schema-graph\">{\"@context\":\"https:\/\/schema.org\",\"@graph\":[{\"@type\":\"WebPage\",\"@id\":\"https:\/\/surysaray.com\/en\/producto\/aceite-de-rosa-mosqueta-100ml\/\",\"url\":\"https:\/\/surysaray.com\/en\/producto\/aceite-de-rosa-mosqueta-100ml\/\",\"name\":\"Aceite de Rosa Mosqueta 100ml - Sury Saray\",\"isPartOf\":{\"@id\":\"https:\/\/surysaray.com\/#website\"},\"datePublished\":\"2024-05-10T11:53:01+00:00\",\"dateModified\":\"2024-05-10T11:59:13+00:00\",\"breadcrumb\":{\"@id\":\"https:\/\/surysaray.com\/en\/producto\/aceite-de-rosa-mosqueta-100ml\/#breadcrumb\"},\"inLanguage\":\"en-US\",\"potentialAction\":[{\"@type\":\"ReadAction\",\"target\":[\"https:\/\/surysaray.com\/en\/producto\/aceite-de-rosa-mosqueta-100ml\/\"]}]},{\"@type\":\"BreadcrumbList\",\"@id\":\"https:\/\/surysaray.com\/en\/producto\/aceite-de-rosa-mosqueta-100ml\/#breadcrumb\",\"itemListElement\":[{\"@type\":\"ListItem\",\"position\":1,\"name\":\"Portada\",\"item\":\"https:\/\/surysaray.com\/en\/\"},{\"@type\":\"ListItem\",\"position\":2,\"name\":\"Shop\",\"item\":\"https:\/\/surysaray.com\/online-shop\/\"},{\"@type\":\"ListItem\",\"position\":3,\"name\":\"Aceite de Rosa Mosqueta 100ml\"}]},{\"@type\":\"WebSite\",\"@id\":\"https:\/\/surysaray.com\/#website\",\"url\":\"https:\/\/surysaray.com\/\",\"name\":\"Sury Saray\",\"description\":\"\",\"potentialAction\":[{\"@type\":\"SearchAction\",\"target\":{\"@type\":\"EntryPoint\",\"urlTemplate\":\"https:\/\/surysaray.com\/?s={search_term_string}\"},\"query-input\":\"required name=search_term_string\"}],\"inLanguage\":\"en-US\"}]}<\/script>\n<!-- \/ Yoast SEO plugin. -->","yoast_head_json":{"title":"Aceite de Rosa Mosqueta 100ml - Sury Saray","robots":{"index":"noindex","follow":"follow"},"og_locale":"en_US","og_type":"article","og_title":"Aceite de Rosa Mosqueta 100ml - Sury Saray","og_description":"Regeneraci\u00f3n celular, hidrataci\u00f3n y recuperaci\u00f3n d\u00e9rmica. Mejora el aspecto de la piel en caso de cicatrices, marcas de acn\u00e9, quemaduras, estr\u00edas, sequedad, envejecimiento, irritaciones, tratamientos dermatol\u00f3gicos y post-peeling.  La Rosa Mosqueta tiene una gran capacidad de regeneraci\u00f3n de la piel, aten\u00faa arrugas, dando a la piel una hidrataci\u00f3n y tersura agradables, devolvi\u00e9ndole su flexibilidad y elasticidad. Mejora el aspecto de cicatrices cerradas. Debido a su estructura gel aumenta el grosor de la capa de aceite, dejando la piel con un tacto no graso.  Activos: Aceite de Rosa Mosqueta, Vitamina E  Modo de uso:  Aplicar 1 o 2 veces al d\u00eda con un suave masaje hasta su total absorci\u00f3n. Aplicar, una o dos veces al d\u00eda, 3-4 gotas de producto y dar un masaje hasta su total absorci\u00f3n. Tambi\u00e9n se puede usar diariamente en pieles muy secas para aumentar su hidrataci\u00f3n antes de aplicar la crema habitual, siendo muy \u00fatil para regular la capacidad de hidrataci\u00f3n de cualquier crema.","og_url":"https:\/\/surysaray.com\/en\/producto\/aceite-de-rosa-mosqueta-100ml\/","og_site_name":"Sury Saray","article_modified_time":"2024-05-10T11:59:13+00:00","og_image":[{"width":800,"height":800,"url":"https:\/\/surysaray.com\/wp-content\/uploads\/2024\/05\/aceite-rosa-mosqueta.png","type":"image\/png"}],"twitter_card":"summary_large_image","schema":{"@context":"https:\/\/schema.org","@graph":[{"@type":"WebPage","@id":"https:\/\/surysaray.com\/en\/producto\/aceite-de-rosa-mosqueta-100ml\/","url":"https:\/\/surysaray.com\/en\/producto\/aceite-de-rosa-mosqueta-100ml\/","name":"Aceite de Rosa Mosqueta 100ml - Sury Saray","isPartOf":{"@id":"https:\/\/surysaray.com\/#website"},"datePublished":"2024-05-10T11:53:01+00:00","dateModified":"2024-05-10T11:59:13+00:00","breadcrumb":{"@id":"https:\/\/surysaray.com\/en\/producto\/aceite-de-rosa-mosqueta-100ml\/#breadcrumb"},"inLanguage":"en-US","potentialAction":[{"@type":"ReadAction","target":["https:\/\/surysaray.com\/en\/producto\/aceite-de-rosa-mosqueta-100ml\/"]}]},{"@type":"BreadcrumbList","@id":"https:\/\/surysaray.com\/en\/producto\/aceite-de-rosa-mosqueta-100ml\/#breadcrumb","itemListElement":[{"@type":"ListItem","position":1,"name":"Portada","item":"https:\/\/surysaray.com\/en\/"},{"@type":"ListItem","position":2,"name":"Shop","item":"https:\/\/surysaray.com\/online-shop\/"},{"@type":"ListItem","position":3,"name":"Aceite de Rosa Mosqueta 100ml"}]},{"@type":"WebSite","@id":"https:\/\/surysaray.com\/#website","url":"https:\/\/surysaray.com\/","name":"Sury Saray","description":"","potentialAction":[{"@type":"SearchAction","target":{"@type":"EntryPoint","urlTemplate":"https:\/\/surysaray.com\/?s={search_term_string}"},"query-input":"required name=search_term_string"}],"inLanguage":"en-US"}]}},"_links":{"self":[{"href":"https:\/\/surysaray.com\/en\/wp-json\/wp\/v3\/product\/17366"}],"collection":[{"href":"https:\/\/surysaray.com\/en\/wp-json\/wp\/v3\/product"}],"about":[{"href":"https:\/\/surysaray.com\/en\/wp-json\/wp\/v2\/types\/product"}],"wp:featuredmedia":[{"embeddable":true,"href":"https:\/\/surysaray.com\/en\/wp-json\/wp\/v2\/media\/17369"}],"wp:attachment":[{"href":"https:\/\/surysaray.com\/en\/wp-json\/wp\/v2\/media?parent=17366"}],"wp:term":[{"taxonomy":"product_cat","embeddable":true,"href":"https:\/\/surysaray.com\/en\/wp-json\/wp\/v2\/product_cat?post=17366"},{"taxonomy":"product_tag","embeddable":true,"href":"https:\/\/surysaray.com\/en\/wp-json\/wp\/v2\/product_tag?post=17366"}],"curies":[{"name":"wp","href":"https:\/\/api.w.org\/{rel}","templated":true}]}}