{"id":17360,"date":"2024-05-10T13:24:23","date_gmt":"2024-05-10T11:24:23","guid":{"rendered":"https:\/\/surysaray.com\/?post_type=product&#038;p=17360"},"modified":"2025-02-21T15:21:24","modified_gmt":"2025-02-21T14:21:24","slug":"tranquillity-spray-200ml-2","status":"publish","type":"product","link":"https:\/\/surysaray.com\/en\/producto\/tranquillity-spray-200ml-2\/","title":{"rendered":"Tranquillity Spray 200ml"},"content":{"rendered":"","protected":false},"excerpt":{"rendered":"<p>Spray arom\u00e1tico con delicadas notas de vainilla, rosa y cedro. Una fragancia formulada para crear atm\u00f3sferas relajantes en las estancias del hogar.<\/p>\n<p>Fragancia arom\u00e1tica relajante.<\/p>\n<p>Modo de uso:<\/p>\n<p>Roc\u00ede en el aire, lejos de la cara.<\/p>\n<p>M\u00c1S CONSEJOS<br \/>\nPuede emplearse en un espacio reducido, como un armario, para crear un momento de puro placer.<\/p>\n<p>CIENCIA CONSCIENTE PARA LA PIEL<br \/>\nSin siliconas, parabenos, derivados animales, colorantes artificiales, apto para veganos. Producido con energ\u00eda de fuentes renovables. Embalaje compensado con CO2. Papel certificado FSC.<\/p>\n","protected":false},"featured_media":17357,"template":"","meta":{"_joinchat":[]},"product_cat":[542,621],"product_tag":[],"yoast_head":"<!-- This site is optimized with the Yoast SEO plugin v20.2.1 - https:\/\/yoast.com\/wordpress\/plugins\/seo\/ -->\n<title>Tranquillity Spray 200ml - Sury Saray<\/title>\n<meta name=\"robots\" content=\"noindex, follow\" \/>\n<meta property=\"og:locale\" content=\"en_US\" \/>\n<meta property=\"og:type\" content=\"article\" \/>\n<meta property=\"og:title\" content=\"Tranquillity Spray 200ml - Sury Saray\" \/>\n<meta property=\"og:description\" content=\"Spray arom\u00e1tico con delicadas notas de vainilla, rosa y cedro. Una fragancia formulada para crear atm\u00f3sferas relajantes en las estancias del hogar.  Fragancia arom\u00e1tica relajante.  Modo de uso:  Roc\u00ede en el aire, lejos de la cara.  M\u00c1S CONSEJOS Puede emplearse en un espacio reducido, como un armario, para crear un momento de puro placer.  CIENCIA CONSCIENTE PARA LA PIEL Sin siliconas, parabenos, derivados animales, colorantes artificiales, apto para veganos. Producido con energ\u00eda de fuentes renovables. Embalaje compensado con CO2. Papel certificado FSC.\" \/>\n<meta property=\"og:url\" content=\"https:\/\/surysaray.com\/en\/producto\/tranquillity-spray-200ml-2\/\" \/>\n<meta property=\"og:site_name\" content=\"Sury Saray\" \/>\n<meta property=\"article:modified_time\" content=\"2025-02-21T14:21:24+00:00\" \/>\n<meta property=\"og:image\" content=\"https:\/\/surysaray.com\/wp-content\/uploads\/2024\/05\/spray.png\" \/>\n\t<meta property=\"og:image:width\" content=\"800\" \/>\n\t<meta property=\"og:image:height\" content=\"800\" \/>\n\t<meta property=\"og:image:type\" content=\"image\/png\" \/>\n<meta name=\"twitter:card\" content=\"summary_large_image\" \/>\n<script type=\"application\/ld+json\" class=\"yoast-schema-graph\">{\"@context\":\"https:\/\/schema.org\",\"@graph\":[{\"@type\":\"WebPage\",\"@id\":\"https:\/\/surysaray.com\/en\/producto\/tranquillity-spray-200ml-2\/\",\"url\":\"https:\/\/surysaray.com\/en\/producto\/tranquillity-spray-200ml-2\/\",\"name\":\"Tranquillity Spray 200ml - Sury Saray\",\"isPartOf\":{\"@id\":\"https:\/\/surysaray.com\/#website\"},\"datePublished\":\"2024-05-10T11:24:23+00:00\",\"dateModified\":\"2025-02-21T14:21:24+00:00\",\"breadcrumb\":{\"@id\":\"https:\/\/surysaray.com\/en\/producto\/tranquillity-spray-200ml-2\/#breadcrumb\"},\"inLanguage\":\"en-US\",\"potentialAction\":[{\"@type\":\"ReadAction\",\"target\":[\"https:\/\/surysaray.com\/en\/producto\/tranquillity-spray-200ml-2\/\"]}]},{\"@type\":\"BreadcrumbList\",\"@id\":\"https:\/\/surysaray.com\/en\/producto\/tranquillity-spray-200ml-2\/#breadcrumb\",\"itemListElement\":[{\"@type\":\"ListItem\",\"position\":1,\"name\":\"Portada\",\"item\":\"https:\/\/surysaray.com\/en\/\"},{\"@type\":\"ListItem\",\"position\":2,\"name\":\"Shop\",\"item\":\"https:\/\/surysaray.com\/online-shop\/\"},{\"@type\":\"ListItem\",\"position\":3,\"name\":\"Tranquillity Spray 200ml\"}]},{\"@type\":\"WebSite\",\"@id\":\"https:\/\/surysaray.com\/#website\",\"url\":\"https:\/\/surysaray.com\/\",\"name\":\"Sury Saray\",\"description\":\"\",\"potentialAction\":[{\"@type\":\"SearchAction\",\"target\":{\"@type\":\"EntryPoint\",\"urlTemplate\":\"https:\/\/surysaray.com\/?s={search_term_string}\"},\"query-input\":\"required name=search_term_string\"}],\"inLanguage\":\"en-US\"}]}<\/script>\n<!-- \/ Yoast SEO plugin. -->","yoast_head_json":{"title":"Tranquillity Spray 200ml - Sury Saray","robots":{"index":"noindex","follow":"follow"},"og_locale":"en_US","og_type":"article","og_title":"Tranquillity Spray 200ml - Sury Saray","og_description":"Spray arom\u00e1tico con delicadas notas de vainilla, rosa y cedro. Una fragancia formulada para crear atm\u00f3sferas relajantes en las estancias del hogar.  Fragancia arom\u00e1tica relajante.  Modo de uso:  Roc\u00ede en el aire, lejos de la cara.  M\u00c1S CONSEJOS Puede emplearse en un espacio reducido, como un armario, para crear un momento de puro placer.  CIENCIA CONSCIENTE PARA LA PIEL Sin siliconas, parabenos, derivados animales, colorantes artificiales, apto para veganos. Producido con energ\u00eda de fuentes renovables. Embalaje compensado con CO2. Papel certificado FSC.","og_url":"https:\/\/surysaray.com\/en\/producto\/tranquillity-spray-200ml-2\/","og_site_name":"Sury Saray","article_modified_time":"2025-02-21T14:21:24+00:00","og_image":[{"width":800,"height":800,"url":"https:\/\/surysaray.com\/wp-content\/uploads\/2024\/05\/spray.png","type":"image\/png"}],"twitter_card":"summary_large_image","schema":{"@context":"https:\/\/schema.org","@graph":[{"@type":"WebPage","@id":"https:\/\/surysaray.com\/en\/producto\/tranquillity-spray-200ml-2\/","url":"https:\/\/surysaray.com\/en\/producto\/tranquillity-spray-200ml-2\/","name":"Tranquillity Spray 200ml - Sury Saray","isPartOf":{"@id":"https:\/\/surysaray.com\/#website"},"datePublished":"2024-05-10T11:24:23+00:00","dateModified":"2025-02-21T14:21:24+00:00","breadcrumb":{"@id":"https:\/\/surysaray.com\/en\/producto\/tranquillity-spray-200ml-2\/#breadcrumb"},"inLanguage":"en-US","potentialAction":[{"@type":"ReadAction","target":["https:\/\/surysaray.com\/en\/producto\/tranquillity-spray-200ml-2\/"]}]},{"@type":"BreadcrumbList","@id":"https:\/\/surysaray.com\/en\/producto\/tranquillity-spray-200ml-2\/#breadcrumb","itemListElement":[{"@type":"ListItem","position":1,"name":"Portada","item":"https:\/\/surysaray.com\/en\/"},{"@type":"ListItem","position":2,"name":"Shop","item":"https:\/\/surysaray.com\/online-shop\/"},{"@type":"ListItem","position":3,"name":"Tranquillity Spray 200ml"}]},{"@type":"WebSite","@id":"https:\/\/surysaray.com\/#website","url":"https:\/\/surysaray.com\/","name":"Sury Saray","description":"","potentialAction":[{"@type":"SearchAction","target":{"@type":"EntryPoint","urlTemplate":"https:\/\/surysaray.com\/?s={search_term_string}"},"query-input":"required name=search_term_string"}],"inLanguage":"en-US"}]}},"_links":{"self":[{"href":"https:\/\/surysaray.com\/en\/wp-json\/wp\/v3\/product\/17360"}],"collection":[{"href":"https:\/\/surysaray.com\/en\/wp-json\/wp\/v3\/product"}],"about":[{"href":"https:\/\/surysaray.com\/en\/wp-json\/wp\/v2\/types\/product"}],"wp:featuredmedia":[{"embeddable":true,"href":"https:\/\/surysaray.com\/en\/wp-json\/wp\/v2\/media\/17357"}],"wp:attachment":[{"href":"https:\/\/surysaray.com\/en\/wp-json\/wp\/v2\/media?parent=17360"}],"wp:term":[{"taxonomy":"product_cat","embeddable":true,"href":"https:\/\/surysaray.com\/en\/wp-json\/wp\/v2\/product_cat?post=17360"},{"taxonomy":"product_tag","embeddable":true,"href":"https:\/\/surysaray.com\/en\/wp-json\/wp\/v2\/product_tag?post=17360"}],"curies":[{"name":"wp","href":"https:\/\/api.w.org\/{rel}","templated":true}]}}