{"id":17267,"date":"2024-04-04T12:55:43","date_gmt":"2024-04-04T10:55:43","guid":{"rendered":"https:\/\/surysaray.com\/?post_type=product&#038;p=17267"},"modified":"2024-04-23T19:44:15","modified_gmt":"2024-04-23T17:44:15","slug":"skincapsule-hydrate","status":"publish","type":"product","link":"https:\/\/surysaray.com\/en\/producto\/skincapsule-hydrate\/","title":{"rendered":"Skincapsule Hydrate+ (60capsules)"},"content":{"rendered":"","protected":false},"excerpt":{"rendered":"<p>PARA UNA PIEL PERFECTAMENTE HIDRATADA, ELASTICA E ILUMINADA.<\/p>\n<p>Suplemento hidratante diario para la piel que aprovecha el poder de los ingredientes limpios, cl\u00ednicos a base de plantas para crear una piel visiblemente mas hidratada, equilibrada y luminosa. Trata y rellena\u00a0 la piel desde el interior atrayendo el agua hasta las c\u00e9lulas de la piel.<\/p>\n<p>&nbsp;<\/p>\n<ul>\n<li>Hidrata intensamente la piel desde el interior para una tez tersa y llena de vida.<\/li>\n<li>Retiene la humedad para una piel fresca y de aspecto juvenil.<\/li>\n<li>Ayuda a suavizar el cutis \u00e1spero al hidratarlo de dentro hacia fuera.<\/li>\n<li>Aumenta la hidrataci\u00f3n de la piel en solo 4 semanas.<\/li>\n<li>Vegano, a base de plantas.<\/li>\n<\/ul>\n<p>Ingredientes principales:<\/p>\n<p>Ceram\u00f3sidos: Se ha demostrado cli\u0301nicamente que restaura el contenido de ceramidas de la piel para la ma\u0301xima hidratacio\u0301n<\/p>\n<p>Acido Hialur\u00f3nico vegano: Rellena la piel desde dentro hacia fuera, con estudios cli\u0301nicos que muestran una reduccio\u0301n de las arrugas y mejora de la flexibilidad de la piel despue\u0301s de 12 semanas.<\/p>\n<p>Aloe Vera: Actu\u0301a como un humectante y ayuda a retener el agua y la hidratacio\u0301n en las capas superiores de la piel, da\u0301ndole elasticidad y flexibilidad.<\/p>\n<p>Cocos Nuc\u00edfera: Cargado con antioxidantes que ayudan a hidratar el cuerpos estudios del Cocos nuc\u00edfera (fruta) muestran mejora de la elasticidad de la piel.<\/p>\n<p>Extracto de Matcha: Cargado con antioxidantes que ayudan a hidratar el cuerpo.<\/p>\n<p>Vitamina C ( del \u00e1cido ascorbico): Esencial para la salud general de la piel.<\/p>\n<p>Ginseng rojo coreano: Hidrata la piel seca y previene el da\u00f1o celular.<\/p>\n<p>Polvo de la piel de uva: Rico en \u00e1cidos grasos omega.<\/p>\n<p>Para mantener su piel bien hidratada, es importante implementar una rutina de cuidado de la piel bien redondeada que consiste en humectantes t\u00f3picos adem\u00e1s de nuestros suplementos. Como ocurre con casi todos los productos para el cuidado de la piel, se necesitan unos 30 d\u00edas (un ciclo celular completo de la piel) para notar resultados visibles. Durante los primeros 15 d\u00edas de tomar SkinCapsule HYDRATE+ tu piel comenzar\u00e1 a sentirse m\u00e1s suave e hidratada. En cuatro meses, la piel estar\u00e1 s\u00faper hidratada y rellena.<\/p>\n<p>Como tomarlo: Toma 2 c\u00e1psulas con la comida, preferiblemente con tu rutina normal del cuidado de la piel.<\/p>\n","protected":false},"featured_media":17276,"template":"","meta":{"_joinchat":[]},"product_cat":[712,545,595,660,542],"product_tag":[],"yoast_head":"<!-- This site is optimized with the Yoast SEO plugin v20.2.1 - https:\/\/yoast.com\/wordpress\/plugins\/seo\/ -->\n<title>Skincapsule Hydrate+ (60capsules) - Sury Saray<\/title>\n<meta name=\"robots\" content=\"noindex, follow\" \/>\n<meta property=\"og:locale\" content=\"en_US\" \/>\n<meta property=\"og:type\" content=\"article\" \/>\n<meta property=\"og:title\" content=\"Skincapsule Hydrate+ (60capsules) - Sury Saray\" \/>\n<meta property=\"og:description\" content=\"PARA UNA PIEL PERFECTAMENTE HIDRATADA, ELASTICA E ILUMINADA.  Suplemento hidratante diario para la piel que aprovecha el poder de los ingredientes limpios, cl\u00ednicos a base de plantas para crear una piel visiblemente mas hidratada, equilibrada y luminosa. Trata y rellena\u00a0 la piel desde el interior atrayendo el agua hasta las c\u00e9lulas de la piel.  &nbsp;   Hidrata intensamente la piel desde el interior para una tez tersa y llena de vida.  Retiene la humedad para una piel fresca y de aspecto juvenil.  Ayuda a suavizar el cutis \u00e1spero al hidratarlo de dentro hacia fuera.  Aumenta la hidrataci\u00f3n de la piel en solo 4 semanas.  Vegano, a base de plantas.  Ingredientes principales:  Ceram\u00f3sidos: Se ha demostrado cli\u0301nicamente que restaura el contenido de ceramidas de la piel para la ma\u0301xima hidratacio\u0301n  Acido Hialur\u00f3nico vegano: Rellena la piel desde dentro hacia fuera, con estudios cli\u0301nicos que muestran una reduccio\u0301n de las arrugas y mejora de la flexibilidad de la piel despue\u0301s de 12 semanas.  Aloe Vera: Actu\u0301a como un humectante y ayuda a retener el agua y la hidratacio\u0301n en las capas superiores de la piel, da\u0301ndole elasticidad y flexibilidad.  Cocos Nuc\u00edfera: Cargado con antioxidantes que ayudan a hidratar el cuerpos estudios del Cocos nuc\u00edfera (fruta) muestran mejora de la elasticidad de la piel.  Extracto de Matcha: Cargado con antioxidantes que ayudan a hidratar el cuerpo.  Vitamina C ( del \u00e1cido ascorbico): Esencial para la salud general de la piel.  Ginseng rojo coreano: Hidrata la piel seca y previene el da\u00f1o celular.  Polvo de la piel de uva: Rico en \u00e1cidos grasos omega.  Para mantener su piel bien hidratada, es importante implementar una rutina de cuidado de la piel bien redondeada que consiste en humectantes t\u00f3picos adem\u00e1s de nuestros suplementos. Como ocurre con casi todos los productos para el cuidado de la piel, se necesitan unos 30 d\u00edas (un ciclo celular completo de la piel) para notar resultados visibles. Durante los primeros 15 d\u00edas de tomar SkinCapsule HYDRATE+ tu piel comenzar\u00e1 a sentirse m\u00e1s suave e hidratada. En cuatro meses, la piel estar\u00e1 s\u00faper hidratada y rellena.  Como tomarlo: Toma 2 c\u00e1psulas con la comida, preferiblemente con tu rutina normal del cuidado de la piel.\" \/>\n<meta property=\"og:url\" content=\"https:\/\/surysaray.com\/producto\/skincapsule-hydrate\/\" \/>\n<meta property=\"og:site_name\" content=\"Sury Saray\" \/>\n<meta property=\"article:modified_time\" content=\"2024-04-23T17:44:15+00:00\" \/>\n<meta property=\"og:image\" content=\"https:\/\/surysaray.com\/wp-content\/uploads\/2024\/04\/hidratee.png\" \/>\n\t<meta property=\"og:image:width\" content=\"800\" \/>\n\t<meta property=\"og:image:height\" content=\"800\" \/>\n\t<meta property=\"og:image:type\" content=\"image\/png\" \/>\n<meta name=\"twitter:card\" content=\"summary_large_image\" \/>\n<script type=\"application\/ld+json\" class=\"yoast-schema-graph\">{\"@context\":\"https:\/\/schema.org\",\"@graph\":[{\"@type\":\"WebPage\",\"@id\":\"https:\/\/surysaray.com\/producto\/skincapsule-hydrate\/\",\"url\":\"https:\/\/surysaray.com\/producto\/skincapsule-hydrate\/\",\"name\":\"Skincapsule Hydrate+ (60capsules) - Sury Saray\",\"isPartOf\":{\"@id\":\"https:\/\/surysaray.com\/#website\"},\"datePublished\":\"2024-04-04T10:55:43+00:00\",\"dateModified\":\"2024-04-23T17:44:15+00:00\",\"breadcrumb\":{\"@id\":\"https:\/\/surysaray.com\/producto\/skincapsule-hydrate\/#breadcrumb\"},\"inLanguage\":\"en-US\",\"potentialAction\":[{\"@type\":\"ReadAction\",\"target\":[\"https:\/\/surysaray.com\/producto\/skincapsule-hydrate\/\"]}]},{\"@type\":\"BreadcrumbList\",\"@id\":\"https:\/\/surysaray.com\/producto\/skincapsule-hydrate\/#breadcrumb\",\"itemListElement\":[{\"@type\":\"ListItem\",\"position\":1,\"name\":\"Portada\",\"item\":\"https:\/\/surysaray.com\/en\/\"},{\"@type\":\"ListItem\",\"position\":2,\"name\":\"Shop\",\"item\":\"https:\/\/surysaray.com\/online-shop\/\"},{\"@type\":\"ListItem\",\"position\":3,\"name\":\"Skincapsule Hydrate+ (60capsules)\"}]},{\"@type\":\"WebSite\",\"@id\":\"https:\/\/surysaray.com\/#website\",\"url\":\"https:\/\/surysaray.com\/\",\"name\":\"Sury Saray\",\"description\":\"\",\"potentialAction\":[{\"@type\":\"SearchAction\",\"target\":{\"@type\":\"EntryPoint\",\"urlTemplate\":\"https:\/\/surysaray.com\/?s={search_term_string}\"},\"query-input\":\"required name=search_term_string\"}],\"inLanguage\":\"en-US\"}]}<\/script>\n<!-- \/ Yoast SEO plugin. -->","yoast_head_json":{"title":"Skincapsule Hydrate+ (60capsules) - Sury Saray","robots":{"index":"noindex","follow":"follow"},"og_locale":"en_US","og_type":"article","og_title":"Skincapsule Hydrate+ (60capsules) - Sury Saray","og_description":"PARA UNA PIEL PERFECTAMENTE HIDRATADA, ELASTICA E ILUMINADA.  Suplemento hidratante diario para la piel que aprovecha el poder de los ingredientes limpios, cl\u00ednicos a base de plantas para crear una piel visiblemente mas hidratada, equilibrada y luminosa. Trata y rellena\u00a0 la piel desde el interior atrayendo el agua hasta las c\u00e9lulas de la piel.  &nbsp;   Hidrata intensamente la piel desde el interior para una tez tersa y llena de vida.  Retiene la humedad para una piel fresca y de aspecto juvenil.  Ayuda a suavizar el cutis \u00e1spero al hidratarlo de dentro hacia fuera.  Aumenta la hidrataci\u00f3n de la piel en solo 4 semanas.  Vegano, a base de plantas.  Ingredientes principales:  Ceram\u00f3sidos: Se ha demostrado cli\u0301nicamente que restaura el contenido de ceramidas de la piel para la ma\u0301xima hidratacio\u0301n  Acido Hialur\u00f3nico vegano: Rellena la piel desde dentro hacia fuera, con estudios cli\u0301nicos que muestran una reduccio\u0301n de las arrugas y mejora de la flexibilidad de la piel despue\u0301s de 12 semanas.  Aloe Vera: Actu\u0301a como un humectante y ayuda a retener el agua y la hidratacio\u0301n en las capas superiores de la piel, da\u0301ndole elasticidad y flexibilidad.  Cocos Nuc\u00edfera: Cargado con antioxidantes que ayudan a hidratar el cuerpos estudios del Cocos nuc\u00edfera (fruta) muestran mejora de la elasticidad de la piel.  Extracto de Matcha: Cargado con antioxidantes que ayudan a hidratar el cuerpo.  Vitamina C ( del \u00e1cido ascorbico): Esencial para la salud general de la piel.  Ginseng rojo coreano: Hidrata la piel seca y previene el da\u00f1o celular.  Polvo de la piel de uva: Rico en \u00e1cidos grasos omega.  Para mantener su piel bien hidratada, es importante implementar una rutina de cuidado de la piel bien redondeada que consiste en humectantes t\u00f3picos adem\u00e1s de nuestros suplementos. Como ocurre con casi todos los productos para el cuidado de la piel, se necesitan unos 30 d\u00edas (un ciclo celular completo de la piel) para notar resultados visibles. Durante los primeros 15 d\u00edas de tomar SkinCapsule HYDRATE+ tu piel comenzar\u00e1 a sentirse m\u00e1s suave e hidratada. En cuatro meses, la piel estar\u00e1 s\u00faper hidratada y rellena.  Como tomarlo: Toma 2 c\u00e1psulas con la comida, preferiblemente con tu rutina normal del cuidado de la piel.","og_url":"https:\/\/surysaray.com\/producto\/skincapsule-hydrate\/","og_site_name":"Sury Saray","article_modified_time":"2024-04-23T17:44:15+00:00","og_image":[{"width":800,"height":800,"url":"https:\/\/surysaray.com\/wp-content\/uploads\/2024\/04\/hidratee.png","type":"image\/png"}],"twitter_card":"summary_large_image","schema":{"@context":"https:\/\/schema.org","@graph":[{"@type":"WebPage","@id":"https:\/\/surysaray.com\/producto\/skincapsule-hydrate\/","url":"https:\/\/surysaray.com\/producto\/skincapsule-hydrate\/","name":"Skincapsule Hydrate+ (60capsules) - Sury Saray","isPartOf":{"@id":"https:\/\/surysaray.com\/#website"},"datePublished":"2024-04-04T10:55:43+00:00","dateModified":"2024-04-23T17:44:15+00:00","breadcrumb":{"@id":"https:\/\/surysaray.com\/producto\/skincapsule-hydrate\/#breadcrumb"},"inLanguage":"en-US","potentialAction":[{"@type":"ReadAction","target":["https:\/\/surysaray.com\/producto\/skincapsule-hydrate\/"]}]},{"@type":"BreadcrumbList","@id":"https:\/\/surysaray.com\/producto\/skincapsule-hydrate\/#breadcrumb","itemListElement":[{"@type":"ListItem","position":1,"name":"Portada","item":"https:\/\/surysaray.com\/en\/"},{"@type":"ListItem","position":2,"name":"Shop","item":"https:\/\/surysaray.com\/online-shop\/"},{"@type":"ListItem","position":3,"name":"Skincapsule Hydrate+ (60capsules)"}]},{"@type":"WebSite","@id":"https:\/\/surysaray.com\/#website","url":"https:\/\/surysaray.com\/","name":"Sury Saray","description":"","potentialAction":[{"@type":"SearchAction","target":{"@type":"EntryPoint","urlTemplate":"https:\/\/surysaray.com\/?s={search_term_string}"},"query-input":"required name=search_term_string"}],"inLanguage":"en-US"}]}},"_links":{"self":[{"href":"https:\/\/surysaray.com\/en\/wp-json\/wp\/v3\/product\/17267"}],"collection":[{"href":"https:\/\/surysaray.com\/en\/wp-json\/wp\/v3\/product"}],"about":[{"href":"https:\/\/surysaray.com\/en\/wp-json\/wp\/v2\/types\/product"}],"wp:featuredmedia":[{"embeddable":true,"href":"https:\/\/surysaray.com\/en\/wp-json\/wp\/v2\/media\/17276"}],"wp:attachment":[{"href":"https:\/\/surysaray.com\/en\/wp-json\/wp\/v2\/media?parent=17267"}],"wp:term":[{"taxonomy":"product_cat","embeddable":true,"href":"https:\/\/surysaray.com\/en\/wp-json\/wp\/v2\/product_cat?post=17267"},{"taxonomy":"product_tag","embeddable":true,"href":"https:\/\/surysaray.com\/en\/wp-json\/wp\/v2\/product_tag?post=17267"}],"curies":[{"name":"wp","href":"https:\/\/api.w.org\/{rel}","templated":true}]}}