{"id":17251,"date":"2021-02-10T17:07:18","date_gmt":"2021-02-10T16:07:18","guid":{"rendered":"https:\/\/surysaray.com\/producto\/duo-demaquillants-6164-edicion-limitada\/"},"modified":"2024-04-17T09:38:22","modified_gmt":"2024-04-17T07:38:22","slug":"duo-demaquillants-6164-edicion-limitada","status":"publish","type":"product","link":"https:\/\/surysaray.com\/en\/producto\/duo-demaquillants-6164-edicion-limitada\/","title":{"rendered":"DUO D\u00c9MAQUILLANTS 61&#038;64"},"content":{"rendered":"","protected":false},"excerpt":{"rendered":"<p>Tratamiento limpiador suave que se funde sobre la piel, que elimina el maquillaje y limpia suavemente. Adem\u00e1s elimina restos de maquillaje del contorno de los ojos convirti\u00e9ndose en un producto 2 en 1. Estos generosos envases de 400 ml te durar\u00e1n toda la temporada.<\/p>\n<p>61 | GENTLE CLEANSING MILK 400 ML<br \/>\nEste suave limpiador elimina el maquillaje y las impurezas, dejando la piel suave y lisa.<\/p>\n<p>64 | SILKY SOFT LOTION 400 ML<br \/>\nUna loci\u00f3n suavizante e hidratante para todo tipo de pieles: mantiene su ecosistema, proporciona una hidrataci\u00f3n intensa y la calma.<\/p>\n<p>Modo de uso:<\/p>\n<p>1. En primer lugar, aplica el Cleansing Milk para eliminar el maquillaje, el exceso de sebo y la contaminaci\u00f3n. Enriquecida con Extracto de Algas y Cal\u00e9ndula, mantiene la piel calmada e hidratada.<br \/>\n2. A continuaci\u00f3n, utiliza la Silky Soft Lotion para restaurar el pH natural de la piel y reducir la tirantez invernal.<\/p>\n<p>&nbsp;<\/p>\n","protected":false},"featured_media":17248,"template":"","meta":{"_joinchat":[]},"product_cat":[636,541,659,637,542,629],"product_tag":[],"yoast_head":"<!-- This site is optimized with the Yoast SEO plugin v20.2.1 - https:\/\/yoast.com\/wordpress\/plugins\/seo\/ -->\n<title>DUO D\u00c9MAQUILLANTS 61&amp;64 - Sury Saray<\/title>\n<meta name=\"robots\" content=\"noindex, follow\" \/>\n<meta property=\"og:locale\" content=\"en_US\" \/>\n<meta property=\"og:type\" content=\"article\" \/>\n<meta property=\"og:title\" content=\"DUO D\u00c9MAQUILLANTS 61&amp;64 - Sury Saray\" \/>\n<meta property=\"og:description\" content=\"Tratamiento limpiador suave que se funde sobre la piel, que elimina el maquillaje y limpia suavemente. Adem\u00e1s elimina restos de maquillaje del contorno de los ojos convirti\u00e9ndose en un producto 2 en 1. Estos generosos envases de 400 ml te durar\u00e1n toda la temporada.  61 | GENTLE CLEANSING MILK 400 ML Este suave limpiador elimina el maquillaje y las impurezas, dejando la piel suave y lisa.  64 | SILKY SOFT LOTION 400 ML Una loci\u00f3n suavizante e hidratante para todo tipo de pieles: mantiene su ecosistema, proporciona una hidrataci\u00f3n intensa y la calma.  Modo de uso:  1. En primer lugar, aplica el Cleansing Milk para eliminar el maquillaje, el exceso de sebo y la contaminaci\u00f3n. Enriquecida con Extracto de Algas y Cal\u00e9ndula, mantiene la piel calmada e hidratada. 2. A continuaci\u00f3n, utiliza la Silky Soft Lotion para restaurar el pH natural de la piel y reducir la tirantez invernal.  &nbsp;\" \/>\n<meta property=\"og:url\" content=\"https:\/\/surysaray.com\/en\/producto\/duo-demaquillants-6164-edicion-limitada\/\" \/>\n<meta property=\"og:site_name\" content=\"Sury Saray\" \/>\n<meta property=\"article:modified_time\" content=\"2024-04-17T07:38:22+00:00\" \/>\n<meta property=\"og:image\" content=\"https:\/\/surysaray.com\/wp-content\/uploads\/2021\/02\/pck-duo-6164.png\" \/>\n\t<meta property=\"og:image:width\" content=\"800\" \/>\n\t<meta property=\"og:image:height\" content=\"800\" \/>\n\t<meta property=\"og:image:type\" content=\"image\/png\" \/>\n<meta name=\"twitter:card\" content=\"summary_large_image\" \/>\n<script type=\"application\/ld+json\" class=\"yoast-schema-graph\">{\"@context\":\"https:\/\/schema.org\",\"@graph\":[{\"@type\":\"WebPage\",\"@id\":\"https:\/\/surysaray.com\/en\/producto\/duo-demaquillants-6164-edicion-limitada\/\",\"url\":\"https:\/\/surysaray.com\/en\/producto\/duo-demaquillants-6164-edicion-limitada\/\",\"name\":\"DUO D\u00c9MAQUILLANTS 61&64 - Sury Saray\",\"isPartOf\":{\"@id\":\"https:\/\/surysaray.com\/#website\"},\"datePublished\":\"2021-02-10T16:07:18+00:00\",\"dateModified\":\"2024-04-17T07:38:22+00:00\",\"breadcrumb\":{\"@id\":\"https:\/\/surysaray.com\/en\/producto\/duo-demaquillants-6164-edicion-limitada\/#breadcrumb\"},\"inLanguage\":\"en-US\",\"potentialAction\":[{\"@type\":\"ReadAction\",\"target\":[\"https:\/\/surysaray.com\/en\/producto\/duo-demaquillants-6164-edicion-limitada\/\"]}]},{\"@type\":\"BreadcrumbList\",\"@id\":\"https:\/\/surysaray.com\/en\/producto\/duo-demaquillants-6164-edicion-limitada\/#breadcrumb\",\"itemListElement\":[{\"@type\":\"ListItem\",\"position\":1,\"name\":\"Portada\",\"item\":\"https:\/\/surysaray.com\/en\/\"},{\"@type\":\"ListItem\",\"position\":2,\"name\":\"Shop\",\"item\":\"https:\/\/surysaray.com\/online-shop\/\"},{\"@type\":\"ListItem\",\"position\":3,\"name\":\"DUO D\u00c9MAQUILLANTS 61&#038;64\"}]},{\"@type\":\"WebSite\",\"@id\":\"https:\/\/surysaray.com\/#website\",\"url\":\"https:\/\/surysaray.com\/\",\"name\":\"Sury Saray\",\"description\":\"\",\"potentialAction\":[{\"@type\":\"SearchAction\",\"target\":{\"@type\":\"EntryPoint\",\"urlTemplate\":\"https:\/\/surysaray.com\/?s={search_term_string}\"},\"query-input\":\"required name=search_term_string\"}],\"inLanguage\":\"en-US\"}]}<\/script>\n<!-- \/ Yoast SEO plugin. -->","yoast_head_json":{"title":"DUO D\u00c9MAQUILLANTS 61&64 - Sury Saray","robots":{"index":"noindex","follow":"follow"},"og_locale":"en_US","og_type":"article","og_title":"DUO D\u00c9MAQUILLANTS 61&64 - Sury Saray","og_description":"Tratamiento limpiador suave que se funde sobre la piel, que elimina el maquillaje y limpia suavemente. Adem\u00e1s elimina restos de maquillaje del contorno de los ojos convirti\u00e9ndose en un producto 2 en 1. Estos generosos envases de 400 ml te durar\u00e1n toda la temporada.  61 | GENTLE CLEANSING MILK 400 ML Este suave limpiador elimina el maquillaje y las impurezas, dejando la piel suave y lisa.  64 | SILKY SOFT LOTION 400 ML Una loci\u00f3n suavizante e hidratante para todo tipo de pieles: mantiene su ecosistema, proporciona una hidrataci\u00f3n intensa y la calma.  Modo de uso:  1. En primer lugar, aplica el Cleansing Milk para eliminar el maquillaje, el exceso de sebo y la contaminaci\u00f3n. Enriquecida con Extracto de Algas y Cal\u00e9ndula, mantiene la piel calmada e hidratada. 2. A continuaci\u00f3n, utiliza la Silky Soft Lotion para restaurar el pH natural de la piel y reducir la tirantez invernal.  &nbsp;","og_url":"https:\/\/surysaray.com\/en\/producto\/duo-demaquillants-6164-edicion-limitada\/","og_site_name":"Sury Saray","article_modified_time":"2024-04-17T07:38:22+00:00","og_image":[{"width":800,"height":800,"url":"https:\/\/surysaray.com\/wp-content\/uploads\/2021\/02\/pck-duo-6164.png","type":"image\/png"}],"twitter_card":"summary_large_image","schema":{"@context":"https:\/\/schema.org","@graph":[{"@type":"WebPage","@id":"https:\/\/surysaray.com\/en\/producto\/duo-demaquillants-6164-edicion-limitada\/","url":"https:\/\/surysaray.com\/en\/producto\/duo-demaquillants-6164-edicion-limitada\/","name":"DUO D\u00c9MAQUILLANTS 61&64 - Sury Saray","isPartOf":{"@id":"https:\/\/surysaray.com\/#website"},"datePublished":"2021-02-10T16:07:18+00:00","dateModified":"2024-04-17T07:38:22+00:00","breadcrumb":{"@id":"https:\/\/surysaray.com\/en\/producto\/duo-demaquillants-6164-edicion-limitada\/#breadcrumb"},"inLanguage":"en-US","potentialAction":[{"@type":"ReadAction","target":["https:\/\/surysaray.com\/en\/producto\/duo-demaquillants-6164-edicion-limitada\/"]}]},{"@type":"BreadcrumbList","@id":"https:\/\/surysaray.com\/en\/producto\/duo-demaquillants-6164-edicion-limitada\/#breadcrumb","itemListElement":[{"@type":"ListItem","position":1,"name":"Portada","item":"https:\/\/surysaray.com\/en\/"},{"@type":"ListItem","position":2,"name":"Shop","item":"https:\/\/surysaray.com\/online-shop\/"},{"@type":"ListItem","position":3,"name":"DUO D\u00c9MAQUILLANTS 61&#038;64"}]},{"@type":"WebSite","@id":"https:\/\/surysaray.com\/#website","url":"https:\/\/surysaray.com\/","name":"Sury Saray","description":"","potentialAction":[{"@type":"SearchAction","target":{"@type":"EntryPoint","urlTemplate":"https:\/\/surysaray.com\/?s={search_term_string}"},"query-input":"required name=search_term_string"}],"inLanguage":"en-US"}]}},"_links":{"self":[{"href":"https:\/\/surysaray.com\/en\/wp-json\/wp\/v3\/product\/17251"}],"collection":[{"href":"https:\/\/surysaray.com\/en\/wp-json\/wp\/v3\/product"}],"about":[{"href":"https:\/\/surysaray.com\/en\/wp-json\/wp\/v2\/types\/product"}],"wp:featuredmedia":[{"embeddable":true,"href":"https:\/\/surysaray.com\/en\/wp-json\/wp\/v2\/media\/17248"}],"wp:attachment":[{"href":"https:\/\/surysaray.com\/en\/wp-json\/wp\/v2\/media?parent=17251"}],"wp:term":[{"taxonomy":"product_cat","embeddable":true,"href":"https:\/\/surysaray.com\/en\/wp-json\/wp\/v2\/product_cat?post=17251"},{"taxonomy":"product_tag","embeddable":true,"href":"https:\/\/surysaray.com\/en\/wp-json\/wp\/v2\/product_tag?post=17251"}],"curies":[{"name":"wp","href":"https:\/\/api.w.org\/{rel}","templated":true}]}}