{"id":17218,"date":"2024-03-30T08:30:16","date_gmt":"2024-03-30T07:30:16","guid":{"rendered":"https:\/\/surysaray.com\/?post_type=product&#038;p=17218"},"modified":"2024-04-03T18:46:46","modified_gmt":"2024-04-03T16:46:46","slug":"aqua-sense-hyaluronic-spf50","status":"publish","type":"product","link":"https:\/\/surysaray.com\/en\/producto\/aqua-sense-hyaluronic-spf50\/","title":{"rendered":"Aqua Sense Hyaluronic SPF50"},"content":{"rendered":"","protected":false},"excerpt":{"rendered":"<p>FLUIDO DE PROTECCI\u00d3N UV DIARIO HIDRATANTE ULTRALIGERO con tecnolog\u00eda Pro-Layer.<\/p>\n<p>Fluido diario ultraligero de protecci\u00f3n UV con refuerzo de hidrataci\u00f3n (\u00e1cido hialur\u00f3nico) para regular el nivel h\u00eddrico. Para todo tipo de pieles.<\/p>\n<p>AQUA SENSE Hyaluronic Fluid SPF50, Skinvisibles\u00ae ha desarrollado una protecci\u00f3n solar diaria espec\u00edfica con Tecnolog\u00eda Pro-Layer para pieles que necesitan hidrataci\u00f3n, elasticidad y firmeza.<\/p>\n<p>Esta nueva f\u00f3rmula se caracteriza por los siguientes puntos clave y la promesa\u00a0<strong>S\u00b7A\u00b7F\u00b7E<\/strong>:<\/p>\n<p><strong>S<\/strong>CIENCE \/ CIENCIA<\/p>\n<p>Tecnolog\u00eda Pro Layer garantiza que todos los productos aplicados previamente sobre la piel se fusionen muy bien entre s\u00ed y no se formen bolitas.<\/p>\n<p><strong>A<\/strong>CTIVES \/ ACTIVOS<\/p>\n<p>Protecci\u00f3n de amplio espectro e innovadora contra rayos UVB, UVA II, UVA I y luz azul. Con complejo de \u00e1cido hialur\u00f3nico de bajo peso molecular y agua de los Alpes Suizos<\/p>\n<p>Sin perfume.<\/p>\n<p>Respetuoso con los arrecifes, sin oxibenzona, octinoxato ni octocrileno.<\/p>\n<p><strong>F<\/strong>EELING \/ SENSACI\u00d3N<\/p>\n<p>Hidratante y suave. F\u00f3rmula de crema fluida su consistencia cremosa se transforma en la piel en una textura acuosa que se absorbe r\u00e1pidamente y no deja residuos.<\/p>\n<p><strong>E<\/strong>FFICIENCY \/ EFICIENCIA<\/p>\n<p>Protege contra los signos del envejecimiento cut\u00e1neo prematuro y previene las manchas solares. Complejo de \u00e1cido hialur\u00f3nico de bajo peso molecular para una mayor hidratraci\u00f3n recomendado para arrugas, p\u00e9rdida de volumen\/elasticidad, piel deshidratada y sensible.<\/p>\n<p>Dermatol\u00f3gicamente probado. Funciona perfectamente como prebase de maquillaje.<\/p>\n<p>Modo de uso:<\/p>\n<p>Aplicar siempre protecci\u00f3n solar generosamente, de 15 a 30 minutos antes de la exposici\u00f3n al sol. Hacerlo m\u00e1s tarde reduce radicalmente el efecto de protecci\u00f3n. Incluso la protecci\u00f3n solar con un SPF alto no garantiza una protecci\u00f3n completa. Evite el sol del mediod\u00eda. Considere otra aplicaci\u00f3n despu\u00e9s de sudar mucho, nadar o secarse con una toalla. Evite el contacto con la ropa ya que el contacto directo puede manchar. Evite el contacto con los ojos.<\/p>\n<p>Agitar bien antes de usar.<\/p>\n<p>&nbsp;<\/p>\n<p>&nbsp;<\/p>\n","protected":false},"featured_media":17221,"template":"","meta":{"_joinchat":[]},"product_cat":[708,541,655,589,542],"product_tag":[],"yoast_head":"<!-- This site is optimized with the Yoast SEO plugin v20.2.1 - https:\/\/yoast.com\/wordpress\/plugins\/seo\/ -->\n<title>Aqua Sense Hyaluronic SPF50 - Sury Saray<\/title>\n<meta name=\"robots\" content=\"noindex, follow\" \/>\n<meta property=\"og:locale\" content=\"en_US\" \/>\n<meta property=\"og:type\" content=\"article\" \/>\n<meta property=\"og:title\" content=\"Aqua Sense Hyaluronic SPF50 - Sury Saray\" \/>\n<meta property=\"og:description\" content=\"FLUIDO DE PROTECCI\u00d3N UV DIARIO HIDRATANTE ULTRALIGERO con tecnolog\u00eda Pro-Layer.  Fluido diario ultraligero de protecci\u00f3n UV con refuerzo de hidrataci\u00f3n (\u00e1cido hialur\u00f3nico) para regular el nivel h\u00eddrico. Para todo tipo de pieles.  AQUA SENSE Hyaluronic Fluid SPF50, Skinvisibles\u00ae ha desarrollado una protecci\u00f3n solar diaria espec\u00edfica con Tecnolog\u00eda Pro-Layer para pieles que necesitan hidrataci\u00f3n, elasticidad y firmeza.  Esta nueva f\u00f3rmula se caracteriza por los siguientes puntos clave y la promesa\u00a0S\u00b7A\u00b7F\u00b7E:  SCIENCE \/ CIENCIA  Tecnolog\u00eda Pro Layer garantiza que todos los productos aplicados previamente sobre la piel se fusionen muy bien entre s\u00ed y no se formen bolitas.  ACTIVES \/ ACTIVOS  Protecci\u00f3n de amplio espectro e innovadora contra rayos UVB, UVA II, UVA I y luz azul. Con complejo de \u00e1cido hialur\u00f3nico de bajo peso molecular y agua de los Alpes Suizos  Sin perfume.  Respetuoso con los arrecifes, sin oxibenzona, octinoxato ni octocrileno.  FEELING \/ SENSACI\u00d3N  Hidratante y suave. F\u00f3rmula de crema fluida su consistencia cremosa se transforma en la piel en una textura acuosa que se absorbe r\u00e1pidamente y no deja residuos.  EFFICIENCY \/ EFICIENCIA  Protege contra los signos del envejecimiento cut\u00e1neo prematuro y previene las manchas solares. Complejo de \u00e1cido hialur\u00f3nico de bajo peso molecular para una mayor hidratraci\u00f3n recomendado para arrugas, p\u00e9rdida de volumen\/elasticidad, piel deshidratada y sensible.  Dermatol\u00f3gicamente probado. Funciona perfectamente como prebase de maquillaje.  Modo de uso:  Aplicar siempre protecci\u00f3n solar generosamente, de 15 a 30 minutos antes de la exposici\u00f3n al sol. Hacerlo m\u00e1s tarde reduce radicalmente el efecto de protecci\u00f3n. Incluso la protecci\u00f3n solar con un SPF alto no garantiza una protecci\u00f3n completa. Evite el sol del mediod\u00eda. Considere otra aplicaci\u00f3n despu\u00e9s de sudar mucho, nadar o secarse con una toalla. Evite el contacto con la ropa ya que el contacto directo puede manchar. Evite el contacto con los ojos.  Agitar bien antes de usar.  &nbsp;  &nbsp;\" \/>\n<meta property=\"og:url\" content=\"https:\/\/surysaray.com\/en\/producto\/aqua-sense-hyaluronic-spf50\/\" \/>\n<meta property=\"og:site_name\" content=\"Sury Saray\" \/>\n<meta property=\"article:modified_time\" content=\"2024-04-03T16:46:46+00:00\" \/>\n<meta property=\"og:image\" content=\"https:\/\/surysaray.com\/wp-content\/uploads\/2024\/03\/aqua-sense-hyaluronic.png\" \/>\n\t<meta property=\"og:image:width\" content=\"800\" \/>\n\t<meta property=\"og:image:height\" content=\"800\" \/>\n\t<meta property=\"og:image:type\" content=\"image\/png\" \/>\n<meta name=\"twitter:card\" content=\"summary_large_image\" \/>\n<script type=\"application\/ld+json\" class=\"yoast-schema-graph\">{\"@context\":\"https:\/\/schema.org\",\"@graph\":[{\"@type\":\"WebPage\",\"@id\":\"https:\/\/surysaray.com\/en\/producto\/aqua-sense-hyaluronic-spf50\/\",\"url\":\"https:\/\/surysaray.com\/en\/producto\/aqua-sense-hyaluronic-spf50\/\",\"name\":\"Aqua Sense Hyaluronic SPF50 - Sury Saray\",\"isPartOf\":{\"@id\":\"https:\/\/surysaray.com\/#website\"},\"datePublished\":\"2024-03-30T07:30:16+00:00\",\"dateModified\":\"2024-04-03T16:46:46+00:00\",\"breadcrumb\":{\"@id\":\"https:\/\/surysaray.com\/en\/producto\/aqua-sense-hyaluronic-spf50\/#breadcrumb\"},\"inLanguage\":\"en-US\",\"potentialAction\":[{\"@type\":\"ReadAction\",\"target\":[\"https:\/\/surysaray.com\/en\/producto\/aqua-sense-hyaluronic-spf50\/\"]}]},{\"@type\":\"BreadcrumbList\",\"@id\":\"https:\/\/surysaray.com\/en\/producto\/aqua-sense-hyaluronic-spf50\/#breadcrumb\",\"itemListElement\":[{\"@type\":\"ListItem\",\"position\":1,\"name\":\"Portada\",\"item\":\"https:\/\/surysaray.com\/en\/\"},{\"@type\":\"ListItem\",\"position\":2,\"name\":\"Shop\",\"item\":\"https:\/\/surysaray.com\/online-shop\/\"},{\"@type\":\"ListItem\",\"position\":3,\"name\":\"Aqua Sense Hyaluronic SPF50\"}]},{\"@type\":\"WebSite\",\"@id\":\"https:\/\/surysaray.com\/#website\",\"url\":\"https:\/\/surysaray.com\/\",\"name\":\"Sury Saray\",\"description\":\"\",\"potentialAction\":[{\"@type\":\"SearchAction\",\"target\":{\"@type\":\"EntryPoint\",\"urlTemplate\":\"https:\/\/surysaray.com\/?s={search_term_string}\"},\"query-input\":\"required name=search_term_string\"}],\"inLanguage\":\"en-US\"}]}<\/script>\n<!-- \/ Yoast SEO plugin. -->","yoast_head_json":{"title":"Aqua Sense Hyaluronic SPF50 - Sury Saray","robots":{"index":"noindex","follow":"follow"},"og_locale":"en_US","og_type":"article","og_title":"Aqua Sense Hyaluronic SPF50 - Sury Saray","og_description":"FLUIDO DE PROTECCI\u00d3N UV DIARIO HIDRATANTE ULTRALIGERO con tecnolog\u00eda Pro-Layer.  Fluido diario ultraligero de protecci\u00f3n UV con refuerzo de hidrataci\u00f3n (\u00e1cido hialur\u00f3nico) para regular el nivel h\u00eddrico. Para todo tipo de pieles.  AQUA SENSE Hyaluronic Fluid SPF50, Skinvisibles\u00ae ha desarrollado una protecci\u00f3n solar diaria espec\u00edfica con Tecnolog\u00eda Pro-Layer para pieles que necesitan hidrataci\u00f3n, elasticidad y firmeza.  Esta nueva f\u00f3rmula se caracteriza por los siguientes puntos clave y la promesa\u00a0S\u00b7A\u00b7F\u00b7E:  SCIENCE \/ CIENCIA  Tecnolog\u00eda Pro Layer garantiza que todos los productos aplicados previamente sobre la piel se fusionen muy bien entre s\u00ed y no se formen bolitas.  ACTIVES \/ ACTIVOS  Protecci\u00f3n de amplio espectro e innovadora contra rayos UVB, UVA II, UVA I y luz azul. Con complejo de \u00e1cido hialur\u00f3nico de bajo peso molecular y agua de los Alpes Suizos  Sin perfume.  Respetuoso con los arrecifes, sin oxibenzona, octinoxato ni octocrileno.  FEELING \/ SENSACI\u00d3N  Hidratante y suave. F\u00f3rmula de crema fluida su consistencia cremosa se transforma en la piel en una textura acuosa que se absorbe r\u00e1pidamente y no deja residuos.  EFFICIENCY \/ EFICIENCIA  Protege contra los signos del envejecimiento cut\u00e1neo prematuro y previene las manchas solares. Complejo de \u00e1cido hialur\u00f3nico de bajo peso molecular para una mayor hidratraci\u00f3n recomendado para arrugas, p\u00e9rdida de volumen\/elasticidad, piel deshidratada y sensible.  Dermatol\u00f3gicamente probado. Funciona perfectamente como prebase de maquillaje.  Modo de uso:  Aplicar siempre protecci\u00f3n solar generosamente, de 15 a 30 minutos antes de la exposici\u00f3n al sol. Hacerlo m\u00e1s tarde reduce radicalmente el efecto de protecci\u00f3n. Incluso la protecci\u00f3n solar con un SPF alto no garantiza una protecci\u00f3n completa. Evite el sol del mediod\u00eda. Considere otra aplicaci\u00f3n despu\u00e9s de sudar mucho, nadar o secarse con una toalla. Evite el contacto con la ropa ya que el contacto directo puede manchar. Evite el contacto con los ojos.  Agitar bien antes de usar.  &nbsp;  &nbsp;","og_url":"https:\/\/surysaray.com\/en\/producto\/aqua-sense-hyaluronic-spf50\/","og_site_name":"Sury Saray","article_modified_time":"2024-04-03T16:46:46+00:00","og_image":[{"width":800,"height":800,"url":"https:\/\/surysaray.com\/wp-content\/uploads\/2024\/03\/aqua-sense-hyaluronic.png","type":"image\/png"}],"twitter_card":"summary_large_image","schema":{"@context":"https:\/\/schema.org","@graph":[{"@type":"WebPage","@id":"https:\/\/surysaray.com\/en\/producto\/aqua-sense-hyaluronic-spf50\/","url":"https:\/\/surysaray.com\/en\/producto\/aqua-sense-hyaluronic-spf50\/","name":"Aqua Sense Hyaluronic SPF50 - Sury Saray","isPartOf":{"@id":"https:\/\/surysaray.com\/#website"},"datePublished":"2024-03-30T07:30:16+00:00","dateModified":"2024-04-03T16:46:46+00:00","breadcrumb":{"@id":"https:\/\/surysaray.com\/en\/producto\/aqua-sense-hyaluronic-spf50\/#breadcrumb"},"inLanguage":"en-US","potentialAction":[{"@type":"ReadAction","target":["https:\/\/surysaray.com\/en\/producto\/aqua-sense-hyaluronic-spf50\/"]}]},{"@type":"BreadcrumbList","@id":"https:\/\/surysaray.com\/en\/producto\/aqua-sense-hyaluronic-spf50\/#breadcrumb","itemListElement":[{"@type":"ListItem","position":1,"name":"Portada","item":"https:\/\/surysaray.com\/en\/"},{"@type":"ListItem","position":2,"name":"Shop","item":"https:\/\/surysaray.com\/online-shop\/"},{"@type":"ListItem","position":3,"name":"Aqua Sense Hyaluronic SPF50"}]},{"@type":"WebSite","@id":"https:\/\/surysaray.com\/#website","url":"https:\/\/surysaray.com\/","name":"Sury Saray","description":"","potentialAction":[{"@type":"SearchAction","target":{"@type":"EntryPoint","urlTemplate":"https:\/\/surysaray.com\/?s={search_term_string}"},"query-input":"required name=search_term_string"}],"inLanguage":"en-US"}]}},"_links":{"self":[{"href":"https:\/\/surysaray.com\/en\/wp-json\/wp\/v3\/product\/17218"}],"collection":[{"href":"https:\/\/surysaray.com\/en\/wp-json\/wp\/v3\/product"}],"about":[{"href":"https:\/\/surysaray.com\/en\/wp-json\/wp\/v2\/types\/product"}],"wp:featuredmedia":[{"embeddable":true,"href":"https:\/\/surysaray.com\/en\/wp-json\/wp\/v2\/media\/17221"}],"wp:attachment":[{"href":"https:\/\/surysaray.com\/en\/wp-json\/wp\/v2\/media?parent=17218"}],"wp:term":[{"taxonomy":"product_cat","embeddable":true,"href":"https:\/\/surysaray.com\/en\/wp-json\/wp\/v2\/product_cat?post=17218"},{"taxonomy":"product_tag","embeddable":true,"href":"https:\/\/surysaray.com\/en\/wp-json\/wp\/v2\/product_tag?post=17218"}],"curies":[{"name":"wp","href":"https:\/\/api.w.org\/{rel}","templated":true}]}}