{"id":17210,"date":"2024-04-03T16:32:41","date_gmt":"2024-04-03T14:32:41","guid":{"rendered":"https:\/\/surysaray.com\/?post_type=product&#038;p=17210"},"modified":"2025-05-29T11:40:16","modified_gmt":"2025-05-29T09:40:16","slug":"even-sense-ultralight-spot-skin-tone-correcting-spf50","status":"publish","type":"product","link":"https:\/\/surysaray.com\/en\/producto\/even-sense-ultralight-spot-skin-tone-correcting-spf50\/","title":{"rendered":"Even Sense Ultralight Spot &#038; Skin Tone Correcting SPF50"},"content":{"rendered":"","protected":false},"excerpt":{"rendered":"<p>Fluido diario de protecci\u00f3n UV hidratante y ultraligero con niacinamida (afina el relieve cut\u00e1neo, previene y trata las manchas relacionadas con el sol) para una piel uniforme.<\/p>\n<p>Con EVEN SENSE Fluid SPF50, Skinvisibles\u00ae ha desarrollado una protecci\u00f3n solar diaria especifica con tecnolog\u00eda Pro-Layer para clientes con hiperpigmentaci\u00f3n.<\/p>\n<p>Esta nueva f\u00f3rmula se caracteriza por los siguientes puntos clave y la promesa\u00a0<strong>S\u00b7A\u00b7F\u00b7E<\/strong>:<\/p>\n<p><strong>S<\/strong>CIENCE \/ CIENCIA<\/p>\n<p>Tecnolog\u00eda Pro Layer garantiza que todos los productos aplicados previamente sobre la piel se fusionen muy bien entre s\u00ed y no se formen bolitas.<\/p>\n<p><strong>A<\/strong>CTIVES \/ ACTIVOS<\/p>\n<p>Protecci\u00f3n de amplio espectro e innovadora contra rayos UVB, UVA II, UVA I y luz azul. Con Niacinamida y agua de los Alpes Suizos.<\/p>\n<p>Sin perfume.<\/p>\n<p>Respetuoso con los arrecifes, sin oxibenzona, octinoxato ni octocrileno.<\/p>\n<p><strong>F<\/strong>EELING \/ SENSACI\u00d3N<\/p>\n<p>Hidratante y suave. F\u00f3rmula de crema fluida su consistencia cremosa se transforma en la piel en una textura acuosa que se absorbe r\u00e1pidamente y no deja residuos.<\/p>\n<p><strong>E<\/strong>FFICIENCY \/ EFICIENCIA<\/p>\n<p>Protege contra los signos del envejecimiento cut\u00e1neo prematuro y previene y trata las manchas solares La niacinamida PC \u00ae de alta calidad con un uso regular, iguala el tono de la piel y previene la hiperpigmentaci\u00f3n, reduce las imperfecciones de la piel y el acn\u00e9, disminuye visiblemente los poros dilatados y trata las arrugas.<\/p>\n<p>Dermatol\u00f3gicamente probado. Funciona perfectamente como prebase de maquillaje.<\/p>\n<p>Modo de uso:<\/p>\n<p>Aplicar siempre protecci\u00f3n solar generosamente, de 15 a 30 minutos antes de la exposici\u00f3n al sol. Evite el sol del mediod\u00eda. Considere otra aplicaci\u00f3n despu\u00e9s de sudar mucho, nadar o secarse con una toalla. Evite el contacto con la ropa ya que el contacto directo puede manchar. Evite el contacto con los ojos.<\/p>\n<p>Agitar bien antes de usar.<\/p>\n","protected":false},"featured_media":17213,"template":"","meta":{"_joinchat":[]},"product_cat":[708,541,655,542],"product_tag":[],"yoast_head":"<!-- This site is optimized with the Yoast SEO plugin v20.2.1 - https:\/\/yoast.com\/wordpress\/plugins\/seo\/ -->\n<title>Even Sense Ultralight Spot &amp; Skin Tone Correcting SPF50 - Sury Saray<\/title>\n<meta name=\"robots\" content=\"noindex, follow\" \/>\n<meta property=\"og:locale\" content=\"en_US\" \/>\n<meta property=\"og:type\" content=\"article\" \/>\n<meta property=\"og:title\" content=\"Even Sense Ultralight Spot &amp; Skin Tone Correcting SPF50 - Sury Saray\" \/>\n<meta property=\"og:description\" content=\"Fluido diario de protecci\u00f3n UV hidratante y ultraligero con niacinamida (afina el relieve cut\u00e1neo, previene y trata las manchas relacionadas con el sol) para una piel uniforme.  Con EVEN SENSE Fluid SPF50, Skinvisibles\u00ae ha desarrollado una protecci\u00f3n solar diaria especifica con tecnolog\u00eda Pro-Layer para clientes con hiperpigmentaci\u00f3n.  Esta nueva f\u00f3rmula se caracteriza por los siguientes puntos clave y la promesa\u00a0S\u00b7A\u00b7F\u00b7E:  SCIENCE \/ CIENCIA  Tecnolog\u00eda Pro Layer garantiza que todos los productos aplicados previamente sobre la piel se fusionen muy bien entre s\u00ed y no se formen bolitas.  ACTIVES \/ ACTIVOS  Protecci\u00f3n de amplio espectro e innovadora contra rayos UVB, UVA II, UVA I y luz azul. Con Niacinamida y agua de los Alpes Suizos.  Sin perfume.  Respetuoso con los arrecifes, sin oxibenzona, octinoxato ni octocrileno.  FEELING \/ SENSACI\u00d3N  Hidratante y suave. F\u00f3rmula de crema fluida su consistencia cremosa se transforma en la piel en una textura acuosa que se absorbe r\u00e1pidamente y no deja residuos.  EFFICIENCY \/ EFICIENCIA  Protege contra los signos del envejecimiento cut\u00e1neo prematuro y previene y trata las manchas solares La niacinamida PC \u00ae de alta calidad con un uso regular, iguala el tono de la piel y previene la hiperpigmentaci\u00f3n, reduce las imperfecciones de la piel y el acn\u00e9, disminuye visiblemente los poros dilatados y trata las arrugas.  Dermatol\u00f3gicamente probado. Funciona perfectamente como prebase de maquillaje.  Modo de uso:  Aplicar siempre protecci\u00f3n solar generosamente, de 15 a 30 minutos antes de la exposici\u00f3n al sol. Evite el sol del mediod\u00eda. Considere otra aplicaci\u00f3n despu\u00e9s de sudar mucho, nadar o secarse con una toalla. Evite el contacto con la ropa ya que el contacto directo puede manchar. Evite el contacto con los ojos.  Agitar bien antes de usar.\" \/>\n<meta property=\"og:url\" content=\"https:\/\/surysaray.com\/producto\/even-sense-ultralight-spot-skin-tone-correcting-spf50\/\" \/>\n<meta property=\"og:site_name\" content=\"Sury Saray\" \/>\n<meta property=\"article:modified_time\" content=\"2025-05-29T09:40:16+00:00\" \/>\n<meta property=\"og:image\" content=\"https:\/\/surysaray.com\/wp-content\/uploads\/2024\/04\/even-sense.png\" \/>\n\t<meta property=\"og:image:width\" content=\"800\" \/>\n\t<meta property=\"og:image:height\" content=\"800\" \/>\n\t<meta property=\"og:image:type\" content=\"image\/png\" \/>\n<meta name=\"twitter:card\" content=\"summary_large_image\" \/>\n<script type=\"application\/ld+json\" class=\"yoast-schema-graph\">{\"@context\":\"https:\/\/schema.org\",\"@graph\":[{\"@type\":\"WebPage\",\"@id\":\"https:\/\/surysaray.com\/producto\/even-sense-ultralight-spot-skin-tone-correcting-spf50\/\",\"url\":\"https:\/\/surysaray.com\/producto\/even-sense-ultralight-spot-skin-tone-correcting-spf50\/\",\"name\":\"Even Sense Ultralight Spot & Skin Tone Correcting SPF50 - Sury Saray\",\"isPartOf\":{\"@id\":\"https:\/\/surysaray.com\/#website\"},\"datePublished\":\"2024-04-03T14:32:41+00:00\",\"dateModified\":\"2025-05-29T09:40:16+00:00\",\"breadcrumb\":{\"@id\":\"https:\/\/surysaray.com\/producto\/even-sense-ultralight-spot-skin-tone-correcting-spf50\/#breadcrumb\"},\"inLanguage\":\"en-US\",\"potentialAction\":[{\"@type\":\"ReadAction\",\"target\":[\"https:\/\/surysaray.com\/producto\/even-sense-ultralight-spot-skin-tone-correcting-spf50\/\"]}]},{\"@type\":\"BreadcrumbList\",\"@id\":\"https:\/\/surysaray.com\/producto\/even-sense-ultralight-spot-skin-tone-correcting-spf50\/#breadcrumb\",\"itemListElement\":[{\"@type\":\"ListItem\",\"position\":1,\"name\":\"Portada\",\"item\":\"https:\/\/surysaray.com\/en\/\"},{\"@type\":\"ListItem\",\"position\":2,\"name\":\"Shop\",\"item\":\"https:\/\/surysaray.com\/online-shop\/\"},{\"@type\":\"ListItem\",\"position\":3,\"name\":\"Even Sense Ultralight Spot &#038; Skin Tone Correcting SPF50\"}]},{\"@type\":\"WebSite\",\"@id\":\"https:\/\/surysaray.com\/#website\",\"url\":\"https:\/\/surysaray.com\/\",\"name\":\"Sury Saray\",\"description\":\"\",\"potentialAction\":[{\"@type\":\"SearchAction\",\"target\":{\"@type\":\"EntryPoint\",\"urlTemplate\":\"https:\/\/surysaray.com\/?s={search_term_string}\"},\"query-input\":\"required name=search_term_string\"}],\"inLanguage\":\"en-US\"}]}<\/script>\n<!-- \/ Yoast SEO plugin. -->","yoast_head_json":{"title":"Even Sense Ultralight Spot & Skin Tone Correcting SPF50 - Sury Saray","robots":{"index":"noindex","follow":"follow"},"og_locale":"en_US","og_type":"article","og_title":"Even Sense Ultralight Spot & Skin Tone Correcting SPF50 - Sury Saray","og_description":"Fluido diario de protecci\u00f3n UV hidratante y ultraligero con niacinamida (afina el relieve cut\u00e1neo, previene y trata las manchas relacionadas con el sol) para una piel uniforme.  Con EVEN SENSE Fluid SPF50, Skinvisibles\u00ae ha desarrollado una protecci\u00f3n solar diaria especifica con tecnolog\u00eda Pro-Layer para clientes con hiperpigmentaci\u00f3n.  Esta nueva f\u00f3rmula se caracteriza por los siguientes puntos clave y la promesa\u00a0S\u00b7A\u00b7F\u00b7E:  SCIENCE \/ CIENCIA  Tecnolog\u00eda Pro Layer garantiza que todos los productos aplicados previamente sobre la piel se fusionen muy bien entre s\u00ed y no se formen bolitas.  ACTIVES \/ ACTIVOS  Protecci\u00f3n de amplio espectro e innovadora contra rayos UVB, UVA II, UVA I y luz azul. Con Niacinamida y agua de los Alpes Suizos.  Sin perfume.  Respetuoso con los arrecifes, sin oxibenzona, octinoxato ni octocrileno.  FEELING \/ SENSACI\u00d3N  Hidratante y suave. F\u00f3rmula de crema fluida su consistencia cremosa se transforma en la piel en una textura acuosa que se absorbe r\u00e1pidamente y no deja residuos.  EFFICIENCY \/ EFICIENCIA  Protege contra los signos del envejecimiento cut\u00e1neo prematuro y previene y trata las manchas solares La niacinamida PC \u00ae de alta calidad con un uso regular, iguala el tono de la piel y previene la hiperpigmentaci\u00f3n, reduce las imperfecciones de la piel y el acn\u00e9, disminuye visiblemente los poros dilatados y trata las arrugas.  Dermatol\u00f3gicamente probado. Funciona perfectamente como prebase de maquillaje.  Modo de uso:  Aplicar siempre protecci\u00f3n solar generosamente, de 15 a 30 minutos antes de la exposici\u00f3n al sol. Evite el sol del mediod\u00eda. Considere otra aplicaci\u00f3n despu\u00e9s de sudar mucho, nadar o secarse con una toalla. Evite el contacto con la ropa ya que el contacto directo puede manchar. Evite el contacto con los ojos.  Agitar bien antes de usar.","og_url":"https:\/\/surysaray.com\/producto\/even-sense-ultralight-spot-skin-tone-correcting-spf50\/","og_site_name":"Sury Saray","article_modified_time":"2025-05-29T09:40:16+00:00","og_image":[{"width":800,"height":800,"url":"https:\/\/surysaray.com\/wp-content\/uploads\/2024\/04\/even-sense.png","type":"image\/png"}],"twitter_card":"summary_large_image","schema":{"@context":"https:\/\/schema.org","@graph":[{"@type":"WebPage","@id":"https:\/\/surysaray.com\/producto\/even-sense-ultralight-spot-skin-tone-correcting-spf50\/","url":"https:\/\/surysaray.com\/producto\/even-sense-ultralight-spot-skin-tone-correcting-spf50\/","name":"Even Sense Ultralight Spot & Skin Tone Correcting SPF50 - Sury Saray","isPartOf":{"@id":"https:\/\/surysaray.com\/#website"},"datePublished":"2024-04-03T14:32:41+00:00","dateModified":"2025-05-29T09:40:16+00:00","breadcrumb":{"@id":"https:\/\/surysaray.com\/producto\/even-sense-ultralight-spot-skin-tone-correcting-spf50\/#breadcrumb"},"inLanguage":"en-US","potentialAction":[{"@type":"ReadAction","target":["https:\/\/surysaray.com\/producto\/even-sense-ultralight-spot-skin-tone-correcting-spf50\/"]}]},{"@type":"BreadcrumbList","@id":"https:\/\/surysaray.com\/producto\/even-sense-ultralight-spot-skin-tone-correcting-spf50\/#breadcrumb","itemListElement":[{"@type":"ListItem","position":1,"name":"Portada","item":"https:\/\/surysaray.com\/en\/"},{"@type":"ListItem","position":2,"name":"Shop","item":"https:\/\/surysaray.com\/online-shop\/"},{"@type":"ListItem","position":3,"name":"Even Sense Ultralight Spot &#038; Skin Tone Correcting SPF50"}]},{"@type":"WebSite","@id":"https:\/\/surysaray.com\/#website","url":"https:\/\/surysaray.com\/","name":"Sury Saray","description":"","potentialAction":[{"@type":"SearchAction","target":{"@type":"EntryPoint","urlTemplate":"https:\/\/surysaray.com\/?s={search_term_string}"},"query-input":"required name=search_term_string"}],"inLanguage":"en-US"}]}},"_links":{"self":[{"href":"https:\/\/surysaray.com\/en\/wp-json\/wp\/v3\/product\/17210"}],"collection":[{"href":"https:\/\/surysaray.com\/en\/wp-json\/wp\/v3\/product"}],"about":[{"href":"https:\/\/surysaray.com\/en\/wp-json\/wp\/v2\/types\/product"}],"wp:featuredmedia":[{"embeddable":true,"href":"https:\/\/surysaray.com\/en\/wp-json\/wp\/v2\/media\/17213"}],"wp:attachment":[{"href":"https:\/\/surysaray.com\/en\/wp-json\/wp\/v2\/media?parent=17210"}],"wp:term":[{"taxonomy":"product_cat","embeddable":true,"href":"https:\/\/surysaray.com\/en\/wp-json\/wp\/v2\/product_cat?post=17210"},{"taxonomy":"product_tag","embeddable":true,"href":"https:\/\/surysaray.com\/en\/wp-json\/wp\/v2\/product_tag?post=17210"}],"curies":[{"name":"wp","href":"https:\/\/api.w.org\/{rel}","templated":true}]}}