{"id":17173,"date":"2024-03-22T20:07:48","date_gmt":"2024-03-22T19:07:48","guid":{"rendered":"https:\/\/surysaray.com\/?post_type=product&#038;p=17173"},"modified":"2025-05-29T11:36:34","modified_gmt":"2025-05-29T09:36:34","slug":"tinted-mineral-liplux-summer-crush-spf30","status":"publish","type":"product","link":"https:\/\/surysaray.com\/en\/producto\/tinted-mineral-liplux-summer-crush-spf30\/","title":{"rendered":"Tinted Mineral Liplux Summer Crush SPF30"},"content":{"rendered":"","protected":false},"excerpt":{"rendered":"<p>La protecci\u00f3n de los labios es sumamente importarte, unos labios agrietados no son para nada sensuales y es por eso que con Liplux SPF 30, un b\u00e1lsamo labial org\u00e1nico con protecci\u00f3n UVA\/UVB, podr\u00e1s conseguir la hidrataci\u00f3n y la suavidad que tus labios necesitan despu\u00e9s de haberse expuesto al sol y quedar secos y agrietados. Este labial cuenta con una f\u00f3rmula enriquecida con vitaminas y antioxidantes que nutre y acondiciona con manteca de cupua\u00e7u org\u00e1nica y aceites de semillas de frambuesa y jojoba. Es resistente al agua, protege e hidrata, dejando los labios suaves como para besarlos.<\/p>\n<p>M\u00e1s del 70 % de ingredientes org\u00e1nicos que posee est\u00e1n certificados, su protecci\u00f3n es de amplio espectro SPF 30. Es rico en vitaminas y antioxidantes, es resistente al agua (80 minutos). Adem\u00e1s, nutre con mantequilla de frambuesa y mantequilla de aguacate. No posee part\u00edculas de tama\u00f1o nanom\u00e9trico, octinoxato ni oxibenzona. Un producto probado por dermat\u00f3logos y que pro si fuera poco es hipoalerg\u00e9nico.<\/p>\n<p>Modo de uso:<\/p>\n<p>Aplicar uniformemente sobre los labios. Usar solo para un brillo sutil o aplicar sobre tu color de labios favorito para mayor brillo y protecci\u00f3n. Volver a aplicar seg\u00fan sea necesario; despu\u00e9s de nadar o sudar, inmediatamente despu\u00e9s de secarte con una toalla y al menos cada 2 horas.<\/p>\n","protected":false},"featured_media":17176,"template":"","meta":{"_joinchat":[]},"product_cat":[655,542,622,73],"product_tag":[],"yoast_head":"<!-- This site is optimized with the Yoast SEO plugin v20.2.1 - https:\/\/yoast.com\/wordpress\/plugins\/seo\/ -->\n<title>Tinted Mineral Liplux Summer Crush SPF30 - Sury Saray<\/title>\n<meta name=\"robots\" content=\"noindex, follow\" \/>\n<meta property=\"og:locale\" content=\"en_US\" \/>\n<meta property=\"og:type\" content=\"article\" \/>\n<meta property=\"og:title\" content=\"Tinted Mineral Liplux Summer Crush SPF30 - Sury Saray\" \/>\n<meta property=\"og:description\" content=\"La protecci\u00f3n de los labios es sumamente importarte, unos labios agrietados no son para nada sensuales y es por eso que con Liplux SPF 30, un b\u00e1lsamo labial org\u00e1nico con protecci\u00f3n UVA\/UVB, podr\u00e1s conseguir la hidrataci\u00f3n y la suavidad que tus labios necesitan despu\u00e9s de haberse expuesto al sol y quedar secos y agrietados. Este labial cuenta con una f\u00f3rmula enriquecida con vitaminas y antioxidantes que nutre y acondiciona con manteca de cupua\u00e7u org\u00e1nica y aceites de semillas de frambuesa y jojoba. Es resistente al agua, protege e hidrata, dejando los labios suaves como para besarlos.  M\u00e1s del 70 % de ingredientes org\u00e1nicos que posee est\u00e1n certificados, su protecci\u00f3n es de amplio espectro SPF 30. Es rico en vitaminas y antioxidantes, es resistente al agua (80 minutos). Adem\u00e1s, nutre con mantequilla de frambuesa y mantequilla de aguacate. No posee part\u00edculas de tama\u00f1o nanom\u00e9trico, octinoxato ni oxibenzona. Un producto probado por dermat\u00f3logos y que pro si fuera poco es hipoalerg\u00e9nico.  Modo de uso:  Aplicar uniformemente sobre los labios. Usar solo para un brillo sutil o aplicar sobre tu color de labios favorito para mayor brillo y protecci\u00f3n. Volver a aplicar seg\u00fan sea necesario; despu\u00e9s de nadar o sudar, inmediatamente despu\u00e9s de secarte con una toalla y al menos cada 2 horas.\" \/>\n<meta property=\"og:url\" content=\"https:\/\/surysaray.com\/producto\/tinted-mineral-liplux-summer-crush-spf30\/\" \/>\n<meta property=\"og:site_name\" content=\"Sury Saray\" \/>\n<meta property=\"article:modified_time\" content=\"2025-05-29T09:36:34+00:00\" \/>\n<meta property=\"og:image\" content=\"https:\/\/surysaray.com\/wp-content\/uploads\/2024\/03\/LIP-SUMMER-CRUSH.png\" \/>\n\t<meta property=\"og:image:width\" content=\"800\" \/>\n\t<meta property=\"og:image:height\" content=\"800\" \/>\n\t<meta property=\"og:image:type\" content=\"image\/png\" \/>\n<meta name=\"twitter:card\" content=\"summary_large_image\" \/>\n<script type=\"application\/ld+json\" class=\"yoast-schema-graph\">{\"@context\":\"https:\/\/schema.org\",\"@graph\":[{\"@type\":\"WebPage\",\"@id\":\"https:\/\/surysaray.com\/producto\/tinted-mineral-liplux-summer-crush-spf30\/\",\"url\":\"https:\/\/surysaray.com\/producto\/tinted-mineral-liplux-summer-crush-spf30\/\",\"name\":\"Tinted Mineral Liplux Summer Crush SPF30 - Sury Saray\",\"isPartOf\":{\"@id\":\"https:\/\/surysaray.com\/#website\"},\"datePublished\":\"2024-03-22T19:07:48+00:00\",\"dateModified\":\"2025-05-29T09:36:34+00:00\",\"breadcrumb\":{\"@id\":\"https:\/\/surysaray.com\/producto\/tinted-mineral-liplux-summer-crush-spf30\/#breadcrumb\"},\"inLanguage\":\"en-US\",\"potentialAction\":[{\"@type\":\"ReadAction\",\"target\":[\"https:\/\/surysaray.com\/producto\/tinted-mineral-liplux-summer-crush-spf30\/\"]}]},{\"@type\":\"BreadcrumbList\",\"@id\":\"https:\/\/surysaray.com\/producto\/tinted-mineral-liplux-summer-crush-spf30\/#breadcrumb\",\"itemListElement\":[{\"@type\":\"ListItem\",\"position\":1,\"name\":\"Portada\",\"item\":\"https:\/\/surysaray.com\/en\/\"},{\"@type\":\"ListItem\",\"position\":2,\"name\":\"Shop\",\"item\":\"https:\/\/surysaray.com\/online-shop\/\"},{\"@type\":\"ListItem\",\"position\":3,\"name\":\"Tinted Mineral Liplux Summer Crush SPF30\"}]},{\"@type\":\"WebSite\",\"@id\":\"https:\/\/surysaray.com\/#website\",\"url\":\"https:\/\/surysaray.com\/\",\"name\":\"Sury Saray\",\"description\":\"\",\"potentialAction\":[{\"@type\":\"SearchAction\",\"target\":{\"@type\":\"EntryPoint\",\"urlTemplate\":\"https:\/\/surysaray.com\/?s={search_term_string}\"},\"query-input\":\"required name=search_term_string\"}],\"inLanguage\":\"en-US\"}]}<\/script>\n<!-- \/ Yoast SEO plugin. -->","yoast_head_json":{"title":"Tinted Mineral Liplux Summer Crush SPF30 - Sury Saray","robots":{"index":"noindex","follow":"follow"},"og_locale":"en_US","og_type":"article","og_title":"Tinted Mineral Liplux Summer Crush SPF30 - Sury Saray","og_description":"La protecci\u00f3n de los labios es sumamente importarte, unos labios agrietados no son para nada sensuales y es por eso que con Liplux SPF 30, un b\u00e1lsamo labial org\u00e1nico con protecci\u00f3n UVA\/UVB, podr\u00e1s conseguir la hidrataci\u00f3n y la suavidad que tus labios necesitan despu\u00e9s de haberse expuesto al sol y quedar secos y agrietados. Este labial cuenta con una f\u00f3rmula enriquecida con vitaminas y antioxidantes que nutre y acondiciona con manteca de cupua\u00e7u org\u00e1nica y aceites de semillas de frambuesa y jojoba. Es resistente al agua, protege e hidrata, dejando los labios suaves como para besarlos.  M\u00e1s del 70 % de ingredientes org\u00e1nicos que posee est\u00e1n certificados, su protecci\u00f3n es de amplio espectro SPF 30. Es rico en vitaminas y antioxidantes, es resistente al agua (80 minutos). Adem\u00e1s, nutre con mantequilla de frambuesa y mantequilla de aguacate. No posee part\u00edculas de tama\u00f1o nanom\u00e9trico, octinoxato ni oxibenzona. Un producto probado por dermat\u00f3logos y que pro si fuera poco es hipoalerg\u00e9nico.  Modo de uso:  Aplicar uniformemente sobre los labios. Usar solo para un brillo sutil o aplicar sobre tu color de labios favorito para mayor brillo y protecci\u00f3n. Volver a aplicar seg\u00fan sea necesario; despu\u00e9s de nadar o sudar, inmediatamente despu\u00e9s de secarte con una toalla y al menos cada 2 horas.","og_url":"https:\/\/surysaray.com\/producto\/tinted-mineral-liplux-summer-crush-spf30\/","og_site_name":"Sury Saray","article_modified_time":"2025-05-29T09:36:34+00:00","og_image":[{"width":800,"height":800,"url":"https:\/\/surysaray.com\/wp-content\/uploads\/2024\/03\/LIP-SUMMER-CRUSH.png","type":"image\/png"}],"twitter_card":"summary_large_image","schema":{"@context":"https:\/\/schema.org","@graph":[{"@type":"WebPage","@id":"https:\/\/surysaray.com\/producto\/tinted-mineral-liplux-summer-crush-spf30\/","url":"https:\/\/surysaray.com\/producto\/tinted-mineral-liplux-summer-crush-spf30\/","name":"Tinted Mineral Liplux Summer Crush SPF30 - Sury Saray","isPartOf":{"@id":"https:\/\/surysaray.com\/#website"},"datePublished":"2024-03-22T19:07:48+00:00","dateModified":"2025-05-29T09:36:34+00:00","breadcrumb":{"@id":"https:\/\/surysaray.com\/producto\/tinted-mineral-liplux-summer-crush-spf30\/#breadcrumb"},"inLanguage":"en-US","potentialAction":[{"@type":"ReadAction","target":["https:\/\/surysaray.com\/producto\/tinted-mineral-liplux-summer-crush-spf30\/"]}]},{"@type":"BreadcrumbList","@id":"https:\/\/surysaray.com\/producto\/tinted-mineral-liplux-summer-crush-spf30\/#breadcrumb","itemListElement":[{"@type":"ListItem","position":1,"name":"Portada","item":"https:\/\/surysaray.com\/en\/"},{"@type":"ListItem","position":2,"name":"Shop","item":"https:\/\/surysaray.com\/online-shop\/"},{"@type":"ListItem","position":3,"name":"Tinted Mineral Liplux Summer Crush SPF30"}]},{"@type":"WebSite","@id":"https:\/\/surysaray.com\/#website","url":"https:\/\/surysaray.com\/","name":"Sury Saray","description":"","potentialAction":[{"@type":"SearchAction","target":{"@type":"EntryPoint","urlTemplate":"https:\/\/surysaray.com\/?s={search_term_string}"},"query-input":"required name=search_term_string"}],"inLanguage":"en-US"}]}},"_links":{"self":[{"href":"https:\/\/surysaray.com\/en\/wp-json\/wp\/v3\/product\/17173"}],"collection":[{"href":"https:\/\/surysaray.com\/en\/wp-json\/wp\/v3\/product"}],"about":[{"href":"https:\/\/surysaray.com\/en\/wp-json\/wp\/v2\/types\/product"}],"wp:featuredmedia":[{"embeddable":true,"href":"https:\/\/surysaray.com\/en\/wp-json\/wp\/v2\/media\/17176"}],"wp:attachment":[{"href":"https:\/\/surysaray.com\/en\/wp-json\/wp\/v2\/media?parent=17173"}],"wp:term":[{"taxonomy":"product_cat","embeddable":true,"href":"https:\/\/surysaray.com\/en\/wp-json\/wp\/v2\/product_cat?post=17173"},{"taxonomy":"product_tag","embeddable":true,"href":"https:\/\/surysaray.com\/en\/wp-json\/wp\/v2\/product_tag?post=17173"}],"curies":[{"name":"wp","href":"https:\/\/api.w.org\/{rel}","templated":true}]}}