{"id":17160,"date":"2024-03-22T19:44:54","date_gmt":"2024-03-22T18:44:54","guid":{"rendered":"https:\/\/surysaray.com\/?post_type=product&#038;p=17160"},"modified":"2024-03-25T10:24:51","modified_gmt":"2024-03-25T09:24:51","slug":"mineral-body-sunscreen-spray-spf30-148ml","status":"publish","type":"product","link":"https:\/\/surysaray.com\/en\/producto\/mineral-body-sunscreen-spray-spf30-148ml\/","title":{"rendered":"Mineral Body Sunscreen Spray SPF30 148ml"},"content":{"rendered":"","protected":false},"excerpt":{"rendered":"<p>Es magia mineral. Nuestro spray de protecci\u00f3n solar corporal con minerales org\u00e1nicos brinda protecci\u00f3n solar hidratante y libre de qu\u00edmicos activos para todo tipo de piel.<\/p>\n<p>Esta f\u00f3rmula resistente al agua y sin fragancia con \u00f3xido de zinc no nano se roc\u00eda de forma transparente para lograr un acabado mate ligero.<\/p>\n<p>Formulado con nuestro complejo de protecci\u00f3n vegetal rico en antioxidantes, este protector solar tambi\u00e9n ayuda a combatir los radicales libres y protege la piel.<\/p>\n<p>\u00a1Roc\u00edalo y disfruta del sol!<\/p>\n<p>Modo de uso:<\/p>\n<p>Agitar bien. Aplicar generosamente 15 minutos antes de la exposici\u00f3n al sol. Sostenga el recipiente a una distancia de 4 a 6 pulgadas de la piel para aplicar.<\/p>\n<p>. Frote. No roc\u00ede directamente sobre la cara. Pulverizar sobre las manos y aplicar sobre el rostro.<\/p>\n<p>. Vuelva a aplicar despu\u00e9s de 80 minutos de nadar o sudar.<\/p>\n<p>. Inmediatamente despu\u00e9s de secarse con una toalla, al menos cada dos horas.<\/p>\n","protected":false},"featured_media":17163,"template":"","meta":{"_joinchat":[]},"product_cat":[541,655,542,622],"product_tag":[],"yoast_head":"<!-- This site is optimized with the Yoast SEO plugin v20.2.1 - https:\/\/yoast.com\/wordpress\/plugins\/seo\/ -->\n<title>Mineral Body Sunscreen Spray SPF30 148ml - Sury Saray<\/title>\n<meta name=\"robots\" content=\"noindex, follow\" \/>\n<meta property=\"og:locale\" content=\"en_US\" \/>\n<meta property=\"og:type\" content=\"article\" \/>\n<meta property=\"og:title\" content=\"Mineral Body Sunscreen Spray SPF30 148ml - Sury Saray\" \/>\n<meta property=\"og:description\" content=\"Es magia mineral. Nuestro spray de protecci\u00f3n solar corporal con minerales org\u00e1nicos brinda protecci\u00f3n solar hidratante y libre de qu\u00edmicos activos para todo tipo de piel.  Esta f\u00f3rmula resistente al agua y sin fragancia con \u00f3xido de zinc no nano se roc\u00eda de forma transparente para lograr un acabado mate ligero.  Formulado con nuestro complejo de protecci\u00f3n vegetal rico en antioxidantes, este protector solar tambi\u00e9n ayuda a combatir los radicales libres y protege la piel.  \u00a1Roc\u00edalo y disfruta del sol!  Modo de uso:  Agitar bien. Aplicar generosamente 15 minutos antes de la exposici\u00f3n al sol. Sostenga el recipiente a una distancia de 4 a 6 pulgadas de la piel para aplicar.  . Frote. No roc\u00ede directamente sobre la cara. Pulverizar sobre las manos y aplicar sobre el rostro.  . Vuelva a aplicar despu\u00e9s de 80 minutos de nadar o sudar.  . Inmediatamente despu\u00e9s de secarse con una toalla, al menos cada dos horas.\" \/>\n<meta property=\"og:url\" content=\"https:\/\/surysaray.com\/en\/producto\/mineral-body-sunscreen-spray-spf30-148ml\/\" \/>\n<meta property=\"og:site_name\" content=\"Sury Saray\" \/>\n<meta property=\"article:modified_time\" content=\"2024-03-25T09:24:51+00:00\" \/>\n<meta property=\"og:image\" content=\"https:\/\/surysaray.com\/wp-content\/uploads\/2024\/03\/MINERAN-SPRAY-SPF30.png\" \/>\n\t<meta property=\"og:image:width\" content=\"800\" \/>\n\t<meta property=\"og:image:height\" content=\"800\" \/>\n\t<meta property=\"og:image:type\" content=\"image\/png\" \/>\n<meta name=\"twitter:card\" content=\"summary_large_image\" \/>\n<script type=\"application\/ld+json\" class=\"yoast-schema-graph\">{\"@context\":\"https:\/\/schema.org\",\"@graph\":[{\"@type\":\"WebPage\",\"@id\":\"https:\/\/surysaray.com\/en\/producto\/mineral-body-sunscreen-spray-spf30-148ml\/\",\"url\":\"https:\/\/surysaray.com\/en\/producto\/mineral-body-sunscreen-spray-spf30-148ml\/\",\"name\":\"Mineral Body Sunscreen Spray SPF30 148ml - Sury Saray\",\"isPartOf\":{\"@id\":\"https:\/\/surysaray.com\/#website\"},\"datePublished\":\"2024-03-22T18:44:54+00:00\",\"dateModified\":\"2024-03-25T09:24:51+00:00\",\"breadcrumb\":{\"@id\":\"https:\/\/surysaray.com\/en\/producto\/mineral-body-sunscreen-spray-spf30-148ml\/#breadcrumb\"},\"inLanguage\":\"en-US\",\"potentialAction\":[{\"@type\":\"ReadAction\",\"target\":[\"https:\/\/surysaray.com\/en\/producto\/mineral-body-sunscreen-spray-spf30-148ml\/\"]}]},{\"@type\":\"BreadcrumbList\",\"@id\":\"https:\/\/surysaray.com\/en\/producto\/mineral-body-sunscreen-spray-spf30-148ml\/#breadcrumb\",\"itemListElement\":[{\"@type\":\"ListItem\",\"position\":1,\"name\":\"Portada\",\"item\":\"https:\/\/surysaray.com\/en\/\"},{\"@type\":\"ListItem\",\"position\":2,\"name\":\"Shop\",\"item\":\"https:\/\/surysaray.com\/online-shop\/\"},{\"@type\":\"ListItem\",\"position\":3,\"name\":\"Mineral Body Sunscreen Spray SPF30 148ml\"}]},{\"@type\":\"WebSite\",\"@id\":\"https:\/\/surysaray.com\/#website\",\"url\":\"https:\/\/surysaray.com\/\",\"name\":\"Sury Saray\",\"description\":\"\",\"potentialAction\":[{\"@type\":\"SearchAction\",\"target\":{\"@type\":\"EntryPoint\",\"urlTemplate\":\"https:\/\/surysaray.com\/?s={search_term_string}\"},\"query-input\":\"required name=search_term_string\"}],\"inLanguage\":\"en-US\"}]}<\/script>\n<!-- \/ Yoast SEO plugin. -->","yoast_head_json":{"title":"Mineral Body Sunscreen Spray SPF30 148ml - Sury Saray","robots":{"index":"noindex","follow":"follow"},"og_locale":"en_US","og_type":"article","og_title":"Mineral Body Sunscreen Spray SPF30 148ml - Sury Saray","og_description":"Es magia mineral. Nuestro spray de protecci\u00f3n solar corporal con minerales org\u00e1nicos brinda protecci\u00f3n solar hidratante y libre de qu\u00edmicos activos para todo tipo de piel.  Esta f\u00f3rmula resistente al agua y sin fragancia con \u00f3xido de zinc no nano se roc\u00eda de forma transparente para lograr un acabado mate ligero.  Formulado con nuestro complejo de protecci\u00f3n vegetal rico en antioxidantes, este protector solar tambi\u00e9n ayuda a combatir los radicales libres y protege la piel.  \u00a1Roc\u00edalo y disfruta del sol!  Modo de uso:  Agitar bien. Aplicar generosamente 15 minutos antes de la exposici\u00f3n al sol. Sostenga el recipiente a una distancia de 4 a 6 pulgadas de la piel para aplicar.  . Frote. No roc\u00ede directamente sobre la cara. Pulverizar sobre las manos y aplicar sobre el rostro.  . Vuelva a aplicar despu\u00e9s de 80 minutos de nadar o sudar.  . Inmediatamente despu\u00e9s de secarse con una toalla, al menos cada dos horas.","og_url":"https:\/\/surysaray.com\/en\/producto\/mineral-body-sunscreen-spray-spf30-148ml\/","og_site_name":"Sury Saray","article_modified_time":"2024-03-25T09:24:51+00:00","og_image":[{"width":800,"height":800,"url":"https:\/\/surysaray.com\/wp-content\/uploads\/2024\/03\/MINERAN-SPRAY-SPF30.png","type":"image\/png"}],"twitter_card":"summary_large_image","schema":{"@context":"https:\/\/schema.org","@graph":[{"@type":"WebPage","@id":"https:\/\/surysaray.com\/en\/producto\/mineral-body-sunscreen-spray-spf30-148ml\/","url":"https:\/\/surysaray.com\/en\/producto\/mineral-body-sunscreen-spray-spf30-148ml\/","name":"Mineral Body Sunscreen Spray SPF30 148ml - Sury Saray","isPartOf":{"@id":"https:\/\/surysaray.com\/#website"},"datePublished":"2024-03-22T18:44:54+00:00","dateModified":"2024-03-25T09:24:51+00:00","breadcrumb":{"@id":"https:\/\/surysaray.com\/en\/producto\/mineral-body-sunscreen-spray-spf30-148ml\/#breadcrumb"},"inLanguage":"en-US","potentialAction":[{"@type":"ReadAction","target":["https:\/\/surysaray.com\/en\/producto\/mineral-body-sunscreen-spray-spf30-148ml\/"]}]},{"@type":"BreadcrumbList","@id":"https:\/\/surysaray.com\/en\/producto\/mineral-body-sunscreen-spray-spf30-148ml\/#breadcrumb","itemListElement":[{"@type":"ListItem","position":1,"name":"Portada","item":"https:\/\/surysaray.com\/en\/"},{"@type":"ListItem","position":2,"name":"Shop","item":"https:\/\/surysaray.com\/online-shop\/"},{"@type":"ListItem","position":3,"name":"Mineral Body Sunscreen Spray SPF30 148ml"}]},{"@type":"WebSite","@id":"https:\/\/surysaray.com\/#website","url":"https:\/\/surysaray.com\/","name":"Sury Saray","description":"","potentialAction":[{"@type":"SearchAction","target":{"@type":"EntryPoint","urlTemplate":"https:\/\/surysaray.com\/?s={search_term_string}"},"query-input":"required name=search_term_string"}],"inLanguage":"en-US"}]}},"_links":{"self":[{"href":"https:\/\/surysaray.com\/en\/wp-json\/wp\/v3\/product\/17160"}],"collection":[{"href":"https:\/\/surysaray.com\/en\/wp-json\/wp\/v3\/product"}],"about":[{"href":"https:\/\/surysaray.com\/en\/wp-json\/wp\/v2\/types\/product"}],"wp:featuredmedia":[{"embeddable":true,"href":"https:\/\/surysaray.com\/en\/wp-json\/wp\/v2\/media\/17163"}],"wp:attachment":[{"href":"https:\/\/surysaray.com\/en\/wp-json\/wp\/v2\/media?parent=17160"}],"wp:term":[{"taxonomy":"product_cat","embeddable":true,"href":"https:\/\/surysaray.com\/en\/wp-json\/wp\/v2\/product_cat?post=17160"},{"taxonomy":"product_tag","embeddable":true,"href":"https:\/\/surysaray.com\/en\/wp-json\/wp\/v2\/product_tag?post=17160"}],"curies":[{"name":"wp","href":"https:\/\/api.w.org\/{rel}","templated":true}]}}