{"id":17155,"date":"2024-03-22T19:41:53","date_gmt":"2024-03-22T18:41:53","guid":{"rendered":"https:\/\/surysaray.com\/?post_type=product&#038;p=17155"},"modified":"2024-03-25T10:24:05","modified_gmt":"2024-03-25T09:24:05","slug":"classic-sunscreen-spray-pina-colada-spf30-177ml","status":"publish","type":"product","link":"https:\/\/surysaray.com\/en\/producto\/classic-sunscreen-spray-pina-colada-spf30-177ml\/","title":{"rendered":"Classic Sunscreen Spray Pi\u00f1a Colada SPF30 177ml"},"content":{"rendered":"","protected":false},"excerpt":{"rendered":"<p>\u00a1Un cl\u00e1sico codiciado! Nuestra loci\u00f3n de protecci\u00f3n solar org\u00e1nica 70%+ para el cuerpo es una versi\u00f3n mejorada de nuestro galardonado cl\u00e1sico, dise\u00f1ada para los d\u00edas activos al sol pero lo suficientemente ligera para su uso diario. Con su amplio espectro de protecci\u00f3n UVA\/UVB, esta loci\u00f3n hidratante rica en antioxidantes tiene una avanzada tecnolog\u00eda oleosomal de origen vegetal que optimiza el rendimiento de la f\u00f3rmula para una protecci\u00f3n reforzada que es incre\u00edblemente transparente en la piel. Adem\u00e1s, esta f\u00f3rmula resistente al agua es respetuosa con los arrecifes.<\/p>\n<p>Modo de uso:<\/p>\n<p>Aplicar generosamente 15 minutos antes de la exposici\u00f3n al sol. Vuelve a aplicar despu\u00e9s de 80 minutos de nadar o sudar, inmediatamente despu\u00e9s de secarte con una toalla y al menos cada dos horas.<\/p>\n","protected":false},"featured_media":17158,"template":"","meta":{"_joinchat":[]},"product_cat":[541,655,542,622],"product_tag":[],"yoast_head":"<!-- This site is optimized with the Yoast SEO plugin v20.2.1 - https:\/\/yoast.com\/wordpress\/plugins\/seo\/ -->\n<title>Classic Sunscreen Spray Pi\u00f1a Colada SPF30 177ml - Sury Saray<\/title>\n<meta name=\"robots\" content=\"noindex, follow\" \/>\n<meta property=\"og:locale\" content=\"en_US\" \/>\n<meta property=\"og:type\" content=\"article\" \/>\n<meta property=\"og:title\" content=\"Classic Sunscreen Spray Pi\u00f1a Colada SPF30 177ml - Sury Saray\" \/>\n<meta property=\"og:description\" content=\"\u00a1Un cl\u00e1sico codiciado! Nuestra loci\u00f3n de protecci\u00f3n solar org\u00e1nica 70%+ para el cuerpo es una versi\u00f3n mejorada de nuestro galardonado cl\u00e1sico, dise\u00f1ada para los d\u00edas activos al sol pero lo suficientemente ligera para su uso diario. Con su amplio espectro de protecci\u00f3n UVA\/UVB, esta loci\u00f3n hidratante rica en antioxidantes tiene una avanzada tecnolog\u00eda oleosomal de origen vegetal que optimiza el rendimiento de la f\u00f3rmula para una protecci\u00f3n reforzada que es incre\u00edblemente transparente en la piel. Adem\u00e1s, esta f\u00f3rmula resistente al agua es respetuosa con los arrecifes.  Modo de uso:  Aplicar generosamente 15 minutos antes de la exposici\u00f3n al sol. Vuelve a aplicar despu\u00e9s de 80 minutos de nadar o sudar, inmediatamente despu\u00e9s de secarte con una toalla y al menos cada dos horas.\" \/>\n<meta property=\"og:url\" content=\"https:\/\/surysaray.com\/en\/producto\/classic-sunscreen-spray-pina-colada-spf30-177ml\/\" \/>\n<meta property=\"og:site_name\" content=\"Sury Saray\" \/>\n<meta property=\"article:modified_time\" content=\"2024-03-25T09:24:05+00:00\" \/>\n<meta property=\"og:image\" content=\"https:\/\/surysaray.com\/wp-content\/uploads\/2024\/03\/CLASSIS-SPRAY-PINA-COLADA.png\" \/>\n\t<meta property=\"og:image:width\" content=\"800\" \/>\n\t<meta property=\"og:image:height\" content=\"800\" \/>\n\t<meta property=\"og:image:type\" content=\"image\/png\" \/>\n<meta name=\"twitter:card\" content=\"summary_large_image\" \/>\n<script type=\"application\/ld+json\" class=\"yoast-schema-graph\">{\"@context\":\"https:\/\/schema.org\",\"@graph\":[{\"@type\":\"WebPage\",\"@id\":\"https:\/\/surysaray.com\/en\/producto\/classic-sunscreen-spray-pina-colada-spf30-177ml\/\",\"url\":\"https:\/\/surysaray.com\/en\/producto\/classic-sunscreen-spray-pina-colada-spf30-177ml\/\",\"name\":\"Classic Sunscreen Spray Pi\u00f1a Colada SPF30 177ml - Sury Saray\",\"isPartOf\":{\"@id\":\"https:\/\/surysaray.com\/#website\"},\"datePublished\":\"2024-03-22T18:41:53+00:00\",\"dateModified\":\"2024-03-25T09:24:05+00:00\",\"breadcrumb\":{\"@id\":\"https:\/\/surysaray.com\/en\/producto\/classic-sunscreen-spray-pina-colada-spf30-177ml\/#breadcrumb\"},\"inLanguage\":\"en-US\",\"potentialAction\":[{\"@type\":\"ReadAction\",\"target\":[\"https:\/\/surysaray.com\/en\/producto\/classic-sunscreen-spray-pina-colada-spf30-177ml\/\"]}]},{\"@type\":\"BreadcrumbList\",\"@id\":\"https:\/\/surysaray.com\/en\/producto\/classic-sunscreen-spray-pina-colada-spf30-177ml\/#breadcrumb\",\"itemListElement\":[{\"@type\":\"ListItem\",\"position\":1,\"name\":\"Portada\",\"item\":\"https:\/\/surysaray.com\/en\/\"},{\"@type\":\"ListItem\",\"position\":2,\"name\":\"Shop\",\"item\":\"https:\/\/surysaray.com\/online-shop\/\"},{\"@type\":\"ListItem\",\"position\":3,\"name\":\"Classic Sunscreen Spray Pi\u00f1a Colada SPF30 177ml\"}]},{\"@type\":\"WebSite\",\"@id\":\"https:\/\/surysaray.com\/#website\",\"url\":\"https:\/\/surysaray.com\/\",\"name\":\"Sury Saray\",\"description\":\"\",\"potentialAction\":[{\"@type\":\"SearchAction\",\"target\":{\"@type\":\"EntryPoint\",\"urlTemplate\":\"https:\/\/surysaray.com\/?s={search_term_string}\"},\"query-input\":\"required name=search_term_string\"}],\"inLanguage\":\"en-US\"}]}<\/script>\n<!-- \/ Yoast SEO plugin. -->","yoast_head_json":{"title":"Classic Sunscreen Spray Pi\u00f1a Colada SPF30 177ml - Sury Saray","robots":{"index":"noindex","follow":"follow"},"og_locale":"en_US","og_type":"article","og_title":"Classic Sunscreen Spray Pi\u00f1a Colada SPF30 177ml - Sury Saray","og_description":"\u00a1Un cl\u00e1sico codiciado! Nuestra loci\u00f3n de protecci\u00f3n solar org\u00e1nica 70%+ para el cuerpo es una versi\u00f3n mejorada de nuestro galardonado cl\u00e1sico, dise\u00f1ada para los d\u00edas activos al sol pero lo suficientemente ligera para su uso diario. Con su amplio espectro de protecci\u00f3n UVA\/UVB, esta loci\u00f3n hidratante rica en antioxidantes tiene una avanzada tecnolog\u00eda oleosomal de origen vegetal que optimiza el rendimiento de la f\u00f3rmula para una protecci\u00f3n reforzada que es incre\u00edblemente transparente en la piel. Adem\u00e1s, esta f\u00f3rmula resistente al agua es respetuosa con los arrecifes.  Modo de uso:  Aplicar generosamente 15 minutos antes de la exposici\u00f3n al sol. Vuelve a aplicar despu\u00e9s de 80 minutos de nadar o sudar, inmediatamente despu\u00e9s de secarte con una toalla y al menos cada dos horas.","og_url":"https:\/\/surysaray.com\/en\/producto\/classic-sunscreen-spray-pina-colada-spf30-177ml\/","og_site_name":"Sury Saray","article_modified_time":"2024-03-25T09:24:05+00:00","og_image":[{"width":800,"height":800,"url":"https:\/\/surysaray.com\/wp-content\/uploads\/2024\/03\/CLASSIS-SPRAY-PINA-COLADA.png","type":"image\/png"}],"twitter_card":"summary_large_image","schema":{"@context":"https:\/\/schema.org","@graph":[{"@type":"WebPage","@id":"https:\/\/surysaray.com\/en\/producto\/classic-sunscreen-spray-pina-colada-spf30-177ml\/","url":"https:\/\/surysaray.com\/en\/producto\/classic-sunscreen-spray-pina-colada-spf30-177ml\/","name":"Classic Sunscreen Spray Pi\u00f1a Colada SPF30 177ml - Sury Saray","isPartOf":{"@id":"https:\/\/surysaray.com\/#website"},"datePublished":"2024-03-22T18:41:53+00:00","dateModified":"2024-03-25T09:24:05+00:00","breadcrumb":{"@id":"https:\/\/surysaray.com\/en\/producto\/classic-sunscreen-spray-pina-colada-spf30-177ml\/#breadcrumb"},"inLanguage":"en-US","potentialAction":[{"@type":"ReadAction","target":["https:\/\/surysaray.com\/en\/producto\/classic-sunscreen-spray-pina-colada-spf30-177ml\/"]}]},{"@type":"BreadcrumbList","@id":"https:\/\/surysaray.com\/en\/producto\/classic-sunscreen-spray-pina-colada-spf30-177ml\/#breadcrumb","itemListElement":[{"@type":"ListItem","position":1,"name":"Portada","item":"https:\/\/surysaray.com\/en\/"},{"@type":"ListItem","position":2,"name":"Shop","item":"https:\/\/surysaray.com\/online-shop\/"},{"@type":"ListItem","position":3,"name":"Classic Sunscreen Spray Pi\u00f1a Colada SPF30 177ml"}]},{"@type":"WebSite","@id":"https:\/\/surysaray.com\/#website","url":"https:\/\/surysaray.com\/","name":"Sury Saray","description":"","potentialAction":[{"@type":"SearchAction","target":{"@type":"EntryPoint","urlTemplate":"https:\/\/surysaray.com\/?s={search_term_string}"},"query-input":"required name=search_term_string"}],"inLanguage":"en-US"}]}},"_links":{"self":[{"href":"https:\/\/surysaray.com\/en\/wp-json\/wp\/v3\/product\/17155"}],"collection":[{"href":"https:\/\/surysaray.com\/en\/wp-json\/wp\/v3\/product"}],"about":[{"href":"https:\/\/surysaray.com\/en\/wp-json\/wp\/v2\/types\/product"}],"wp:featuredmedia":[{"embeddable":true,"href":"https:\/\/surysaray.com\/en\/wp-json\/wp\/v2\/media\/17158"}],"wp:attachment":[{"href":"https:\/\/surysaray.com\/en\/wp-json\/wp\/v2\/media?parent=17155"}],"wp:term":[{"taxonomy":"product_cat","embeddable":true,"href":"https:\/\/surysaray.com\/en\/wp-json\/wp\/v2\/product_cat?post=17155"},{"taxonomy":"product_tag","embeddable":true,"href":"https:\/\/surysaray.com\/en\/wp-json\/wp\/v2\/product_tag?post=17155"}],"curies":[{"name":"wp","href":"https:\/\/api.w.org\/{rel}","templated":true}]}}