{"id":17145,"date":"2024-03-22T19:36:40","date_gmt":"2024-03-22T18:36:40","guid":{"rendered":"https:\/\/surysaray.com\/?post_type=product&#038;p=17145"},"modified":"2025-05-29T11:35:10","modified_gmt":"2025-05-29T09:35:10","slug":"classic-body-sunscreen-fragance-free-spf50-148ml","status":"publish","type":"product","link":"https:\/\/surysaray.com\/en\/producto\/classic-body-sunscreen-fragance-free-spf50-148ml\/","title":{"rendered":"Classic Body Sunscreen Fragance Free SPF50 148ml"},"content":{"rendered":"","protected":false},"excerpt":{"rendered":"<p>\u00a1Pon tu mejor cara! Nuestra loci\u00f3n de protecci\u00f3n solar pura, no grasosa y con un contenido superior al 70 % org\u00e1nico es refrescante y ligera, ya sea que est\u00e9s en movimiento todo el d\u00eda o relaj\u00e1ndote solo. \u00a1Aplica, rel\u00e1jate y rel\u00e1jate!<\/p>\n<p>&#8211; Protecci\u00f3n UVA\/UVB de amplio espectro SPF 50<br \/>\n&#8211; 80 minutos de resistencia al agua<br \/>\n&#8211; Sin perfume<br \/>\n&#8211; Probado por dermat\u00f3logos<br \/>\n&#8211; De la Huerta al Rostro &#8211; Vegano<br \/>\n&#8211; Sin gluten<br \/>\n&#8211; Sin oxibenzona ni octinoxato<\/p>\n<p>Modo de uso:<\/p>\n<p>Aplicar generosamente 15 minutos antes de la exposici\u00f3n al sol. Vuelve a aplicar despu\u00e9s de 80 minutos de nadar o sudar, inmediatamente despu\u00e9s de secarte con una toalla y al menos cada dos horas.<\/p>\n","protected":false},"featured_media":17148,"template":"","meta":{"_joinchat":[]},"product_cat":[541,655,542,622],"product_tag":[],"yoast_head":"<!-- This site is optimized with the Yoast SEO plugin v20.2.1 - https:\/\/yoast.com\/wordpress\/plugins\/seo\/ -->\n<title>Classic Body Sunscreen Fragance Free SPF50 148ml - Sury Saray<\/title>\n<meta name=\"robots\" content=\"noindex, follow\" \/>\n<meta property=\"og:locale\" content=\"en_US\" \/>\n<meta property=\"og:type\" content=\"article\" \/>\n<meta property=\"og:title\" content=\"Classic Body Sunscreen Fragance Free SPF50 148ml - Sury Saray\" \/>\n<meta property=\"og:description\" content=\"\u00a1Pon tu mejor cara! Nuestra loci\u00f3n de protecci\u00f3n solar pura, no grasosa y con un contenido superior al 70 % org\u00e1nico es refrescante y ligera, ya sea que est\u00e9s en movimiento todo el d\u00eda o relaj\u00e1ndote solo. \u00a1Aplica, rel\u00e1jate y rel\u00e1jate!  - Protecci\u00f3n UVA\/UVB de amplio espectro SPF 50 - 80 minutos de resistencia al agua - Sin perfume - Probado por dermat\u00f3logos - De la Huerta al Rostro - Vegano - Sin gluten - Sin oxibenzona ni octinoxato  Modo de uso:  Aplicar generosamente 15 minutos antes de la exposici\u00f3n al sol. Vuelve a aplicar despu\u00e9s de 80 minutos de nadar o sudar, inmediatamente despu\u00e9s de secarte con una toalla y al menos cada dos horas.\" \/>\n<meta property=\"og:url\" content=\"https:\/\/surysaray.com\/producto\/classic-body-sunscreen-fragance-free-spf50-148ml\/\" \/>\n<meta property=\"og:site_name\" content=\"Sury Saray\" \/>\n<meta property=\"article:modified_time\" content=\"2025-05-29T09:35:10+00:00\" \/>\n<meta property=\"og:image\" content=\"https:\/\/surysaray.com\/wp-content\/uploads\/2024\/03\/CLASSIC-BODY-FRAGANCE-FREE-SPF50.png\" \/>\n\t<meta property=\"og:image:width\" content=\"800\" \/>\n\t<meta property=\"og:image:height\" content=\"800\" \/>\n\t<meta property=\"og:image:type\" content=\"image\/png\" \/>\n<meta name=\"twitter:card\" content=\"summary_large_image\" \/>\n<script type=\"application\/ld+json\" class=\"yoast-schema-graph\">{\"@context\":\"https:\/\/schema.org\",\"@graph\":[{\"@type\":\"WebPage\",\"@id\":\"https:\/\/surysaray.com\/producto\/classic-body-sunscreen-fragance-free-spf50-148ml\/\",\"url\":\"https:\/\/surysaray.com\/producto\/classic-body-sunscreen-fragance-free-spf50-148ml\/\",\"name\":\"Classic Body Sunscreen Fragance Free SPF50 148ml - Sury Saray\",\"isPartOf\":{\"@id\":\"https:\/\/surysaray.com\/#website\"},\"datePublished\":\"2024-03-22T18:36:40+00:00\",\"dateModified\":\"2025-05-29T09:35:10+00:00\",\"breadcrumb\":{\"@id\":\"https:\/\/surysaray.com\/producto\/classic-body-sunscreen-fragance-free-spf50-148ml\/#breadcrumb\"},\"inLanguage\":\"en-US\",\"potentialAction\":[{\"@type\":\"ReadAction\",\"target\":[\"https:\/\/surysaray.com\/producto\/classic-body-sunscreen-fragance-free-spf50-148ml\/\"]}]},{\"@type\":\"BreadcrumbList\",\"@id\":\"https:\/\/surysaray.com\/producto\/classic-body-sunscreen-fragance-free-spf50-148ml\/#breadcrumb\",\"itemListElement\":[{\"@type\":\"ListItem\",\"position\":1,\"name\":\"Portada\",\"item\":\"https:\/\/surysaray.com\/en\/\"},{\"@type\":\"ListItem\",\"position\":2,\"name\":\"Shop\",\"item\":\"https:\/\/surysaray.com\/online-shop\/\"},{\"@type\":\"ListItem\",\"position\":3,\"name\":\"Classic Body Sunscreen Fragance Free SPF50 148ml\"}]},{\"@type\":\"WebSite\",\"@id\":\"https:\/\/surysaray.com\/#website\",\"url\":\"https:\/\/surysaray.com\/\",\"name\":\"Sury Saray\",\"description\":\"\",\"potentialAction\":[{\"@type\":\"SearchAction\",\"target\":{\"@type\":\"EntryPoint\",\"urlTemplate\":\"https:\/\/surysaray.com\/?s={search_term_string}\"},\"query-input\":\"required name=search_term_string\"}],\"inLanguage\":\"en-US\"}]}<\/script>\n<!-- \/ Yoast SEO plugin. -->","yoast_head_json":{"title":"Classic Body Sunscreen Fragance Free SPF50 148ml - Sury Saray","robots":{"index":"noindex","follow":"follow"},"og_locale":"en_US","og_type":"article","og_title":"Classic Body Sunscreen Fragance Free SPF50 148ml - Sury Saray","og_description":"\u00a1Pon tu mejor cara! Nuestra loci\u00f3n de protecci\u00f3n solar pura, no grasosa y con un contenido superior al 70 % org\u00e1nico es refrescante y ligera, ya sea que est\u00e9s en movimiento todo el d\u00eda o relaj\u00e1ndote solo. \u00a1Aplica, rel\u00e1jate y rel\u00e1jate!  - Protecci\u00f3n UVA\/UVB de amplio espectro SPF 50 - 80 minutos de resistencia al agua - Sin perfume - Probado por dermat\u00f3logos - De la Huerta al Rostro - Vegano - Sin gluten - Sin oxibenzona ni octinoxato  Modo de uso:  Aplicar generosamente 15 minutos antes de la exposici\u00f3n al sol. Vuelve a aplicar despu\u00e9s de 80 minutos de nadar o sudar, inmediatamente despu\u00e9s de secarte con una toalla y al menos cada dos horas.","og_url":"https:\/\/surysaray.com\/producto\/classic-body-sunscreen-fragance-free-spf50-148ml\/","og_site_name":"Sury Saray","article_modified_time":"2025-05-29T09:35:10+00:00","og_image":[{"width":800,"height":800,"url":"https:\/\/surysaray.com\/wp-content\/uploads\/2024\/03\/CLASSIC-BODY-FRAGANCE-FREE-SPF50.png","type":"image\/png"}],"twitter_card":"summary_large_image","schema":{"@context":"https:\/\/schema.org","@graph":[{"@type":"WebPage","@id":"https:\/\/surysaray.com\/producto\/classic-body-sunscreen-fragance-free-spf50-148ml\/","url":"https:\/\/surysaray.com\/producto\/classic-body-sunscreen-fragance-free-spf50-148ml\/","name":"Classic Body Sunscreen Fragance Free SPF50 148ml - Sury Saray","isPartOf":{"@id":"https:\/\/surysaray.com\/#website"},"datePublished":"2024-03-22T18:36:40+00:00","dateModified":"2025-05-29T09:35:10+00:00","breadcrumb":{"@id":"https:\/\/surysaray.com\/producto\/classic-body-sunscreen-fragance-free-spf50-148ml\/#breadcrumb"},"inLanguage":"en-US","potentialAction":[{"@type":"ReadAction","target":["https:\/\/surysaray.com\/producto\/classic-body-sunscreen-fragance-free-spf50-148ml\/"]}]},{"@type":"BreadcrumbList","@id":"https:\/\/surysaray.com\/producto\/classic-body-sunscreen-fragance-free-spf50-148ml\/#breadcrumb","itemListElement":[{"@type":"ListItem","position":1,"name":"Portada","item":"https:\/\/surysaray.com\/en\/"},{"@type":"ListItem","position":2,"name":"Shop","item":"https:\/\/surysaray.com\/online-shop\/"},{"@type":"ListItem","position":3,"name":"Classic Body Sunscreen Fragance Free SPF50 148ml"}]},{"@type":"WebSite","@id":"https:\/\/surysaray.com\/#website","url":"https:\/\/surysaray.com\/","name":"Sury Saray","description":"","potentialAction":[{"@type":"SearchAction","target":{"@type":"EntryPoint","urlTemplate":"https:\/\/surysaray.com\/?s={search_term_string}"},"query-input":"required name=search_term_string"}],"inLanguage":"en-US"}]}},"_links":{"self":[{"href":"https:\/\/surysaray.com\/en\/wp-json\/wp\/v3\/product\/17145"}],"collection":[{"href":"https:\/\/surysaray.com\/en\/wp-json\/wp\/v3\/product"}],"about":[{"href":"https:\/\/surysaray.com\/en\/wp-json\/wp\/v2\/types\/product"}],"wp:featuredmedia":[{"embeddable":true,"href":"https:\/\/surysaray.com\/en\/wp-json\/wp\/v2\/media\/17148"}],"wp:attachment":[{"href":"https:\/\/surysaray.com\/en\/wp-json\/wp\/v2\/media?parent=17145"}],"wp:term":[{"taxonomy":"product_cat","embeddable":true,"href":"https:\/\/surysaray.com\/en\/wp-json\/wp\/v2\/product_cat?post=17145"},{"taxonomy":"product_tag","embeddable":true,"href":"https:\/\/surysaray.com\/en\/wp-json\/wp\/v2\/product_tag?post=17145"}],"curies":[{"name":"wp","href":"https:\/\/api.w.org\/{rel}","templated":true}]}}