{"id":17135,"date":"2024-03-22T17:26:43","date_gmt":"2024-03-22T16:26:43","guid":{"rendered":"https:\/\/surysaray.com\/?post_type=product&#038;p=17135"},"modified":"2025-05-29T11:34:07","modified_gmt":"2025-05-29T09:34:07","slug":"mineral-sunscreen-cucumber-matte-finish-spf-30-50ml","status":"publish","type":"product","link":"https:\/\/surysaray.com\/en\/producto\/mineral-sunscreen-cucumber-matte-finish-spf-30-50ml\/","title":{"rendered":"Mineral Sunscreen Cucumber Matte Finish SPF 30 50ML"},"content":{"rendered":"","protected":false},"excerpt":{"rendered":"<p>Este protector solar mineral protege su piel con FPS 30 mientras la nutre con antioxidantes enriquecidos. Adem\u00e1s de la protecci\u00f3n de amplio espectro contra los rayos UV-A\/UV-B, esta f\u00f3rmula ligera proporciona a la piel un cutis suave al instante.<\/p>\n<p>Este protector solar est\u00e1 elaborado con aceite org\u00e1nico de rosa mosqueta, rico en vitamina C y eficaz en la protecci\u00f3n contra los radicales libres, aceite org\u00e1nico calmante de onagra y aceite de linaza, rico en \u00e1cido gamma-linol\u00e9nico, importante para mantener la elasticidad de la piel y ayudarla a retener la humedad. La manteca de karit\u00e9 org\u00e1nica suaviza la piel e hidrata, mientras que el fito-protector del extracto de plancton rejuvenece el aspecto de la piel.<\/p>\n<p>El protector solar mineral Coola Face Cucumber Matte Finish SPF 30 no ataca ni da\u00f1a el coral.<\/p>\n<p>Aplicaci\u00f3n: Aplicar hasta 15 minutos antes de la exposici\u00f3n al sol y repetir a lo largo del d\u00eda, especialmente despu\u00e9s del contacto con el agua.<\/p>\n","protected":false},"featured_media":17138,"template":"","meta":{"_joinchat":[]},"product_cat":[541,655,542,622],"product_tag":[],"yoast_head":"<!-- This site is optimized with the Yoast SEO plugin v20.2.1 - https:\/\/yoast.com\/wordpress\/plugins\/seo\/ -->\n<title>Mineral Sunscreen Cucumber Matte Finish SPF 30 50ML - Sury Saray<\/title>\n<meta name=\"robots\" content=\"noindex, follow\" \/>\n<meta property=\"og:locale\" content=\"en_US\" \/>\n<meta property=\"og:type\" content=\"article\" \/>\n<meta property=\"og:title\" content=\"Mineral Sunscreen Cucumber Matte Finish SPF 30 50ML - Sury Saray\" \/>\n<meta property=\"og:description\" content=\"Este protector solar mineral protege su piel con FPS 30 mientras la nutre con antioxidantes enriquecidos. Adem\u00e1s de la protecci\u00f3n de amplio espectro contra los rayos UV-A\/UV-B, esta f\u00f3rmula ligera proporciona a la piel un cutis suave al instante.  Este protector solar est\u00e1 elaborado con aceite org\u00e1nico de rosa mosqueta, rico en vitamina C y eficaz en la protecci\u00f3n contra los radicales libres, aceite org\u00e1nico calmante de onagra y aceite de linaza, rico en \u00e1cido gamma-linol\u00e9nico, importante para mantener la elasticidad de la piel y ayudarla a retener la humedad. La manteca de karit\u00e9 org\u00e1nica suaviza la piel e hidrata, mientras que el fito-protector del extracto de plancton rejuvenece el aspecto de la piel.  El protector solar mineral Coola Face Cucumber Matte Finish SPF 30 no ataca ni da\u00f1a el coral.  Aplicaci\u00f3n: Aplicar hasta 15 minutos antes de la exposici\u00f3n al sol y repetir a lo largo del d\u00eda, especialmente despu\u00e9s del contacto con el agua.\" \/>\n<meta property=\"og:url\" content=\"https:\/\/surysaray.com\/producto\/mineral-sunscreen-cucumber-matte-finish-spf-30-50ml\/\" \/>\n<meta property=\"og:site_name\" content=\"Sury Saray\" \/>\n<meta property=\"article:modified_time\" content=\"2025-05-29T09:34:07+00:00\" \/>\n<meta property=\"og:image\" content=\"https:\/\/surysaray.com\/wp-content\/uploads\/2024\/03\/MINERAL-MATTE-FINISH-CUCUMBER-SPF3.png\" \/>\n\t<meta property=\"og:image:width\" content=\"800\" \/>\n\t<meta property=\"og:image:height\" content=\"800\" \/>\n\t<meta property=\"og:image:type\" content=\"image\/png\" \/>\n<meta name=\"twitter:card\" content=\"summary_large_image\" \/>\n<script type=\"application\/ld+json\" class=\"yoast-schema-graph\">{\"@context\":\"https:\/\/schema.org\",\"@graph\":[{\"@type\":\"WebPage\",\"@id\":\"https:\/\/surysaray.com\/producto\/mineral-sunscreen-cucumber-matte-finish-spf-30-50ml\/\",\"url\":\"https:\/\/surysaray.com\/producto\/mineral-sunscreen-cucumber-matte-finish-spf-30-50ml\/\",\"name\":\"Mineral Sunscreen Cucumber Matte Finish SPF 30 50ML - Sury Saray\",\"isPartOf\":{\"@id\":\"https:\/\/surysaray.com\/#website\"},\"datePublished\":\"2024-03-22T16:26:43+00:00\",\"dateModified\":\"2025-05-29T09:34:07+00:00\",\"breadcrumb\":{\"@id\":\"https:\/\/surysaray.com\/producto\/mineral-sunscreen-cucumber-matte-finish-spf-30-50ml\/#breadcrumb\"},\"inLanguage\":\"en-US\",\"potentialAction\":[{\"@type\":\"ReadAction\",\"target\":[\"https:\/\/surysaray.com\/producto\/mineral-sunscreen-cucumber-matte-finish-spf-30-50ml\/\"]}]},{\"@type\":\"BreadcrumbList\",\"@id\":\"https:\/\/surysaray.com\/producto\/mineral-sunscreen-cucumber-matte-finish-spf-30-50ml\/#breadcrumb\",\"itemListElement\":[{\"@type\":\"ListItem\",\"position\":1,\"name\":\"Portada\",\"item\":\"https:\/\/surysaray.com\/en\/\"},{\"@type\":\"ListItem\",\"position\":2,\"name\":\"Shop\",\"item\":\"https:\/\/surysaray.com\/online-shop\/\"},{\"@type\":\"ListItem\",\"position\":3,\"name\":\"Mineral Sunscreen Cucumber Matte Finish SPF 30 50ML\"}]},{\"@type\":\"WebSite\",\"@id\":\"https:\/\/surysaray.com\/#website\",\"url\":\"https:\/\/surysaray.com\/\",\"name\":\"Sury Saray\",\"description\":\"\",\"potentialAction\":[{\"@type\":\"SearchAction\",\"target\":{\"@type\":\"EntryPoint\",\"urlTemplate\":\"https:\/\/surysaray.com\/?s={search_term_string}\"},\"query-input\":\"required name=search_term_string\"}],\"inLanguage\":\"en-US\"}]}<\/script>\n<!-- \/ Yoast SEO plugin. -->","yoast_head_json":{"title":"Mineral Sunscreen Cucumber Matte Finish SPF 30 50ML - Sury Saray","robots":{"index":"noindex","follow":"follow"},"og_locale":"en_US","og_type":"article","og_title":"Mineral Sunscreen Cucumber Matte Finish SPF 30 50ML - Sury Saray","og_description":"Este protector solar mineral protege su piel con FPS 30 mientras la nutre con antioxidantes enriquecidos. Adem\u00e1s de la protecci\u00f3n de amplio espectro contra los rayos UV-A\/UV-B, esta f\u00f3rmula ligera proporciona a la piel un cutis suave al instante.  Este protector solar est\u00e1 elaborado con aceite org\u00e1nico de rosa mosqueta, rico en vitamina C y eficaz en la protecci\u00f3n contra los radicales libres, aceite org\u00e1nico calmante de onagra y aceite de linaza, rico en \u00e1cido gamma-linol\u00e9nico, importante para mantener la elasticidad de la piel y ayudarla a retener la humedad. La manteca de karit\u00e9 org\u00e1nica suaviza la piel e hidrata, mientras que el fito-protector del extracto de plancton rejuvenece el aspecto de la piel.  El protector solar mineral Coola Face Cucumber Matte Finish SPF 30 no ataca ni da\u00f1a el coral.  Aplicaci\u00f3n: Aplicar hasta 15 minutos antes de la exposici\u00f3n al sol y repetir a lo largo del d\u00eda, especialmente despu\u00e9s del contacto con el agua.","og_url":"https:\/\/surysaray.com\/producto\/mineral-sunscreen-cucumber-matte-finish-spf-30-50ml\/","og_site_name":"Sury Saray","article_modified_time":"2025-05-29T09:34:07+00:00","og_image":[{"width":800,"height":800,"url":"https:\/\/surysaray.com\/wp-content\/uploads\/2024\/03\/MINERAL-MATTE-FINISH-CUCUMBER-SPF3.png","type":"image\/png"}],"twitter_card":"summary_large_image","schema":{"@context":"https:\/\/schema.org","@graph":[{"@type":"WebPage","@id":"https:\/\/surysaray.com\/producto\/mineral-sunscreen-cucumber-matte-finish-spf-30-50ml\/","url":"https:\/\/surysaray.com\/producto\/mineral-sunscreen-cucumber-matte-finish-spf-30-50ml\/","name":"Mineral Sunscreen Cucumber Matte Finish SPF 30 50ML - Sury Saray","isPartOf":{"@id":"https:\/\/surysaray.com\/#website"},"datePublished":"2024-03-22T16:26:43+00:00","dateModified":"2025-05-29T09:34:07+00:00","breadcrumb":{"@id":"https:\/\/surysaray.com\/producto\/mineral-sunscreen-cucumber-matte-finish-spf-30-50ml\/#breadcrumb"},"inLanguage":"en-US","potentialAction":[{"@type":"ReadAction","target":["https:\/\/surysaray.com\/producto\/mineral-sunscreen-cucumber-matte-finish-spf-30-50ml\/"]}]},{"@type":"BreadcrumbList","@id":"https:\/\/surysaray.com\/producto\/mineral-sunscreen-cucumber-matte-finish-spf-30-50ml\/#breadcrumb","itemListElement":[{"@type":"ListItem","position":1,"name":"Portada","item":"https:\/\/surysaray.com\/en\/"},{"@type":"ListItem","position":2,"name":"Shop","item":"https:\/\/surysaray.com\/online-shop\/"},{"@type":"ListItem","position":3,"name":"Mineral Sunscreen Cucumber Matte Finish SPF 30 50ML"}]},{"@type":"WebSite","@id":"https:\/\/surysaray.com\/#website","url":"https:\/\/surysaray.com\/","name":"Sury Saray","description":"","potentialAction":[{"@type":"SearchAction","target":{"@type":"EntryPoint","urlTemplate":"https:\/\/surysaray.com\/?s={search_term_string}"},"query-input":"required name=search_term_string"}],"inLanguage":"en-US"}]}},"_links":{"self":[{"href":"https:\/\/surysaray.com\/en\/wp-json\/wp\/v3\/product\/17135"}],"collection":[{"href":"https:\/\/surysaray.com\/en\/wp-json\/wp\/v3\/product"}],"about":[{"href":"https:\/\/surysaray.com\/en\/wp-json\/wp\/v2\/types\/product"}],"wp:featuredmedia":[{"embeddable":true,"href":"https:\/\/surysaray.com\/en\/wp-json\/wp\/v2\/media\/17138"}],"wp:attachment":[{"href":"https:\/\/surysaray.com\/en\/wp-json\/wp\/v2\/media?parent=17135"}],"wp:term":[{"taxonomy":"product_cat","embeddable":true,"href":"https:\/\/surysaray.com\/en\/wp-json\/wp\/v2\/product_cat?post=17135"},{"taxonomy":"product_tag","embeddable":true,"href":"https:\/\/surysaray.com\/en\/wp-json\/wp\/v2\/product_tag?post=17135"}],"curies":[{"name":"wp","href":"https:\/\/api.w.org\/{rel}","templated":true}]}}