{"id":17099,"date":"2020-09-21T11:56:21","date_gmt":"2020-09-21T09:56:21","guid":{"rendered":"https:\/\/surysaray.com\/producto\/coola-classic-suncreen-spray-guava-mango-spf50\/"},"modified":"2024-03-22T17:12:02","modified_gmt":"2024-03-22T16:12:02","slug":"coola-classic-suncreen-spray-guava-mango-spf50","status":"publish","type":"product","link":"https:\/\/surysaray.com\/en\/producto\/coola-classic-suncreen-spray-guava-mango-spf50\/","title":{"rendered":"Classic Suncreen Spray Guava Mango SPF50 177ml"},"content":{"rendered":"","protected":false},"excerpt":{"rendered":"<p><span lang=\"es\">Protector solar para el cuerpo en aerosol tanto para d\u00edas de larga exposici\u00f3n solar como lo suficientemente ligera para el uso diario. Compuesto por un Complejo protector vegetal antioxidante que ayuda a combatir los radicales libres y a nutrir la piel.<\/span><\/p>\n<ul>\n<li>SPF50 Resistente al agua ( 80 minutos)<\/li>\n<li>Para todo tipo de piel incluso sensibles<\/li>\n<li>Fragancia natural a mango y guayaba.<\/li>\n<li>Hipoalerg\u00e9nico y vegano.<\/li>\n<li>Protege los arrecifes de Haw\u00e1i.<\/li>\n<\/ul>\n<p><strong>Modo de uso:<\/strong><\/p>\n<p>Aplicar generosamente 15 minutos antes de la exposici\u00f3n al sol. Vuelve a aplicar despu\u00e9s de 80 minutos de nadar o sudar, inmediatamente despu\u00e9s de secarte con una toalla y al menos cada dos horas.<\/p>\n","protected":false},"featured_media":14747,"template":"","meta":{"_joinchat":[]},"product_cat":[545,592,542,622],"product_tag":[],"yoast_head":"<!-- This site is optimized with the Yoast SEO plugin v20.2.1 - https:\/\/yoast.com\/wordpress\/plugins\/seo\/ -->\n<title>Classic Suncreen Spray Guava Mango SPF50 177ml - Sury Saray<\/title>\n<meta name=\"robots\" content=\"noindex, follow\" \/>\n<meta property=\"og:locale\" content=\"en_US\" \/>\n<meta property=\"og:type\" content=\"article\" \/>\n<meta property=\"og:title\" content=\"Classic Suncreen Spray Guava Mango SPF50 177ml - Sury Saray\" \/>\n<meta property=\"og:description\" content=\"Protector solar para el cuerpo en aerosol tanto para d\u00edas de larga exposici\u00f3n solar como lo suficientemente ligera para el uso diario. Compuesto por un Complejo protector vegetal antioxidante que ayuda a combatir los radicales libres y a nutrir la piel.   SPF50 Resistente al agua ( 80 minutos)  Para todo tipo de piel incluso sensibles  Fragancia natural a mango y guayaba.  Hipoalerg\u00e9nico y vegano.  Protege los arrecifes de Haw\u00e1i.  Modo de uso:  Aplicar generosamente 15 minutos antes de la exposici\u00f3n al sol. Vuelve a aplicar despu\u00e9s de 80 minutos de nadar o sudar, inmediatamente despu\u00e9s de secarte con una toalla y al menos cada dos horas.\" \/>\n<meta property=\"og:url\" content=\"https:\/\/surysaray.com\/en\/producto\/coola-classic-suncreen-spray-guava-mango-spf50\/\" \/>\n<meta property=\"og:site_name\" content=\"Sury Saray\" \/>\n<meta property=\"article:modified_time\" content=\"2024-03-22T16:12:02+00:00\" \/>\n<meta property=\"og:image\" content=\"https:\/\/surysaray.com\/wp-content\/uploads\/2020\/09\/SPRAY-MANGO.png\" \/>\n\t<meta property=\"og:image:width\" content=\"800\" \/>\n\t<meta property=\"og:image:height\" content=\"800\" \/>\n\t<meta property=\"og:image:type\" content=\"image\/png\" \/>\n<meta name=\"twitter:card\" content=\"summary_large_image\" \/>\n<script type=\"application\/ld+json\" class=\"yoast-schema-graph\">{\"@context\":\"https:\/\/schema.org\",\"@graph\":[{\"@type\":\"WebPage\",\"@id\":\"https:\/\/surysaray.com\/en\/producto\/coola-classic-suncreen-spray-guava-mango-spf50\/\",\"url\":\"https:\/\/surysaray.com\/en\/producto\/coola-classic-suncreen-spray-guava-mango-spf50\/\",\"name\":\"Classic Suncreen Spray Guava Mango SPF50 177ml - Sury Saray\",\"isPartOf\":{\"@id\":\"https:\/\/surysaray.com\/#website\"},\"datePublished\":\"2020-09-21T09:56:21+00:00\",\"dateModified\":\"2024-03-22T16:12:02+00:00\",\"breadcrumb\":{\"@id\":\"https:\/\/surysaray.com\/en\/producto\/coola-classic-suncreen-spray-guava-mango-spf50\/#breadcrumb\"},\"inLanguage\":\"en-US\",\"potentialAction\":[{\"@type\":\"ReadAction\",\"target\":[\"https:\/\/surysaray.com\/en\/producto\/coola-classic-suncreen-spray-guava-mango-spf50\/\"]}]},{\"@type\":\"BreadcrumbList\",\"@id\":\"https:\/\/surysaray.com\/en\/producto\/coola-classic-suncreen-spray-guava-mango-spf50\/#breadcrumb\",\"itemListElement\":[{\"@type\":\"ListItem\",\"position\":1,\"name\":\"Portada\",\"item\":\"https:\/\/surysaray.com\/en\/\"},{\"@type\":\"ListItem\",\"position\":2,\"name\":\"Shop\",\"item\":\"https:\/\/surysaray.com\/online-shop\/\"},{\"@type\":\"ListItem\",\"position\":3,\"name\":\"Classic Suncreen Spray Guava Mango SPF50 177ml\"}]},{\"@type\":\"WebSite\",\"@id\":\"https:\/\/surysaray.com\/#website\",\"url\":\"https:\/\/surysaray.com\/\",\"name\":\"Sury Saray\",\"description\":\"\",\"potentialAction\":[{\"@type\":\"SearchAction\",\"target\":{\"@type\":\"EntryPoint\",\"urlTemplate\":\"https:\/\/surysaray.com\/?s={search_term_string}\"},\"query-input\":\"required name=search_term_string\"}],\"inLanguage\":\"en-US\"}]}<\/script>\n<!-- \/ Yoast SEO plugin. -->","yoast_head_json":{"title":"Classic Suncreen Spray Guava Mango SPF50 177ml - Sury Saray","robots":{"index":"noindex","follow":"follow"},"og_locale":"en_US","og_type":"article","og_title":"Classic Suncreen Spray Guava Mango SPF50 177ml - Sury Saray","og_description":"Protector solar para el cuerpo en aerosol tanto para d\u00edas de larga exposici\u00f3n solar como lo suficientemente ligera para el uso diario. Compuesto por un Complejo protector vegetal antioxidante que ayuda a combatir los radicales libres y a nutrir la piel.   SPF50 Resistente al agua ( 80 minutos)  Para todo tipo de piel incluso sensibles  Fragancia natural a mango y guayaba.  Hipoalerg\u00e9nico y vegano.  Protege los arrecifes de Haw\u00e1i.  Modo de uso:  Aplicar generosamente 15 minutos antes de la exposici\u00f3n al sol. Vuelve a aplicar despu\u00e9s de 80 minutos de nadar o sudar, inmediatamente despu\u00e9s de secarte con una toalla y al menos cada dos horas.","og_url":"https:\/\/surysaray.com\/en\/producto\/coola-classic-suncreen-spray-guava-mango-spf50\/","og_site_name":"Sury Saray","article_modified_time":"2024-03-22T16:12:02+00:00","og_image":[{"width":800,"height":800,"url":"https:\/\/surysaray.com\/wp-content\/uploads\/2020\/09\/SPRAY-MANGO.png","type":"image\/png"}],"twitter_card":"summary_large_image","schema":{"@context":"https:\/\/schema.org","@graph":[{"@type":"WebPage","@id":"https:\/\/surysaray.com\/en\/producto\/coola-classic-suncreen-spray-guava-mango-spf50\/","url":"https:\/\/surysaray.com\/en\/producto\/coola-classic-suncreen-spray-guava-mango-spf50\/","name":"Classic Suncreen Spray Guava Mango SPF50 177ml - Sury Saray","isPartOf":{"@id":"https:\/\/surysaray.com\/#website"},"datePublished":"2020-09-21T09:56:21+00:00","dateModified":"2024-03-22T16:12:02+00:00","breadcrumb":{"@id":"https:\/\/surysaray.com\/en\/producto\/coola-classic-suncreen-spray-guava-mango-spf50\/#breadcrumb"},"inLanguage":"en-US","potentialAction":[{"@type":"ReadAction","target":["https:\/\/surysaray.com\/en\/producto\/coola-classic-suncreen-spray-guava-mango-spf50\/"]}]},{"@type":"BreadcrumbList","@id":"https:\/\/surysaray.com\/en\/producto\/coola-classic-suncreen-spray-guava-mango-spf50\/#breadcrumb","itemListElement":[{"@type":"ListItem","position":1,"name":"Portada","item":"https:\/\/surysaray.com\/en\/"},{"@type":"ListItem","position":2,"name":"Shop","item":"https:\/\/surysaray.com\/online-shop\/"},{"@type":"ListItem","position":3,"name":"Classic Suncreen Spray Guava Mango SPF50 177ml"}]},{"@type":"WebSite","@id":"https:\/\/surysaray.com\/#website","url":"https:\/\/surysaray.com\/","name":"Sury Saray","description":"","potentialAction":[{"@type":"SearchAction","target":{"@type":"EntryPoint","urlTemplate":"https:\/\/surysaray.com\/?s={search_term_string}"},"query-input":"required name=search_term_string"}],"inLanguage":"en-US"}]}},"_links":{"self":[{"href":"https:\/\/surysaray.com\/en\/wp-json\/wp\/v3\/product\/17099"}],"collection":[{"href":"https:\/\/surysaray.com\/en\/wp-json\/wp\/v3\/product"}],"about":[{"href":"https:\/\/surysaray.com\/en\/wp-json\/wp\/v2\/types\/product"}],"wp:featuredmedia":[{"embeddable":true,"href":"https:\/\/surysaray.com\/en\/wp-json\/wp\/v2\/media\/14747"}],"wp:attachment":[{"href":"https:\/\/surysaray.com\/en\/wp-json\/wp\/v2\/media?parent=17099"}],"wp:term":[{"taxonomy":"product_cat","embeddable":true,"href":"https:\/\/surysaray.com\/en\/wp-json\/wp\/v2\/product_cat?post=17099"},{"taxonomy":"product_tag","embeddable":true,"href":"https:\/\/surysaray.com\/en\/wp-json\/wp\/v2\/product_tag?post=17099"}],"curies":[{"name":"wp","href":"https:\/\/api.w.org\/{rel}","templated":true}]}}