{"id":17086,"date":"2022-04-06T11:51:06","date_gmt":"2022-04-06T09:51:06","guid":{"rendered":"https:\/\/surysaray.com\/producto\/coola-classic-body-sunscreen-tropical-coconut-spf30\/"},"modified":"2024-03-22T17:03:53","modified_gmt":"2024-03-22T16:03:53","slug":"coola-classic-body-sunscreen-tropical-coconut-spf30","status":"publish","type":"product","link":"https:\/\/surysaray.com\/en\/producto\/coola-classic-body-sunscreen-tropical-coconut-spf30\/","title":{"rendered":"Classic Body Sunscreen Tropical Coconut SPF30 148ml"},"content":{"rendered":"","protected":false},"excerpt":{"rendered":"<p>\u00a1Un cl\u00e1sico codiciado! Dise\u00f1ado para los d\u00edas activos bajo el sol, pero lo suficientemente ligero para el uso diario, este protector solar org\u00e1nico 70%+ combina nuestro ic\u00f3nico aroma Pi\u00f1a Colada con nuestra galardonada base de loci\u00f3n para una experiencia complaciente que te transporta instant\u00e1neamente a un para\u00edso tropical.<\/p>\n<p>Modo de uso:<\/p>\n<div class=\"cc-tabs__tab\" role=\"tablist\">\n<div id=\"product-tab-panel2_7999792415042\" class=\"cc-tabs__tab__panel rte\" role=\"tab\" aria-labelledby=\"product-tab-panel2_7999792415042\">\n<p><span class=\"metafield-multi_line_text_field\">Aplicar generosamente 15 minutos antes de la exposici\u00f3n al sol. Vuelve a aplicar despu\u00e9s de 80 minutos de nadar o sudar, inmediatamente despu\u00e9s de secarse con una toalla y al menos cada dos horas.<\/span><\/p>\n<\/div>\n<\/div>\n<div class=\"cc-tabs__tab\" role=\"tablist\"><\/div>\n","protected":false},"featured_media":14731,"template":"","meta":{"_joinchat":[]},"product_cat":[545,592,542,622],"product_tag":[],"yoast_head":"<!-- This site is optimized with the Yoast SEO plugin v20.2.1 - https:\/\/yoast.com\/wordpress\/plugins\/seo\/ -->\n<title>Classic Body Sunscreen Tropical Coconut SPF30 148ml - Sury Saray<\/title>\n<meta name=\"robots\" content=\"noindex, follow\" \/>\n<meta property=\"og:locale\" content=\"en_US\" \/>\n<meta property=\"og:type\" content=\"article\" \/>\n<meta property=\"og:title\" content=\"Classic Body Sunscreen Tropical Coconut SPF30 148ml - Sury Saray\" \/>\n<meta property=\"og:description\" content=\"\u00a1Un cl\u00e1sico codiciado! Dise\u00f1ado para los d\u00edas activos bajo el sol, pero lo suficientemente ligero para el uso diario, este protector solar org\u00e1nico 70%+ combina nuestro ic\u00f3nico aroma Pi\u00f1a Colada con nuestra galardonada base de loci\u00f3n para una experiencia complaciente que te transporta instant\u00e1neamente a un para\u00edso tropical.  Modo de uso:    Aplicar generosamente 15 minutos antes de la exposici\u00f3n al sol. Vuelve a aplicar despu\u00e9s de 80 minutos de nadar o sudar, inmediatamente despu\u00e9s de secarse con una toalla y al menos cada dos horas.\" \/>\n<meta property=\"og:url\" content=\"https:\/\/surysaray.com\/producto\/coola-classic-body-sunscreen-tropical-coconut-spf30\/\" \/>\n<meta property=\"og:site_name\" content=\"Sury Saray\" \/>\n<meta property=\"article:modified_time\" content=\"2024-03-22T16:03:53+00:00\" \/>\n<meta property=\"og:image\" content=\"https:\/\/surysaray.com\/wp-content\/uploads\/2022\/04\/BODY-COCO.png\" \/>\n\t<meta property=\"og:image:width\" content=\"800\" \/>\n\t<meta property=\"og:image:height\" content=\"800\" \/>\n\t<meta property=\"og:image:type\" content=\"image\/png\" \/>\n<meta name=\"twitter:card\" content=\"summary_large_image\" \/>\n<script type=\"application\/ld+json\" class=\"yoast-schema-graph\">{\"@context\":\"https:\/\/schema.org\",\"@graph\":[{\"@type\":\"WebPage\",\"@id\":\"https:\/\/surysaray.com\/producto\/coola-classic-body-sunscreen-tropical-coconut-spf30\/\",\"url\":\"https:\/\/surysaray.com\/producto\/coola-classic-body-sunscreen-tropical-coconut-spf30\/\",\"name\":\"Classic Body Sunscreen Tropical Coconut SPF30 148ml - Sury Saray\",\"isPartOf\":{\"@id\":\"https:\/\/surysaray.com\/#website\"},\"datePublished\":\"2022-04-06T09:51:06+00:00\",\"dateModified\":\"2024-03-22T16:03:53+00:00\",\"breadcrumb\":{\"@id\":\"https:\/\/surysaray.com\/producto\/coola-classic-body-sunscreen-tropical-coconut-spf30\/#breadcrumb\"},\"inLanguage\":\"en-US\",\"potentialAction\":[{\"@type\":\"ReadAction\",\"target\":[\"https:\/\/surysaray.com\/producto\/coola-classic-body-sunscreen-tropical-coconut-spf30\/\"]}]},{\"@type\":\"BreadcrumbList\",\"@id\":\"https:\/\/surysaray.com\/producto\/coola-classic-body-sunscreen-tropical-coconut-spf30\/#breadcrumb\",\"itemListElement\":[{\"@type\":\"ListItem\",\"position\":1,\"name\":\"Portada\",\"item\":\"https:\/\/surysaray.com\/en\/\"},{\"@type\":\"ListItem\",\"position\":2,\"name\":\"Shop\",\"item\":\"https:\/\/surysaray.com\/online-shop\/\"},{\"@type\":\"ListItem\",\"position\":3,\"name\":\"Classic Body Sunscreen Tropical Coconut SPF30 148ml\"}]},{\"@type\":\"WebSite\",\"@id\":\"https:\/\/surysaray.com\/#website\",\"url\":\"https:\/\/surysaray.com\/\",\"name\":\"Sury Saray\",\"description\":\"\",\"potentialAction\":[{\"@type\":\"SearchAction\",\"target\":{\"@type\":\"EntryPoint\",\"urlTemplate\":\"https:\/\/surysaray.com\/?s={search_term_string}\"},\"query-input\":\"required name=search_term_string\"}],\"inLanguage\":\"en-US\"}]}<\/script>\n<!-- \/ Yoast SEO plugin. -->","yoast_head_json":{"title":"Classic Body Sunscreen Tropical Coconut SPF30 148ml - Sury Saray","robots":{"index":"noindex","follow":"follow"},"og_locale":"en_US","og_type":"article","og_title":"Classic Body Sunscreen Tropical Coconut SPF30 148ml - Sury Saray","og_description":"\u00a1Un cl\u00e1sico codiciado! Dise\u00f1ado para los d\u00edas activos bajo el sol, pero lo suficientemente ligero para el uso diario, este protector solar org\u00e1nico 70%+ combina nuestro ic\u00f3nico aroma Pi\u00f1a Colada con nuestra galardonada base de loci\u00f3n para una experiencia complaciente que te transporta instant\u00e1neamente a un para\u00edso tropical.  Modo de uso:    Aplicar generosamente 15 minutos antes de la exposici\u00f3n al sol. Vuelve a aplicar despu\u00e9s de 80 minutos de nadar o sudar, inmediatamente despu\u00e9s de secarse con una toalla y al menos cada dos horas.","og_url":"https:\/\/surysaray.com\/producto\/coola-classic-body-sunscreen-tropical-coconut-spf30\/","og_site_name":"Sury Saray","article_modified_time":"2024-03-22T16:03:53+00:00","og_image":[{"width":800,"height":800,"url":"https:\/\/surysaray.com\/wp-content\/uploads\/2022\/04\/BODY-COCO.png","type":"image\/png"}],"twitter_card":"summary_large_image","schema":{"@context":"https:\/\/schema.org","@graph":[{"@type":"WebPage","@id":"https:\/\/surysaray.com\/producto\/coola-classic-body-sunscreen-tropical-coconut-spf30\/","url":"https:\/\/surysaray.com\/producto\/coola-classic-body-sunscreen-tropical-coconut-spf30\/","name":"Classic Body Sunscreen Tropical Coconut SPF30 148ml - Sury Saray","isPartOf":{"@id":"https:\/\/surysaray.com\/#website"},"datePublished":"2022-04-06T09:51:06+00:00","dateModified":"2024-03-22T16:03:53+00:00","breadcrumb":{"@id":"https:\/\/surysaray.com\/producto\/coola-classic-body-sunscreen-tropical-coconut-spf30\/#breadcrumb"},"inLanguage":"en-US","potentialAction":[{"@type":"ReadAction","target":["https:\/\/surysaray.com\/producto\/coola-classic-body-sunscreen-tropical-coconut-spf30\/"]}]},{"@type":"BreadcrumbList","@id":"https:\/\/surysaray.com\/producto\/coola-classic-body-sunscreen-tropical-coconut-spf30\/#breadcrumb","itemListElement":[{"@type":"ListItem","position":1,"name":"Portada","item":"https:\/\/surysaray.com\/en\/"},{"@type":"ListItem","position":2,"name":"Shop","item":"https:\/\/surysaray.com\/online-shop\/"},{"@type":"ListItem","position":3,"name":"Classic Body Sunscreen Tropical Coconut SPF30 148ml"}]},{"@type":"WebSite","@id":"https:\/\/surysaray.com\/#website","url":"https:\/\/surysaray.com\/","name":"Sury Saray","description":"","potentialAction":[{"@type":"SearchAction","target":{"@type":"EntryPoint","urlTemplate":"https:\/\/surysaray.com\/?s={search_term_string}"},"query-input":"required name=search_term_string"}],"inLanguage":"en-US"}]}},"_links":{"self":[{"href":"https:\/\/surysaray.com\/en\/wp-json\/wp\/v3\/product\/17086"}],"collection":[{"href":"https:\/\/surysaray.com\/en\/wp-json\/wp\/v3\/product"}],"about":[{"href":"https:\/\/surysaray.com\/en\/wp-json\/wp\/v2\/types\/product"}],"wp:featuredmedia":[{"embeddable":true,"href":"https:\/\/surysaray.com\/en\/wp-json\/wp\/v2\/media\/14731"}],"wp:attachment":[{"href":"https:\/\/surysaray.com\/en\/wp-json\/wp\/v2\/media?parent=17086"}],"wp:term":[{"taxonomy":"product_cat","embeddable":true,"href":"https:\/\/surysaray.com\/en\/wp-json\/wp\/v2\/product_cat?post=17086"},{"taxonomy":"product_tag","embeddable":true,"href":"https:\/\/surysaray.com\/en\/wp-json\/wp\/v2\/product_tag?post=17086"}],"curies":[{"name":"wp","href":"https:\/\/api.w.org\/{rel}","templated":true}]}}