{"id":17084,"date":"2022-04-06T11:19:00","date_gmt":"2022-04-06T09:19:00","guid":{"rendered":"https:\/\/surysaray.com\/producto\/coola-rosilliance-bb-sunscreen-spf-30\/"},"modified":"2024-03-22T17:04:43","modified_gmt":"2024-03-22T16:04:43","slug":"coola-rosilliance-bb-sunscreen-spf-30","status":"publish","type":"product","link":"https:\/\/surysaray.com\/en\/producto\/coola-rosilliance-bb-sunscreen-spf-30\/","title":{"rendered":"Rosilliance BB + Sunscreen SPF 30 44ml"},"content":{"rendered":"","protected":false},"excerpt":{"rendered":"<p>Esta crema mineral hidratante y translucida apenas visible aumenta la calidez natural de la piel para una apariencia luminosa y sin maquillaje. Con una infusi\u00f3n de c\u00e9lulas madre de rosas p\u00e1lidas , damas blancas y boticarias ricas en antioxidantes, esta f\u00f3rmula ligeramente hidratante ayuda a combatir los radicales libres mientras que los activos minerales y los \u00f3xidos del hierro ayudan a proteger su piel para un aspecto fresco y brillante.<\/p>\n<div class=\"cc-tabs__tab\" role=\"tablist\">&#8211; Protecci\u00f3n UVA\/UVB de amplio espectro SPF 30<\/div>\n<div class=\"cc-tabs__tab\" role=\"tablist\">\n<div id=\"product-tab-panel2_7999791530306\" class=\"cc-tabs__tab__panel rte\" role=\"tab\" aria-labelledby=\"product-tab-panel2_7999791530306\">\n<p><span class=\"metafield-multi_line_text_field\">&#8211; 80 minutos de resistencia al agua<br \/>\n&#8211; Probado por dermat\u00f3logos<br \/>\n&#8211; No comedog\u00e9nico<br \/>\n&#8211; Aplicaci\u00f3n ligera que a\u00f1ade un toque de brillo<br \/>\n&#8211; Aroma natural a rosa<\/span><\/p>\n<p>&#8211; Vegano, Animal Cruelty free. Respeta los arrecifes de Haw\u00e1i.<\/p>\n<\/div>\n<\/div>\n<p><strong>Modo de uso.<\/strong><\/p>\n<p>Vierte una cantidad en el dorso de la mano y aplica el producto con golpecitos suaves . Empieza por el centro del rostro y exti\u00e9ndelo hacia el exterior. Utiliza los dedos o tu brocha de maquillaje favorita para conseguir un mayor brillo y aplica m\u00e1s cantidad si es necesario.<\/p>\n<p>&nbsp;<\/p>\n","protected":false},"featured_media":14741,"template":"","meta":{"_joinchat":[]},"product_cat":[541,655,542,622],"product_tag":[],"yoast_head":"<!-- This site is optimized with the Yoast SEO plugin v20.2.1 - https:\/\/yoast.com\/wordpress\/plugins\/seo\/ -->\n<title>Rosilliance BB + Sunscreen SPF 30 44ml - Sury Saray<\/title>\n<meta name=\"robots\" content=\"noindex, follow\" \/>\n<meta property=\"og:locale\" content=\"en_US\" \/>\n<meta property=\"og:type\" content=\"article\" \/>\n<meta property=\"og:title\" content=\"Rosilliance BB + Sunscreen SPF 30 44ml - Sury Saray\" \/>\n<meta property=\"og:description\" content=\"Esta crema mineral hidratante y translucida apenas visible aumenta la calidez natural de la piel para una apariencia luminosa y sin maquillaje. Con una infusi\u00f3n de c\u00e9lulas madre de rosas p\u00e1lidas , damas blancas y boticarias ricas en antioxidantes, esta f\u00f3rmula ligeramente hidratante ayuda a combatir los radicales libres mientras que los activos minerales y los \u00f3xidos del hierro ayudan a proteger su piel para un aspecto fresco y brillante. - Protecci\u00f3n UVA\/UVB de amplio espectro SPF 30    - 80 minutos de resistencia al agua - Probado por dermat\u00f3logos - No comedog\u00e9nico - Aplicaci\u00f3n ligera que a\u00f1ade un toque de brillo - Aroma natural a rosa  - Vegano, Animal Cruelty free. Respeta los arrecifes de Haw\u00e1i.    Modo de uso.  Vierte una cantidad en el dorso de la mano y aplica el producto con golpecitos suaves . Empieza por el centro del rostro y exti\u00e9ndelo hacia el exterior. Utiliza los dedos o tu brocha de maquillaje favorita para conseguir un mayor brillo y aplica m\u00e1s cantidad si es necesario.  &nbsp;\" \/>\n<meta property=\"og:url\" content=\"https:\/\/surysaray.com\/producto\/coola-rosilliance-bb-sunscreen-spf-30\/\" \/>\n<meta property=\"og:site_name\" content=\"Sury Saray\" \/>\n<meta property=\"article:modified_time\" content=\"2024-03-22T16:04:43+00:00\" \/>\n<meta property=\"og:image\" content=\"https:\/\/surysaray.com\/wp-content\/uploads\/2022\/04\/ROSILLIANCE.png\" \/>\n\t<meta property=\"og:image:width\" content=\"800\" \/>\n\t<meta property=\"og:image:height\" content=\"800\" \/>\n\t<meta property=\"og:image:type\" content=\"image\/png\" \/>\n<meta name=\"twitter:card\" content=\"summary_large_image\" \/>\n<script type=\"application\/ld+json\" class=\"yoast-schema-graph\">{\"@context\":\"https:\/\/schema.org\",\"@graph\":[{\"@type\":\"WebPage\",\"@id\":\"https:\/\/surysaray.com\/producto\/coola-rosilliance-bb-sunscreen-spf-30\/\",\"url\":\"https:\/\/surysaray.com\/producto\/coola-rosilliance-bb-sunscreen-spf-30\/\",\"name\":\"Rosilliance BB + Sunscreen SPF 30 44ml - Sury Saray\",\"isPartOf\":{\"@id\":\"https:\/\/surysaray.com\/#website\"},\"datePublished\":\"2022-04-06T09:19:00+00:00\",\"dateModified\":\"2024-03-22T16:04:43+00:00\",\"breadcrumb\":{\"@id\":\"https:\/\/surysaray.com\/producto\/coola-rosilliance-bb-sunscreen-spf-30\/#breadcrumb\"},\"inLanguage\":\"en-US\",\"potentialAction\":[{\"@type\":\"ReadAction\",\"target\":[\"https:\/\/surysaray.com\/producto\/coola-rosilliance-bb-sunscreen-spf-30\/\"]}]},{\"@type\":\"BreadcrumbList\",\"@id\":\"https:\/\/surysaray.com\/producto\/coola-rosilliance-bb-sunscreen-spf-30\/#breadcrumb\",\"itemListElement\":[{\"@type\":\"ListItem\",\"position\":1,\"name\":\"Portada\",\"item\":\"https:\/\/surysaray.com\/en\/\"},{\"@type\":\"ListItem\",\"position\":2,\"name\":\"Shop\",\"item\":\"https:\/\/surysaray.com\/online-shop\/\"},{\"@type\":\"ListItem\",\"position\":3,\"name\":\"Rosilliance BB + Sunscreen SPF 30 44ml\"}]},{\"@type\":\"WebSite\",\"@id\":\"https:\/\/surysaray.com\/#website\",\"url\":\"https:\/\/surysaray.com\/\",\"name\":\"Sury Saray\",\"description\":\"\",\"potentialAction\":[{\"@type\":\"SearchAction\",\"target\":{\"@type\":\"EntryPoint\",\"urlTemplate\":\"https:\/\/surysaray.com\/?s={search_term_string}\"},\"query-input\":\"required name=search_term_string\"}],\"inLanguage\":\"en-US\"}]}<\/script>\n<!-- \/ Yoast SEO plugin. -->","yoast_head_json":{"title":"Rosilliance BB + Sunscreen SPF 30 44ml - Sury Saray","robots":{"index":"noindex","follow":"follow"},"og_locale":"en_US","og_type":"article","og_title":"Rosilliance BB + Sunscreen SPF 30 44ml - Sury Saray","og_description":"Esta crema mineral hidratante y translucida apenas visible aumenta la calidez natural de la piel para una apariencia luminosa y sin maquillaje. Con una infusi\u00f3n de c\u00e9lulas madre de rosas p\u00e1lidas , damas blancas y boticarias ricas en antioxidantes, esta f\u00f3rmula ligeramente hidratante ayuda a combatir los radicales libres mientras que los activos minerales y los \u00f3xidos del hierro ayudan a proteger su piel para un aspecto fresco y brillante. - Protecci\u00f3n UVA\/UVB de amplio espectro SPF 30    - 80 minutos de resistencia al agua - Probado por dermat\u00f3logos - No comedog\u00e9nico - Aplicaci\u00f3n ligera que a\u00f1ade un toque de brillo - Aroma natural a rosa  - Vegano, Animal Cruelty free. Respeta los arrecifes de Haw\u00e1i.    Modo de uso.  Vierte una cantidad en el dorso de la mano y aplica el producto con golpecitos suaves . Empieza por el centro del rostro y exti\u00e9ndelo hacia el exterior. Utiliza los dedos o tu brocha de maquillaje favorita para conseguir un mayor brillo y aplica m\u00e1s cantidad si es necesario.  &nbsp;","og_url":"https:\/\/surysaray.com\/producto\/coola-rosilliance-bb-sunscreen-spf-30\/","og_site_name":"Sury Saray","article_modified_time":"2024-03-22T16:04:43+00:00","og_image":[{"width":800,"height":800,"url":"https:\/\/surysaray.com\/wp-content\/uploads\/2022\/04\/ROSILLIANCE.png","type":"image\/png"}],"twitter_card":"summary_large_image","schema":{"@context":"https:\/\/schema.org","@graph":[{"@type":"WebPage","@id":"https:\/\/surysaray.com\/producto\/coola-rosilliance-bb-sunscreen-spf-30\/","url":"https:\/\/surysaray.com\/producto\/coola-rosilliance-bb-sunscreen-spf-30\/","name":"Rosilliance BB + Sunscreen SPF 30 44ml - Sury Saray","isPartOf":{"@id":"https:\/\/surysaray.com\/#website"},"datePublished":"2022-04-06T09:19:00+00:00","dateModified":"2024-03-22T16:04:43+00:00","breadcrumb":{"@id":"https:\/\/surysaray.com\/producto\/coola-rosilliance-bb-sunscreen-spf-30\/#breadcrumb"},"inLanguage":"en-US","potentialAction":[{"@type":"ReadAction","target":["https:\/\/surysaray.com\/producto\/coola-rosilliance-bb-sunscreen-spf-30\/"]}]},{"@type":"BreadcrumbList","@id":"https:\/\/surysaray.com\/producto\/coola-rosilliance-bb-sunscreen-spf-30\/#breadcrumb","itemListElement":[{"@type":"ListItem","position":1,"name":"Portada","item":"https:\/\/surysaray.com\/en\/"},{"@type":"ListItem","position":2,"name":"Shop","item":"https:\/\/surysaray.com\/online-shop\/"},{"@type":"ListItem","position":3,"name":"Rosilliance BB + Sunscreen SPF 30 44ml"}]},{"@type":"WebSite","@id":"https:\/\/surysaray.com\/#website","url":"https:\/\/surysaray.com\/","name":"Sury Saray","description":"","potentialAction":[{"@type":"SearchAction","target":{"@type":"EntryPoint","urlTemplate":"https:\/\/surysaray.com\/?s={search_term_string}"},"query-input":"required name=search_term_string"}],"inLanguage":"en-US"}]}},"_links":{"self":[{"href":"https:\/\/surysaray.com\/en\/wp-json\/wp\/v3\/product\/17084"}],"collection":[{"href":"https:\/\/surysaray.com\/en\/wp-json\/wp\/v3\/product"}],"about":[{"href":"https:\/\/surysaray.com\/en\/wp-json\/wp\/v2\/types\/product"}],"wp:featuredmedia":[{"embeddable":true,"href":"https:\/\/surysaray.com\/en\/wp-json\/wp\/v2\/media\/14741"}],"wp:attachment":[{"href":"https:\/\/surysaray.com\/en\/wp-json\/wp\/v2\/media?parent=17084"}],"wp:term":[{"taxonomy":"product_cat","embeddable":true,"href":"https:\/\/surysaray.com\/en\/wp-json\/wp\/v2\/product_cat?post=17084"},{"taxonomy":"product_tag","embeddable":true,"href":"https:\/\/surysaray.com\/en\/wp-json\/wp\/v2\/product_tag?post=17084"}],"curies":[{"name":"wp","href":"https:\/\/api.w.org\/{rel}","templated":true}]}}