{"id":17069,"date":"2024-03-22T13:34:10","date_gmt":"2024-03-22T12:34:10","guid":{"rendered":"https:\/\/surysaray.com\/?post_type=product&#038;p=17069"},"modified":"2024-03-22T14:53:19","modified_gmt":"2024-03-22T13:53:19","slug":"serovance-galletas-frolini-de-avellanas-y-chocolate-5-unidades","status":"publish","type":"product","link":"https:\/\/surysaray.com\/en\/producto\/serovance-galletas-frolini-de-avellanas-y-chocolate-5-unidades\/","title":{"rendered":"Serovance Galletas Frolini de avellanas y chocolate ( 5 unidades)"},"content":{"rendered":"","protected":false},"excerpt":{"rendered":"<p>Dulce galleta sabor avellanas con base de chocolate.<\/p>\n<p>Ideal para comer por la tarde &#8211; noche por su aporte controlado de Tript\u00f3fano.<\/p>\n<p>Fundamental para la saciedad y la correcta regulaci\u00f3n del sue\u00f1o.<\/p>\n<p><strong>Preparaci\u00f3n alimenticia en forma de galletita sabor avellanas con base de chocolate con maltitol, fuente de tript\u00f3fano.<\/strong><br \/>\nCon edulcorante. Sin gluten.<\/p>\n<p>\u2022 Alto contenido de prote\u00ednas<br \/>\n\u2022 Alto contenido de fibra<br \/>\n\u2022 Bajo contenido de az\u00facar<\/p>\n","protected":false},"featured_media":17072,"template":"","meta":{"_joinchat":[]},"product_cat":[701,545,595,660,542],"product_tag":[],"yoast_head":"<!-- This site is optimized with the Yoast SEO plugin v20.2.1 - https:\/\/yoast.com\/wordpress\/plugins\/seo\/ -->\n<title>Serovance Galletas Frolini de avellanas y chocolate ( 5 unidades) - Sury Saray<\/title>\n<meta name=\"robots\" content=\"noindex, follow\" \/>\n<meta property=\"og:locale\" content=\"en_US\" \/>\n<meta property=\"og:type\" content=\"article\" \/>\n<meta property=\"og:title\" content=\"Serovance Galletas Frolini de avellanas y chocolate ( 5 unidades) - Sury Saray\" \/>\n<meta property=\"og:description\" content=\"Dulce galleta sabor avellanas con base de chocolate.  Ideal para comer por la tarde - noche por su aporte controlado de Tript\u00f3fano.  Fundamental para la saciedad y la correcta regulaci\u00f3n del sue\u00f1o.  Preparaci\u00f3n alimenticia en forma de galletita sabor avellanas con base de chocolate con maltitol, fuente de tript\u00f3fano. Con edulcorante. Sin gluten.  \u2022 Alto contenido de prote\u00ednas \u2022 Alto contenido de fibra \u2022 Bajo contenido de az\u00facar\" \/>\n<meta property=\"og:url\" content=\"https:\/\/surysaray.com\/en\/producto\/serovance-galletas-frolini-de-avellanas-y-chocolate-5-unidades\/\" \/>\n<meta property=\"og:site_name\" content=\"Sury Saray\" \/>\n<meta property=\"article:modified_time\" content=\"2024-03-22T13:53:19+00:00\" \/>\n<meta property=\"og:image\" content=\"https:\/\/surysaray.com\/wp-content\/uploads\/2024\/03\/frolini-avellana-y-choco.png\" \/>\n\t<meta property=\"og:image:width\" content=\"800\" \/>\n\t<meta property=\"og:image:height\" content=\"800\" \/>\n\t<meta property=\"og:image:type\" content=\"image\/png\" \/>\n<meta name=\"twitter:card\" content=\"summary_large_image\" \/>\n<script type=\"application\/ld+json\" class=\"yoast-schema-graph\">{\"@context\":\"https:\/\/schema.org\",\"@graph\":[{\"@type\":\"WebPage\",\"@id\":\"https:\/\/surysaray.com\/en\/producto\/serovance-galletas-frolini-de-avellanas-y-chocolate-5-unidades\/\",\"url\":\"https:\/\/surysaray.com\/en\/producto\/serovance-galletas-frolini-de-avellanas-y-chocolate-5-unidades\/\",\"name\":\"Serovance Galletas Frolini de avellanas y chocolate ( 5 unidades) - Sury Saray\",\"isPartOf\":{\"@id\":\"https:\/\/surysaray.com\/#website\"},\"datePublished\":\"2024-03-22T12:34:10+00:00\",\"dateModified\":\"2024-03-22T13:53:19+00:00\",\"breadcrumb\":{\"@id\":\"https:\/\/surysaray.com\/en\/producto\/serovance-galletas-frolini-de-avellanas-y-chocolate-5-unidades\/#breadcrumb\"},\"inLanguage\":\"en-US\",\"potentialAction\":[{\"@type\":\"ReadAction\",\"target\":[\"https:\/\/surysaray.com\/en\/producto\/serovance-galletas-frolini-de-avellanas-y-chocolate-5-unidades\/\"]}]},{\"@type\":\"BreadcrumbList\",\"@id\":\"https:\/\/surysaray.com\/en\/producto\/serovance-galletas-frolini-de-avellanas-y-chocolate-5-unidades\/#breadcrumb\",\"itemListElement\":[{\"@type\":\"ListItem\",\"position\":1,\"name\":\"Portada\",\"item\":\"https:\/\/surysaray.com\/en\/\"},{\"@type\":\"ListItem\",\"position\":2,\"name\":\"Shop\",\"item\":\"https:\/\/surysaray.com\/online-shop\/\"},{\"@type\":\"ListItem\",\"position\":3,\"name\":\"Serovance Galletas Frolini de avellanas y chocolate ( 5 unidades)\"}]},{\"@type\":\"WebSite\",\"@id\":\"https:\/\/surysaray.com\/#website\",\"url\":\"https:\/\/surysaray.com\/\",\"name\":\"Sury Saray\",\"description\":\"\",\"potentialAction\":[{\"@type\":\"SearchAction\",\"target\":{\"@type\":\"EntryPoint\",\"urlTemplate\":\"https:\/\/surysaray.com\/?s={search_term_string}\"},\"query-input\":\"required name=search_term_string\"}],\"inLanguage\":\"en-US\"}]}<\/script>\n<!-- \/ Yoast SEO plugin. -->","yoast_head_json":{"title":"Serovance Galletas Frolini de avellanas y chocolate ( 5 unidades) - Sury Saray","robots":{"index":"noindex","follow":"follow"},"og_locale":"en_US","og_type":"article","og_title":"Serovance Galletas Frolini de avellanas y chocolate ( 5 unidades) - Sury Saray","og_description":"Dulce galleta sabor avellanas con base de chocolate.  Ideal para comer por la tarde - noche por su aporte controlado de Tript\u00f3fano.  Fundamental para la saciedad y la correcta regulaci\u00f3n del sue\u00f1o.  Preparaci\u00f3n alimenticia en forma de galletita sabor avellanas con base de chocolate con maltitol, fuente de tript\u00f3fano. Con edulcorante. Sin gluten.  \u2022 Alto contenido de prote\u00ednas \u2022 Alto contenido de fibra \u2022 Bajo contenido de az\u00facar","og_url":"https:\/\/surysaray.com\/en\/producto\/serovance-galletas-frolini-de-avellanas-y-chocolate-5-unidades\/","og_site_name":"Sury Saray","article_modified_time":"2024-03-22T13:53:19+00:00","og_image":[{"width":800,"height":800,"url":"https:\/\/surysaray.com\/wp-content\/uploads\/2024\/03\/frolini-avellana-y-choco.png","type":"image\/png"}],"twitter_card":"summary_large_image","schema":{"@context":"https:\/\/schema.org","@graph":[{"@type":"WebPage","@id":"https:\/\/surysaray.com\/en\/producto\/serovance-galletas-frolini-de-avellanas-y-chocolate-5-unidades\/","url":"https:\/\/surysaray.com\/en\/producto\/serovance-galletas-frolini-de-avellanas-y-chocolate-5-unidades\/","name":"Serovance Galletas Frolini de avellanas y chocolate ( 5 unidades) - Sury Saray","isPartOf":{"@id":"https:\/\/surysaray.com\/#website"},"datePublished":"2024-03-22T12:34:10+00:00","dateModified":"2024-03-22T13:53:19+00:00","breadcrumb":{"@id":"https:\/\/surysaray.com\/en\/producto\/serovance-galletas-frolini-de-avellanas-y-chocolate-5-unidades\/#breadcrumb"},"inLanguage":"en-US","potentialAction":[{"@type":"ReadAction","target":["https:\/\/surysaray.com\/en\/producto\/serovance-galletas-frolini-de-avellanas-y-chocolate-5-unidades\/"]}]},{"@type":"BreadcrumbList","@id":"https:\/\/surysaray.com\/en\/producto\/serovance-galletas-frolini-de-avellanas-y-chocolate-5-unidades\/#breadcrumb","itemListElement":[{"@type":"ListItem","position":1,"name":"Portada","item":"https:\/\/surysaray.com\/en\/"},{"@type":"ListItem","position":2,"name":"Shop","item":"https:\/\/surysaray.com\/online-shop\/"},{"@type":"ListItem","position":3,"name":"Serovance Galletas Frolini de avellanas y chocolate ( 5 unidades)"}]},{"@type":"WebSite","@id":"https:\/\/surysaray.com\/#website","url":"https:\/\/surysaray.com\/","name":"Sury Saray","description":"","potentialAction":[{"@type":"SearchAction","target":{"@type":"EntryPoint","urlTemplate":"https:\/\/surysaray.com\/?s={search_term_string}"},"query-input":"required name=search_term_string"}],"inLanguage":"en-US"}]}},"_links":{"self":[{"href":"https:\/\/surysaray.com\/en\/wp-json\/wp\/v3\/product\/17069"}],"collection":[{"href":"https:\/\/surysaray.com\/en\/wp-json\/wp\/v3\/product"}],"about":[{"href":"https:\/\/surysaray.com\/en\/wp-json\/wp\/v2\/types\/product"}],"wp:featuredmedia":[{"embeddable":true,"href":"https:\/\/surysaray.com\/en\/wp-json\/wp\/v2\/media\/17072"}],"wp:attachment":[{"href":"https:\/\/surysaray.com\/en\/wp-json\/wp\/v2\/media?parent=17069"}],"wp:term":[{"taxonomy":"product_cat","embeddable":true,"href":"https:\/\/surysaray.com\/en\/wp-json\/wp\/v2\/product_cat?post=17069"},{"taxonomy":"product_tag","embeddable":true,"href":"https:\/\/surysaray.com\/en\/wp-json\/wp\/v2\/product_tag?post=17069"}],"curies":[{"name":"wp","href":"https:\/\/api.w.org\/{rel}","templated":true}]}}