{"id":17059,"date":"2024-03-22T13:28:41","date_gmt":"2024-03-22T12:28:41","guid":{"rendered":"https:\/\/surysaray.com\/?post_type=product&#038;p=17059"},"modified":"2024-03-22T14:51:04","modified_gmt":"2024-03-22T13:51:04","slug":"dynovance-bebida-capuccino-5-sobres","status":"publish","type":"product","link":"https:\/\/surysaray.com\/en\/producto\/dynovance-bebida-capuccino-5-sobres\/","title":{"rendered":"Dynovance bebida Capuccino (5 sobres)"},"content":{"rendered":"","protected":false},"excerpt":{"rendered":"<p>Suave bebida sabor a caf\u00e9 y chocolate.<\/p>\n<p>Ideal para tomar por la ma\u00f1ana por su aporte controlado de Tirosina<br \/>\nPotencia la actividad f\u00edsica e intelectual diaria<\/p>\n<p><strong>Preparaci\u00f3n en polvo para reconstituir una Bebida de Cappuccino, fuente de \u00a0tirosina y vitamina A, D, E, C, B1, B2, B3, B5, B6, B9, B12 y B8.<\/strong><br \/>\nCon edulcorante \u2013 Con Cafe\u00edna<\/p>\n<p>\u2022 Alto contenido de prote\u00ednas<br \/>\n\u2022 Bajo contenido de az\u00facar<\/p>\n<p>Modo de uso:<\/p>\n<p>Verter el contenido de un sobre en 200 ml de agua, mezclar en el shaker y calentar 1 minuto en el microondas si lo desea. Degustar.<br \/>\n\u2022 Fuente de vitaminas A, D, E, C, B1, B2, B3, B5, B6, B9, B12 y B8.<\/p>\n","protected":false},"featured_media":17062,"template":"","meta":{"_joinchat":[]},"product_cat":[701,545,595,660,542],"product_tag":[],"yoast_head":"<!-- This site is optimized with the Yoast SEO plugin v20.2.1 - https:\/\/yoast.com\/wordpress\/plugins\/seo\/ -->\n<title>Dynovance bebida Capuccino (5 sobres) - Sury Saray<\/title>\n<meta name=\"robots\" content=\"noindex, follow\" \/>\n<meta property=\"og:locale\" content=\"en_US\" \/>\n<meta property=\"og:type\" content=\"article\" \/>\n<meta property=\"og:title\" content=\"Dynovance bebida Capuccino (5 sobres) - Sury Saray\" \/>\n<meta property=\"og:description\" content=\"Suave bebida sabor a caf\u00e9 y chocolate.  Ideal para tomar por la ma\u00f1ana por su aporte controlado de Tirosina Potencia la actividad f\u00edsica e intelectual diaria  Preparaci\u00f3n en polvo para reconstituir una Bebida de Cappuccino, fuente de \u00a0tirosina y vitamina A, D, E, C, B1, B2, B3, B5, B6, B9, B12 y B8. Con edulcorante \u2013 Con Cafe\u00edna  \u2022 Alto contenido de prote\u00ednas \u2022 Bajo contenido de az\u00facar  Modo de uso:  Verter el contenido de un sobre en 200 ml de agua, mezclar en el shaker y calentar 1 minuto en el microondas si lo desea. Degustar. \u2022 Fuente de vitaminas A, D, E, C, B1, B2, B3, B5, B6, B9, B12 y B8.\" \/>\n<meta property=\"og:url\" content=\"https:\/\/surysaray.com\/en\/producto\/dynovance-bebida-capuccino-5-sobres\/\" \/>\n<meta property=\"og:site_name\" content=\"Sury Saray\" \/>\n<meta property=\"article:modified_time\" content=\"2024-03-22T13:51:04+00:00\" \/>\n<meta property=\"og:image\" content=\"https:\/\/surysaray.com\/wp-content\/uploads\/2024\/03\/bebdida-capuccino.png\" \/>\n\t<meta property=\"og:image:width\" content=\"800\" \/>\n\t<meta property=\"og:image:height\" content=\"800\" \/>\n\t<meta property=\"og:image:type\" content=\"image\/png\" \/>\n<meta name=\"twitter:card\" content=\"summary_large_image\" \/>\n<script type=\"application\/ld+json\" class=\"yoast-schema-graph\">{\"@context\":\"https:\/\/schema.org\",\"@graph\":[{\"@type\":\"WebPage\",\"@id\":\"https:\/\/surysaray.com\/en\/producto\/dynovance-bebida-capuccino-5-sobres\/\",\"url\":\"https:\/\/surysaray.com\/en\/producto\/dynovance-bebida-capuccino-5-sobres\/\",\"name\":\"Dynovance bebida Capuccino (5 sobres) - Sury Saray\",\"isPartOf\":{\"@id\":\"https:\/\/surysaray.com\/#website\"},\"datePublished\":\"2024-03-22T12:28:41+00:00\",\"dateModified\":\"2024-03-22T13:51:04+00:00\",\"breadcrumb\":{\"@id\":\"https:\/\/surysaray.com\/en\/producto\/dynovance-bebida-capuccino-5-sobres\/#breadcrumb\"},\"inLanguage\":\"en-US\",\"potentialAction\":[{\"@type\":\"ReadAction\",\"target\":[\"https:\/\/surysaray.com\/en\/producto\/dynovance-bebida-capuccino-5-sobres\/\"]}]},{\"@type\":\"BreadcrumbList\",\"@id\":\"https:\/\/surysaray.com\/en\/producto\/dynovance-bebida-capuccino-5-sobres\/#breadcrumb\",\"itemListElement\":[{\"@type\":\"ListItem\",\"position\":1,\"name\":\"Portada\",\"item\":\"https:\/\/surysaray.com\/en\/\"},{\"@type\":\"ListItem\",\"position\":2,\"name\":\"Shop\",\"item\":\"https:\/\/surysaray.com\/online-shop\/\"},{\"@type\":\"ListItem\",\"position\":3,\"name\":\"Dynovance bebida Capuccino (5 sobres)\"}]},{\"@type\":\"WebSite\",\"@id\":\"https:\/\/surysaray.com\/#website\",\"url\":\"https:\/\/surysaray.com\/\",\"name\":\"Sury Saray\",\"description\":\"\",\"potentialAction\":[{\"@type\":\"SearchAction\",\"target\":{\"@type\":\"EntryPoint\",\"urlTemplate\":\"https:\/\/surysaray.com\/?s={search_term_string}\"},\"query-input\":\"required name=search_term_string\"}],\"inLanguage\":\"en-US\"}]}<\/script>\n<!-- \/ Yoast SEO plugin. -->","yoast_head_json":{"title":"Dynovance bebida Capuccino (5 sobres) - Sury Saray","robots":{"index":"noindex","follow":"follow"},"og_locale":"en_US","og_type":"article","og_title":"Dynovance bebida Capuccino (5 sobres) - Sury Saray","og_description":"Suave bebida sabor a caf\u00e9 y chocolate.  Ideal para tomar por la ma\u00f1ana por su aporte controlado de Tirosina Potencia la actividad f\u00edsica e intelectual diaria  Preparaci\u00f3n en polvo para reconstituir una Bebida de Cappuccino, fuente de \u00a0tirosina y vitamina A, D, E, C, B1, B2, B3, B5, B6, B9, B12 y B8. Con edulcorante \u2013 Con Cafe\u00edna  \u2022 Alto contenido de prote\u00ednas \u2022 Bajo contenido de az\u00facar  Modo de uso:  Verter el contenido de un sobre en 200 ml de agua, mezclar en el shaker y calentar 1 minuto en el microondas si lo desea. Degustar. \u2022 Fuente de vitaminas A, D, E, C, B1, B2, B3, B5, B6, B9, B12 y B8.","og_url":"https:\/\/surysaray.com\/en\/producto\/dynovance-bebida-capuccino-5-sobres\/","og_site_name":"Sury Saray","article_modified_time":"2024-03-22T13:51:04+00:00","og_image":[{"width":800,"height":800,"url":"https:\/\/surysaray.com\/wp-content\/uploads\/2024\/03\/bebdida-capuccino.png","type":"image\/png"}],"twitter_card":"summary_large_image","schema":{"@context":"https:\/\/schema.org","@graph":[{"@type":"WebPage","@id":"https:\/\/surysaray.com\/en\/producto\/dynovance-bebida-capuccino-5-sobres\/","url":"https:\/\/surysaray.com\/en\/producto\/dynovance-bebida-capuccino-5-sobres\/","name":"Dynovance bebida Capuccino (5 sobres) - Sury Saray","isPartOf":{"@id":"https:\/\/surysaray.com\/#website"},"datePublished":"2024-03-22T12:28:41+00:00","dateModified":"2024-03-22T13:51:04+00:00","breadcrumb":{"@id":"https:\/\/surysaray.com\/en\/producto\/dynovance-bebida-capuccino-5-sobres\/#breadcrumb"},"inLanguage":"en-US","potentialAction":[{"@type":"ReadAction","target":["https:\/\/surysaray.com\/en\/producto\/dynovance-bebida-capuccino-5-sobres\/"]}]},{"@type":"BreadcrumbList","@id":"https:\/\/surysaray.com\/en\/producto\/dynovance-bebida-capuccino-5-sobres\/#breadcrumb","itemListElement":[{"@type":"ListItem","position":1,"name":"Portada","item":"https:\/\/surysaray.com\/en\/"},{"@type":"ListItem","position":2,"name":"Shop","item":"https:\/\/surysaray.com\/online-shop\/"},{"@type":"ListItem","position":3,"name":"Dynovance bebida Capuccino (5 sobres)"}]},{"@type":"WebSite","@id":"https:\/\/surysaray.com\/#website","url":"https:\/\/surysaray.com\/","name":"Sury Saray","description":"","potentialAction":[{"@type":"SearchAction","target":{"@type":"EntryPoint","urlTemplate":"https:\/\/surysaray.com\/?s={search_term_string}"},"query-input":"required name=search_term_string"}],"inLanguage":"en-US"}]}},"_links":{"self":[{"href":"https:\/\/surysaray.com\/en\/wp-json\/wp\/v3\/product\/17059"}],"collection":[{"href":"https:\/\/surysaray.com\/en\/wp-json\/wp\/v3\/product"}],"about":[{"href":"https:\/\/surysaray.com\/en\/wp-json\/wp\/v2\/types\/product"}],"wp:featuredmedia":[{"embeddable":true,"href":"https:\/\/surysaray.com\/en\/wp-json\/wp\/v2\/media\/17062"}],"wp:attachment":[{"href":"https:\/\/surysaray.com\/en\/wp-json\/wp\/v2\/media?parent=17059"}],"wp:term":[{"taxonomy":"product_cat","embeddable":true,"href":"https:\/\/surysaray.com\/en\/wp-json\/wp\/v2\/product_cat?post=17059"},{"taxonomy":"product_tag","embeddable":true,"href":"https:\/\/surysaray.com\/en\/wp-json\/wp\/v2\/product_tag?post=17059"}],"curies":[{"name":"wp","href":"https:\/\/api.w.org\/{rel}","templated":true}]}}