{"id":17014,"date":"2024-03-22T12:23:12","date_gmt":"2024-03-22T11:23:12","guid":{"rendered":"https:\/\/surysaray.com\/?post_type=product&#038;p=17014"},"modified":"2024-03-22T13:09:03","modified_gmt":"2024-03-22T12:09:03","slug":"vita-c-20-sobres","status":"publish","type":"product","link":"https:\/\/surysaray.com\/en\/producto\/vita-c-20-sobres\/","title":{"rendered":"Vita C (20 sobres)"},"content":{"rendered":"","protected":false},"excerpt":{"rendered":"<div class=\"primeraFila\">\n<div class=\"row\">\n<div class=\"col-md-12\">\n<div class=\"descrpCorta\">\n<h5>Fatiga, inmunidad, antioxidante<\/h5>\n<\/div>\n<div>Complemento alimenticio en polvo a base de vitamina C y antioxidantes de extractos de plantas. Con az\u00facar y edulcorante (stevia)<\/div>\n<\/div>\n<\/div>\n<\/div>\n<div class=\"segundaFila\">\n<div class=\"bloqueDescripcion\">\n<p>La vitamina C interviene en numerosas funciones del organismo. Por ejemplo, la vitamina C ayuda a disminuir el cansancio y la fatiga, contribuye al funcionamiento normal del sistema inmunitario, contribuye a la protecci\u00f3n de las c\u00e9lulas frente al da\u00f1o oxidativo,&#8230;<br \/>\n<strong>Inovance VITA C+<\/strong>\u00a0se caracteriza por sus 500 mg de vitamina C combinados con extractos vegetales naturales compuestos por polifenoles para una acci\u00f3n antioxidante y protectora de nuestras c\u00e9lulas.<\/p>\n<ul>\n<li>Apto para VEGANOS<\/li>\n<li>Aroma natural de frutos rojos<\/li>\n<li>Sobre opaco con efecto barrera protectora.<\/li>\n<li>Oxxynea\u00ae Dtx = 100% seguro \u2013 nueva composici\u00f3n con 9 extractos de plantas y frutas \u2013 Made in France<\/li>\n<\/ul>\n<p>&nbsp;<\/p>\n<ul>\n<li><strong>Por 1 sobre al d\u00eda:<\/strong><br \/>\n&#8211; Vitamina C: 500 mg (625%*)- Mezcla de extractos de vegetales: 100 mg, de los cuales:<\/p>\n<p>Extracto de hoja de olivo: 25 mg<br \/>\nExtracto de semilla de uva: 17,5 mg<br \/>\nExtracto de fruto de granada: 15 mg<br \/>\nExtracto de hoja de t\u00e9 verde: 13 mg<br \/>\nExtracto de fruto de pomelo: 8,0 mg<br \/>\nExtracto de fruto de ar\u00e1ndano: 7,5 mg<br \/>\nExtracto de orujo de uva: 5,0 mg<br \/>\nExtracto de fruto de uva roja: 5,0 mg<br \/>\nExtracto de fruto de naranja: 4,0 mg<\/li>\n<\/ul>\n<p><strong>De 1 a 2 sobres al d\u00eda<\/strong>\u00a0(preferentemente por la ma\u00f1ana).<\/p>\n<p><strong><em>Modo de preparaci\u00f3n:\u00a0<\/em><\/strong><em>Abrir el sobre y mezclar el polvo en 100 \u2013 150 ml de agua (un vaso grande de agua) hasta que se disuelva por completo. Consumir inmediatamente.<\/em><\/p>\n<p><em>&#8211; No superar la dosis diaria expresamente recomendada.<br \/>\n&#8211; Mantener fuera del alcance de los ni\u00f1os m\u00e1s peque\u00f1os.<br \/>\n&#8211; Los complementos alimenticios no deben utilizarse como sustituto de una dieta equilibrada.<br \/>\n&#8211; Es importante llevar una dieta variada y equilibrada y un estilo de vida saludable.<br \/>\n&#8211; Contiene t\u00e9 verde: 7,15 mg de EGCG por porci\u00f3n de 3,0 g (no debe consumirse una cantidad diaria de 800 mg o m\u00e1s de EGCG). No debe consumirse si ya se consumen en el mismo d\u00eda otros productos que contengan t\u00e9 verde. No debe ser consumido por mujeres embarazadas o en per\u00edodo de lactancia, ni por menores de 18 a\u00f1os. Tampoco debe tomarse con el est\u00f3mago vac\u00edo.<\/em><\/p>\n<\/div>\n<\/div>\n","protected":false},"featured_media":17017,"template":"","meta":{"_joinchat":[]},"product_cat":[695,545,595,660,542],"product_tag":[],"yoast_head":"<!-- This site is optimized with the Yoast SEO plugin v20.2.1 - https:\/\/yoast.com\/wordpress\/plugins\/seo\/ -->\n<title>Vita C (20 sobres) - Sury Saray<\/title>\n<meta name=\"robots\" content=\"noindex, follow\" \/>\n<meta property=\"og:locale\" content=\"en_US\" \/>\n<meta property=\"og:type\" content=\"article\" \/>\n<meta property=\"og:title\" content=\"Vita C (20 sobres) - Sury Saray\" \/>\n<meta property=\"og:description\" content=\"Fatiga, inmunidad, antioxidante  Complemento alimenticio en polvo a base de vitamina C y antioxidantes de extractos de plantas. Con az\u00facar y edulcorante (stevia)       La vitamina C interviene en numerosas funciones del organismo. Por ejemplo, la vitamina C ayuda a disminuir el cansancio y la fatiga, contribuye al funcionamiento normal del sistema inmunitario, contribuye a la protecci\u00f3n de las c\u00e9lulas frente al da\u00f1o oxidativo,... Inovance VITA C+\u00a0se caracteriza por sus 500 mg de vitamina C combinados con extractos vegetales naturales compuestos por polifenoles para una acci\u00f3n antioxidante y protectora de nuestras c\u00e9lulas.   Apto para VEGANOS  Aroma natural de frutos rojos  Sobre opaco con efecto barrera protectora.  Oxxynea\u00ae Dtx = 100% seguro \u2013 nueva composici\u00f3n con 9 extractos de plantas y frutas \u2013 Made in France  &nbsp;   Por 1 sobre al d\u00eda: - Vitamina C: 500 mg (625%*)- Mezcla de extractos de vegetales: 100 mg, de los cuales:  Extracto de hoja de olivo: 25 mg Extracto de semilla de uva: 17,5 mg Extracto de fruto de granada: 15 mg Extracto de hoja de t\u00e9 verde: 13 mg Extracto de fruto de pomelo: 8,0 mg Extracto de fruto de ar\u00e1ndano: 7,5 mg Extracto de orujo de uva: 5,0 mg Extracto de fruto de uva roja: 5,0 mg Extracto de fruto de naranja: 4,0 mg  De 1 a 2 sobres al d\u00eda\u00a0(preferentemente por la ma\u00f1ana).  Modo de preparaci\u00f3n:\u00a0Abrir el sobre y mezclar el polvo en 100 \u2013 150 ml de agua (un vaso grande de agua) hasta que se disuelva por completo. Consumir inmediatamente.  - No superar la dosis diaria expresamente recomendada. - Mantener fuera del alcance de los ni\u00f1os m\u00e1s peque\u00f1os. - Los complementos alimenticios no deben utilizarse como sustituto de una dieta equilibrada. - Es importante llevar una dieta variada y equilibrada y un estilo de vida saludable. - Contiene t\u00e9 verde: 7,15 mg de EGCG por porci\u00f3n de 3,0 g (no debe consumirse una cantidad diaria de 800 mg o m\u00e1s de EGCG). No debe consumirse si ya se consumen en el mismo d\u00eda otros productos que contengan t\u00e9 verde. No debe ser consumido por mujeres embarazadas o en per\u00edodo de lactancia, ni por menores de 18 a\u00f1os. Tampoco debe tomarse con el est\u00f3mago vac\u00edo.\" \/>\n<meta property=\"og:url\" content=\"https:\/\/surysaray.com\/producto\/vita-c-20-sobres\/\" \/>\n<meta property=\"og:site_name\" content=\"Sury Saray\" \/>\n<meta property=\"article:modified_time\" content=\"2024-03-22T12:09:03+00:00\" \/>\n<meta property=\"og:image\" content=\"https:\/\/surysaray.com\/wp-content\/uploads\/2024\/03\/vita-c.png\" \/>\n\t<meta property=\"og:image:width\" content=\"800\" \/>\n\t<meta property=\"og:image:height\" content=\"800\" \/>\n\t<meta property=\"og:image:type\" content=\"image\/png\" \/>\n<meta name=\"twitter:card\" content=\"summary_large_image\" \/>\n<script type=\"application\/ld+json\" class=\"yoast-schema-graph\">{\"@context\":\"https:\/\/schema.org\",\"@graph\":[{\"@type\":\"WebPage\",\"@id\":\"https:\/\/surysaray.com\/producto\/vita-c-20-sobres\/\",\"url\":\"https:\/\/surysaray.com\/producto\/vita-c-20-sobres\/\",\"name\":\"Vita C (20 sobres) - Sury Saray\",\"isPartOf\":{\"@id\":\"https:\/\/surysaray.com\/#website\"},\"datePublished\":\"2024-03-22T11:23:12+00:00\",\"dateModified\":\"2024-03-22T12:09:03+00:00\",\"breadcrumb\":{\"@id\":\"https:\/\/surysaray.com\/producto\/vita-c-20-sobres\/#breadcrumb\"},\"inLanguage\":\"en-US\",\"potentialAction\":[{\"@type\":\"ReadAction\",\"target\":[\"https:\/\/surysaray.com\/producto\/vita-c-20-sobres\/\"]}]},{\"@type\":\"BreadcrumbList\",\"@id\":\"https:\/\/surysaray.com\/producto\/vita-c-20-sobres\/#breadcrumb\",\"itemListElement\":[{\"@type\":\"ListItem\",\"position\":1,\"name\":\"Portada\",\"item\":\"https:\/\/surysaray.com\/en\/\"},{\"@type\":\"ListItem\",\"position\":2,\"name\":\"Shop\",\"item\":\"https:\/\/surysaray.com\/online-shop\/\"},{\"@type\":\"ListItem\",\"position\":3,\"name\":\"Vita C (20 sobres)\"}]},{\"@type\":\"WebSite\",\"@id\":\"https:\/\/surysaray.com\/#website\",\"url\":\"https:\/\/surysaray.com\/\",\"name\":\"Sury Saray\",\"description\":\"\",\"potentialAction\":[{\"@type\":\"SearchAction\",\"target\":{\"@type\":\"EntryPoint\",\"urlTemplate\":\"https:\/\/surysaray.com\/?s={search_term_string}\"},\"query-input\":\"required name=search_term_string\"}],\"inLanguage\":\"en-US\"}]}<\/script>\n<!-- \/ Yoast SEO plugin. -->","yoast_head_json":{"title":"Vita C (20 sobres) - Sury Saray","robots":{"index":"noindex","follow":"follow"},"og_locale":"en_US","og_type":"article","og_title":"Vita C (20 sobres) - Sury Saray","og_description":"Fatiga, inmunidad, antioxidante  Complemento alimenticio en polvo a base de vitamina C y antioxidantes de extractos de plantas. Con az\u00facar y edulcorante (stevia)       La vitamina C interviene en numerosas funciones del organismo. Por ejemplo, la vitamina C ayuda a disminuir el cansancio y la fatiga, contribuye al funcionamiento normal del sistema inmunitario, contribuye a la protecci\u00f3n de las c\u00e9lulas frente al da\u00f1o oxidativo,... Inovance VITA C+\u00a0se caracteriza por sus 500 mg de vitamina C combinados con extractos vegetales naturales compuestos por polifenoles para una acci\u00f3n antioxidante y protectora de nuestras c\u00e9lulas.   Apto para VEGANOS  Aroma natural de frutos rojos  Sobre opaco con efecto barrera protectora.  Oxxynea\u00ae Dtx = 100% seguro \u2013 nueva composici\u00f3n con 9 extractos de plantas y frutas \u2013 Made in France  &nbsp;   Por 1 sobre al d\u00eda: - Vitamina C: 500 mg (625%*)- Mezcla de extractos de vegetales: 100 mg, de los cuales:  Extracto de hoja de olivo: 25 mg Extracto de semilla de uva: 17,5 mg Extracto de fruto de granada: 15 mg Extracto de hoja de t\u00e9 verde: 13 mg Extracto de fruto de pomelo: 8,0 mg Extracto de fruto de ar\u00e1ndano: 7,5 mg Extracto de orujo de uva: 5,0 mg Extracto de fruto de uva roja: 5,0 mg Extracto de fruto de naranja: 4,0 mg  De 1 a 2 sobres al d\u00eda\u00a0(preferentemente por la ma\u00f1ana).  Modo de preparaci\u00f3n:\u00a0Abrir el sobre y mezclar el polvo en 100 \u2013 150 ml de agua (un vaso grande de agua) hasta que se disuelva por completo. Consumir inmediatamente.  - No superar la dosis diaria expresamente recomendada. - Mantener fuera del alcance de los ni\u00f1os m\u00e1s peque\u00f1os. - Los complementos alimenticios no deben utilizarse como sustituto de una dieta equilibrada. - Es importante llevar una dieta variada y equilibrada y un estilo de vida saludable. - Contiene t\u00e9 verde: 7,15 mg de EGCG por porci\u00f3n de 3,0 g (no debe consumirse una cantidad diaria de 800 mg o m\u00e1s de EGCG). No debe consumirse si ya se consumen en el mismo d\u00eda otros productos que contengan t\u00e9 verde. No debe ser consumido por mujeres embarazadas o en per\u00edodo de lactancia, ni por menores de 18 a\u00f1os. Tampoco debe tomarse con el est\u00f3mago vac\u00edo.","og_url":"https:\/\/surysaray.com\/producto\/vita-c-20-sobres\/","og_site_name":"Sury Saray","article_modified_time":"2024-03-22T12:09:03+00:00","og_image":[{"width":800,"height":800,"url":"https:\/\/surysaray.com\/wp-content\/uploads\/2024\/03\/vita-c.png","type":"image\/png"}],"twitter_card":"summary_large_image","schema":{"@context":"https:\/\/schema.org","@graph":[{"@type":"WebPage","@id":"https:\/\/surysaray.com\/producto\/vita-c-20-sobres\/","url":"https:\/\/surysaray.com\/producto\/vita-c-20-sobres\/","name":"Vita C (20 sobres) - Sury Saray","isPartOf":{"@id":"https:\/\/surysaray.com\/#website"},"datePublished":"2024-03-22T11:23:12+00:00","dateModified":"2024-03-22T12:09:03+00:00","breadcrumb":{"@id":"https:\/\/surysaray.com\/producto\/vita-c-20-sobres\/#breadcrumb"},"inLanguage":"en-US","potentialAction":[{"@type":"ReadAction","target":["https:\/\/surysaray.com\/producto\/vita-c-20-sobres\/"]}]},{"@type":"BreadcrumbList","@id":"https:\/\/surysaray.com\/producto\/vita-c-20-sobres\/#breadcrumb","itemListElement":[{"@type":"ListItem","position":1,"name":"Portada","item":"https:\/\/surysaray.com\/en\/"},{"@type":"ListItem","position":2,"name":"Shop","item":"https:\/\/surysaray.com\/online-shop\/"},{"@type":"ListItem","position":3,"name":"Vita C (20 sobres)"}]},{"@type":"WebSite","@id":"https:\/\/surysaray.com\/#website","url":"https:\/\/surysaray.com\/","name":"Sury Saray","description":"","potentialAction":[{"@type":"SearchAction","target":{"@type":"EntryPoint","urlTemplate":"https:\/\/surysaray.com\/?s={search_term_string}"},"query-input":"required name=search_term_string"}],"inLanguage":"en-US"}]}},"_links":{"self":[{"href":"https:\/\/surysaray.com\/en\/wp-json\/wp\/v3\/product\/17014"}],"collection":[{"href":"https:\/\/surysaray.com\/en\/wp-json\/wp\/v3\/product"}],"about":[{"href":"https:\/\/surysaray.com\/en\/wp-json\/wp\/v2\/types\/product"}],"wp:featuredmedia":[{"embeddable":true,"href":"https:\/\/surysaray.com\/en\/wp-json\/wp\/v2\/media\/17017"}],"wp:attachment":[{"href":"https:\/\/surysaray.com\/en\/wp-json\/wp\/v2\/media?parent=17014"}],"wp:term":[{"taxonomy":"product_cat","embeddable":true,"href":"https:\/\/surysaray.com\/en\/wp-json\/wp\/v2\/product_cat?post=17014"},{"taxonomy":"product_tag","embeddable":true,"href":"https:\/\/surysaray.com\/en\/wp-json\/wp\/v2\/product_tag?post=17014"}],"curies":[{"name":"wp","href":"https:\/\/api.w.org\/{rel}","templated":true}]}}