{"id":17009,"date":"2024-03-22T12:19:27","date_gmt":"2024-03-22T11:19:27","guid":{"rendered":"https:\/\/surysaray.com\/?post_type=product&#038;p=17009"},"modified":"2024-03-22T13:09:16","modified_gmt":"2024-03-22T12:09:16","slug":"onagre-cassis-100-perlas","status":"publish","type":"product","link":"https:\/\/surysaray.com\/en\/producto\/onagre-cassis-100-perlas\/","title":{"rendered":"Onagre Cassis ( 100 perlas)"},"content":{"rendered":"","protected":false},"excerpt":{"rendered":"<p>Complemento alimenticio a base de aceite de onagra y aceite de semilla de casis.<\/p>\n<p>La onagra es una planta oleaginosa que produce un aceite rico en \u00e1cidos poliinsaturados &#8220;omega 6&#8221; y concentrado en GLA.<br \/>\nLos aceites vegetales v\u00edrgenes de onagra y casis, de primera presi\u00f3n en fr\u00edo, est\u00e1n libres de pesticidas y otros contaminantes.<\/p>\n<p>\u2022 Aceites vegetales que se benefician del certificado Qualitysilver para garantizar una perfecta estabilidad.<\/p>\n<p><strong>Ingredientes<\/strong>: Aceite de onagra (<em>Oenothera Bienni<\/em>s); aceite de pepitas de casis (<em>Ribes nigrum<\/em>\u00a0L); vitamina E; agentes de recubrimiento de la perla: gelatina de origen marino (<strong>pescado<\/strong>), glicerina, agua.<\/p>\n<p><strong>Al\u00e9rgenos<\/strong>: Pescado (perla)<\/p>\n<p>Modo de uso:<\/p>\n<p><strong>Por 2 perlas al d\u00eda:<\/strong><br \/>\n&#8211; Aceite de onagra: 670 mg<br \/>\n&#8211; Aceite de pepitas de cassis: 330 mg<br \/>\n&#8211; Vit. E: 6 mg (50%*)<br \/>\nTOTAL Omega 6 &#8211; LA: 626 mg<br \/>\nTOTAL Omega 6 &#8211; GLA: 100 mg<br \/>\nTOTAL Omega 6 &#8211; ALA: 43 mg<\/p>\n<p><strong>2 perlas al d\u00eda<\/strong>\u00a0(por la ma\u00f1ana).<\/p>\n<p>&#8211; No superar la dosis diaria expresamente recomendada.<br \/>\n&#8211; Mantener fuera del alcance de los ni\u00f1os m\u00e1s peque\u00f1os.<br \/>\n&#8211; Los complementos alimenticios deben ser usados en el cuadro de un modo de vida sano y no pueden ser utilizados como sustitutos de una dieta variada y equilibrada.<\/p>\n","protected":false},"featured_media":17012,"template":"","meta":{"_joinchat":[]},"product_cat":[695,545,595,660,542],"product_tag":[],"yoast_head":"<!-- This site is optimized with the Yoast SEO plugin v20.2.1 - https:\/\/yoast.com\/wordpress\/plugins\/seo\/ -->\n<title>Onagre Cassis ( 100 perlas) - Sury Saray<\/title>\n<meta name=\"robots\" content=\"noindex, follow\" \/>\n<meta property=\"og:locale\" content=\"en_US\" \/>\n<meta property=\"og:type\" content=\"article\" \/>\n<meta property=\"og:title\" content=\"Onagre Cassis ( 100 perlas) - Sury Saray\" \/>\n<meta property=\"og:description\" content=\"Complemento alimenticio a base de aceite de onagra y aceite de semilla de casis.  La onagra es una planta oleaginosa que produce un aceite rico en \u00e1cidos poliinsaturados &quot;omega 6&quot; y concentrado en GLA. Los aceites vegetales v\u00edrgenes de onagra y casis, de primera presi\u00f3n en fr\u00edo, est\u00e1n libres de pesticidas y otros contaminantes.  \u2022 Aceites vegetales que se benefician del certificado Qualitysilver para garantizar una perfecta estabilidad.  Ingredientes: Aceite de onagra (Oenothera Biennis); aceite de pepitas de casis (Ribes nigrum\u00a0L); vitamina E; agentes de recubrimiento de la perla: gelatina de origen marino (pescado), glicerina, agua.  Al\u00e9rgenos: Pescado (perla)  Modo de uso:  Por 2 perlas al d\u00eda: - Aceite de onagra: 670 mg - Aceite de pepitas de cassis: 330 mg - Vit. E: 6 mg (50%*) TOTAL Omega 6 - LA: 626 mg TOTAL Omega 6 - GLA: 100 mg TOTAL Omega 6 - ALA: 43 mg  2 perlas al d\u00eda\u00a0(por la ma\u00f1ana).  - No superar la dosis diaria expresamente recomendada. - Mantener fuera del alcance de los ni\u00f1os m\u00e1s peque\u00f1os. - Los complementos alimenticios deben ser usados en el cuadro de un modo de vida sano y no pueden ser utilizados como sustitutos de una dieta variada y equilibrada.\" \/>\n<meta property=\"og:url\" content=\"https:\/\/surysaray.com\/producto\/onagre-cassis-100-perlas\/\" \/>\n<meta property=\"og:site_name\" content=\"Sury Saray\" \/>\n<meta property=\"article:modified_time\" content=\"2024-03-22T12:09:16+00:00\" \/>\n<meta property=\"og:image\" content=\"https:\/\/surysaray.com\/wp-content\/uploads\/2024\/03\/onagrecassis.png\" \/>\n\t<meta property=\"og:image:width\" content=\"800\" \/>\n\t<meta property=\"og:image:height\" content=\"800\" \/>\n\t<meta property=\"og:image:type\" content=\"image\/png\" \/>\n<meta name=\"twitter:card\" content=\"summary_large_image\" \/>\n<script type=\"application\/ld+json\" class=\"yoast-schema-graph\">{\"@context\":\"https:\/\/schema.org\",\"@graph\":[{\"@type\":\"WebPage\",\"@id\":\"https:\/\/surysaray.com\/producto\/onagre-cassis-100-perlas\/\",\"url\":\"https:\/\/surysaray.com\/producto\/onagre-cassis-100-perlas\/\",\"name\":\"Onagre Cassis ( 100 perlas) - Sury Saray\",\"isPartOf\":{\"@id\":\"https:\/\/surysaray.com\/#website\"},\"datePublished\":\"2024-03-22T11:19:27+00:00\",\"dateModified\":\"2024-03-22T12:09:16+00:00\",\"breadcrumb\":{\"@id\":\"https:\/\/surysaray.com\/producto\/onagre-cassis-100-perlas\/#breadcrumb\"},\"inLanguage\":\"en-US\",\"potentialAction\":[{\"@type\":\"ReadAction\",\"target\":[\"https:\/\/surysaray.com\/producto\/onagre-cassis-100-perlas\/\"]}]},{\"@type\":\"BreadcrumbList\",\"@id\":\"https:\/\/surysaray.com\/producto\/onagre-cassis-100-perlas\/#breadcrumb\",\"itemListElement\":[{\"@type\":\"ListItem\",\"position\":1,\"name\":\"Portada\",\"item\":\"https:\/\/surysaray.com\/en\/\"},{\"@type\":\"ListItem\",\"position\":2,\"name\":\"Shop\",\"item\":\"https:\/\/surysaray.com\/online-shop\/\"},{\"@type\":\"ListItem\",\"position\":3,\"name\":\"Onagre Cassis ( 100 perlas)\"}]},{\"@type\":\"WebSite\",\"@id\":\"https:\/\/surysaray.com\/#website\",\"url\":\"https:\/\/surysaray.com\/\",\"name\":\"Sury Saray\",\"description\":\"\",\"potentialAction\":[{\"@type\":\"SearchAction\",\"target\":{\"@type\":\"EntryPoint\",\"urlTemplate\":\"https:\/\/surysaray.com\/?s={search_term_string}\"},\"query-input\":\"required name=search_term_string\"}],\"inLanguage\":\"en-US\"}]}<\/script>\n<!-- \/ Yoast SEO plugin. -->","yoast_head_json":{"title":"Onagre Cassis ( 100 perlas) - Sury Saray","robots":{"index":"noindex","follow":"follow"},"og_locale":"en_US","og_type":"article","og_title":"Onagre Cassis ( 100 perlas) - Sury Saray","og_description":"Complemento alimenticio a base de aceite de onagra y aceite de semilla de casis.  La onagra es una planta oleaginosa que produce un aceite rico en \u00e1cidos poliinsaturados \"omega 6\" y concentrado en GLA. Los aceites vegetales v\u00edrgenes de onagra y casis, de primera presi\u00f3n en fr\u00edo, est\u00e1n libres de pesticidas y otros contaminantes.  \u2022 Aceites vegetales que se benefician del certificado Qualitysilver para garantizar una perfecta estabilidad.  Ingredientes: Aceite de onagra (Oenothera Biennis); aceite de pepitas de casis (Ribes nigrum\u00a0L); vitamina E; agentes de recubrimiento de la perla: gelatina de origen marino (pescado), glicerina, agua.  Al\u00e9rgenos: Pescado (perla)  Modo de uso:  Por 2 perlas al d\u00eda: - Aceite de onagra: 670 mg - Aceite de pepitas de cassis: 330 mg - Vit. E: 6 mg (50%*) TOTAL Omega 6 - LA: 626 mg TOTAL Omega 6 - GLA: 100 mg TOTAL Omega 6 - ALA: 43 mg  2 perlas al d\u00eda\u00a0(por la ma\u00f1ana).  - No superar la dosis diaria expresamente recomendada. - Mantener fuera del alcance de los ni\u00f1os m\u00e1s peque\u00f1os. - Los complementos alimenticios deben ser usados en el cuadro de un modo de vida sano y no pueden ser utilizados como sustitutos de una dieta variada y equilibrada.","og_url":"https:\/\/surysaray.com\/producto\/onagre-cassis-100-perlas\/","og_site_name":"Sury Saray","article_modified_time":"2024-03-22T12:09:16+00:00","og_image":[{"width":800,"height":800,"url":"https:\/\/surysaray.com\/wp-content\/uploads\/2024\/03\/onagrecassis.png","type":"image\/png"}],"twitter_card":"summary_large_image","schema":{"@context":"https:\/\/schema.org","@graph":[{"@type":"WebPage","@id":"https:\/\/surysaray.com\/producto\/onagre-cassis-100-perlas\/","url":"https:\/\/surysaray.com\/producto\/onagre-cassis-100-perlas\/","name":"Onagre Cassis ( 100 perlas) - Sury Saray","isPartOf":{"@id":"https:\/\/surysaray.com\/#website"},"datePublished":"2024-03-22T11:19:27+00:00","dateModified":"2024-03-22T12:09:16+00:00","breadcrumb":{"@id":"https:\/\/surysaray.com\/producto\/onagre-cassis-100-perlas\/#breadcrumb"},"inLanguage":"en-US","potentialAction":[{"@type":"ReadAction","target":["https:\/\/surysaray.com\/producto\/onagre-cassis-100-perlas\/"]}]},{"@type":"BreadcrumbList","@id":"https:\/\/surysaray.com\/producto\/onagre-cassis-100-perlas\/#breadcrumb","itemListElement":[{"@type":"ListItem","position":1,"name":"Portada","item":"https:\/\/surysaray.com\/en\/"},{"@type":"ListItem","position":2,"name":"Shop","item":"https:\/\/surysaray.com\/online-shop\/"},{"@type":"ListItem","position":3,"name":"Onagre Cassis ( 100 perlas)"}]},{"@type":"WebSite","@id":"https:\/\/surysaray.com\/#website","url":"https:\/\/surysaray.com\/","name":"Sury Saray","description":"","potentialAction":[{"@type":"SearchAction","target":{"@type":"EntryPoint","urlTemplate":"https:\/\/surysaray.com\/?s={search_term_string}"},"query-input":"required name=search_term_string"}],"inLanguage":"en-US"}]}},"_links":{"self":[{"href":"https:\/\/surysaray.com\/en\/wp-json\/wp\/v3\/product\/17009"}],"collection":[{"href":"https:\/\/surysaray.com\/en\/wp-json\/wp\/v3\/product"}],"about":[{"href":"https:\/\/surysaray.com\/en\/wp-json\/wp\/v2\/types\/product"}],"wp:featuredmedia":[{"embeddable":true,"href":"https:\/\/surysaray.com\/en\/wp-json\/wp\/v2\/media\/17012"}],"wp:attachment":[{"href":"https:\/\/surysaray.com\/en\/wp-json\/wp\/v2\/media?parent=17009"}],"wp:term":[{"taxonomy":"product_cat","embeddable":true,"href":"https:\/\/surysaray.com\/en\/wp-json\/wp\/v2\/product_cat?post=17009"},{"taxonomy":"product_tag","embeddable":true,"href":"https:\/\/surysaray.com\/en\/wp-json\/wp\/v2\/product_tag?post=17009"}],"curies":[{"name":"wp","href":"https:\/\/api.w.org\/{rel}","templated":true}]}}