{"id":17004,"date":"2024-03-22T12:14:36","date_gmt":"2024-03-22T11:14:36","guid":{"rendered":"https:\/\/surysaray.com\/?post_type=product&#038;p=17004"},"modified":"2025-02-04T10:32:24","modified_gmt":"2025-02-04T09:32:24","slug":"omega-3epa-30-perlas","status":"publish","type":"product","link":"https:\/\/surysaray.com\/en\/producto\/omega-3epa-30-perlas\/","title":{"rendered":"Omega 3EPA ( 30 perlas)"},"content":{"rendered":"","protected":false},"excerpt":{"rendered":"<p>Complemento alimenticio a base de aceite de pescado con alta concentraci\u00f3n en Omega 3 EPA.<\/p>\n<p>El \u00e1cido eicosapentaenoico (EPA) contribuye al funcionamiento normal del coraz\u00f3n (el efecto beneficioso se obtiene con una ingesta diaria de 250 mg de EPA y DHA).<\/p>\n<p>\u2022 APORTE \u00d3PTIMO DE EPA en una sola toma al d\u00eda: 500mg<br \/>\n\u2022 Calidad EPAX: pureza, trazabilidad, estabilidad<br \/>\n\u2022 Resistencia a la oxidaci\u00f3n XO\u00ae<br \/>\n\u2022 Certificado Friend of the Sea: Eco responsable<br \/>\n\u2022 Aceite desodorizado (sin olor, sin sabor a pescado)<br \/>\n\u2022 Forma Triglic\u00e9ridos TG<\/p>\n<p><strong>Ingredientes<\/strong>: aceite de\u00a0<strong>pescado<\/strong>; agente de recubrimiento de la perla (gelatina de\u00a0<strong>pescado<\/strong>); humectante: glicerol; antioxidantes: extracto rico en tocoferoles y extracto de romero.<\/p>\n<p><strong>Al\u00e9rgenos<\/strong>: Pescado<\/p>\n<p>Modo de uso:<\/p>\n<p><strong>Por 1 perla al d\u00eda:<\/strong><br \/>\n&#8211; Aceite de pescado: 1000 mg,<\/p>\n<p>del cual EPA: 500 mg,<\/p>\n<p>del cual DHA: 250 mg<br \/>\n&#8211; OMEGA 3 total: 830 mg<\/p>\n<p><strong>1 perla al d\u00eda<\/strong>\u00a0(en el desayuno o en la cena), durante una de las comidas, con un vaso de agua.<\/p>\n<p>Consulte a su m\u00e9dico en caso de uso concomitante con anticoagulantes.<br \/>\n&#8211; No superar la dosis diaria expresamente recomendada.<br \/>\n&#8211; Mantener fuera del alcance de los ni\u00f1os m\u00e1s peque\u00f1os.<br \/>\n&#8211; Los complementos alimenticios deben ser usados en el cuadro de un modo de vida sano y no pueden ser utilizados como sustitutos de una dieta variada y equilibrada.<\/p>\n<p>&nbsp;<\/p>\n","protected":false},"featured_media":17897,"template":"","meta":{"_joinchat":[]},"product_cat":[695,545,595,660,542,73],"product_tag":[],"yoast_head":"<!-- This site is optimized with the Yoast SEO plugin v20.2.1 - https:\/\/yoast.com\/wordpress\/plugins\/seo\/ -->\n<title>Omega 3EPA ( 30 perlas) - Sury Saray<\/title>\n<meta name=\"robots\" content=\"noindex, follow\" \/>\n<meta property=\"og:locale\" content=\"en_US\" \/>\n<meta property=\"og:type\" content=\"article\" \/>\n<meta property=\"og:title\" content=\"Omega 3EPA ( 30 perlas) - Sury Saray\" \/>\n<meta property=\"og:description\" content=\"Complemento alimenticio a base de aceite de pescado con alta concentraci\u00f3n en Omega 3 EPA.  El \u00e1cido eicosapentaenoico (EPA) contribuye al funcionamiento normal del coraz\u00f3n (el efecto beneficioso se obtiene con una ingesta diaria de 250 mg de EPA y DHA).  \u2022 APORTE \u00d3PTIMO DE EPA en una sola toma al d\u00eda: 500mg \u2022 Calidad EPAX: pureza, trazabilidad, estabilidad \u2022 Resistencia a la oxidaci\u00f3n XO\u00ae \u2022 Certificado Friend of the Sea: Eco responsable \u2022 Aceite desodorizado (sin olor, sin sabor a pescado) \u2022 Forma Triglic\u00e9ridos TG  Ingredientes: aceite de\u00a0pescado; agente de recubrimiento de la perla (gelatina de\u00a0pescado); humectante: glicerol; antioxidantes: extracto rico en tocoferoles y extracto de romero.  Al\u00e9rgenos: Pescado  Modo de uso:  Por 1 perla al d\u00eda: - Aceite de pescado: 1000 mg,  del cual EPA: 500 mg,  del cual DHA: 250 mg - OMEGA 3 total: 830 mg  1 perla al d\u00eda\u00a0(en el desayuno o en la cena), durante una de las comidas, con un vaso de agua.  Consulte a su m\u00e9dico en caso de uso concomitante con anticoagulantes. - No superar la dosis diaria expresamente recomendada. - Mantener fuera del alcance de los ni\u00f1os m\u00e1s peque\u00f1os. - Los complementos alimenticios deben ser usados en el cuadro de un modo de vida sano y no pueden ser utilizados como sustitutos de una dieta variada y equilibrada.  &nbsp;\" \/>\n<meta property=\"og:url\" content=\"https:\/\/surysaray.com\/en\/producto\/omega-3epa-30-perlas\/\" \/>\n<meta property=\"og:site_name\" content=\"Sury Saray\" \/>\n<meta property=\"article:modified_time\" content=\"2025-02-04T09:32:24+00:00\" \/>\n<meta property=\"og:image\" content=\"https:\/\/surysaray.com\/wp-content\/uploads\/2024\/03\/omega-3-epa.webp\" \/>\n\t<meta property=\"og:image:width\" content=\"472\" \/>\n\t<meta property=\"og:image:height\" content=\"472\" \/>\n\t<meta property=\"og:image:type\" content=\"image\/webp\" \/>\n<meta name=\"twitter:card\" content=\"summary_large_image\" \/>\n<script type=\"application\/ld+json\" class=\"yoast-schema-graph\">{\"@context\":\"https:\/\/schema.org\",\"@graph\":[{\"@type\":\"WebPage\",\"@id\":\"https:\/\/surysaray.com\/en\/producto\/omega-3epa-30-perlas\/\",\"url\":\"https:\/\/surysaray.com\/en\/producto\/omega-3epa-30-perlas\/\",\"name\":\"Omega 3EPA ( 30 perlas) - Sury Saray\",\"isPartOf\":{\"@id\":\"https:\/\/surysaray.com\/#website\"},\"datePublished\":\"2024-03-22T11:14:36+00:00\",\"dateModified\":\"2025-02-04T09:32:24+00:00\",\"breadcrumb\":{\"@id\":\"https:\/\/surysaray.com\/en\/producto\/omega-3epa-30-perlas\/#breadcrumb\"},\"inLanguage\":\"en-US\",\"potentialAction\":[{\"@type\":\"ReadAction\",\"target\":[\"https:\/\/surysaray.com\/en\/producto\/omega-3epa-30-perlas\/\"]}]},{\"@type\":\"BreadcrumbList\",\"@id\":\"https:\/\/surysaray.com\/en\/producto\/omega-3epa-30-perlas\/#breadcrumb\",\"itemListElement\":[{\"@type\":\"ListItem\",\"position\":1,\"name\":\"Portada\",\"item\":\"https:\/\/surysaray.com\/en\/\"},{\"@type\":\"ListItem\",\"position\":2,\"name\":\"Shop\",\"item\":\"https:\/\/surysaray.com\/online-shop\/\"},{\"@type\":\"ListItem\",\"position\":3,\"name\":\"Omega 3EPA ( 30 perlas)\"}]},{\"@type\":\"WebSite\",\"@id\":\"https:\/\/surysaray.com\/#website\",\"url\":\"https:\/\/surysaray.com\/\",\"name\":\"Sury Saray\",\"description\":\"\",\"potentialAction\":[{\"@type\":\"SearchAction\",\"target\":{\"@type\":\"EntryPoint\",\"urlTemplate\":\"https:\/\/surysaray.com\/?s={search_term_string}\"},\"query-input\":\"required name=search_term_string\"}],\"inLanguage\":\"en-US\"}]}<\/script>\n<!-- \/ Yoast SEO plugin. -->","yoast_head_json":{"title":"Omega 3EPA ( 30 perlas) - Sury Saray","robots":{"index":"noindex","follow":"follow"},"og_locale":"en_US","og_type":"article","og_title":"Omega 3EPA ( 30 perlas) - Sury Saray","og_description":"Complemento alimenticio a base de aceite de pescado con alta concentraci\u00f3n en Omega 3 EPA.  El \u00e1cido eicosapentaenoico (EPA) contribuye al funcionamiento normal del coraz\u00f3n (el efecto beneficioso se obtiene con una ingesta diaria de 250 mg de EPA y DHA).  \u2022 APORTE \u00d3PTIMO DE EPA en una sola toma al d\u00eda: 500mg \u2022 Calidad EPAX: pureza, trazabilidad, estabilidad \u2022 Resistencia a la oxidaci\u00f3n XO\u00ae \u2022 Certificado Friend of the Sea: Eco responsable \u2022 Aceite desodorizado (sin olor, sin sabor a pescado) \u2022 Forma Triglic\u00e9ridos TG  Ingredientes: aceite de\u00a0pescado; agente de recubrimiento de la perla (gelatina de\u00a0pescado); humectante: glicerol; antioxidantes: extracto rico en tocoferoles y extracto de romero.  Al\u00e9rgenos: Pescado  Modo de uso:  Por 1 perla al d\u00eda: - Aceite de pescado: 1000 mg,  del cual EPA: 500 mg,  del cual DHA: 250 mg - OMEGA 3 total: 830 mg  1 perla al d\u00eda\u00a0(en el desayuno o en la cena), durante una de las comidas, con un vaso de agua.  Consulte a su m\u00e9dico en caso de uso concomitante con anticoagulantes. - No superar la dosis diaria expresamente recomendada. - Mantener fuera del alcance de los ni\u00f1os m\u00e1s peque\u00f1os. - Los complementos alimenticios deben ser usados en el cuadro de un modo de vida sano y no pueden ser utilizados como sustitutos de una dieta variada y equilibrada.  &nbsp;","og_url":"https:\/\/surysaray.com\/en\/producto\/omega-3epa-30-perlas\/","og_site_name":"Sury Saray","article_modified_time":"2025-02-04T09:32:24+00:00","og_image":[{"width":472,"height":472,"url":"https:\/\/surysaray.com\/wp-content\/uploads\/2024\/03\/omega-3-epa.webp","type":"image\/webp"}],"twitter_card":"summary_large_image","schema":{"@context":"https:\/\/schema.org","@graph":[{"@type":"WebPage","@id":"https:\/\/surysaray.com\/en\/producto\/omega-3epa-30-perlas\/","url":"https:\/\/surysaray.com\/en\/producto\/omega-3epa-30-perlas\/","name":"Omega 3EPA ( 30 perlas) - Sury Saray","isPartOf":{"@id":"https:\/\/surysaray.com\/#website"},"datePublished":"2024-03-22T11:14:36+00:00","dateModified":"2025-02-04T09:32:24+00:00","breadcrumb":{"@id":"https:\/\/surysaray.com\/en\/producto\/omega-3epa-30-perlas\/#breadcrumb"},"inLanguage":"en-US","potentialAction":[{"@type":"ReadAction","target":["https:\/\/surysaray.com\/en\/producto\/omega-3epa-30-perlas\/"]}]},{"@type":"BreadcrumbList","@id":"https:\/\/surysaray.com\/en\/producto\/omega-3epa-30-perlas\/#breadcrumb","itemListElement":[{"@type":"ListItem","position":1,"name":"Portada","item":"https:\/\/surysaray.com\/en\/"},{"@type":"ListItem","position":2,"name":"Shop","item":"https:\/\/surysaray.com\/online-shop\/"},{"@type":"ListItem","position":3,"name":"Omega 3EPA ( 30 perlas)"}]},{"@type":"WebSite","@id":"https:\/\/surysaray.com\/#website","url":"https:\/\/surysaray.com\/","name":"Sury Saray","description":"","potentialAction":[{"@type":"SearchAction","target":{"@type":"EntryPoint","urlTemplate":"https:\/\/surysaray.com\/?s={search_term_string}"},"query-input":"required name=search_term_string"}],"inLanguage":"en-US"}]}},"_links":{"self":[{"href":"https:\/\/surysaray.com\/en\/wp-json\/wp\/v3\/product\/17004"}],"collection":[{"href":"https:\/\/surysaray.com\/en\/wp-json\/wp\/v3\/product"}],"about":[{"href":"https:\/\/surysaray.com\/en\/wp-json\/wp\/v2\/types\/product"}],"wp:featuredmedia":[{"embeddable":true,"href":"https:\/\/surysaray.com\/en\/wp-json\/wp\/v2\/media\/17897"}],"wp:attachment":[{"href":"https:\/\/surysaray.com\/en\/wp-json\/wp\/v2\/media?parent=17004"}],"wp:term":[{"taxonomy":"product_cat","embeddable":true,"href":"https:\/\/surysaray.com\/en\/wp-json\/wp\/v2\/product_cat?post=17004"},{"taxonomy":"product_tag","embeddable":true,"href":"https:\/\/surysaray.com\/en\/wp-json\/wp\/v2\/product_tag?post=17004"}],"curies":[{"name":"wp","href":"https:\/\/api.w.org\/{rel}","templated":true}]}}