{"id":16999,"date":"2024-03-22T12:06:57","date_gmt":"2024-03-22T11:06:57","guid":{"rendered":"https:\/\/surysaray.com\/?post_type=product&#038;p=16999"},"modified":"2024-03-22T12:47:43","modified_gmt":"2024-03-22T11:47:43","slug":"lipo-h-60-capsulas","status":"publish","type":"product","link":"https:\/\/surysaray.com\/en\/producto\/lipo-h-60-capsulas\/","title":{"rendered":"LIPO H ( 60 capsulas)"},"content":{"rendered":"","protected":false},"excerpt":{"rendered":"<p>Complemento alimenticio a base de cromo, L-carnitina, extracto de semillas de jud\u00eda blanca y nopal.<\/p>\n<p>Para la gesti\u00f3n del metabolismo de los macronutrientes con cromo (mantiene los niveles normales de az\u00facar en sangre), extracto de jud\u00edas blancas que contiene una glicoprote\u00edna (faseolamina) y nopal (reduci\u00f3n del apetito y de la ingesta cal\u00f3rica).<\/p>\n<p><strong>Ingredientes<\/strong>: extracto de semillas de jud\u00eda blanca (<em>Phaseolus vulgaris<\/em>) dosificada en faseolamina; agente de recubrimiento [hidroxipropilmetilcelulosa]; extracto de nopal (<em>Opuntia ficus indica<\/em>); L-carnitina; antiaglomerante [estearato de magnesio de origen vegetal]; carb\u00f3n vegetal; antiaglomerante [di\u00f3xido de silicio]; picolinato de cromo.<\/p>\n<p><strong>Al\u00e9rgenos<\/strong>:\u00a0No contiene ninguno de los 14 al\u00e9rgenos de declaraci\u00f3n obligatoria (ingredientes directos).<br \/>\nPara cualquier pregunta relacionada con alergias alimentarias, p\u00f3ngase en contacto con nuestro servicio de atenci\u00f3n al cliente.<\/p>\n<p>Modo de uso:<\/p>\n<p><strong>Por 3 c\u00e1psulas al d\u00eda:<\/strong><br \/>\n&#8211; Extractos de jud\u00eda blanca: 1000 mg<br \/>\n&#8211; Nopal: 200 mg<br \/>\n&#8211; Carnitina: 100 mg<br \/>\n&#8211; Carb\u00f3n vegetal: 20 mg<br \/>\n&#8211; Cromo: 25 \u03bcg (62,5%*)<\/p>\n<p>1 por la ma\u00f1ana, 1 al mediod\u00eda y 1 por la noche.<\/p>\n<p>No est\u00e1 recomendado en mujeres embarazadas o en periodo de lactancia ni ni\u00f1os.<br \/>\n&#8211; No superar la dosis diaria expresamente recomendada.<br \/>\n&#8211; Mantener fuera del alcance de los ni\u00f1os m\u00e1s peque\u00f1os.<br \/>\n&#8211; Los complementos alimenticios deben ser usados en el cuadro de un modo de vida sano y no pueden ser utilizados como sustitutos de una dieta variada y equilibrada.<\/p>\n","protected":false},"featured_media":17002,"template":"","meta":{"_joinchat":[]},"product_cat":[695,545,595,660,542],"product_tag":[],"yoast_head":"<!-- This site is optimized with the Yoast SEO plugin v20.2.1 - https:\/\/yoast.com\/wordpress\/plugins\/seo\/ -->\n<title>LIPO H ( 60 capsulas) - Sury Saray<\/title>\n<meta name=\"robots\" content=\"noindex, follow\" \/>\n<meta property=\"og:locale\" content=\"en_US\" \/>\n<meta property=\"og:type\" content=\"article\" \/>\n<meta property=\"og:title\" content=\"LIPO H ( 60 capsulas) - Sury Saray\" \/>\n<meta property=\"og:description\" content=\"Complemento alimenticio a base de cromo, L-carnitina, extracto de semillas de jud\u00eda blanca y nopal.  Para la gesti\u00f3n del metabolismo de los macronutrientes con cromo (mantiene los niveles normales de az\u00facar en sangre), extracto de jud\u00edas blancas que contiene una glicoprote\u00edna (faseolamina) y nopal (reduci\u00f3n del apetito y de la ingesta cal\u00f3rica).  Ingredientes: extracto de semillas de jud\u00eda blanca (Phaseolus vulgaris) dosificada en faseolamina; agente de recubrimiento [hidroxipropilmetilcelulosa]; extracto de nopal (Opuntia ficus indica); L-carnitina; antiaglomerante [estearato de magnesio de origen vegetal]; carb\u00f3n vegetal; antiaglomerante [di\u00f3xido de silicio]; picolinato de cromo.  Al\u00e9rgenos:\u00a0No contiene ninguno de los 14 al\u00e9rgenos de declaraci\u00f3n obligatoria (ingredientes directos). Para cualquier pregunta relacionada con alergias alimentarias, p\u00f3ngase en contacto con nuestro servicio de atenci\u00f3n al cliente.  Modo de uso:  Por 3 c\u00e1psulas al d\u00eda: - Extractos de jud\u00eda blanca: 1000 mg - Nopal: 200 mg - Carnitina: 100 mg - Carb\u00f3n vegetal: 20 mg - Cromo: 25 \u03bcg (62,5%*)  1 por la ma\u00f1ana, 1 al mediod\u00eda y 1 por la noche.  No est\u00e1 recomendado en mujeres embarazadas o en periodo de lactancia ni ni\u00f1os. - No superar la dosis diaria expresamente recomendada. - Mantener fuera del alcance de los ni\u00f1os m\u00e1s peque\u00f1os. - Los complementos alimenticios deben ser usados en el cuadro de un modo de vida sano y no pueden ser utilizados como sustitutos de una dieta variada y equilibrada.\" \/>\n<meta property=\"og:url\" content=\"https:\/\/surysaray.com\/en\/producto\/lipo-h-60-capsulas\/\" \/>\n<meta property=\"og:site_name\" content=\"Sury Saray\" \/>\n<meta property=\"article:modified_time\" content=\"2024-03-22T11:47:43+00:00\" \/>\n<meta property=\"og:image\" content=\"https:\/\/surysaray.com\/wp-content\/uploads\/2024\/03\/lipo-h.png\" \/>\n\t<meta property=\"og:image:width\" content=\"800\" \/>\n\t<meta property=\"og:image:height\" content=\"800\" \/>\n\t<meta property=\"og:image:type\" content=\"image\/png\" \/>\n<meta name=\"twitter:card\" content=\"summary_large_image\" \/>\n<script type=\"application\/ld+json\" class=\"yoast-schema-graph\">{\"@context\":\"https:\/\/schema.org\",\"@graph\":[{\"@type\":\"WebPage\",\"@id\":\"https:\/\/surysaray.com\/en\/producto\/lipo-h-60-capsulas\/\",\"url\":\"https:\/\/surysaray.com\/en\/producto\/lipo-h-60-capsulas\/\",\"name\":\"LIPO H ( 60 capsulas) - Sury Saray\",\"isPartOf\":{\"@id\":\"https:\/\/surysaray.com\/#website\"},\"datePublished\":\"2024-03-22T11:06:57+00:00\",\"dateModified\":\"2024-03-22T11:47:43+00:00\",\"breadcrumb\":{\"@id\":\"https:\/\/surysaray.com\/en\/producto\/lipo-h-60-capsulas\/#breadcrumb\"},\"inLanguage\":\"en-US\",\"potentialAction\":[{\"@type\":\"ReadAction\",\"target\":[\"https:\/\/surysaray.com\/en\/producto\/lipo-h-60-capsulas\/\"]}]},{\"@type\":\"BreadcrumbList\",\"@id\":\"https:\/\/surysaray.com\/en\/producto\/lipo-h-60-capsulas\/#breadcrumb\",\"itemListElement\":[{\"@type\":\"ListItem\",\"position\":1,\"name\":\"Portada\",\"item\":\"https:\/\/surysaray.com\/en\/\"},{\"@type\":\"ListItem\",\"position\":2,\"name\":\"Shop\",\"item\":\"https:\/\/surysaray.com\/online-shop\/\"},{\"@type\":\"ListItem\",\"position\":3,\"name\":\"LIPO H ( 60 capsulas)\"}]},{\"@type\":\"WebSite\",\"@id\":\"https:\/\/surysaray.com\/#website\",\"url\":\"https:\/\/surysaray.com\/\",\"name\":\"Sury Saray\",\"description\":\"\",\"potentialAction\":[{\"@type\":\"SearchAction\",\"target\":{\"@type\":\"EntryPoint\",\"urlTemplate\":\"https:\/\/surysaray.com\/?s={search_term_string}\"},\"query-input\":\"required name=search_term_string\"}],\"inLanguage\":\"en-US\"}]}<\/script>\n<!-- \/ Yoast SEO plugin. -->","yoast_head_json":{"title":"LIPO H ( 60 capsulas) - Sury Saray","robots":{"index":"noindex","follow":"follow"},"og_locale":"en_US","og_type":"article","og_title":"LIPO H ( 60 capsulas) - Sury Saray","og_description":"Complemento alimenticio a base de cromo, L-carnitina, extracto de semillas de jud\u00eda blanca y nopal.  Para la gesti\u00f3n del metabolismo de los macronutrientes con cromo (mantiene los niveles normales de az\u00facar en sangre), extracto de jud\u00edas blancas que contiene una glicoprote\u00edna (faseolamina) y nopal (reduci\u00f3n del apetito y de la ingesta cal\u00f3rica).  Ingredientes: extracto de semillas de jud\u00eda blanca (Phaseolus vulgaris) dosificada en faseolamina; agente de recubrimiento [hidroxipropilmetilcelulosa]; extracto de nopal (Opuntia ficus indica); L-carnitina; antiaglomerante [estearato de magnesio de origen vegetal]; carb\u00f3n vegetal; antiaglomerante [di\u00f3xido de silicio]; picolinato de cromo.  Al\u00e9rgenos:\u00a0No contiene ninguno de los 14 al\u00e9rgenos de declaraci\u00f3n obligatoria (ingredientes directos). Para cualquier pregunta relacionada con alergias alimentarias, p\u00f3ngase en contacto con nuestro servicio de atenci\u00f3n al cliente.  Modo de uso:  Por 3 c\u00e1psulas al d\u00eda: - Extractos de jud\u00eda blanca: 1000 mg - Nopal: 200 mg - Carnitina: 100 mg - Carb\u00f3n vegetal: 20 mg - Cromo: 25 \u03bcg (62,5%*)  1 por la ma\u00f1ana, 1 al mediod\u00eda y 1 por la noche.  No est\u00e1 recomendado en mujeres embarazadas o en periodo de lactancia ni ni\u00f1os. - No superar la dosis diaria expresamente recomendada. - Mantener fuera del alcance de los ni\u00f1os m\u00e1s peque\u00f1os. - Los complementos alimenticios deben ser usados en el cuadro de un modo de vida sano y no pueden ser utilizados como sustitutos de una dieta variada y equilibrada.","og_url":"https:\/\/surysaray.com\/en\/producto\/lipo-h-60-capsulas\/","og_site_name":"Sury Saray","article_modified_time":"2024-03-22T11:47:43+00:00","og_image":[{"width":800,"height":800,"url":"https:\/\/surysaray.com\/wp-content\/uploads\/2024\/03\/lipo-h.png","type":"image\/png"}],"twitter_card":"summary_large_image","schema":{"@context":"https:\/\/schema.org","@graph":[{"@type":"WebPage","@id":"https:\/\/surysaray.com\/en\/producto\/lipo-h-60-capsulas\/","url":"https:\/\/surysaray.com\/en\/producto\/lipo-h-60-capsulas\/","name":"LIPO H ( 60 capsulas) - Sury Saray","isPartOf":{"@id":"https:\/\/surysaray.com\/#website"},"datePublished":"2024-03-22T11:06:57+00:00","dateModified":"2024-03-22T11:47:43+00:00","breadcrumb":{"@id":"https:\/\/surysaray.com\/en\/producto\/lipo-h-60-capsulas\/#breadcrumb"},"inLanguage":"en-US","potentialAction":[{"@type":"ReadAction","target":["https:\/\/surysaray.com\/en\/producto\/lipo-h-60-capsulas\/"]}]},{"@type":"BreadcrumbList","@id":"https:\/\/surysaray.com\/en\/producto\/lipo-h-60-capsulas\/#breadcrumb","itemListElement":[{"@type":"ListItem","position":1,"name":"Portada","item":"https:\/\/surysaray.com\/en\/"},{"@type":"ListItem","position":2,"name":"Shop","item":"https:\/\/surysaray.com\/online-shop\/"},{"@type":"ListItem","position":3,"name":"LIPO H ( 60 capsulas)"}]},{"@type":"WebSite","@id":"https:\/\/surysaray.com\/#website","url":"https:\/\/surysaray.com\/","name":"Sury Saray","description":"","potentialAction":[{"@type":"SearchAction","target":{"@type":"EntryPoint","urlTemplate":"https:\/\/surysaray.com\/?s={search_term_string}"},"query-input":"required name=search_term_string"}],"inLanguage":"en-US"}]}},"_links":{"self":[{"href":"https:\/\/surysaray.com\/en\/wp-json\/wp\/v3\/product\/16999"}],"collection":[{"href":"https:\/\/surysaray.com\/en\/wp-json\/wp\/v3\/product"}],"about":[{"href":"https:\/\/surysaray.com\/en\/wp-json\/wp\/v2\/types\/product"}],"wp:featuredmedia":[{"embeddable":true,"href":"https:\/\/surysaray.com\/en\/wp-json\/wp\/v2\/media\/17002"}],"wp:attachment":[{"href":"https:\/\/surysaray.com\/en\/wp-json\/wp\/v2\/media?parent=16999"}],"wp:term":[{"taxonomy":"product_cat","embeddable":true,"href":"https:\/\/surysaray.com\/en\/wp-json\/wp\/v2\/product_cat?post=16999"},{"taxonomy":"product_tag","embeddable":true,"href":"https:\/\/surysaray.com\/en\/wp-json\/wp\/v2\/product_tag?post=16999"}],"curies":[{"name":"wp","href":"https:\/\/api.w.org\/{rel}","templated":true}]}}