{"id":16995,"date":"2024-03-20T16:50:09","date_gmt":"2024-03-20T15:50:09","guid":{"rendered":"https:\/\/surysaray.com\/producto\/energy\/"},"modified":"2024-03-22T12:46:21","modified_gmt":"2024-03-22T11:46:21","slug":"energy","status":"publish","type":"product","link":"https:\/\/surysaray.com\/en\/producto\/energy\/","title":{"rendered":"Energy"},"content":{"rendered":"","protected":false},"excerpt":{"rendered":"<p>Complemento alimenticio a base de extractos de eleuterococo, ginseng, guaran\u00e1, taurina, tirosina, miel, jalea real, vitamina C y vitamina B2-B3-B5- B6-B9-B12. Con az\u00facar y edulcorante.<\/p>\n<p><strong>Metabolismo energ\u00e9tico:\u00a0<\/strong>La vitamina C y el magnesio contribuyen al metabolismo energ\u00e9tico normal.<\/p>\n<p><strong>Antifatiga:<\/strong>\u00a0La vitamina C, las vitaminas B2, B5, B12 y el magnesio ayudan a disminuir el cansancio y la fatiga.<\/p>\n<p>Est\u00e1 destinado a adultos, deportistas y adolescentes. No se recomienda para ni\u00f1os menores de 12 a\u00f1os, mujeres embarazadas y madres lactantes. Para los diab\u00e9ticos, tener en cuenta la cantidad de az\u00facar, es decir, 1,85 g de carbohidratos incluyendo 0,96 mg de az\u00facar simple por frasco.<\/p>\n<p>El efecto antifatiga ser\u00e1 apreciado si se toma antes de las 14h. Energy contiene tirosina, un amino\u00e1cido que participa en la producci\u00f3n de hormonas matutinas: la dopamina para el dinamismo y la motivaci\u00f3n, y la noradrenalina para la vigilia. Los extractos de ginseng y eleuterococo son considerados adapt\u00f3genos y no crean excitaci\u00f3n, sino una mejor resistencia a situaciones de estr\u00e9s, as\u00ed como el magnesio asociado con la taurina.Se recomienda tomarlo preferiblemente al comienzo del d\u00eda (ma\u00f1ana o mediod\u00eda), antes de desayunar o fuera de una comida. Se puede consumir puro sin diluir, como un shot bebible o mezclarlo con un poco de agua sin gas o zumo de fruta.<\/p>\n","protected":false},"featured_media":16990,"template":"","meta":{"_joinchat":[]},"product_cat":[695,660,542],"product_tag":[],"yoast_head":"<!-- This site is optimized with the Yoast SEO plugin v20.2.1 - https:\/\/yoast.com\/wordpress\/plugins\/seo\/ -->\n<title>Energy - Sury Saray<\/title>\n<meta name=\"robots\" content=\"noindex, follow\" \/>\n<meta property=\"og:locale\" content=\"en_US\" \/>\n<meta property=\"og:type\" content=\"article\" \/>\n<meta property=\"og:title\" content=\"Energy - Sury Saray\" \/>\n<meta property=\"og:description\" content=\"Complemento alimenticio a base de extractos de eleuterococo, ginseng, guaran\u00e1, taurina, tirosina, miel, jalea real, vitamina C y vitamina B2-B3-B5- B6-B9-B12. Con az\u00facar y edulcorante.  Metabolismo energ\u00e9tico:\u00a0La vitamina C y el magnesio contribuyen al metabolismo energ\u00e9tico normal.  Antifatiga:\u00a0La vitamina C, las vitaminas B2, B5, B12 y el magnesio ayudan a disminuir el cansancio y la fatiga.  Est\u00e1 destinado a adultos, deportistas y adolescentes. No se recomienda para ni\u00f1os menores de 12 a\u00f1os, mujeres embarazadas y madres lactantes. Para los diab\u00e9ticos, tener en cuenta la cantidad de az\u00facar, es decir, 1,85 g de carbohidratos incluyendo 0,96 mg de az\u00facar simple por frasco.  El efecto antifatiga ser\u00e1 apreciado si se toma antes de las 14h. Energy contiene tirosina, un amino\u00e1cido que participa en la producci\u00f3n de hormonas matutinas: la dopamina para el dinamismo y la motivaci\u00f3n, y la noradrenalina para la vigilia. Los extractos de ginseng y eleuterococo son considerados adapt\u00f3genos y no crean excitaci\u00f3n, sino una mejor resistencia a situaciones de estr\u00e9s, as\u00ed como el magnesio asociado con la taurina.Se recomienda tomarlo preferiblemente al comienzo del d\u00eda (ma\u00f1ana o mediod\u00eda), antes de desayunar o fuera de una comida. Se puede consumir puro sin diluir, como un shot bebible o mezclarlo con un poco de agua sin gas o zumo de fruta.\" \/>\n<meta property=\"og:url\" content=\"https:\/\/surysaray.com\/en\/producto\/energy\/\" \/>\n<meta property=\"og:site_name\" content=\"Sury Saray\" \/>\n<meta property=\"article:modified_time\" content=\"2024-03-22T11:46:21+00:00\" \/>\n<meta property=\"og:image\" content=\"https:\/\/surysaray.com\/wp-content\/uploads\/2024\/03\/energy.png\" \/>\n\t<meta property=\"og:image:width\" content=\"800\" \/>\n\t<meta property=\"og:image:height\" content=\"800\" \/>\n\t<meta property=\"og:image:type\" content=\"image\/png\" \/>\n<meta name=\"twitter:card\" content=\"summary_large_image\" \/>\n<script type=\"application\/ld+json\" class=\"yoast-schema-graph\">{\"@context\":\"https:\/\/schema.org\",\"@graph\":[{\"@type\":\"WebPage\",\"@id\":\"https:\/\/surysaray.com\/en\/producto\/energy\/\",\"url\":\"https:\/\/surysaray.com\/en\/producto\/energy\/\",\"name\":\"Energy - Sury Saray\",\"isPartOf\":{\"@id\":\"https:\/\/surysaray.com\/#website\"},\"datePublished\":\"2024-03-20T15:50:09+00:00\",\"dateModified\":\"2024-03-22T11:46:21+00:00\",\"breadcrumb\":{\"@id\":\"https:\/\/surysaray.com\/en\/producto\/energy\/#breadcrumb\"},\"inLanguage\":\"en-US\",\"potentialAction\":[{\"@type\":\"ReadAction\",\"target\":[\"https:\/\/surysaray.com\/en\/producto\/energy\/\"]}]},{\"@type\":\"BreadcrumbList\",\"@id\":\"https:\/\/surysaray.com\/en\/producto\/energy\/#breadcrumb\",\"itemListElement\":[{\"@type\":\"ListItem\",\"position\":1,\"name\":\"Portada\",\"item\":\"https:\/\/surysaray.com\/en\/\"},{\"@type\":\"ListItem\",\"position\":2,\"name\":\"Shop\",\"item\":\"https:\/\/surysaray.com\/online-shop\/\"},{\"@type\":\"ListItem\",\"position\":3,\"name\":\"Energy\"}]},{\"@type\":\"WebSite\",\"@id\":\"https:\/\/surysaray.com\/#website\",\"url\":\"https:\/\/surysaray.com\/\",\"name\":\"Sury Saray\",\"description\":\"\",\"potentialAction\":[{\"@type\":\"SearchAction\",\"target\":{\"@type\":\"EntryPoint\",\"urlTemplate\":\"https:\/\/surysaray.com\/?s={search_term_string}\"},\"query-input\":\"required name=search_term_string\"}],\"inLanguage\":\"en-US\"}]}<\/script>\n<!-- \/ Yoast SEO plugin. -->","yoast_head_json":{"title":"Energy - Sury Saray","robots":{"index":"noindex","follow":"follow"},"og_locale":"en_US","og_type":"article","og_title":"Energy - Sury Saray","og_description":"Complemento alimenticio a base de extractos de eleuterococo, ginseng, guaran\u00e1, taurina, tirosina, miel, jalea real, vitamina C y vitamina B2-B3-B5- B6-B9-B12. Con az\u00facar y edulcorante.  Metabolismo energ\u00e9tico:\u00a0La vitamina C y el magnesio contribuyen al metabolismo energ\u00e9tico normal.  Antifatiga:\u00a0La vitamina C, las vitaminas B2, B5, B12 y el magnesio ayudan a disminuir el cansancio y la fatiga.  Est\u00e1 destinado a adultos, deportistas y adolescentes. No se recomienda para ni\u00f1os menores de 12 a\u00f1os, mujeres embarazadas y madres lactantes. Para los diab\u00e9ticos, tener en cuenta la cantidad de az\u00facar, es decir, 1,85 g de carbohidratos incluyendo 0,96 mg de az\u00facar simple por frasco.  El efecto antifatiga ser\u00e1 apreciado si se toma antes de las 14h. Energy contiene tirosina, un amino\u00e1cido que participa en la producci\u00f3n de hormonas matutinas: la dopamina para el dinamismo y la motivaci\u00f3n, y la noradrenalina para la vigilia. Los extractos de ginseng y eleuterococo son considerados adapt\u00f3genos y no crean excitaci\u00f3n, sino una mejor resistencia a situaciones de estr\u00e9s, as\u00ed como el magnesio asociado con la taurina.Se recomienda tomarlo preferiblemente al comienzo del d\u00eda (ma\u00f1ana o mediod\u00eda), antes de desayunar o fuera de una comida. Se puede consumir puro sin diluir, como un shot bebible o mezclarlo con un poco de agua sin gas o zumo de fruta.","og_url":"https:\/\/surysaray.com\/en\/producto\/energy\/","og_site_name":"Sury Saray","article_modified_time":"2024-03-22T11:46:21+00:00","og_image":[{"width":800,"height":800,"url":"https:\/\/surysaray.com\/wp-content\/uploads\/2024\/03\/energy.png","type":"image\/png"}],"twitter_card":"summary_large_image","schema":{"@context":"https:\/\/schema.org","@graph":[{"@type":"WebPage","@id":"https:\/\/surysaray.com\/en\/producto\/energy\/","url":"https:\/\/surysaray.com\/en\/producto\/energy\/","name":"Energy - Sury Saray","isPartOf":{"@id":"https:\/\/surysaray.com\/#website"},"datePublished":"2024-03-20T15:50:09+00:00","dateModified":"2024-03-22T11:46:21+00:00","breadcrumb":{"@id":"https:\/\/surysaray.com\/en\/producto\/energy\/#breadcrumb"},"inLanguage":"en-US","potentialAction":[{"@type":"ReadAction","target":["https:\/\/surysaray.com\/en\/producto\/energy\/"]}]},{"@type":"BreadcrumbList","@id":"https:\/\/surysaray.com\/en\/producto\/energy\/#breadcrumb","itemListElement":[{"@type":"ListItem","position":1,"name":"Portada","item":"https:\/\/surysaray.com\/en\/"},{"@type":"ListItem","position":2,"name":"Shop","item":"https:\/\/surysaray.com\/online-shop\/"},{"@type":"ListItem","position":3,"name":"Energy"}]},{"@type":"WebSite","@id":"https:\/\/surysaray.com\/#website","url":"https:\/\/surysaray.com\/","name":"Sury Saray","description":"","potentialAction":[{"@type":"SearchAction","target":{"@type":"EntryPoint","urlTemplate":"https:\/\/surysaray.com\/?s={search_term_string}"},"query-input":"required name=search_term_string"}],"inLanguage":"en-US"}]}},"_links":{"self":[{"href":"https:\/\/surysaray.com\/en\/wp-json\/wp\/v3\/product\/16995"}],"collection":[{"href":"https:\/\/surysaray.com\/en\/wp-json\/wp\/v3\/product"}],"about":[{"href":"https:\/\/surysaray.com\/en\/wp-json\/wp\/v2\/types\/product"}],"wp:featuredmedia":[{"embeddable":true,"href":"https:\/\/surysaray.com\/en\/wp-json\/wp\/v2\/media\/16990"}],"wp:attachment":[{"href":"https:\/\/surysaray.com\/en\/wp-json\/wp\/v2\/media?parent=16995"}],"wp:term":[{"taxonomy":"product_cat","embeddable":true,"href":"https:\/\/surysaray.com\/en\/wp-json\/wp\/v2\/product_cat?post=16995"},{"taxonomy":"product_tag","embeddable":true,"href":"https:\/\/surysaray.com\/en\/wp-json\/wp\/v2\/product_tag?post=16995"}],"curies":[{"name":"wp","href":"https:\/\/api.w.org\/{rel}","templated":true}]}}