{"id":858,"date":"2019-05-17T08:35:25","date_gmt":"2019-05-17T06:35:25","guid":{"rendered":"https:\/\/surysaray.com\/cookies\/"},"modified":"2020-10-29T17:52:29","modified_gmt":"2020-10-29T16:52:29","slug":"cookies","status":"publish","type":"page","link":"https:\/\/surysaray.com\/en\/cookies\/","title":{"rendered":"Cookies"},"content":{"rendered":"<h1>Cookies<\/h1>\n<p>&nbsp;<\/p>\n<ol>\n<li><strong><u>POLITICA DE COOKIES<\/u><\/strong>\n<ol>\n<li><strong> Tipos de datos procesados \/ Enlaces a otras p\u00e1ginas web<\/strong><\/li>\n<\/ol>\n<p>Esta Web respeta su privacidad. A trav\u00e9s de este Sitio La Web no recoge ni procesa ning\u00fan tipo de datos personales, excepto los recogidos a trav\u00e9s de los formularios de contacto y\/o compra y las cookies, seg\u00fan se explica a continuaci\u00f3n.<\/p>\n<p>Tenga en cuenta que este Sitio puede contener enlaces a otras p\u00e1ginas web de otras empresas vinculadas o medios sociales. Al pulsar sobre un enlace a otra p\u00e1gina web de La Web o de terceros relacionados, recuerde que estas p\u00e1ginas tienen su propia pol\u00edtica de privacidad. Por favor, antes de usar estas p\u00e1ginas web conozca su pol\u00edtica de privacidad. La Web no asume ninguna responsabilidad de ning\u00fan tipo sobre las p\u00e1ginas web de terceros que aparezcan vinculadas en este Sitio.<\/p>\n<ol start=\"2\">\n<li><strong> Recogida y uso de la informaci\u00f3n<\/strong><\/li>\n<\/ol>\n<p>Para mejorar este Sitio, en t\u00e9rminos de rendimiento del sistema y facilidad de uso, as\u00ed como para proporcionar informaci\u00f3n \u00fatil sobre nuestros productos y servicios, recogemos autom\u00e1ticamente y almacenamos informaci\u00f3n en los archivos de registro (log files) de su ordenador.<\/p>\n<p><strong><em>\u00bfQu\u00e9 tipo de datos incluye esta informaci\u00f3n?<\/em><\/strong><\/p>\n<ul>\n<li>su direcci\u00f3n IP<\/li>\n<li>tipo de navegador<\/li>\n<li>idioma seleccionado<\/li>\n<li>sistema operativo<\/li>\n<li>proveedor de servicios de Internet (ISP)<\/li>\n<li>fecha\/hora.<\/li>\n<\/ul>\n<p>&nbsp;<\/p>\n<p><strong><em>\u00bfCon qu\u00e9 finalidad usamos esta informaci\u00f3n?<\/em><\/strong><\/p>\n<p>Esta informaci\u00f3n se emplea de forma global para mejorar la gesti\u00f3n de este Sitio, analizar las tendencias y recoger datos demogr\u00e1ficos sobre nuestros usuarios. La informaci\u00f3n recogida puede ser usada por nuestros servicios de marketing, publicidad y comunicaci\u00f3n (por ejemplo, para optimizar y mejorar la experiencia del usuario y\/o presentar ofertas especiales, estudios estad\u00edsticos y servicios m\u00e1s atractivos).<\/p>\n<p>Si la informaci\u00f3n no personal es utilizada en combinaci\u00f3n con los Datos Personales, el conjunto es tratado como Datos Personales.<\/p>\n<ol start=\"3\">\n<li><strong> USO DE COOKIES<\/strong><\/li>\n<\/ol>\n<p>Para optimizar nuestros servicios, este Sitio, los mensajes enviados por correo electr\u00f3nico, los servicios online, los anuncios y las aplicaciones interactivas pueden utilizar \u201ccookies\u201d<\/p>\n<ol>\n<li><em><strong>\u00bfQu\u00e9 es una cookie?<\/strong><\/em><\/li>\n<\/ol>\n<p>Una cookie es un fichero (peque\u00f1o archivo) que se descarga en su ordenador al acceder a determinadas p\u00e1ginas web, normalmente formado por letras y n\u00fameros, enviado por el servidor de nuestra web al archivo de cookies de su navegador. Las cookies permiten a nuestra p\u00e1gina web, entre otras cosas, almacenar y recuperar informaci\u00f3n sobre sus h\u00e1bitos de navegaci\u00f3n o de su equipo y recordar su presencia al establecerse una nueva conexi\u00f3n entre nuestro servidor y su navegador.<\/p>\n<p>El principal prop\u00f3sito de una cookie es permitir a nuestro servidor presentar p\u00e1ginas web personalizadas que puedan convertir la visita a la web de La Web en una experiencia individual y ajustada a las preferencias personales.<\/p>\n<p>Los usuarios registrados, que se registren o que hayan iniciado sesi\u00f3n, podr\u00e1n beneficiarse de unos servicios m\u00e1s personalizados y orientados a su perfil, gracias a la combinaci\u00f3n de los datos almacenados en las cookies con los datos personales utilizados en el momento de su registro. Dichos usuarios autorizan expresamente el uso de esta informaci\u00f3n con la finalidad indicada, sin perjuicio de su derecho a rechazar o deshabilitar el uso de cookies.<\/p>\n<p>Asimismo, la Web podr\u00e1 saber todos los servicios solicitados por los usuarios, de forma que podr\u00e1n facilitar u ofrecer informaci\u00f3n adecuada a los gustos y preferencias de cada usuario.<\/p>\n<ol>\n<li><strong><em> B) \u00bfQu\u00e9 tipo de cookies existen? <\/em><\/strong><\/li>\n<\/ol>\n<p>1.) Seg\u00fan el tiempo de permanencia:<\/p>\n<p>&#8211; Cookies de sesi\u00f3n: son cookies temporales que permanecen en el archivo de cookies de su navegador mientras est\u00e1 en nuestra p\u00e1gina web. Estas cookies son necesarios para ciertas aplicaciones o funciones y permiten que este Sitio funcione adecuadamente.<\/p>\n<table>\n<tbody>\n<tr>\n<td width=\"98\"><strong>Cookies de sesi\u00f3n<\/strong><\/td>\n<td width=\"537\">Expiran cuando el usuario cierra el navegador.<\/td>\n<\/tr>\n<\/tbody>\n<\/table>\n<p>&#8211; Cookies persistentes: favorecen la experiencia como usuario (por ejemplo, ofreciendo una navegaci\u00f3n personalizada). Estas cookies permanecen en su navegador durante un periodo de tiempo m\u00e1s amplio. Este periodo depende de los ajustes que haya introducido en su navegador. Las cookies persistentes permiten que la informaci\u00f3n sea transferida al servidor de este Sitio cada vez que lo visita. Tambi\u00e9n se conocen como cookies de seguimiento.<\/p>\n<table>\n<tbody>\n<tr>\n<td width=\"98\"><strong>Cookies persistentes<\/strong><\/td>\n<td width=\"537\">Expiran en funci\u00f3n de cuando se cumpla el objetivo para el que sirven (por ejemplo, para que el usuario se mantenga identificado en los Servicios) o bien cuando se borran manualmente.<\/td>\n<\/tr>\n<\/tbody>\n<\/table>\n<p>2.) Seg\u00fan la <em><u>finalidad <\/u><\/em>para la que se tratan los datos obtenidos:<\/p>\n<p>&#8211; Cookies t\u00e9cnicas: Son aqu\u00e9llas que le permiten la navegaci\u00f3n a trav\u00e9s de una p\u00e1gina web, plataforma o aplicaci\u00f3n y la utilizaci\u00f3n de las diferentes opciones o servicios que en esta existen como, por ejemplo, el control del tr\u00e1fico y la comunicaci\u00f3n de datos, identificar la sesi\u00f3n, acceder a partes de acceso restringido, recordar los elementos que integran un pedido, realizar el proceso de compra de un pedido, realizar la solicitud de inscripci\u00f3n o participaci\u00f3n en un evento, utilizar elementos de seguridad durante la navegaci\u00f3n, almacenar contenidos para la difusi\u00f3n de videos o sonido o compartir contenidos a trav\u00e9s de redes sociales.<\/p>\n<table>\n<tbody>\n<tr>\n<td width=\"98\"><strong>Cookies t\u00e9cnicas<\/strong><\/td>\n<td width=\"537\">Son aqu\u00e9llas cookies que posibilitan el acceso, navegaci\u00f3n y uso adecuado de la p\u00e1gina web y las diferentes opciones ofrecidas<\/td>\n<\/tr>\n<\/tbody>\n<\/table>\n<p>&#8211; Cookies de personalizaci\u00f3n: Son aqu\u00e9llas que le permiten acceder al servicio con algunas caracter\u00edsticas de car\u00e1cter general predefinidas en funci\u00f3n de una serie de criterios en el terminal (por ejemplo el idioma, el tipo de navegador a trav\u00e9s del cual accede al servicio, la configuraci\u00f3n regional desde donde accede al servicio, etc).<\/p>\n<table width=\"569\">\n<tbody>\n<tr>\n<td width=\"95\"><strong><em>Cookies <\/em><\/strong><strong>de personalizaci\u00f3n<\/strong><\/td>\n<td width=\"473\">Estas Cookies son utilizadas para recordar sus preferencias para las herramientas que se encuentran en la web, por lo que no tendr\u00eda que volver a configurar el servicio cada vez que visita la web. Por ej. los ajustes de volumen, el pa\u00eds en qu\u00e9 se encuentra cuando se solicita un servicio, el idioma, el navegador\u2026.<\/td>\n<\/tr>\n<\/tbody>\n<\/table>\n<p>&#8211; Cookies de an\u00e1lisis: Son aqu\u00e9llas que bien tratadas por nosotros o por terceros, nos permiten cuantificar el n\u00famero de usuarios y as\u00ed realizar la medici\u00f3n y an\u00e1lisis estad\u00edstico de la utilizaci\u00f3n que hacen los usuarios del servicio ofertado. Para ello se analiza su navegaci\u00f3n en nuestra p\u00e1gina web con el fin de mejorar la oferta de productos o servicios que le ofrecemos.<\/p>\n<table width=\"569\">\n<tbody>\n<tr>\n<td width=\"96\"><strong><em>Cookies <\/em><\/strong><strong>anal\u00edticas<\/strong><\/td>\n<td width=\"472\">Cada vez que un Usuario visita un servicio, una herramienta de un proveedor externo genera una Cookie anal\u00edtica en el ordenador del usuario. Esta Cookie que s\u00f3lo se genera en la visita, servir\u00e1 en pr\u00f3ximas visitas a los Servicios de la Web para identificar de forma an\u00f3nima al visitante y permitir la identificaci\u00f3n an\u00f3nima del usuario (identifica navegadores y dispositivos, no personas) y por lo tanto la contabilizaci\u00f3n aproximada del n\u00famero de visitantes y su tendencia en el tiempo, as\u00ed como identificar de forma an\u00f3nima los contenidos m\u00e1s visitados y por lo tanto m\u00e1s atractivos para los usuarios y conocer si el usuario que est\u00e1 accediendo es nuevo o repite visita.<\/p>\n<p>Dichas Cookies s\u00f3lo ser\u00e1n utilizadas con prop\u00f3sitos estad\u00edsticos que ayuden a la optimizaci\u00f3n de la experiencia de los Usuarios en el sitio.<\/td>\n<\/tr>\n<\/tbody>\n<\/table>\n<p>&#8211; Cookies publicitarias: Son aqu\u00e9llas que, bien tratadas por nosotros o por terceros, nos permiten gestionar de la forma m\u00e1s eficaz posible la oferta de los espacios publicitarios que hay en la p\u00e1gina web, adecuando el contenido del anuncio al contenido del servicio solicitado o al uso que realice de nuestra p\u00e1gina web. Para ello podemos analizar sus h\u00e1bitos de navegaci\u00f3n en Internet y podemos mostrarle publicidad relacionada con su perfil de navegaci\u00f3n.<\/p>\n<table width=\"569\">\n<tbody>\n<tr>\n<td width=\"125\"><strong><em>Cookies<\/em><\/strong><strong> publicitarias <\/strong><\/td>\n<td width=\"444\">Adem\u00e1s de la publicidad gestionada por la Web en sus Servicios, la Web ofrece a sus anunciantes la opci\u00f3n de servir anuncios a trav\u00e9s de terceros (\u201cAdServers\u201d). De este modo, estos terceros pueden almacenar <em>Cookies<\/em> enviadas desde los Servicios de la Web procedentes de los navegadores de los Usuarios, as\u00ed como acceder a los datos que en ellas se guardan.<\/td>\n<\/tr>\n<\/tbody>\n<\/table>\n<p>&#8211; Cookies de publicidad comportamental: Son aqu\u00e9llas que, bien tratadas por nosotros o por terceros, nos permiten la gesti\u00f3n, de la forma m\u00e1s eficaz posible, de los espacios publicitarios que, en su caso, pudieran estar incluidos en este Sitio desde el que se presta el servicio solicitado. Estas cookies almacenan informaci\u00f3n de su comportamiento obtenida a trav\u00e9s de la observaci\u00f3n continuada de sus h\u00e1bitos de navegaci\u00f3n, lo que nos permite desarrollar un perfil espec\u00edfico para mostrar la publicidad en funci\u00f3n del mismo.<\/p>\n<table width=\"569\">\n<tbody>\n<tr>\n<td width=\"127\"><strong><em>Cookies <\/em><\/strong><strong>de<\/strong><\/p>\n<p><strong>publicidad comportamental<\/strong><\/td>\n<td width=\"442\">Este tipo de \u201c<em>Cookies<\/em>\u201d permite ampliar la informaci\u00f3n de los anuncios mostrados a cada usuario an\u00f3nimo en los Servicios de la Web<strong>.<\/strong> Entre otros, se almacena la duraci\u00f3n o frecuencia de visualizaci\u00f3n de posiciones publicitarias, la interacci\u00f3n con las mismas, o los patrones de navegaci\u00f3n y\/o compartimientos del usuario ya que ayudan a conformar un perfil de inter\u00e9s publicitario. De este modo, permiten ofrecer publicidad af\u00edn a los intereses del usuario.<\/td>\n<\/tr>\n<\/tbody>\n<\/table>\n<p>3.) Seg\u00fan su <em><u>Propietario<\/u><\/em> pueden ser:<\/p>\n<p>&#8211; Cookies propias: Son aqu\u00e9llas propias del propietario del Sitio web<\/p>\n<table>\n<tbody>\n<tr>\n<td width=\"98\"><strong>Cookies propias<\/strong><\/td>\n<td width=\"537\">Son aqu\u00e9llas que se env\u00edan al equipo terminal del usuario desde un equipo o dominio gestionado por el propio editor y desde el que se presta el servicio solicitado por el usuario.<\/td>\n<\/tr>\n<\/tbody>\n<\/table>\n<p>&#8211; Cookies de terceros: Son aquellas utilizadas por servicios ajenos al propietario del Sitio web.<\/p>\n<table>\n<tbody>\n<tr>\n<td width=\"98\"><strong>Cookies de terceros<\/strong><\/td>\n<td width=\"537\">Son aqu\u00e9llas que se env\u00edan al equipo terminal del usuario desde un equipo o dominio que no es gestionado por el editor, sino por otra entidad que trata los datos obtenidos trav\u00e9s de las cookies.<\/td>\n<\/tr>\n<\/tbody>\n<\/table>\n<p>&nbsp;<\/p>\n<ol>\n<li><strong>Cookies propias usadas en la web:\u00a0 <\/strong><\/li>\n<\/ol>\n<table>\n<tbody>\n<tr>\n<td width=\"145\"><strong>Cookie<\/strong><\/td>\n<td width=\"141\"><strong>Finalidad de la cookie<\/strong><\/td>\n<td width=\"140\"><strong>Duraci\u00f3n<\/strong><\/td>\n<td width=\"141\"><strong>Descripci\u00f3n de la finalidad de la cookie<\/strong><\/td>\n<\/tr>\n<tr>\n<td width=\"145\">scnb-cookie-terms<\/td>\n<td width=\"141\"><strong>T\u00e9cnica<\/strong><\/td>\n<td width=\"140\"><strong>1 a\u00f1o<\/strong><\/td>\n<td width=\"141\">Indicar al usuario la presencia del uso de cookies y posibilitar la aceptaci\u00f3n del uso de las mismas<\/td>\n<\/tr>\n<tr>\n<td width=\"145\">_utmt<\/td>\n<td width=\"141\">Estad\u00edstica<\/td>\n<td width=\"140\">1 d\u00eda<\/td>\n<td width=\"141\">Establecimiento de estad\u00edsticas de uso de las p\u00e1ginas<\/td>\n<\/tr>\n<tr>\n<td width=\"145\">_utmv<\/td>\n<td width=\"141\">An\u00e1lisis<\/td>\n<td width=\"140\">1 d\u00eda<\/td>\n<td width=\"141\">Almacenamiento de datos de variables personalizadas de visitante<\/td>\n<\/tr>\n<tr>\n<td width=\"145\">beng_proxy_session<\/td>\n<td width=\"141\">Sesi\u00f3n<\/td>\n<td width=\"140\">Al finalizar la sesi\u00f3n de navegaci\u00f3n<\/td>\n<td width=\"141\">Control de sesi\u00f3n<\/td>\n<\/tr>\n<tr>\n<td width=\"145\">cdp-cookies-plugin-wp<\/td>\n<td width=\"141\">Personalizaci\u00f3n<\/td>\n<td width=\"140\">1 a\u00f1o<\/td>\n<td width=\"141\">Utilizada para mostrar o no el aviso de pol\u00edtica de cookies seg\u00fan si ya se ha aceptado o no<\/td>\n<\/tr>\n<\/tbody>\n<\/table>\n<ol>\n<li><strong>Cookies de terceros usadas en la web: <\/strong><\/li>\n<\/ol>\n<p>Para mostrar publicidad y realizar el seguimiento de nuestras comunicaciones de marketing, La Web puede usar medios de terceros. Estos usan las cookies para medir la efectividad de los anuncios y personalizar su contenido. La informaci\u00f3n que puede ser recogida por terceros puede incluir datos tales como la localizaci\u00f3n geogr\u00e1fica (a trav\u00e9s de la direcci\u00f3n IP), datos de contacto o, s\u00f3lo si es introducida a trav\u00e9s de este Sitio, la direcci\u00f3n de correo electr\u00f3nico.<\/p>\n<p>Para la continua optimizaci\u00f3n de sus comunicaciones de marketing, La Web emplea el software anal\u00edtico Google Analytics. Esta tecnolog\u00eda permite conocer el comportamiento online del visitante en t\u00e9rminos de tiempo, localizaci\u00f3n geogr\u00e1fica y uso de este Sitio. La informaci\u00f3n se recoge a trav\u00e9s de pixels tags y\/o cookies de seguimiento. Esta informaci\u00f3n es an\u00f3nima, no es vinculada con los datos personales y La Web no la comparte con terceros para su uso independiente. Toda la informaci\u00f3n necesaria para el an\u00e1lisis es almacenada en los servidores en Google<\/p>\n<table>\n<tbody>\n<tr>\n<td width=\"145\"><strong>Cookie<\/strong><\/td>\n<td width=\"141\"><strong>Finalidad de la cookie<\/strong><\/td>\n<td width=\"140\"><strong>Duraci\u00f3n<\/strong><\/td>\n<td width=\"141\"><strong>Descripci\u00f3n de la finalidad de la cookie<\/strong><\/td>\n<\/tr>\n<tr>\n<td width=\"145\">_utma<\/td>\n<td width=\"141\">An\u00e1lisis<\/td>\n<td width=\"140\">2 a\u00f1os<\/td>\n<td width=\"141\">Medici\u00f3n Interna con Google Analytics<\/td>\n<\/tr>\n<tr>\n<td width=\"145\">_utmb<\/td>\n<td width=\"141\">An\u00e1lisis<\/td>\n<td width=\"140\">1 d\u00eda<\/td>\n<td width=\"141\">Medici\u00f3n Interna con Google Analytics<\/td>\n<\/tr>\n<tr>\n<td width=\"145\">_utmc<\/td>\n<td width=\"141\">An\u00e1lisis<\/td>\n<td width=\"140\">Al finalizar la sesi\u00f3n de navegaci\u00f3n<\/td>\n<td width=\"141\">Medici\u00f3n Interna con Google Analytics<\/td>\n<\/tr>\n<tr>\n<td width=\"145\">_utmt<\/td>\n<td width=\"141\">Estad\u00edstica<\/td>\n<td width=\"140\">1 d\u00eda<\/td>\n<td width=\"141\">Establecimiento de estad\u00edsticas de uso de las p\u00e1ginas<\/td>\n<\/tr>\n<tr>\n<td width=\"145\">_utmv<\/td>\n<td width=\"141\">An\u00e1lisis<\/td>\n<td width=\"140\">1 d\u00eda<\/td>\n<td width=\"141\">Almacenamiento de datos de variables personalizadas de visitante<\/td>\n<\/tr>\n<tr>\n<td width=\"145\">_utmz<\/td>\n<td width=\"141\">An\u00e1lisis<\/td>\n<td width=\"140\">6 meses<\/td>\n<td width=\"141\">Medici\u00f3n Interna con Google Analytics<\/td>\n<\/tr>\n<tr>\n<td width=\"145\">_ga<\/td>\n<td width=\"141\">An\u00e1lisis<\/td>\n<td width=\"140\">2 a\u00f1os<\/td>\n<td width=\"141\">Permite distinguir a los Usuarios que navegan por el sitio web pero sin conocer la identidad (Medici\u00f3n Interna con Google Analytics)<\/td>\n<\/tr>\n<tr>\n<td width=\"145\">&nbsp;<\/p>\n<p>&nbsp;<\/td>\n<td width=\"141\">&nbsp;<\/td>\n<td width=\"140\">&nbsp;<\/td>\n<td width=\"141\">&nbsp;<\/td>\n<\/tr>\n<\/tbody>\n<\/table>\n<p><strong>\u00a0<\/strong><\/p>\n<ol>\n<li><strong>Habilitaci\u00f3n y deshabilitaci\u00f3n de las cookies y de recursos similares<\/strong><\/li>\n<\/ol>\n<p>Recuerde que ciertas funciones y la plena funcionalidad de este Sitio pueden no estar disponibles despu\u00e9s de deshabilitar las cookies. Puede usted permitir, bloquear o eliminar las cookies instaladas en su equipo mediante la configuraci\u00f3n de las opciones del navegador instalado en su ordenador.<\/p>\n<table width=\"576\">\n<tbody>\n<tr>\n<td width=\"151\"><strong>Mozilla Firefox<\/strong><\/td>\n<td width=\"425\">Herramientas -&gt; opciones -&gt; privacidad -&gt;\u00a0 historial -&gt;\u00a0 configuraci\u00f3n personalizada<\/td>\n<\/tr>\n<tr>\n<td width=\"151\"><strong>Internet Explorer<\/strong><\/td>\n<td width=\"425\">Herramientas, opciones de internet, privacidad, configuraci\u00f3n<\/td>\n<\/tr>\n<tr>\n<td width=\"151\"><strong>Google Chrome<\/strong><\/td>\n<td width=\"425\">Configuraci\u00f3n -&gt; mostrar Opciones avanzadas -&gt; privacidad y seguridad -&gt; \u00a0configuraci\u00f3n de contenido<\/td>\n<\/tr>\n<tr>\n<td width=\"151\"><strong>Microsoft Edge<\/strong><\/td>\n<td width=\"425\">Configuraci\u00f3n y m\u00e1s -&gt; Configuraci\u00f3n -&gt; Borrar datos de exploraci\u00f3n<\/td>\n<\/tr>\n<tr>\n<td width=\"151\"><strong>Safari<\/strong><\/td>\n<td width=\"425\">Preferencias -&gt; seguridad<\/td>\n<\/tr>\n<\/tbody>\n<\/table>\n<ol>\n<li><strong> F) Cambios en nuestra Pol\u00edtica de Privacidad<\/strong><\/li>\n<\/ol>\n<p>Cualquier cambio que en el futuro podamos introducir en nuestra pol\u00edtica de privacidad ser\u00e1 comunicado en esta p\u00e1gina. De este modo, podr\u00e1 comprobar regularmente las actualizaciones o cambios en nuestra pol\u00edtica de privacidad.<\/p>\n<ol>\n<li><strong>\u00a0Contacto<\/strong><\/li>\n<\/ol>\n<p>Responsable: SURY SARAY VI\u00d1AS RIVERO \u2013 NIF\/CIF: 42375208P\u00a0 &#8211; Tel\u00e9fono de contacto: 622751697<br \/>\nCorreo electr\u00f3nico: info@surysaray.com &#8211; Direcci\u00f3n postal: C\/ Na Caragol, 36, local 5,, Art\u00e1, 07570, Baleares (Illes)<br \/>\nDelegado de Protecci\u00f3n de datos:<\/p>\n<p>Tambi\u00e9n puede contactar con nosotros para acceder a cualquier informaci\u00f3n personal que hayamos recogido a trav\u00e9s de este Sitio o para ejercer su derecho de rectificaci\u00f3n, bloqueo o anulaci\u00f3n de esta informaci\u00f3n. Consulte nuestras Condiciones de Uso, Aviso Legal y Pol\u00edtica de Privacidad para conocer todos los datos referentes al propietario de la Web y el uso que hacemos de sus datos.<br \/>\nLa Web realiza todos los esfuerzos razonables para asegurar que el contenido del Sitio es preciso y vigente.<\/p>\n<p>&nbsp;<\/p>\n<ol>\n<li><strong>Web beacons o pixel tags\u00a0<\/strong><\/li>\n<\/ol>\n<p>Este Sitio utiliza web beacons (tambi\u00e9n denominados \u201cp\u00edxel tags\u201d). Un web beacon es una imagen gr\u00e1fica transparente, normalmente no mayor de 1 x 1 pixel, que se sit\u00faa en una p\u00e1gina web o en un e-mail para monitorizar el comportamiento online del usuario que visita la p\u00e1gina web.<\/p>\n<p>Estas im\u00e1genes emplean principalmente tecnolog\u00edas de terceros, en el caso de este Sitio se usan para monitorizar la actividad de los visitantes, como conocer qu\u00e9 p\u00e1ginas del Sitio visita, cu\u00e1ndo y desde d\u00f3nde (pa\u00eds\/ciudad).<\/li>\n<\/ol>\n","protected":false},"excerpt":{"rendered":"<p>Cookies &nbsp; POLITICA DE COOKIES Tipos de datos procesados \/ Enlaces a otras p\u00e1ginas web Esta Web respeta su privacidad. A trav\u00e9s de este Sitio La Web no recoge ni procesa ning\u00fan tipo de datos personales, excepto los recogidos a trav\u00e9s de los formularios de contacto y\/o compra y las cookies, seg\u00fan se explica a [&hellip;]<\/p>\n","protected":false},"author":4,"featured_media":0,"parent":0,"menu_order":0,"comment_status":"closed","ping_status":"closed","template":"","meta":{"_joinchat":[]},"yoast_head":"<!-- This site is optimized with the Yoast SEO plugin v20.2.1 - https:\/\/yoast.com\/wordpress\/plugins\/seo\/ -->\n<title>Cookies - Sury Saray<\/title>\n<meta name=\"robots\" content=\"index, follow, max-snippet:-1, max-image-preview:large, max-video-preview:-1\" \/>\n<link rel=\"canonical\" href=\"https:\/\/surysaray.com\/en\/cookies\/\" \/>\n<meta property=\"og:locale\" content=\"en_US\" \/>\n<meta property=\"og:type\" content=\"article\" \/>\n<meta property=\"og:title\" content=\"Cookies - Sury Saray\" \/>\n<meta property=\"og:description\" content=\"Cookies &nbsp; POLITICA DE COOKIES Tipos de datos procesados \/ Enlaces a otras p\u00e1ginas web Esta Web respeta su privacidad. A trav\u00e9s de este Sitio La Web no recoge ni procesa ning\u00fan tipo de datos personales, excepto los recogidos a trav\u00e9s de los formularios de contacto y\/o compra y las cookies, seg\u00fan se explica a [&hellip;]\" \/>\n<meta property=\"og:url\" content=\"https:\/\/surysaray.com\/en\/cookies\/\" \/>\n<meta property=\"og:site_name\" content=\"Sury Saray\" \/>\n<meta property=\"article:modified_time\" content=\"2020-10-29T16:52:29+00:00\" \/>\n<meta name=\"twitter:card\" content=\"summary_large_image\" \/>\n<meta name=\"twitter:label1\" content=\"Est. reading time\" \/>\n\t<meta name=\"twitter:data1\" content=\"13 minutes\" \/>\n<script type=\"application\/ld+json\" class=\"yoast-schema-graph\">{\"@context\":\"https:\/\/schema.org\",\"@graph\":[{\"@type\":\"WebPage\",\"@id\":\"https:\/\/surysaray.com\/en\/cookies\/\",\"url\":\"https:\/\/surysaray.com\/en\/cookies\/\",\"name\":\"Cookies - Sury Saray\",\"isPartOf\":{\"@id\":\"https:\/\/surysaray.com\/#website\"},\"datePublished\":\"2019-05-17T06:35:25+00:00\",\"dateModified\":\"2020-10-29T16:52:29+00:00\",\"breadcrumb\":{\"@id\":\"https:\/\/surysaray.com\/en\/cookies\/#breadcrumb\"},\"inLanguage\":\"en-US\",\"potentialAction\":[{\"@type\":\"ReadAction\",\"target\":[\"https:\/\/surysaray.com\/en\/cookies\/\"]}]},{\"@type\":\"BreadcrumbList\",\"@id\":\"https:\/\/surysaray.com\/en\/cookies\/#breadcrumb\",\"itemListElement\":[{\"@type\":\"ListItem\",\"position\":1,\"name\":\"Portada\",\"item\":\"https:\/\/surysaray.com\/en\/\"},{\"@type\":\"ListItem\",\"position\":2,\"name\":\"Cookies\"}]},{\"@type\":\"WebSite\",\"@id\":\"https:\/\/surysaray.com\/#website\",\"url\":\"https:\/\/surysaray.com\/\",\"name\":\"Sury Saray\",\"description\":\"\",\"potentialAction\":[{\"@type\":\"SearchAction\",\"target\":{\"@type\":\"EntryPoint\",\"urlTemplate\":\"https:\/\/surysaray.com\/?s={search_term_string}\"},\"query-input\":\"required name=search_term_string\"}],\"inLanguage\":\"en-US\"}]}<\/script>\n<!-- \/ Yoast SEO plugin. -->","yoast_head_json":{"title":"Cookies - Sury Saray","robots":{"index":"index","follow":"follow","max-snippet":"max-snippet:-1","max-image-preview":"max-image-preview:large","max-video-preview":"max-video-preview:-1"},"canonical":"https:\/\/surysaray.com\/en\/cookies\/","og_locale":"en_US","og_type":"article","og_title":"Cookies - Sury Saray","og_description":"Cookies &nbsp; POLITICA DE COOKIES Tipos de datos procesados \/ Enlaces a otras p\u00e1ginas web Esta Web respeta su privacidad. A trav\u00e9s de este Sitio La Web no recoge ni procesa ning\u00fan tipo de datos personales, excepto los recogidos a trav\u00e9s de los formularios de contacto y\/o compra y las cookies, seg\u00fan se explica a [&hellip;]","og_url":"https:\/\/surysaray.com\/en\/cookies\/","og_site_name":"Sury Saray","article_modified_time":"2020-10-29T16:52:29+00:00","twitter_card":"summary_large_image","twitter_misc":{"Est. reading time":"13 minutes"},"schema":{"@context":"https:\/\/schema.org","@graph":[{"@type":"WebPage","@id":"https:\/\/surysaray.com\/en\/cookies\/","url":"https:\/\/surysaray.com\/en\/cookies\/","name":"Cookies - Sury Saray","isPartOf":{"@id":"https:\/\/surysaray.com\/#website"},"datePublished":"2019-05-17T06:35:25+00:00","dateModified":"2020-10-29T16:52:29+00:00","breadcrumb":{"@id":"https:\/\/surysaray.com\/en\/cookies\/#breadcrumb"},"inLanguage":"en-US","potentialAction":[{"@type":"ReadAction","target":["https:\/\/surysaray.com\/en\/cookies\/"]}]},{"@type":"BreadcrumbList","@id":"https:\/\/surysaray.com\/en\/cookies\/#breadcrumb","itemListElement":[{"@type":"ListItem","position":1,"name":"Portada","item":"https:\/\/surysaray.com\/en\/"},{"@type":"ListItem","position":2,"name":"Cookies"}]},{"@type":"WebSite","@id":"https:\/\/surysaray.com\/#website","url":"https:\/\/surysaray.com\/","name":"Sury Saray","description":"","potentialAction":[{"@type":"SearchAction","target":{"@type":"EntryPoint","urlTemplate":"https:\/\/surysaray.com\/?s={search_term_string}"},"query-input":"required name=search_term_string"}],"inLanguage":"en-US"}]}},"_links":{"self":[{"href":"https:\/\/surysaray.com\/en\/wp-json\/wp\/v2\/pages\/858"}],"collection":[{"href":"https:\/\/surysaray.com\/en\/wp-json\/wp\/v2\/pages"}],"about":[{"href":"https:\/\/surysaray.com\/en\/wp-json\/wp\/v2\/types\/page"}],"author":[{"embeddable":true,"href":"https:\/\/surysaray.com\/en\/wp-json\/wp\/v2\/users\/4"}],"replies":[{"embeddable":true,"href":"https:\/\/surysaray.com\/en\/wp-json\/wp\/v2\/comments?post=858"}],"version-history":[{"count":0,"href":"https:\/\/surysaray.com\/en\/wp-json\/wp\/v2\/pages\/858\/revisions"}],"wp:attachment":[{"href":"https:\/\/surysaray.com\/en\/wp-json\/wp\/v2\/media?parent=858"}],"curies":[{"name":"wp","href":"https:\/\/api.w.org\/{rel}","templated":true}]}}