{"id":5293,"date":"2020-01-29T16:06:33","date_gmt":"2020-01-29T15:06:33","guid":{"rendered":"https:\/\/surysaray.com\/producto\/babor-spa-shaping-collection\/"},"modified":"2020-11-30T00:04:36","modified_gmt":"2020-11-29T23:04:36","slug":"babor-spa-shaping-collection","status":"publish","type":"product","link":"https:\/\/surysaray.com\/de\/producto\/babor-spa-shaping-collection\/","title":{"rendered":"BABOR SPA SHAPING COLLECTION"},"content":{"rendered":"","protected":false},"excerpt":{"rendered":"<p>Ein Set mit verschiedenen Texturen und Aromen, um der Haut ein wahres Wohlf\u00fchlerlebnis zu bieten. Dank dieser BABOR-Produkte k\u00f6nnen Sie Ihre Haut entspannen, den t\u00e4glichen Stress mit einer entspannenden und erholsamen Wirkung f\u00fcr alle Sinne reduzieren und Ihre Haut strahlend und gesund aussehen lassen. Dar\u00fcber hinaus verf\u00fcgt die K\u00f6rperlotion \u00fcber einen Wirkkomplex aus pflanzlichen Zutaten, die die Figur formen und die Elastizit\u00e4t sowie die Widerstandkraft der Haut verbessern.<\/p>\n","protected":false},"featured_media":5289,"template":"","meta":{"_joinchat":[]},"product_cat":[74],"product_tag":[],"yoast_head":"<!-- This site is optimized with the Yoast SEO plugin v20.2.1 - https:\/\/yoast.com\/wordpress\/plugins\/seo\/ -->\n<title>BABOR SPA SHAPING COLLECTION - Sury Saray<\/title>\n<meta name=\"robots\" content=\"noindex, follow\" \/>\n<meta property=\"og:locale\" content=\"de_DE\" \/>\n<meta property=\"og:type\" content=\"article\" \/>\n<meta property=\"og:title\" content=\"BABOR SPA SHAPING COLLECTION - Sury Saray\" \/>\n<meta property=\"og:description\" content=\"Ein Set mit verschiedenen Texturen und Aromen, um der Haut ein wahres Wohlf\u00fchlerlebnis zu bieten. Dank dieser BABOR-Produkte k\u00f6nnen Sie Ihre Haut entspannen, den t\u00e4glichen Stress mit einer entspannenden und erholsamen Wirkung f\u00fcr alle Sinne reduzieren und Ihre Haut strahlend und gesund aussehen lassen. Dar\u00fcber hinaus verf\u00fcgt die K\u00f6rperlotion \u00fcber einen Wirkkomplex aus pflanzlichen Zutaten, die die Figur formen und die Elastizit\u00e4t sowie die Widerstandkraft der Haut verbessern.\" \/>\n<meta property=\"og:url\" content=\"https:\/\/surysaray.com\/de\/producto\/babor-spa-shaping-collection\/\" \/>\n<meta property=\"og:site_name\" content=\"Sury Saray\" \/>\n<meta property=\"article:modified_time\" content=\"2020-11-29T23:04:36+00:00\" \/>\n<meta property=\"og:image\" content=\"https:\/\/surysaray.com\/wp-content\/uploads\/2020\/01\/sury-saray-centro-de-estetica-mallorca-cofres-02.jpg\" \/>\n\t<meta property=\"og:image:width\" content=\"500\" \/>\n\t<meta property=\"og:image:height\" content=\"667\" \/>\n\t<meta property=\"og:image:type\" content=\"image\/jpeg\" \/>\n<meta name=\"twitter:card\" content=\"summary_large_image\" \/>\n<script type=\"application\/ld+json\" class=\"yoast-schema-graph\">{\"@context\":\"https:\/\/schema.org\",\"@graph\":[{\"@type\":\"WebPage\",\"@id\":\"https:\/\/surysaray.com\/de\/producto\/babor-spa-shaping-collection\/\",\"url\":\"https:\/\/surysaray.com\/de\/producto\/babor-spa-shaping-collection\/\",\"name\":\"BABOR SPA SHAPING COLLECTION - Sury Saray\",\"isPartOf\":{\"@id\":\"https:\/\/surysaray.com\/#website\"},\"datePublished\":\"2020-01-29T15:06:33+00:00\",\"dateModified\":\"2020-11-29T23:04:36+00:00\",\"breadcrumb\":{\"@id\":\"https:\/\/surysaray.com\/de\/producto\/babor-spa-shaping-collection\/#breadcrumb\"},\"inLanguage\":\"de-DE\",\"potentialAction\":[{\"@type\":\"ReadAction\",\"target\":[\"https:\/\/surysaray.com\/de\/producto\/babor-spa-shaping-collection\/\"]}]},{\"@type\":\"BreadcrumbList\",\"@id\":\"https:\/\/surysaray.com\/de\/producto\/babor-spa-shaping-collection\/#breadcrumb\",\"itemListElement\":[{\"@type\":\"ListItem\",\"position\":1,\"name\":\"Portada\",\"item\":\"https:\/\/surysaray.com\/de\/\"},{\"@type\":\"ListItem\",\"position\":2,\"name\":\"Shop\",\"item\":\"https:\/\/surysaray.com\/de\/online-shop\/\"},{\"@type\":\"ListItem\",\"position\":3,\"name\":\"BABOR SPA SHAPING COLLECTION\"}]},{\"@type\":\"WebSite\",\"@id\":\"https:\/\/surysaray.com\/#website\",\"url\":\"https:\/\/surysaray.com\/\",\"name\":\"Sury Saray\",\"description\":\"\",\"potentialAction\":[{\"@type\":\"SearchAction\",\"target\":{\"@type\":\"EntryPoint\",\"urlTemplate\":\"https:\/\/surysaray.com\/?s={search_term_string}\"},\"query-input\":\"required name=search_term_string\"}],\"inLanguage\":\"de-DE\"}]}<\/script>\n<!-- \/ Yoast SEO plugin. -->","yoast_head_json":{"title":"BABOR SPA SHAPING COLLECTION - Sury Saray","robots":{"index":"noindex","follow":"follow"},"og_locale":"de_DE","og_type":"article","og_title":"BABOR SPA SHAPING COLLECTION - Sury Saray","og_description":"Ein Set mit verschiedenen Texturen und Aromen, um der Haut ein wahres Wohlf\u00fchlerlebnis zu bieten. Dank dieser BABOR-Produkte k\u00f6nnen Sie Ihre Haut entspannen, den t\u00e4glichen Stress mit einer entspannenden und erholsamen Wirkung f\u00fcr alle Sinne reduzieren und Ihre Haut strahlend und gesund aussehen lassen. Dar\u00fcber hinaus verf\u00fcgt die K\u00f6rperlotion \u00fcber einen Wirkkomplex aus pflanzlichen Zutaten, die die Figur formen und die Elastizit\u00e4t sowie die Widerstandkraft der Haut verbessern.","og_url":"https:\/\/surysaray.com\/de\/producto\/babor-spa-shaping-collection\/","og_site_name":"Sury Saray","article_modified_time":"2020-11-29T23:04:36+00:00","og_image":[{"width":500,"height":667,"url":"https:\/\/surysaray.com\/wp-content\/uploads\/2020\/01\/sury-saray-centro-de-estetica-mallorca-cofres-02.jpg","type":"image\/jpeg"}],"twitter_card":"summary_large_image","schema":{"@context":"https:\/\/schema.org","@graph":[{"@type":"WebPage","@id":"https:\/\/surysaray.com\/de\/producto\/babor-spa-shaping-collection\/","url":"https:\/\/surysaray.com\/de\/producto\/babor-spa-shaping-collection\/","name":"BABOR SPA SHAPING COLLECTION - Sury Saray","isPartOf":{"@id":"https:\/\/surysaray.com\/#website"},"datePublished":"2020-01-29T15:06:33+00:00","dateModified":"2020-11-29T23:04:36+00:00","breadcrumb":{"@id":"https:\/\/surysaray.com\/de\/producto\/babor-spa-shaping-collection\/#breadcrumb"},"inLanguage":"de-DE","potentialAction":[{"@type":"ReadAction","target":["https:\/\/surysaray.com\/de\/producto\/babor-spa-shaping-collection\/"]}]},{"@type":"BreadcrumbList","@id":"https:\/\/surysaray.com\/de\/producto\/babor-spa-shaping-collection\/#breadcrumb","itemListElement":[{"@type":"ListItem","position":1,"name":"Portada","item":"https:\/\/surysaray.com\/de\/"},{"@type":"ListItem","position":2,"name":"Shop","item":"https:\/\/surysaray.com\/de\/online-shop\/"},{"@type":"ListItem","position":3,"name":"BABOR SPA SHAPING COLLECTION"}]},{"@type":"WebSite","@id":"https:\/\/surysaray.com\/#website","url":"https:\/\/surysaray.com\/","name":"Sury Saray","description":"","potentialAction":[{"@type":"SearchAction","target":{"@type":"EntryPoint","urlTemplate":"https:\/\/surysaray.com\/?s={search_term_string}"},"query-input":"required name=search_term_string"}],"inLanguage":"de-DE"}]}},"_links":{"self":[{"href":"https:\/\/surysaray.com\/de\/wp-json\/wp\/v3\/product\/5293"}],"collection":[{"href":"https:\/\/surysaray.com\/de\/wp-json\/wp\/v3\/product"}],"about":[{"href":"https:\/\/surysaray.com\/de\/wp-json\/wp\/v2\/types\/product"}],"wp:featuredmedia":[{"embeddable":true,"href":"https:\/\/surysaray.com\/de\/wp-json\/wp\/v2\/media\/5289"}],"wp:attachment":[{"href":"https:\/\/surysaray.com\/de\/wp-json\/wp\/v2\/media?parent=5293"}],"wp:term":[{"taxonomy":"product_cat","embeddable":true,"href":"https:\/\/surysaray.com\/de\/wp-json\/wp\/v2\/product_cat?post=5293"},{"taxonomy":"product_tag","embeddable":true,"href":"https:\/\/surysaray.com\/de\/wp-json\/wp\/v2\/product_tag?post=5293"}],"curies":[{"name":"wp","href":"https:\/\/api.w.org\/{rel}","templated":true}]}}