{"id":5269,"date":"2020-01-29T15:52:57","date_gmt":"2020-01-29T14:52:57","guid":{"rendered":"https:\/\/surysaray.com\/producto\/cofre-liftexpert\/"},"modified":"2020-11-30T00:04:37","modified_gmt":"2020-11-29T23:04:37","slug":"liftexpert-set","status":"publish","type":"product","link":"https:\/\/surysaray.com\/de\/producto\/liftexpert-set\/","title":{"rendered":"Lift\u2019Expert Set"},"content":{"rendered":"","protected":false},"excerpt":{"rendered":"<p>Dieses Set der Firma Maria Galland hilft Ihnen, Ihre Haut l\u00e4nger jung aussehen zu lassen und sie mit kostbarer Vollendung zu versehen. Dieses Produkt ist ideal f\u00fcr Frauen ab 40, wenn die Zeichen des Alterns allm\u00e4hlich sichtbar werden.<\/p>\n","protected":false},"featured_media":5265,"template":"","meta":{"_joinchat":[]},"product_cat":[74],"product_tag":[],"yoast_head":"<!-- This site is optimized with the Yoast SEO plugin v20.2.1 - https:\/\/yoast.com\/wordpress\/plugins\/seo\/ -->\n<title>Lift\u2019Expert Set - Sury Saray<\/title>\n<meta name=\"robots\" content=\"noindex, follow\" \/>\n<meta property=\"og:locale\" content=\"de_DE\" \/>\n<meta property=\"og:type\" content=\"article\" \/>\n<meta property=\"og:title\" content=\"Lift\u2019Expert Set - Sury Saray\" \/>\n<meta property=\"og:description\" content=\"Dieses Set der Firma Maria Galland hilft Ihnen, Ihre Haut l\u00e4nger jung aussehen zu lassen und sie mit kostbarer Vollendung zu versehen. Dieses Produkt ist ideal f\u00fcr Frauen ab 40, wenn die Zeichen des Alterns allm\u00e4hlich sichtbar werden.\" \/>\n<meta property=\"og:url\" content=\"https:\/\/surysaray.com\/de\/producto\/liftexpert-set\/\" \/>\n<meta property=\"og:site_name\" content=\"Sury Saray\" \/>\n<meta property=\"article:modified_time\" content=\"2020-11-29T23:04:37+00:00\" \/>\n<meta property=\"og:image\" content=\"https:\/\/surysaray.com\/wp-content\/uploads\/2020\/01\/sury-saray-centro-de-estetica-mallorca-cofres-06.jpg\" \/>\n\t<meta property=\"og:image:width\" content=\"500\" \/>\n\t<meta property=\"og:image:height\" content=\"667\" \/>\n\t<meta property=\"og:image:type\" content=\"image\/jpeg\" \/>\n<meta name=\"twitter:card\" content=\"summary_large_image\" \/>\n<script type=\"application\/ld+json\" class=\"yoast-schema-graph\">{\"@context\":\"https:\/\/schema.org\",\"@graph\":[{\"@type\":\"WebPage\",\"@id\":\"https:\/\/surysaray.com\/de\/producto\/liftexpert-set\/\",\"url\":\"https:\/\/surysaray.com\/de\/producto\/liftexpert-set\/\",\"name\":\"Lift\u2019Expert Set - Sury Saray\",\"isPartOf\":{\"@id\":\"https:\/\/surysaray.com\/#website\"},\"datePublished\":\"2020-01-29T14:52:57+00:00\",\"dateModified\":\"2020-11-29T23:04:37+00:00\",\"breadcrumb\":{\"@id\":\"https:\/\/surysaray.com\/de\/producto\/liftexpert-set\/#breadcrumb\"},\"inLanguage\":\"de-DE\",\"potentialAction\":[{\"@type\":\"ReadAction\",\"target\":[\"https:\/\/surysaray.com\/de\/producto\/liftexpert-set\/\"]}]},{\"@type\":\"BreadcrumbList\",\"@id\":\"https:\/\/surysaray.com\/de\/producto\/liftexpert-set\/#breadcrumb\",\"itemListElement\":[{\"@type\":\"ListItem\",\"position\":1,\"name\":\"Portada\",\"item\":\"https:\/\/surysaray.com\/de\/\"},{\"@type\":\"ListItem\",\"position\":2,\"name\":\"Shop\",\"item\":\"https:\/\/surysaray.com\/de\/online-shop\/\"},{\"@type\":\"ListItem\",\"position\":3,\"name\":\"Lift\u2019Expert Set\"}]},{\"@type\":\"WebSite\",\"@id\":\"https:\/\/surysaray.com\/#website\",\"url\":\"https:\/\/surysaray.com\/\",\"name\":\"Sury Saray\",\"description\":\"\",\"potentialAction\":[{\"@type\":\"SearchAction\",\"target\":{\"@type\":\"EntryPoint\",\"urlTemplate\":\"https:\/\/surysaray.com\/?s={search_term_string}\"},\"query-input\":\"required name=search_term_string\"}],\"inLanguage\":\"de-DE\"}]}<\/script>\n<!-- \/ Yoast SEO plugin. -->","yoast_head_json":{"title":"Lift\u2019Expert Set - Sury Saray","robots":{"index":"noindex","follow":"follow"},"og_locale":"de_DE","og_type":"article","og_title":"Lift\u2019Expert Set - Sury Saray","og_description":"Dieses Set der Firma Maria Galland hilft Ihnen, Ihre Haut l\u00e4nger jung aussehen zu lassen und sie mit kostbarer Vollendung zu versehen. Dieses Produkt ist ideal f\u00fcr Frauen ab 40, wenn die Zeichen des Alterns allm\u00e4hlich sichtbar werden.","og_url":"https:\/\/surysaray.com\/de\/producto\/liftexpert-set\/","og_site_name":"Sury Saray","article_modified_time":"2020-11-29T23:04:37+00:00","og_image":[{"width":500,"height":667,"url":"https:\/\/surysaray.com\/wp-content\/uploads\/2020\/01\/sury-saray-centro-de-estetica-mallorca-cofres-06.jpg","type":"image\/jpeg"}],"twitter_card":"summary_large_image","schema":{"@context":"https:\/\/schema.org","@graph":[{"@type":"WebPage","@id":"https:\/\/surysaray.com\/de\/producto\/liftexpert-set\/","url":"https:\/\/surysaray.com\/de\/producto\/liftexpert-set\/","name":"Lift\u2019Expert Set - Sury Saray","isPartOf":{"@id":"https:\/\/surysaray.com\/#website"},"datePublished":"2020-01-29T14:52:57+00:00","dateModified":"2020-11-29T23:04:37+00:00","breadcrumb":{"@id":"https:\/\/surysaray.com\/de\/producto\/liftexpert-set\/#breadcrumb"},"inLanguage":"de-DE","potentialAction":[{"@type":"ReadAction","target":["https:\/\/surysaray.com\/de\/producto\/liftexpert-set\/"]}]},{"@type":"BreadcrumbList","@id":"https:\/\/surysaray.com\/de\/producto\/liftexpert-set\/#breadcrumb","itemListElement":[{"@type":"ListItem","position":1,"name":"Portada","item":"https:\/\/surysaray.com\/de\/"},{"@type":"ListItem","position":2,"name":"Shop","item":"https:\/\/surysaray.com\/de\/online-shop\/"},{"@type":"ListItem","position":3,"name":"Lift\u2019Expert Set"}]},{"@type":"WebSite","@id":"https:\/\/surysaray.com\/#website","url":"https:\/\/surysaray.com\/","name":"Sury Saray","description":"","potentialAction":[{"@type":"SearchAction","target":{"@type":"EntryPoint","urlTemplate":"https:\/\/surysaray.com\/?s={search_term_string}"},"query-input":"required name=search_term_string"}],"inLanguage":"de-DE"}]}},"_links":{"self":[{"href":"https:\/\/surysaray.com\/de\/wp-json\/wp\/v3\/product\/5269"}],"collection":[{"href":"https:\/\/surysaray.com\/de\/wp-json\/wp\/v3\/product"}],"about":[{"href":"https:\/\/surysaray.com\/de\/wp-json\/wp\/v2\/types\/product"}],"wp:featuredmedia":[{"embeddable":true,"href":"https:\/\/surysaray.com\/de\/wp-json\/wp\/v2\/media\/5265"}],"wp:attachment":[{"href":"https:\/\/surysaray.com\/de\/wp-json\/wp\/v2\/media?parent=5269"}],"wp:term":[{"taxonomy":"product_cat","embeddable":true,"href":"https:\/\/surysaray.com\/de\/wp-json\/wp\/v2\/product_cat?post=5269"},{"taxonomy":"product_tag","embeddable":true,"href":"https:\/\/surysaray.com\/de\/wp-json\/wp\/v2\/product_tag?post=5269"}],"curies":[{"name":"wp","href":"https:\/\/api.w.org\/{rel}","templated":true}]}}