{"id":5233,"date":"2020-01-29T15:27:20","date_gmt":"2020-01-29T14:27:20","guid":{"rendered":"https:\/\/surysaray.com\/producto\/cofre-hsr-lifting-babor\/"},"modified":"2020-11-30T00:04:40","modified_gmt":"2020-11-29T23:04:40","slug":"cofre-hsr-lifting-babor","status":"publish","type":"product","link":"https:\/\/surysaray.com\/de\/producto\/cofre-hsr-lifting-babor\/","title":{"rendered":"Cofre HSR lifting BABOR"},"content":{"rendered":"","protected":false},"excerpt":{"rendered":"<p>Mit dieser exklusiven und wunderbaren Creme und Augenkonturbehandlung, haben Sie die einzigartige M\u00f6glichkeit, mit einem der renommiertesten Kosmetikunternehmen auf dem Markt, Babor, gegen Falten und Mimikf\u00e4ltchen anzuk\u00e4mpfen.<\/p>\n","protected":false},"featured_media":11014,"template":"","meta":{"_joinchat":[]},"product_cat":[31],"product_tag":[],"yoast_head":"<!-- This site is optimized with the Yoast SEO plugin v20.2.1 - https:\/\/yoast.com\/wordpress\/plugins\/seo\/ -->\n<title>Cofre HSR lifting BABOR - Sury Saray<\/title>\n<meta name=\"robots\" content=\"noindex, follow\" \/>\n<meta property=\"og:locale\" content=\"de_DE\" \/>\n<meta property=\"og:type\" content=\"article\" \/>\n<meta property=\"og:title\" content=\"Cofre HSR lifting BABOR - Sury Saray\" \/>\n<meta property=\"og:description\" content=\"Mit dieser exklusiven und wunderbaren Creme und Augenkonturbehandlung, haben Sie die einzigartige M\u00f6glichkeit, mit einem der renommiertesten Kosmetikunternehmen auf dem Markt, Babor, gegen Falten und Mimikf\u00e4ltchen anzuk\u00e4mpfen.\" \/>\n<meta property=\"og:url\" content=\"https:\/\/surysaray.com\/de\/producto\/cofre-hsr-lifting-babor\/\" \/>\n<meta property=\"og:site_name\" content=\"Sury Saray\" \/>\n<meta property=\"article:modified_time\" content=\"2020-11-29T23:04:40+00:00\" \/>\n<meta property=\"og:image\" content=\"https:\/\/surysaray.com\/wp-content\/uploads\/2020\/01\/HSR-LIFTING.png\" \/>\n\t<meta property=\"og:image:width\" content=\"500\" \/>\n\t<meta property=\"og:image:height\" content=\"667\" \/>\n\t<meta property=\"og:image:type\" content=\"image\/png\" \/>\n<meta name=\"twitter:card\" content=\"summary_large_image\" \/>\n<script type=\"application\/ld+json\" class=\"yoast-schema-graph\">{\"@context\":\"https:\/\/schema.org\",\"@graph\":[{\"@type\":\"WebPage\",\"@id\":\"https:\/\/surysaray.com\/de\/producto\/cofre-hsr-lifting-babor\/\",\"url\":\"https:\/\/surysaray.com\/de\/producto\/cofre-hsr-lifting-babor\/\",\"name\":\"Cofre HSR lifting BABOR - Sury Saray\",\"isPartOf\":{\"@id\":\"https:\/\/surysaray.com\/#website\"},\"datePublished\":\"2020-01-29T14:27:20+00:00\",\"dateModified\":\"2020-11-29T23:04:40+00:00\",\"breadcrumb\":{\"@id\":\"https:\/\/surysaray.com\/de\/producto\/cofre-hsr-lifting-babor\/#breadcrumb\"},\"inLanguage\":\"de-DE\",\"potentialAction\":[{\"@type\":\"ReadAction\",\"target\":[\"https:\/\/surysaray.com\/de\/producto\/cofre-hsr-lifting-babor\/\"]}]},{\"@type\":\"BreadcrumbList\",\"@id\":\"https:\/\/surysaray.com\/de\/producto\/cofre-hsr-lifting-babor\/#breadcrumb\",\"itemListElement\":[{\"@type\":\"ListItem\",\"position\":1,\"name\":\"Portada\",\"item\":\"https:\/\/surysaray.com\/de\/\"},{\"@type\":\"ListItem\",\"position\":2,\"name\":\"Shop\",\"item\":\"https:\/\/surysaray.com\/de\/online-shop\/\"},{\"@type\":\"ListItem\",\"position\":3,\"name\":\"Cofre HSR lifting BABOR\"}]},{\"@type\":\"WebSite\",\"@id\":\"https:\/\/surysaray.com\/#website\",\"url\":\"https:\/\/surysaray.com\/\",\"name\":\"Sury Saray\",\"description\":\"\",\"potentialAction\":[{\"@type\":\"SearchAction\",\"target\":{\"@type\":\"EntryPoint\",\"urlTemplate\":\"https:\/\/surysaray.com\/?s={search_term_string}\"},\"query-input\":\"required name=search_term_string\"}],\"inLanguage\":\"de-DE\"}]}<\/script>\n<!-- \/ Yoast SEO plugin. -->","yoast_head_json":{"title":"Cofre HSR lifting BABOR - Sury Saray","robots":{"index":"noindex","follow":"follow"},"og_locale":"de_DE","og_type":"article","og_title":"Cofre HSR lifting BABOR - Sury Saray","og_description":"Mit dieser exklusiven und wunderbaren Creme und Augenkonturbehandlung, haben Sie die einzigartige M\u00f6glichkeit, mit einem der renommiertesten Kosmetikunternehmen auf dem Markt, Babor, gegen Falten und Mimikf\u00e4ltchen anzuk\u00e4mpfen.","og_url":"https:\/\/surysaray.com\/de\/producto\/cofre-hsr-lifting-babor\/","og_site_name":"Sury Saray","article_modified_time":"2020-11-29T23:04:40+00:00","og_image":[{"width":500,"height":667,"url":"https:\/\/surysaray.com\/wp-content\/uploads\/2020\/01\/HSR-LIFTING.png","type":"image\/png"}],"twitter_card":"summary_large_image","schema":{"@context":"https:\/\/schema.org","@graph":[{"@type":"WebPage","@id":"https:\/\/surysaray.com\/de\/producto\/cofre-hsr-lifting-babor\/","url":"https:\/\/surysaray.com\/de\/producto\/cofre-hsr-lifting-babor\/","name":"Cofre HSR lifting BABOR - Sury Saray","isPartOf":{"@id":"https:\/\/surysaray.com\/#website"},"datePublished":"2020-01-29T14:27:20+00:00","dateModified":"2020-11-29T23:04:40+00:00","breadcrumb":{"@id":"https:\/\/surysaray.com\/de\/producto\/cofre-hsr-lifting-babor\/#breadcrumb"},"inLanguage":"de-DE","potentialAction":[{"@type":"ReadAction","target":["https:\/\/surysaray.com\/de\/producto\/cofre-hsr-lifting-babor\/"]}]},{"@type":"BreadcrumbList","@id":"https:\/\/surysaray.com\/de\/producto\/cofre-hsr-lifting-babor\/#breadcrumb","itemListElement":[{"@type":"ListItem","position":1,"name":"Portada","item":"https:\/\/surysaray.com\/de\/"},{"@type":"ListItem","position":2,"name":"Shop","item":"https:\/\/surysaray.com\/de\/online-shop\/"},{"@type":"ListItem","position":3,"name":"Cofre HSR lifting BABOR"}]},{"@type":"WebSite","@id":"https:\/\/surysaray.com\/#website","url":"https:\/\/surysaray.com\/","name":"Sury Saray","description":"","potentialAction":[{"@type":"SearchAction","target":{"@type":"EntryPoint","urlTemplate":"https:\/\/surysaray.com\/?s={search_term_string}"},"query-input":"required name=search_term_string"}],"inLanguage":"de-DE"}]}},"_links":{"self":[{"href":"https:\/\/surysaray.com\/de\/wp-json\/wp\/v3\/product\/5233"}],"collection":[{"href":"https:\/\/surysaray.com\/de\/wp-json\/wp\/v3\/product"}],"about":[{"href":"https:\/\/surysaray.com\/de\/wp-json\/wp\/v2\/types\/product"}],"wp:featuredmedia":[{"embeddable":true,"href":"https:\/\/surysaray.com\/de\/wp-json\/wp\/v2\/media\/11014"}],"wp:attachment":[{"href":"https:\/\/surysaray.com\/de\/wp-json\/wp\/v2\/media?parent=5233"}],"wp:term":[{"taxonomy":"product_cat","embeddable":true,"href":"https:\/\/surysaray.com\/de\/wp-json\/wp\/v2\/product_cat?post=5233"},{"taxonomy":"product_tag","embeddable":true,"href":"https:\/\/surysaray.com\/de\/wp-json\/wp\/v2\/product_tag?post=5233"}],"curies":[{"name":"wp","href":"https:\/\/api.w.org\/{rel}","templated":true}]}}