{"id":4367,"date":"2019-12-23T10:51:58","date_gmt":"2019-12-23T09:51:58","guid":{"rendered":"https:\/\/surysaray.com\/?post_type=product&#038;p=4367"},"modified":"2020-01-29T16:48:19","modified_gmt":"2020-01-29T15:48:19","slug":"modeling-treatment-maria-galland","status":"publish","type":"product","link":"https:\/\/surysaray.com\/de\/producto\/modeling-treatment-maria-galland\/","title":{"rendered":"Modeling treatment Maria Galland"},"content":{"rendered":"","protected":false},"excerpt":{"rendered":"<p>Genie\u00dfen Sie <strong>einen einzigartigen Moment f\u00fcr sich selbst<\/strong>. Entspannen Sie K\u00f6rper und Geist, w\u00e4hrend Sie eine <strong>exklusive, individuelle Behandlung<\/strong> erhalten. Im Kosmetikstudio Sury Saray bieten wir Ihnen ein verw\u00f6hnendes <strong>Gesundheits- und\/oder Sch\u00f6nheitserlebnis<\/strong> auf Mallorca.<\/p>\n<p><strong>Die Geschenkgutscheine haben eine G\u00fcltigkeit von sechs Monaten ab dem Kaufdatum.<\/strong><\/p>\n","protected":false},"featured_media":14310,"template":"","meta":{"_joinchat":[]},"product_cat":[107],"product_tag":[],"yoast_head":"<!-- This site is optimized with the Yoast SEO plugin v20.2.1 - https:\/\/yoast.com\/wordpress\/plugins\/seo\/ -->\n<title>Modeling treatment Maria Galland - Sury Saray<\/title>\n<meta name=\"robots\" content=\"noindex, follow\" \/>\n<meta property=\"og:locale\" content=\"de_DE\" \/>\n<meta property=\"og:type\" content=\"article\" \/>\n<meta property=\"og:title\" content=\"Modeling treatment Maria Galland - Sury Saray\" \/>\n<meta property=\"og:description\" content=\"Genie\u00dfen Sie einen einzigartigen Moment f\u00fcr sich selbst. Entspannen Sie K\u00f6rper und Geist, w\u00e4hrend Sie eine exklusive, individuelle Behandlung erhalten. Im Kosmetikstudio Sury Saray bieten wir Ihnen ein verw\u00f6hnendes Gesundheits- und\/oder Sch\u00f6nheitserlebnis auf Mallorca.  Die Geschenkgutscheine haben eine G\u00fcltigkeit von sechs Monaten ab dem Kaufdatum.\" \/>\n<meta property=\"og:url\" content=\"https:\/\/surysaray.com\/de\/producto\/modeling-treatment-maria-galland\/\" \/>\n<meta property=\"og:site_name\" content=\"Sury Saray\" \/>\n<meta property=\"article:modified_time\" content=\"2020-01-29T15:48:19+00:00\" \/>\n<meta property=\"og:image\" content=\"https:\/\/surysaray.com\/wp-content\/uploads\/2021\/12\/METODO-MASQUEW-MODELANTE.png\" \/>\n\t<meta property=\"og:image:width\" content=\"800\" \/>\n\t<meta property=\"og:image:height\" content=\"800\" \/>\n\t<meta property=\"og:image:type\" content=\"image\/png\" \/>\n<meta name=\"twitter:card\" content=\"summary_large_image\" \/>\n<script type=\"application\/ld+json\" class=\"yoast-schema-graph\">{\"@context\":\"https:\/\/schema.org\",\"@graph\":[{\"@type\":\"WebPage\",\"@id\":\"https:\/\/surysaray.com\/de\/producto\/modeling-treatment-maria-galland\/\",\"url\":\"https:\/\/surysaray.com\/de\/producto\/modeling-treatment-maria-galland\/\",\"name\":\"Modeling treatment Maria Galland - Sury Saray\",\"isPartOf\":{\"@id\":\"https:\/\/surysaray.com\/#website\"},\"datePublished\":\"2019-12-23T09:51:58+00:00\",\"dateModified\":\"2020-01-29T15:48:19+00:00\",\"breadcrumb\":{\"@id\":\"https:\/\/surysaray.com\/de\/producto\/modeling-treatment-maria-galland\/#breadcrumb\"},\"inLanguage\":\"de-DE\",\"potentialAction\":[{\"@type\":\"ReadAction\",\"target\":[\"https:\/\/surysaray.com\/de\/producto\/modeling-treatment-maria-galland\/\"]}]},{\"@type\":\"BreadcrumbList\",\"@id\":\"https:\/\/surysaray.com\/de\/producto\/modeling-treatment-maria-galland\/#breadcrumb\",\"itemListElement\":[{\"@type\":\"ListItem\",\"position\":1,\"name\":\"Portada\",\"item\":\"https:\/\/surysaray.com\/de\/\"},{\"@type\":\"ListItem\",\"position\":2,\"name\":\"Shop\",\"item\":\"https:\/\/surysaray.com\/de\/online-shop\/\"},{\"@type\":\"ListItem\",\"position\":3,\"name\":\"Modeling treatment Maria Galland\"}]},{\"@type\":\"WebSite\",\"@id\":\"https:\/\/surysaray.com\/#website\",\"url\":\"https:\/\/surysaray.com\/\",\"name\":\"Sury Saray\",\"description\":\"\",\"potentialAction\":[{\"@type\":\"SearchAction\",\"target\":{\"@type\":\"EntryPoint\",\"urlTemplate\":\"https:\/\/surysaray.com\/?s={search_term_string}\"},\"query-input\":\"required name=search_term_string\"}],\"inLanguage\":\"de-DE\"}]}<\/script>\n<!-- \/ Yoast SEO plugin. -->","yoast_head_json":{"title":"Modeling treatment Maria Galland - Sury Saray","robots":{"index":"noindex","follow":"follow"},"og_locale":"de_DE","og_type":"article","og_title":"Modeling treatment Maria Galland - Sury Saray","og_description":"Genie\u00dfen Sie einen einzigartigen Moment f\u00fcr sich selbst. Entspannen Sie K\u00f6rper und Geist, w\u00e4hrend Sie eine exklusive, individuelle Behandlung erhalten. Im Kosmetikstudio Sury Saray bieten wir Ihnen ein verw\u00f6hnendes Gesundheits- und\/oder Sch\u00f6nheitserlebnis auf Mallorca.  Die Geschenkgutscheine haben eine G\u00fcltigkeit von sechs Monaten ab dem Kaufdatum.","og_url":"https:\/\/surysaray.com\/de\/producto\/modeling-treatment-maria-galland\/","og_site_name":"Sury Saray","article_modified_time":"2020-01-29T15:48:19+00:00","og_image":[{"width":800,"height":800,"url":"https:\/\/surysaray.com\/wp-content\/uploads\/2021\/12\/METODO-MASQUEW-MODELANTE.png","type":"image\/png"}],"twitter_card":"summary_large_image","schema":{"@context":"https:\/\/schema.org","@graph":[{"@type":"WebPage","@id":"https:\/\/surysaray.com\/de\/producto\/modeling-treatment-maria-galland\/","url":"https:\/\/surysaray.com\/de\/producto\/modeling-treatment-maria-galland\/","name":"Modeling treatment Maria Galland - Sury Saray","isPartOf":{"@id":"https:\/\/surysaray.com\/#website"},"datePublished":"2019-12-23T09:51:58+00:00","dateModified":"2020-01-29T15:48:19+00:00","breadcrumb":{"@id":"https:\/\/surysaray.com\/de\/producto\/modeling-treatment-maria-galland\/#breadcrumb"},"inLanguage":"de-DE","potentialAction":[{"@type":"ReadAction","target":["https:\/\/surysaray.com\/de\/producto\/modeling-treatment-maria-galland\/"]}]},{"@type":"BreadcrumbList","@id":"https:\/\/surysaray.com\/de\/producto\/modeling-treatment-maria-galland\/#breadcrumb","itemListElement":[{"@type":"ListItem","position":1,"name":"Portada","item":"https:\/\/surysaray.com\/de\/"},{"@type":"ListItem","position":2,"name":"Shop","item":"https:\/\/surysaray.com\/de\/online-shop\/"},{"@type":"ListItem","position":3,"name":"Modeling treatment Maria Galland"}]},{"@type":"WebSite","@id":"https:\/\/surysaray.com\/#website","url":"https:\/\/surysaray.com\/","name":"Sury Saray","description":"","potentialAction":[{"@type":"SearchAction","target":{"@type":"EntryPoint","urlTemplate":"https:\/\/surysaray.com\/?s={search_term_string}"},"query-input":"required name=search_term_string"}],"inLanguage":"de-DE"}]}},"_links":{"self":[{"href":"https:\/\/surysaray.com\/de\/wp-json\/wp\/v3\/product\/4367"}],"collection":[{"href":"https:\/\/surysaray.com\/de\/wp-json\/wp\/v3\/product"}],"about":[{"href":"https:\/\/surysaray.com\/de\/wp-json\/wp\/v2\/types\/product"}],"wp:featuredmedia":[{"embeddable":true,"href":"https:\/\/surysaray.com\/de\/wp-json\/wp\/v2\/media\/14310"}],"wp:attachment":[{"href":"https:\/\/surysaray.com\/de\/wp-json\/wp\/v2\/media?parent=4367"}],"wp:term":[{"taxonomy":"product_cat","embeddable":true,"href":"https:\/\/surysaray.com\/de\/wp-json\/wp\/v2\/product_cat?post=4367"},{"taxonomy":"product_tag","embeddable":true,"href":"https:\/\/surysaray.com\/de\/wp-json\/wp\/v2\/product_tag?post=4367"}],"curies":[{"name":"wp","href":"https:\/\/api.w.org\/{rel}","templated":true}]}}