{"id":18648,"date":"2026-03-19T13:07:48","date_gmt":"2026-03-19T12:07:48","guid":{"rendered":"https:\/\/surysaray.com\/?post_type=product&#038;p=18648"},"modified":"2026-04-13T10:00:29","modified_gmt":"2026-04-13T08:00:29","slug":"clarifying-exfoliating-toner-9-aha-bha-pad","status":"publish","type":"product","link":"https:\/\/surysaray.com\/de\/producto\/clarifying-exfoliating-toner-9-aha-bha-pad\/","title":{"rendered":"Clarifying Exfoliating TONER 9% AHA BHA PAD"},"content":{"rendered":"","protected":false},"excerpt":{"rendered":"<p>El T\u00f3nico Exfoliante DOCTOR BABOR CLARIFYING ayuda a renovar y refinar la piel, reduciendo visiblemente impurezas, poros dilatados y cambios de pigmento. Contiene 9\u202f% de AHA, BHA y PAD para una exfoliaci\u00f3n eficaz, pantenol para hidratar y el exclusivo extracto de planta Biogen para estimular la agilidad juvenil de la piel. 100\u202f% vegano y libre de siliconas, parabenos y micropl\u00e1sticos. Se aplica cada 2 d\u00edas sobre rostro, cuello y escote despu\u00e9s de la limpieza; si se tolera bien, puede usarse a diario.<\/p>\n","protected":false},"featured_media":18666,"template":"","meta":{"_joinchat":[]},"product_cat":[721,715],"product_tag":[],"yoast_head":"<!-- This site is optimized with the Yoast SEO plugin v20.2.1 - https:\/\/yoast.com\/wordpress\/plugins\/seo\/ -->\n<title>Clarifying Exfoliating TONER 9% AHA BHA PAD - Sury Saray<\/title>\n<meta name=\"robots\" content=\"noindex, follow\" \/>\n<meta property=\"og:locale\" content=\"de_DE\" \/>\n<meta property=\"og:type\" content=\"article\" \/>\n<meta property=\"og:title\" content=\"Clarifying Exfoliating TONER 9% AHA BHA PAD - Sury Saray\" \/>\n<meta property=\"og:description\" content=\"El T\u00f3nico Exfoliante DOCTOR BABOR CLARIFYING ayuda a renovar y refinar la piel, reduciendo visiblemente impurezas, poros dilatados y cambios de pigmento. Contiene 9\u202f% de AHA, BHA y PAD para una exfoliaci\u00f3n eficaz, pantenol para hidratar y el exclusivo extracto de planta Biogen para estimular la agilidad juvenil de la piel. 100\u202f% vegano y libre de siliconas, parabenos y micropl\u00e1sticos. Se aplica cada 2 d\u00edas sobre rostro, cuello y escote despu\u00e9s de la limpieza; si se tolera bien, puede usarse a diario.\" \/>\n<meta property=\"og:url\" content=\"https:\/\/surysaray.com\/de\/producto\/clarifying-exfoliating-toner-9-aha-bha-pad\/\" \/>\n<meta property=\"og:site_name\" content=\"Sury Saray\" \/>\n<meta property=\"article:modified_time\" content=\"2026-04-13T08:00:29+00:00\" \/>\n<meta property=\"og:image\" content=\"https:\/\/surysaray.com\/wp-content\/uploads\/2026\/03\/exfoliating-toner-arreglada.png\" \/>\n\t<meta property=\"og:image:width\" content=\"400\" \/>\n\t<meta property=\"og:image:height\" content=\"400\" \/>\n\t<meta property=\"og:image:type\" content=\"image\/png\" \/>\n<meta name=\"twitter:card\" content=\"summary_large_image\" \/>\n<script type=\"application\/ld+json\" class=\"yoast-schema-graph\">{\"@context\":\"https:\/\/schema.org\",\"@graph\":[{\"@type\":\"WebPage\",\"@id\":\"https:\/\/surysaray.com\/de\/producto\/clarifying-exfoliating-toner-9-aha-bha-pad\/\",\"url\":\"https:\/\/surysaray.com\/de\/producto\/clarifying-exfoliating-toner-9-aha-bha-pad\/\",\"name\":\"Clarifying Exfoliating TONER 9% AHA BHA PAD - Sury Saray\",\"isPartOf\":{\"@id\":\"https:\/\/surysaray.com\/#website\"},\"datePublished\":\"2026-03-19T12:07:48+00:00\",\"dateModified\":\"2026-04-13T08:00:29+00:00\",\"breadcrumb\":{\"@id\":\"https:\/\/surysaray.com\/de\/producto\/clarifying-exfoliating-toner-9-aha-bha-pad\/#breadcrumb\"},\"inLanguage\":\"de-DE\",\"potentialAction\":[{\"@type\":\"ReadAction\",\"target\":[\"https:\/\/surysaray.com\/de\/producto\/clarifying-exfoliating-toner-9-aha-bha-pad\/\"]}]},{\"@type\":\"BreadcrumbList\",\"@id\":\"https:\/\/surysaray.com\/de\/producto\/clarifying-exfoliating-toner-9-aha-bha-pad\/#breadcrumb\",\"itemListElement\":[{\"@type\":\"ListItem\",\"position\":1,\"name\":\"Portada\",\"item\":\"https:\/\/surysaray.com\/de\/\"},{\"@type\":\"ListItem\",\"position\":2,\"name\":\"Shop\",\"item\":\"https:\/\/surysaray.com\/de\/online-shop\/\"},{\"@type\":\"ListItem\",\"position\":3,\"name\":\"Clarifying Exfoliating TONER 9% AHA BHA PAD\"}]},{\"@type\":\"WebSite\",\"@id\":\"https:\/\/surysaray.com\/#website\",\"url\":\"https:\/\/surysaray.com\/\",\"name\":\"Sury Saray\",\"description\":\"\",\"potentialAction\":[{\"@type\":\"SearchAction\",\"target\":{\"@type\":\"EntryPoint\",\"urlTemplate\":\"https:\/\/surysaray.com\/?s={search_term_string}\"},\"query-input\":\"required name=search_term_string\"}],\"inLanguage\":\"de-DE\"}]}<\/script>\n<!-- \/ Yoast SEO plugin. -->","yoast_head_json":{"title":"Clarifying Exfoliating TONER 9% AHA BHA PAD - Sury Saray","robots":{"index":"noindex","follow":"follow"},"og_locale":"de_DE","og_type":"article","og_title":"Clarifying Exfoliating TONER 9% AHA BHA PAD - Sury Saray","og_description":"El T\u00f3nico Exfoliante DOCTOR BABOR CLARIFYING ayuda a renovar y refinar la piel, reduciendo visiblemente impurezas, poros dilatados y cambios de pigmento. Contiene 9\u202f% de AHA, BHA y PAD para una exfoliaci\u00f3n eficaz, pantenol para hidratar y el exclusivo extracto de planta Biogen para estimular la agilidad juvenil de la piel. 100\u202f% vegano y libre de siliconas, parabenos y micropl\u00e1sticos. Se aplica cada 2 d\u00edas sobre rostro, cuello y escote despu\u00e9s de la limpieza; si se tolera bien, puede usarse a diario.","og_url":"https:\/\/surysaray.com\/de\/producto\/clarifying-exfoliating-toner-9-aha-bha-pad\/","og_site_name":"Sury Saray","article_modified_time":"2026-04-13T08:00:29+00:00","og_image":[{"width":400,"height":400,"url":"https:\/\/surysaray.com\/wp-content\/uploads\/2026\/03\/exfoliating-toner-arreglada.png","type":"image\/png"}],"twitter_card":"summary_large_image","schema":{"@context":"https:\/\/schema.org","@graph":[{"@type":"WebPage","@id":"https:\/\/surysaray.com\/de\/producto\/clarifying-exfoliating-toner-9-aha-bha-pad\/","url":"https:\/\/surysaray.com\/de\/producto\/clarifying-exfoliating-toner-9-aha-bha-pad\/","name":"Clarifying Exfoliating TONER 9% AHA BHA PAD - Sury Saray","isPartOf":{"@id":"https:\/\/surysaray.com\/#website"},"datePublished":"2026-03-19T12:07:48+00:00","dateModified":"2026-04-13T08:00:29+00:00","breadcrumb":{"@id":"https:\/\/surysaray.com\/de\/producto\/clarifying-exfoliating-toner-9-aha-bha-pad\/#breadcrumb"},"inLanguage":"de-DE","potentialAction":[{"@type":"ReadAction","target":["https:\/\/surysaray.com\/de\/producto\/clarifying-exfoliating-toner-9-aha-bha-pad\/"]}]},{"@type":"BreadcrumbList","@id":"https:\/\/surysaray.com\/de\/producto\/clarifying-exfoliating-toner-9-aha-bha-pad\/#breadcrumb","itemListElement":[{"@type":"ListItem","position":1,"name":"Portada","item":"https:\/\/surysaray.com\/de\/"},{"@type":"ListItem","position":2,"name":"Shop","item":"https:\/\/surysaray.com\/de\/online-shop\/"},{"@type":"ListItem","position":3,"name":"Clarifying Exfoliating TONER 9% AHA BHA PAD"}]},{"@type":"WebSite","@id":"https:\/\/surysaray.com\/#website","url":"https:\/\/surysaray.com\/","name":"Sury Saray","description":"","potentialAction":[{"@type":"SearchAction","target":{"@type":"EntryPoint","urlTemplate":"https:\/\/surysaray.com\/?s={search_term_string}"},"query-input":"required name=search_term_string"}],"inLanguage":"de-DE"}]}},"_links":{"self":[{"href":"https:\/\/surysaray.com\/de\/wp-json\/wp\/v3\/product\/18648"}],"collection":[{"href":"https:\/\/surysaray.com\/de\/wp-json\/wp\/v3\/product"}],"about":[{"href":"https:\/\/surysaray.com\/de\/wp-json\/wp\/v2\/types\/product"}],"wp:featuredmedia":[{"embeddable":true,"href":"https:\/\/surysaray.com\/de\/wp-json\/wp\/v2\/media\/18666"}],"wp:attachment":[{"href":"https:\/\/surysaray.com\/de\/wp-json\/wp\/v2\/media?parent=18648"}],"wp:term":[{"taxonomy":"product_cat","embeddable":true,"href":"https:\/\/surysaray.com\/de\/wp-json\/wp\/v2\/product_cat?post=18648"},{"taxonomy":"product_tag","embeddable":true,"href":"https:\/\/surysaray.com\/de\/wp-json\/wp\/v2\/product_tag?post=18648"}],"curies":[{"name":"wp","href":"https:\/\/api.w.org\/{rel}","templated":true}]}}