{"id":18616,"date":"2026-03-19T11:50:15","date_gmt":"2026-03-19T10:50:15","guid":{"rendered":"https:\/\/surysaray.com\/?post_type=product&#038;p=18616"},"modified":"2026-04-13T10:14:56","modified_gmt":"2026-04-13T08:14:56","slug":"broad-spectrum-hydration-lotion-spf30","status":"publish","type":"product","link":"https:\/\/surysaray.com\/de\/producto\/broad-spectrum-hydration-lotion-spf30\/","title":{"rendered":"Broad spectrum hydration LOTION SPF30"},"content":{"rendered":"","protected":false},"excerpt":{"rendered":"<p>Protector solar con complejo fer\u00falico y provitamina D al 5%, formulado para fortalecer la barrera cut\u00e1nea y suavizar visiblemente la piel. Ofrece protecci\u00f3n de amplio espectro UVA\/UVB mientras hidrata, calma y ayuda a prevenir el envejecimiento prematuro, dejando la piel flexible y confortable. Aplicar generosamente antes de la exposici\u00f3n solar y reaplicar con frecuencia, especialmente despu\u00e9s de nadar.<\/p>\n","protected":false},"featured_media":18619,"template":"","meta":{"_joinchat":[]},"product_cat":[721,704],"product_tag":[],"yoast_head":"<!-- This site is optimized with the Yoast SEO plugin v20.2.1 - https:\/\/yoast.com\/wordpress\/plugins\/seo\/ -->\n<title>Broad spectrum hydration LOTION SPF30 - Sury Saray<\/title>\n<meta name=\"robots\" content=\"noindex, follow\" \/>\n<meta property=\"og:locale\" content=\"de_DE\" \/>\n<meta property=\"og:type\" content=\"article\" \/>\n<meta property=\"og:title\" content=\"Broad spectrum hydration LOTION SPF30 - Sury Saray\" \/>\n<meta property=\"og:description\" content=\"Protector solar con complejo fer\u00falico y provitamina D al 5%, formulado para fortalecer la barrera cut\u00e1nea y suavizar visiblemente la piel. Ofrece protecci\u00f3n de amplio espectro UVA\/UVB mientras hidrata, calma y ayuda a prevenir el envejecimiento prematuro, dejando la piel flexible y confortable. Aplicar generosamente antes de la exposici\u00f3n solar y reaplicar con frecuencia, especialmente despu\u00e9s de nadar.\" \/>\n<meta property=\"og:url\" content=\"https:\/\/surysaray.com\/producto\/broad-spectrum-hydration-lotion-spf30\/\" \/>\n<meta property=\"og:site_name\" content=\"Sury Saray\" \/>\n<meta property=\"article:modified_time\" content=\"2026-04-13T08:14:56+00:00\" \/>\n<meta property=\"og:image\" content=\"https:\/\/surysaray.com\/wp-content\/uploads\/2026\/03\/spf-lotion.png\" \/>\n\t<meta property=\"og:image:width\" content=\"474\" \/>\n\t<meta property=\"og:image:height\" content=\"474\" \/>\n\t<meta property=\"og:image:type\" content=\"image\/png\" \/>\n<meta name=\"twitter:card\" content=\"summary_large_image\" \/>\n<script type=\"application\/ld+json\" class=\"yoast-schema-graph\">{\"@context\":\"https:\/\/schema.org\",\"@graph\":[{\"@type\":\"WebPage\",\"@id\":\"https:\/\/surysaray.com\/producto\/broad-spectrum-hydration-lotion-spf30\/\",\"url\":\"https:\/\/surysaray.com\/producto\/broad-spectrum-hydration-lotion-spf30\/\",\"name\":\"Broad spectrum hydration LOTION SPF30 - Sury Saray\",\"isPartOf\":{\"@id\":\"https:\/\/surysaray.com\/#website\"},\"datePublished\":\"2026-03-19T10:50:15+00:00\",\"dateModified\":\"2026-04-13T08:14:56+00:00\",\"breadcrumb\":{\"@id\":\"https:\/\/surysaray.com\/producto\/broad-spectrum-hydration-lotion-spf30\/#breadcrumb\"},\"inLanguage\":\"de-DE\",\"potentialAction\":[{\"@type\":\"ReadAction\",\"target\":[\"https:\/\/surysaray.com\/producto\/broad-spectrum-hydration-lotion-spf30\/\"]}]},{\"@type\":\"BreadcrumbList\",\"@id\":\"https:\/\/surysaray.com\/producto\/broad-spectrum-hydration-lotion-spf30\/#breadcrumb\",\"itemListElement\":[{\"@type\":\"ListItem\",\"position\":1,\"name\":\"Portada\",\"item\":\"https:\/\/surysaray.com\/de\/\"},{\"@type\":\"ListItem\",\"position\":2,\"name\":\"Shop\",\"item\":\"https:\/\/surysaray.com\/de\/online-shop\/\"},{\"@type\":\"ListItem\",\"position\":3,\"name\":\"Broad spectrum hydration LOTION SPF30\"}]},{\"@type\":\"WebSite\",\"@id\":\"https:\/\/surysaray.com\/#website\",\"url\":\"https:\/\/surysaray.com\/\",\"name\":\"Sury Saray\",\"description\":\"\",\"potentialAction\":[{\"@type\":\"SearchAction\",\"target\":{\"@type\":\"EntryPoint\",\"urlTemplate\":\"https:\/\/surysaray.com\/?s={search_term_string}\"},\"query-input\":\"required name=search_term_string\"}],\"inLanguage\":\"de-DE\"}]}<\/script>\n<!-- \/ Yoast SEO plugin. -->","yoast_head_json":{"title":"Broad spectrum hydration LOTION SPF30 - Sury Saray","robots":{"index":"noindex","follow":"follow"},"og_locale":"de_DE","og_type":"article","og_title":"Broad spectrum hydration LOTION SPF30 - Sury Saray","og_description":"Protector solar con complejo fer\u00falico y provitamina D al 5%, formulado para fortalecer la barrera cut\u00e1nea y suavizar visiblemente la piel. Ofrece protecci\u00f3n de amplio espectro UVA\/UVB mientras hidrata, calma y ayuda a prevenir el envejecimiento prematuro, dejando la piel flexible y confortable. Aplicar generosamente antes de la exposici\u00f3n solar y reaplicar con frecuencia, especialmente despu\u00e9s de nadar.","og_url":"https:\/\/surysaray.com\/producto\/broad-spectrum-hydration-lotion-spf30\/","og_site_name":"Sury Saray","article_modified_time":"2026-04-13T08:14:56+00:00","og_image":[{"width":474,"height":474,"url":"https:\/\/surysaray.com\/wp-content\/uploads\/2026\/03\/spf-lotion.png","type":"image\/png"}],"twitter_card":"summary_large_image","schema":{"@context":"https:\/\/schema.org","@graph":[{"@type":"WebPage","@id":"https:\/\/surysaray.com\/producto\/broad-spectrum-hydration-lotion-spf30\/","url":"https:\/\/surysaray.com\/producto\/broad-spectrum-hydration-lotion-spf30\/","name":"Broad spectrum hydration LOTION SPF30 - Sury Saray","isPartOf":{"@id":"https:\/\/surysaray.com\/#website"},"datePublished":"2026-03-19T10:50:15+00:00","dateModified":"2026-04-13T08:14:56+00:00","breadcrumb":{"@id":"https:\/\/surysaray.com\/producto\/broad-spectrum-hydration-lotion-spf30\/#breadcrumb"},"inLanguage":"de-DE","potentialAction":[{"@type":"ReadAction","target":["https:\/\/surysaray.com\/producto\/broad-spectrum-hydration-lotion-spf30\/"]}]},{"@type":"BreadcrumbList","@id":"https:\/\/surysaray.com\/producto\/broad-spectrum-hydration-lotion-spf30\/#breadcrumb","itemListElement":[{"@type":"ListItem","position":1,"name":"Portada","item":"https:\/\/surysaray.com\/de\/"},{"@type":"ListItem","position":2,"name":"Shop","item":"https:\/\/surysaray.com\/de\/online-shop\/"},{"@type":"ListItem","position":3,"name":"Broad spectrum hydration LOTION SPF30"}]},{"@type":"WebSite","@id":"https:\/\/surysaray.com\/#website","url":"https:\/\/surysaray.com\/","name":"Sury Saray","description":"","potentialAction":[{"@type":"SearchAction","target":{"@type":"EntryPoint","urlTemplate":"https:\/\/surysaray.com\/?s={search_term_string}"},"query-input":"required name=search_term_string"}],"inLanguage":"de-DE"}]}},"_links":{"self":[{"href":"https:\/\/surysaray.com\/de\/wp-json\/wp\/v3\/product\/18616"}],"collection":[{"href":"https:\/\/surysaray.com\/de\/wp-json\/wp\/v3\/product"}],"about":[{"href":"https:\/\/surysaray.com\/de\/wp-json\/wp\/v2\/types\/product"}],"wp:featuredmedia":[{"embeddable":true,"href":"https:\/\/surysaray.com\/de\/wp-json\/wp\/v2\/media\/18619"}],"wp:attachment":[{"href":"https:\/\/surysaray.com\/de\/wp-json\/wp\/v2\/media?parent=18616"}],"wp:term":[{"taxonomy":"product_cat","embeddable":true,"href":"https:\/\/surysaray.com\/de\/wp-json\/wp\/v2\/product_cat?post=18616"},{"taxonomy":"product_tag","embeddable":true,"href":"https:\/\/surysaray.com\/de\/wp-json\/wp\/v2\/product_tag?post=18616"}],"curies":[{"name":"wp","href":"https:\/\/api.w.org\/{rel}","templated":true}]}}