{"id":18609,"date":"2026-03-19T12:00:11","date_gmt":"2026-03-19T11:00:11","guid":{"rendered":"https:\/\/surysaray.com\/?post_type=product&#038;p=18609"},"modified":"2026-04-13T10:15:09","modified_gmt":"2026-04-13T08:15:09","slug":"after-sun-hydration-recovery-lotion","status":"publish","type":"product","link":"https:\/\/surysaray.com\/de\/producto\/after-sun-hydration-recovery-lotion\/","title":{"rendered":"After sun hydration recovery LOTION"},"content":{"rendered":"","protected":false},"excerpt":{"rendered":"<p>Loci\u00f3n After Sun con complejo de aloe vera y ecto\u00edna al 12%, dise\u00f1ada para calmar, refrescar e hidratar la piel tras la exposici\u00f3n solar. Enriquecida con extracto de plantas Biogen, pantenol, glicerina y aceites vegetales, ayuda a reducir enrojecimiento, l\u00edneas finas y sequedad, dejando la piel suave, sedosa y radiante. Aplicar generosamente sobre rostro y cuerpo despu\u00e9s del sol y masajear suavemente.<\/p>\n","protected":false},"featured_media":18602,"template":"","meta":{"_joinchat":[]},"product_cat":[721,704],"product_tag":[],"yoast_head":"<!-- This site is optimized with the Yoast SEO plugin v20.2.1 - https:\/\/yoast.com\/wordpress\/plugins\/seo\/ -->\n<title>After sun hydration recovery LOTION - Sury Saray<\/title>\n<meta name=\"robots\" content=\"noindex, follow\" \/>\n<meta property=\"og:locale\" content=\"de_DE\" \/>\n<meta property=\"og:type\" content=\"article\" \/>\n<meta property=\"og:title\" content=\"After sun hydration recovery LOTION - Sury Saray\" \/>\n<meta property=\"og:description\" content=\"Loci\u00f3n After Sun con complejo de aloe vera y ecto\u00edna al 12%, dise\u00f1ada para calmar, refrescar e hidratar la piel tras la exposici\u00f3n solar. Enriquecida con extracto de plantas Biogen, pantenol, glicerina y aceites vegetales, ayuda a reducir enrojecimiento, l\u00edneas finas y sequedad, dejando la piel suave, sedosa y radiante. Aplicar generosamente sobre rostro y cuerpo despu\u00e9s del sol y masajear suavemente.\" \/>\n<meta property=\"og:url\" content=\"https:\/\/surysaray.com\/producto\/after-sun-hydration-recovery-lotion\/\" \/>\n<meta property=\"og:site_name\" content=\"Sury Saray\" \/>\n<meta property=\"article:modified_time\" content=\"2026-04-13T08:15:09+00:00\" \/>\n<meta property=\"og:image\" content=\"https:\/\/surysaray.com\/wp-content\/uploads\/2026\/03\/afeter-dsun.png\" \/>\n\t<meta property=\"og:image:width\" content=\"474\" \/>\n\t<meta property=\"og:image:height\" content=\"474\" \/>\n\t<meta property=\"og:image:type\" content=\"image\/png\" \/>\n<meta name=\"twitter:card\" content=\"summary_large_image\" \/>\n<script type=\"application\/ld+json\" class=\"yoast-schema-graph\">{\"@context\":\"https:\/\/schema.org\",\"@graph\":[{\"@type\":\"WebPage\",\"@id\":\"https:\/\/surysaray.com\/producto\/after-sun-hydration-recovery-lotion\/\",\"url\":\"https:\/\/surysaray.com\/producto\/after-sun-hydration-recovery-lotion\/\",\"name\":\"After sun hydration recovery LOTION - Sury Saray\",\"isPartOf\":{\"@id\":\"https:\/\/surysaray.com\/#website\"},\"datePublished\":\"2026-03-19T11:00:11+00:00\",\"dateModified\":\"2026-04-13T08:15:09+00:00\",\"breadcrumb\":{\"@id\":\"https:\/\/surysaray.com\/producto\/after-sun-hydration-recovery-lotion\/#breadcrumb\"},\"inLanguage\":\"de-DE\",\"potentialAction\":[{\"@type\":\"ReadAction\",\"target\":[\"https:\/\/surysaray.com\/producto\/after-sun-hydration-recovery-lotion\/\"]}]},{\"@type\":\"BreadcrumbList\",\"@id\":\"https:\/\/surysaray.com\/producto\/after-sun-hydration-recovery-lotion\/#breadcrumb\",\"itemListElement\":[{\"@type\":\"ListItem\",\"position\":1,\"name\":\"Portada\",\"item\":\"https:\/\/surysaray.com\/de\/\"},{\"@type\":\"ListItem\",\"position\":2,\"name\":\"Shop\",\"item\":\"https:\/\/surysaray.com\/de\/online-shop\/\"},{\"@type\":\"ListItem\",\"position\":3,\"name\":\"After sun hydration recovery LOTION\"}]},{\"@type\":\"WebSite\",\"@id\":\"https:\/\/surysaray.com\/#website\",\"url\":\"https:\/\/surysaray.com\/\",\"name\":\"Sury Saray\",\"description\":\"\",\"potentialAction\":[{\"@type\":\"SearchAction\",\"target\":{\"@type\":\"EntryPoint\",\"urlTemplate\":\"https:\/\/surysaray.com\/?s={search_term_string}\"},\"query-input\":\"required name=search_term_string\"}],\"inLanguage\":\"de-DE\"}]}<\/script>\n<!-- \/ Yoast SEO plugin. -->","yoast_head_json":{"title":"After sun hydration recovery LOTION - Sury Saray","robots":{"index":"noindex","follow":"follow"},"og_locale":"de_DE","og_type":"article","og_title":"After sun hydration recovery LOTION - Sury Saray","og_description":"Loci\u00f3n After Sun con complejo de aloe vera y ecto\u00edna al 12%, dise\u00f1ada para calmar, refrescar e hidratar la piel tras la exposici\u00f3n solar. Enriquecida con extracto de plantas Biogen, pantenol, glicerina y aceites vegetales, ayuda a reducir enrojecimiento, l\u00edneas finas y sequedad, dejando la piel suave, sedosa y radiante. Aplicar generosamente sobre rostro y cuerpo despu\u00e9s del sol y masajear suavemente.","og_url":"https:\/\/surysaray.com\/producto\/after-sun-hydration-recovery-lotion\/","og_site_name":"Sury Saray","article_modified_time":"2026-04-13T08:15:09+00:00","og_image":[{"width":474,"height":474,"url":"https:\/\/surysaray.com\/wp-content\/uploads\/2026\/03\/afeter-dsun.png","type":"image\/png"}],"twitter_card":"summary_large_image","schema":{"@context":"https:\/\/schema.org","@graph":[{"@type":"WebPage","@id":"https:\/\/surysaray.com\/producto\/after-sun-hydration-recovery-lotion\/","url":"https:\/\/surysaray.com\/producto\/after-sun-hydration-recovery-lotion\/","name":"After sun hydration recovery LOTION - Sury Saray","isPartOf":{"@id":"https:\/\/surysaray.com\/#website"},"datePublished":"2026-03-19T11:00:11+00:00","dateModified":"2026-04-13T08:15:09+00:00","breadcrumb":{"@id":"https:\/\/surysaray.com\/producto\/after-sun-hydration-recovery-lotion\/#breadcrumb"},"inLanguage":"de-DE","potentialAction":[{"@type":"ReadAction","target":["https:\/\/surysaray.com\/producto\/after-sun-hydration-recovery-lotion\/"]}]},{"@type":"BreadcrumbList","@id":"https:\/\/surysaray.com\/producto\/after-sun-hydration-recovery-lotion\/#breadcrumb","itemListElement":[{"@type":"ListItem","position":1,"name":"Portada","item":"https:\/\/surysaray.com\/de\/"},{"@type":"ListItem","position":2,"name":"Shop","item":"https:\/\/surysaray.com\/de\/online-shop\/"},{"@type":"ListItem","position":3,"name":"After sun hydration recovery LOTION"}]},{"@type":"WebSite","@id":"https:\/\/surysaray.com\/#website","url":"https:\/\/surysaray.com\/","name":"Sury Saray","description":"","potentialAction":[{"@type":"SearchAction","target":{"@type":"EntryPoint","urlTemplate":"https:\/\/surysaray.com\/?s={search_term_string}"},"query-input":"required name=search_term_string"}],"inLanguage":"de-DE"}]}},"_links":{"self":[{"href":"https:\/\/surysaray.com\/de\/wp-json\/wp\/v3\/product\/18609"}],"collection":[{"href":"https:\/\/surysaray.com\/de\/wp-json\/wp\/v3\/product"}],"about":[{"href":"https:\/\/surysaray.com\/de\/wp-json\/wp\/v2\/types\/product"}],"wp:featuredmedia":[{"embeddable":true,"href":"https:\/\/surysaray.com\/de\/wp-json\/wp\/v2\/media\/18602"}],"wp:attachment":[{"href":"https:\/\/surysaray.com\/de\/wp-json\/wp\/v2\/media?parent=18609"}],"wp:term":[{"taxonomy":"product_cat","embeddable":true,"href":"https:\/\/surysaray.com\/de\/wp-json\/wp\/v2\/product_cat?post=18609"},{"taxonomy":"product_tag","embeddable":true,"href":"https:\/\/surysaray.com\/de\/wp-json\/wp\/v2\/product_tag?post=18609"}],"curies":[{"name":"wp","href":"https:\/\/api.w.org\/{rel}","templated":true}]}}