{"id":18604,"date":"2026-03-19T11:57:31","date_gmt":"2026-03-19T10:57:31","guid":{"rendered":"https:\/\/surysaray.com\/?post_type=product&#038;p=18604"},"modified":"2026-04-13T10:15:04","modified_gmt":"2026-04-13T08:15:04","slug":"__trashed","status":"publish","type":"product","link":"https:\/\/surysaray.com\/de\/producto\/__trashed\/","title":{"rendered":"Broad spectrum hyrdration BALM SPF30"},"content":{"rendered":"","protected":false},"excerpt":{"rendered":"<div class=\"flex flex-col text-sm pb-25\">\n<section class=\"text-token-text-primary w-full focus:outline-none [--shadow-height:45px] has-data-writing-block:pointer-events-none has-data-writing-block:-mt-(--shadow-height) has-data-writing-block:pt-(--shadow-height) [&amp;:has([data-writing-block])&gt;*]:pointer-events-auto scroll-mt-[calc(var(--header-height)+min(200px,max(70px,20svh)))]\" dir=\"auto\" data-turn-id=\"request-WEB:2ac723b5-52a9-4c78-8044-38645f29cb84-6\" data-testid=\"conversation-turn-14\" data-scroll-anchor=\"true\" data-turn=\"assistant\">\n<div class=\"text-base my-auto mx-auto pb-10 [--thread-content-margin:var(--thread-content-margin-xs,calc(var(--spacing)*4))] @w-sm\/main:[--thread-content-margin:var(--thread-content-margin-sm,calc(var(--spacing)*6))] @w-lg\/main:[--thread-content-margin:var(--thread-content-margin-lg,calc(var(--spacing)*16))] px-(--thread-content-margin)\">\n<div class=\"[--thread-content-max-width:40rem] @w-lg\/main:[--thread-content-max-width:48rem] mx-auto max-w-(--thread-content-max-width) flex-1 group\/turn-messages focus-visible:outline-hidden relative flex w-full min-w-0 flex-col agent-turn\">\n<div class=\"flex max-w-full flex-col gap-4 grow\">\n<div class=\"min-h-8 text-message relative flex w-full flex-col items-end gap-2 text-start break-words whitespace-normal outline-none keyboard-focused:focus-ring [.text-message+&amp;]:mt-1\" dir=\"auto\" tabindex=\"0\" data-message-author-role=\"assistant\" data-message-id=\"8935ec70-8413-4399-9b2a-c979c6832f82\" data-message-model-slug=\"gpt-5-mini\" data-turn-start-message=\"true\">\n<div class=\"flex w-full flex-col gap-1 empty:hidden\">\n<div class=\"markdown prose dark:prose-invert w-full wrap-break-word light markdown-new-styling\">\n<p data-start=\"0\" data-end=\"514\" data-is-last-node=\"\" data-is-only-node=\"\">B\u00e1lsamo mineral con protecci\u00f3n solar FPS 30 y complejo fer\u00falico con provitamina D al 4%, formulado para proteger la piel del sol y el estr\u00e9s ambiental mientras previene el envejecimiento prematuro. Su filtro 100% mineral (\u00f3xido de zinc) y la ecto\u00edna fortalecen la barrera cut\u00e1nea y protegen el col\u00e1geno, mientras que la glicerina y el extracto de plantas Biogen hidratan y suavizan la piel, dejando una sensaci\u00f3n ligera y radiante. Aplicar generosamente antes de la exposici\u00f3n solar y reaplicar tras nadar o sudar.<\/p>\n<\/div>\n<\/div>\n<\/div>\n<\/div>\n<div class=\"z-0 flex min-h-[46px] justify-start\"><\/div>\n<div class=\"mt-3 w-full empty:hidden\">\n<div class=\"text-center\"><\/div>\n<\/div>\n<\/div>\n<\/div>\n<\/section>\n<\/div>\n<div class=\"pointer-events-none h-px w-px absolute bottom-0\" aria-hidden=\"true\" data-edge=\"true\"><\/div>\n","protected":false},"featured_media":18607,"template":"","meta":{"_joinchat":[]},"product_cat":[721,704],"product_tag":[],"yoast_head":"<!-- This site is optimized with the Yoast SEO plugin v20.2.1 - https:\/\/yoast.com\/wordpress\/plugins\/seo\/ -->\n<title>Broad spectrum hyrdration BALM SPF30 - Sury Saray<\/title>\n<meta name=\"robots\" content=\"noindex, follow\" \/>\n<meta property=\"og:locale\" content=\"de_DE\" \/>\n<meta property=\"og:type\" content=\"article\" \/>\n<meta property=\"og:title\" content=\"Broad spectrum hyrdration BALM SPF30 - Sury Saray\" \/>\n<meta property=\"og:description\" content=\"B\u00e1lsamo mineral con protecci\u00f3n solar FPS 30 y complejo fer\u00falico con provitamina D al 4%, formulado para proteger la piel del sol y el estr\u00e9s ambiental mientras previene el envejecimiento prematuro. Su filtro 100% mineral (\u00f3xido de zinc) y la ecto\u00edna fortalecen la barrera cut\u00e1nea y protegen el col\u00e1geno, mientras que la glicerina y el extracto de plantas Biogen hidratan y suavizan la piel, dejando una sensaci\u00f3n ligera y radiante. Aplicar generosamente antes de la exposici\u00f3n solar y reaplicar tras nadar o sudar.\" \/>\n<meta property=\"og:url\" content=\"https:\/\/surysaray.com\/producto\/__trashed\/\" \/>\n<meta property=\"og:site_name\" content=\"Sury Saray\" \/>\n<meta property=\"article:modified_time\" content=\"2026-04-13T08:15:04+00:00\" \/>\n<meta property=\"og:image\" content=\"https:\/\/surysaray.com\/wp-content\/uploads\/2026\/03\/spa-balm.png\" \/>\n\t<meta property=\"og:image:width\" content=\"474\" \/>\n\t<meta property=\"og:image:height\" content=\"474\" \/>\n\t<meta property=\"og:image:type\" content=\"image\/png\" \/>\n<meta name=\"twitter:card\" content=\"summary_large_image\" \/>\n<script type=\"application\/ld+json\" class=\"yoast-schema-graph\">{\"@context\":\"https:\/\/schema.org\",\"@graph\":[{\"@type\":\"WebPage\",\"@id\":\"https:\/\/surysaray.com\/producto\/__trashed\/\",\"url\":\"https:\/\/surysaray.com\/producto\/__trashed\/\",\"name\":\"Broad spectrum hyrdration BALM SPF30 - Sury Saray\",\"isPartOf\":{\"@id\":\"https:\/\/surysaray.com\/#website\"},\"datePublished\":\"2026-03-19T10:57:31+00:00\",\"dateModified\":\"2026-04-13T08:15:04+00:00\",\"breadcrumb\":{\"@id\":\"https:\/\/surysaray.com\/producto\/__trashed\/#breadcrumb\"},\"inLanguage\":\"de-DE\",\"potentialAction\":[{\"@type\":\"ReadAction\",\"target\":[\"https:\/\/surysaray.com\/producto\/__trashed\/\"]}]},{\"@type\":\"BreadcrumbList\",\"@id\":\"https:\/\/surysaray.com\/producto\/__trashed\/#breadcrumb\",\"itemListElement\":[{\"@type\":\"ListItem\",\"position\":1,\"name\":\"Portada\",\"item\":\"https:\/\/surysaray.com\/de\/\"},{\"@type\":\"ListItem\",\"position\":2,\"name\":\"Shop\",\"item\":\"https:\/\/surysaray.com\/de\/online-shop\/\"},{\"@type\":\"ListItem\",\"position\":3,\"name\":\"Broad spectrum hyrdration BALM SPF30\"}]},{\"@type\":\"WebSite\",\"@id\":\"https:\/\/surysaray.com\/#website\",\"url\":\"https:\/\/surysaray.com\/\",\"name\":\"Sury Saray\",\"description\":\"\",\"potentialAction\":[{\"@type\":\"SearchAction\",\"target\":{\"@type\":\"EntryPoint\",\"urlTemplate\":\"https:\/\/surysaray.com\/?s={search_term_string}\"},\"query-input\":\"required name=search_term_string\"}],\"inLanguage\":\"de-DE\"}]}<\/script>\n<!-- \/ Yoast SEO plugin. -->","yoast_head_json":{"title":"Broad spectrum hyrdration BALM SPF30 - Sury Saray","robots":{"index":"noindex","follow":"follow"},"og_locale":"de_DE","og_type":"article","og_title":"Broad spectrum hyrdration BALM SPF30 - Sury Saray","og_description":"B\u00e1lsamo mineral con protecci\u00f3n solar FPS 30 y complejo fer\u00falico con provitamina D al 4%, formulado para proteger la piel del sol y el estr\u00e9s ambiental mientras previene el envejecimiento prematuro. Su filtro 100% mineral (\u00f3xido de zinc) y la ecto\u00edna fortalecen la barrera cut\u00e1nea y protegen el col\u00e1geno, mientras que la glicerina y el extracto de plantas Biogen hidratan y suavizan la piel, dejando una sensaci\u00f3n ligera y radiante. Aplicar generosamente antes de la exposici\u00f3n solar y reaplicar tras nadar o sudar.","og_url":"https:\/\/surysaray.com\/producto\/__trashed\/","og_site_name":"Sury Saray","article_modified_time":"2026-04-13T08:15:04+00:00","og_image":[{"width":474,"height":474,"url":"https:\/\/surysaray.com\/wp-content\/uploads\/2026\/03\/spa-balm.png","type":"image\/png"}],"twitter_card":"summary_large_image","schema":{"@context":"https:\/\/schema.org","@graph":[{"@type":"WebPage","@id":"https:\/\/surysaray.com\/producto\/__trashed\/","url":"https:\/\/surysaray.com\/producto\/__trashed\/","name":"Broad spectrum hyrdration BALM SPF30 - Sury Saray","isPartOf":{"@id":"https:\/\/surysaray.com\/#website"},"datePublished":"2026-03-19T10:57:31+00:00","dateModified":"2026-04-13T08:15:04+00:00","breadcrumb":{"@id":"https:\/\/surysaray.com\/producto\/__trashed\/#breadcrumb"},"inLanguage":"de-DE","potentialAction":[{"@type":"ReadAction","target":["https:\/\/surysaray.com\/producto\/__trashed\/"]}]},{"@type":"BreadcrumbList","@id":"https:\/\/surysaray.com\/producto\/__trashed\/#breadcrumb","itemListElement":[{"@type":"ListItem","position":1,"name":"Portada","item":"https:\/\/surysaray.com\/de\/"},{"@type":"ListItem","position":2,"name":"Shop","item":"https:\/\/surysaray.com\/de\/online-shop\/"},{"@type":"ListItem","position":3,"name":"Broad spectrum hyrdration BALM SPF30"}]},{"@type":"WebSite","@id":"https:\/\/surysaray.com\/#website","url":"https:\/\/surysaray.com\/","name":"Sury Saray","description":"","potentialAction":[{"@type":"SearchAction","target":{"@type":"EntryPoint","urlTemplate":"https:\/\/surysaray.com\/?s={search_term_string}"},"query-input":"required name=search_term_string"}],"inLanguage":"de-DE"}]}},"_links":{"self":[{"href":"https:\/\/surysaray.com\/de\/wp-json\/wp\/v3\/product\/18604"}],"collection":[{"href":"https:\/\/surysaray.com\/de\/wp-json\/wp\/v3\/product"}],"about":[{"href":"https:\/\/surysaray.com\/de\/wp-json\/wp\/v2\/types\/product"}],"wp:featuredmedia":[{"embeddable":true,"href":"https:\/\/surysaray.com\/de\/wp-json\/wp\/v2\/media\/18607"}],"wp:attachment":[{"href":"https:\/\/surysaray.com\/de\/wp-json\/wp\/v2\/media?parent=18604"}],"wp:term":[{"taxonomy":"product_cat","embeddable":true,"href":"https:\/\/surysaray.com\/de\/wp-json\/wp\/v2\/product_cat?post=18604"},{"taxonomy":"product_tag","embeddable":true,"href":"https:\/\/surysaray.com\/de\/wp-json\/wp\/v2\/product_tag?post=18604"}],"curies":[{"name":"wp","href":"https:\/\/api.w.org\/{rel}","templated":true}]}}