{"id":18007,"date":"2025-02-11T12:43:44","date_gmt":"2025-02-11T11:43:44","guid":{"rendered":"https:\/\/surysaray.com\/?post_type=product&#038;p=18007"},"modified":"2025-02-11T13:02:31","modified_gmt":"2025-02-11T12:02:31","slug":"pack-collagen-hyaluron-drink","status":"publish","type":"product","link":"https:\/\/surysaray.com\/de\/producto\/pack-collagen-hyaluron-drink\/","title":{"rendered":"Pack COLLAGEN+ HYALURON DRINK"},"content":{"rendered":"","protected":false},"excerpt":{"rendered":"<p>Con el Pack HYALURON+COLLAGEN DRINK conseguiremos una hidratacion intensa por el dia y un aumento de nuestra sintesis d colageno en la noche.<\/p>\n<ul>\n<li>Mayor elasticidad y relleno en la piel.<\/li>\n<\/ul>\n<p>A medida que vamos cumpliendo a\u00f1os, a paritr de los 25 a\u00f1os, nuestra produccion de col\u00e1geno va decayendo,\u00a0 por lo que el colageno del tejido conectivo y la piel se va reduciendo. Y menos acido hialur\u00f3nico tenemos disonible.<\/p>\n<p>Bebe la Bebida de Hyaluron sin diluir cada ma\u00f1ana y aseg\u00farate de beber suficiente agua a lo largo del d\u00eda. El \u00e1cido hialur\u00f3nico fija el agua entre las c\u00e9lulas. S\u00f3lo 1 g de hialur\u00f3n fija 6 litros de agua.<\/p>\n<p>Tomar la Bebida de Col\u00e1geno cada noche para aumentar la s\u00edntesis de col\u00e1geno que tiene lugar durante la noche, es decir, la formaci\u00f3n de nuevo col\u00e1geno. Gracias a sus p\u00e9ptidos de colageno que optenemos de la piel del bacalao TIPO1 Con un contenido muy alto de glicina, prolina e hidroxiprolina, los componentes mas importantes del colageno en la piel, tambi\u00f1en contiene ciste\u00edna y precursor metionina, que son cruciales para la formaci\u00f3n de fibras de col\u00e1geno. Ya que la piel del bacalao es muy identica a nuestra piel\u00a0 esta tambien se utiliza en medicina para reconstruir la piel da\u00f1ada por quemaduras.<\/p>\n<p>Tanto el hialur\u00f3n como el col\u00e1geno son componentes importantes de la matriz extracelular y se complementan entre s\u00ed. Ambas sustancias son cruciales para la consistencia de la forma del tejido.<\/p>\n<p><strong>PROCEANIS\u00ae Hyaluron Bebida:<\/strong><br \/>\nAgua, extracto de zumo de granada, \u00e1cido hialur\u00f3nico, sirope de flor de coco, Vita-min C, concentrados de zanahoria y c\u00e1rtamo, conservante sorbato pot\u00e1sico, concentrado de zumo de lim\u00f3n, zinc, niacina, vitamina B2 (riboflavina), vitamina A, biotina.<\/p>\n<p><strong>Bebida de Col\u00e1geno PROCEANIS\u00ae:<\/strong><br \/>\nCol\u00e1geno de bacalao, membrana de c\u00e1scara de huevo, silicio org\u00e1nico de extracto de cola de caballo, vitamina C de extracto de acerola, extracto de granada, biotina, zinc, cobre, manganeso, concentrado de zanahoria y c\u00e1rtamo, zumo de lim\u00f3n, sorbato pot\u00e1sico, sirope de flor de coco, goma xantana, agua.<\/p>\n<p>Como consumir:<\/p>\n<p>Bebida de Hyaluron: Toma 10 ml una vez por la ma\u00f1ana.<br \/>\nBebida de col\u00e1geno: Toma 25 ml una vez por la noche.<\/p>\n<p>Incluye un vaso medidor.<\/p>\n<p>Sin colorantes, saborizantes ni edulcorantes artificiales, lactosa ni gluten.<\/p>\n<p><strong>Importante.\u00a0<\/strong>La Bebida de Col\u00e1geno PROCEANIS contiene al\u00e9rgenos de pescado y huevo y no contiene lactosa ni gluten.<\/p>\n<p>Los complementos alimenticios no sustituyen a una dieta equilibrada y variada y a un estilo de vida sano. No superes la ingesta diaria recomendada. Mantener fuera del alcance de los ni\u00f1os peque\u00f1os. No almacenar a m\u00e1s de 25\u00b0C, en lugar seco y protegido de la luz solar. Cons\u00famelo en los 30 d\u00edas siguientes a su apertura.<\/p>\n","protected":false},"featured_media":18005,"template":"","meta":{"_joinchat":[]},"product_cat":[739,697],"product_tag":[],"yoast_head":"<!-- This site is optimized with the Yoast SEO plugin v20.2.1 - https:\/\/yoast.com\/wordpress\/plugins\/seo\/ -->\n<title>Pack COLLAGEN+ HYALURON DRINK - Sury Saray<\/title>\n<meta name=\"robots\" content=\"noindex, follow\" \/>\n<meta property=\"og:locale\" content=\"de_DE\" \/>\n<meta property=\"og:type\" content=\"article\" \/>\n<meta property=\"og:title\" content=\"Pack COLLAGEN+ HYALURON DRINK - Sury Saray\" \/>\n<meta property=\"og:description\" content=\"Con el Pack HYALURON+COLLAGEN DRINK conseguiremos una hidratacion intensa por el dia y un aumento de nuestra sintesis d colageno en la noche.   Mayor elasticidad y relleno en la piel.  A medida que vamos cumpliendo a\u00f1os, a paritr de los 25 a\u00f1os, nuestra produccion de col\u00e1geno va decayendo,\u00a0 por lo que el colageno del tejido conectivo y la piel se va reduciendo. Y menos acido hialur\u00f3nico tenemos disonible.  Bebe la Bebida de Hyaluron sin diluir cada ma\u00f1ana y aseg\u00farate de beber suficiente agua a lo largo del d\u00eda. El \u00e1cido hialur\u00f3nico fija el agua entre las c\u00e9lulas. S\u00f3lo 1 g de hialur\u00f3n fija 6 litros de agua.  Tomar la Bebida de Col\u00e1geno cada noche para aumentar la s\u00edntesis de col\u00e1geno que tiene lugar durante la noche, es decir, la formaci\u00f3n de nuevo col\u00e1geno. Gracias a sus p\u00e9ptidos de colageno que optenemos de la piel del bacalao TIPO1 Con un contenido muy alto de glicina, prolina e hidroxiprolina, los componentes mas importantes del colageno en la piel, tambi\u00f1en contiene ciste\u00edna y precursor metionina, que son cruciales para la formaci\u00f3n de fibras de col\u00e1geno. Ya que la piel del bacalao es muy identica a nuestra piel\u00a0 esta tambien se utiliza en medicina para reconstruir la piel da\u00f1ada por quemaduras.  Tanto el hialur\u00f3n como el col\u00e1geno son componentes importantes de la matriz extracelular y se complementan entre s\u00ed. Ambas sustancias son cruciales para la consistencia de la forma del tejido.  PROCEANIS\u00ae Hyaluron Bebida: Agua, extracto de zumo de granada, \u00e1cido hialur\u00f3nico, sirope de flor de coco, Vita-min C, concentrados de zanahoria y c\u00e1rtamo, conservante sorbato pot\u00e1sico, concentrado de zumo de lim\u00f3n, zinc, niacina, vitamina B2 (riboflavina), vitamina A, biotina.  Bebida de Col\u00e1geno PROCEANIS\u00ae: Col\u00e1geno de bacalao, membrana de c\u00e1scara de huevo, silicio org\u00e1nico de extracto de cola de caballo, vitamina C de extracto de acerola, extracto de granada, biotina, zinc, cobre, manganeso, concentrado de zanahoria y c\u00e1rtamo, zumo de lim\u00f3n, sorbato pot\u00e1sico, sirope de flor de coco, goma xantana, agua.  Como consumir:  Bebida de Hyaluron: Toma 10 ml una vez por la ma\u00f1ana. Bebida de col\u00e1geno: Toma 25 ml una vez por la noche.  Incluye un vaso medidor.  Sin colorantes, saborizantes ni edulcorantes artificiales, lactosa ni gluten.  Importante.\u00a0La Bebida de Col\u00e1geno PROCEANIS contiene al\u00e9rgenos de pescado y huevo y no contiene lactosa ni gluten.  Los complementos alimenticios no sustituyen a una dieta equilibrada y variada y a un estilo de vida sano. No superes la ingesta diaria recomendada. Mantener fuera del alcance de los ni\u00f1os peque\u00f1os. No almacenar a m\u00e1s de 25\u00b0C, en lugar seco y protegido de la luz solar. Cons\u00famelo en los 30 d\u00edas siguientes a su apertura.\" \/>\n<meta property=\"og:url\" content=\"https:\/\/surysaray.com\/de\/producto\/pack-collagen-hyaluron-drink\/\" \/>\n<meta property=\"og:site_name\" content=\"Sury Saray\" \/>\n<meta property=\"article:modified_time\" content=\"2025-02-11T12:02:31+00:00\" \/>\n<meta property=\"og:image\" content=\"https:\/\/surysaray.com\/wp-content\/uploads\/2025\/02\/pack-collagenhyaluron-drink-1.png\" \/>\n\t<meta property=\"og:image:width\" content=\"600\" \/>\n\t<meta property=\"og:image:height\" content=\"600\" \/>\n\t<meta property=\"og:image:type\" content=\"image\/png\" \/>\n<meta name=\"twitter:card\" content=\"summary_large_image\" \/>\n<script type=\"application\/ld+json\" class=\"yoast-schema-graph\">{\"@context\":\"https:\/\/schema.org\",\"@graph\":[{\"@type\":\"WebPage\",\"@id\":\"https:\/\/surysaray.com\/de\/producto\/pack-collagen-hyaluron-drink\/\",\"url\":\"https:\/\/surysaray.com\/de\/producto\/pack-collagen-hyaluron-drink\/\",\"name\":\"Pack COLLAGEN+ HYALURON DRINK - Sury Saray\",\"isPartOf\":{\"@id\":\"https:\/\/surysaray.com\/#website\"},\"datePublished\":\"2025-02-11T11:43:44+00:00\",\"dateModified\":\"2025-02-11T12:02:31+00:00\",\"breadcrumb\":{\"@id\":\"https:\/\/surysaray.com\/de\/producto\/pack-collagen-hyaluron-drink\/#breadcrumb\"},\"inLanguage\":\"de-DE\",\"potentialAction\":[{\"@type\":\"ReadAction\",\"target\":[\"https:\/\/surysaray.com\/de\/producto\/pack-collagen-hyaluron-drink\/\"]}]},{\"@type\":\"BreadcrumbList\",\"@id\":\"https:\/\/surysaray.com\/de\/producto\/pack-collagen-hyaluron-drink\/#breadcrumb\",\"itemListElement\":[{\"@type\":\"ListItem\",\"position\":1,\"name\":\"Portada\",\"item\":\"https:\/\/surysaray.com\/de\/\"},{\"@type\":\"ListItem\",\"position\":2,\"name\":\"Shop\",\"item\":\"https:\/\/surysaray.com\/de\/online-shop\/\"},{\"@type\":\"ListItem\",\"position\":3,\"name\":\"Pack COLLAGEN+ HYALURON DRINK\"}]},{\"@type\":\"WebSite\",\"@id\":\"https:\/\/surysaray.com\/#website\",\"url\":\"https:\/\/surysaray.com\/\",\"name\":\"Sury Saray\",\"description\":\"\",\"potentialAction\":[{\"@type\":\"SearchAction\",\"target\":{\"@type\":\"EntryPoint\",\"urlTemplate\":\"https:\/\/surysaray.com\/?s={search_term_string}\"},\"query-input\":\"required name=search_term_string\"}],\"inLanguage\":\"de-DE\"}]}<\/script>\n<!-- \/ Yoast SEO plugin. -->","yoast_head_json":{"title":"Pack COLLAGEN+ HYALURON DRINK - Sury Saray","robots":{"index":"noindex","follow":"follow"},"og_locale":"de_DE","og_type":"article","og_title":"Pack COLLAGEN+ HYALURON DRINK - Sury Saray","og_description":"Con el Pack HYALURON+COLLAGEN DRINK conseguiremos una hidratacion intensa por el dia y un aumento de nuestra sintesis d colageno en la noche.   Mayor elasticidad y relleno en la piel.  A medida que vamos cumpliendo a\u00f1os, a paritr de los 25 a\u00f1os, nuestra produccion de col\u00e1geno va decayendo,\u00a0 por lo que el colageno del tejido conectivo y la piel se va reduciendo. Y menos acido hialur\u00f3nico tenemos disonible.  Bebe la Bebida de Hyaluron sin diluir cada ma\u00f1ana y aseg\u00farate de beber suficiente agua a lo largo del d\u00eda. El \u00e1cido hialur\u00f3nico fija el agua entre las c\u00e9lulas. S\u00f3lo 1 g de hialur\u00f3n fija 6 litros de agua.  Tomar la Bebida de Col\u00e1geno cada noche para aumentar la s\u00edntesis de col\u00e1geno que tiene lugar durante la noche, es decir, la formaci\u00f3n de nuevo col\u00e1geno. Gracias a sus p\u00e9ptidos de colageno que optenemos de la piel del bacalao TIPO1 Con un contenido muy alto de glicina, prolina e hidroxiprolina, los componentes mas importantes del colageno en la piel, tambi\u00f1en contiene ciste\u00edna y precursor metionina, que son cruciales para la formaci\u00f3n de fibras de col\u00e1geno. Ya que la piel del bacalao es muy identica a nuestra piel\u00a0 esta tambien se utiliza en medicina para reconstruir la piel da\u00f1ada por quemaduras.  Tanto el hialur\u00f3n como el col\u00e1geno son componentes importantes de la matriz extracelular y se complementan entre s\u00ed. Ambas sustancias son cruciales para la consistencia de la forma del tejido.  PROCEANIS\u00ae Hyaluron Bebida: Agua, extracto de zumo de granada, \u00e1cido hialur\u00f3nico, sirope de flor de coco, Vita-min C, concentrados de zanahoria y c\u00e1rtamo, conservante sorbato pot\u00e1sico, concentrado de zumo de lim\u00f3n, zinc, niacina, vitamina B2 (riboflavina), vitamina A, biotina.  Bebida de Col\u00e1geno PROCEANIS\u00ae: Col\u00e1geno de bacalao, membrana de c\u00e1scara de huevo, silicio org\u00e1nico de extracto de cola de caballo, vitamina C de extracto de acerola, extracto de granada, biotina, zinc, cobre, manganeso, concentrado de zanahoria y c\u00e1rtamo, zumo de lim\u00f3n, sorbato pot\u00e1sico, sirope de flor de coco, goma xantana, agua.  Como consumir:  Bebida de Hyaluron: Toma 10 ml una vez por la ma\u00f1ana. Bebida de col\u00e1geno: Toma 25 ml una vez por la noche.  Incluye un vaso medidor.  Sin colorantes, saborizantes ni edulcorantes artificiales, lactosa ni gluten.  Importante.\u00a0La Bebida de Col\u00e1geno PROCEANIS contiene al\u00e9rgenos de pescado y huevo y no contiene lactosa ni gluten.  Los complementos alimenticios no sustituyen a una dieta equilibrada y variada y a un estilo de vida sano. No superes la ingesta diaria recomendada. Mantener fuera del alcance de los ni\u00f1os peque\u00f1os. No almacenar a m\u00e1s de 25\u00b0C, en lugar seco y protegido de la luz solar. Cons\u00famelo en los 30 d\u00edas siguientes a su apertura.","og_url":"https:\/\/surysaray.com\/de\/producto\/pack-collagen-hyaluron-drink\/","og_site_name":"Sury Saray","article_modified_time":"2025-02-11T12:02:31+00:00","og_image":[{"width":600,"height":600,"url":"https:\/\/surysaray.com\/wp-content\/uploads\/2025\/02\/pack-collagenhyaluron-drink-1.png","type":"image\/png"}],"twitter_card":"summary_large_image","schema":{"@context":"https:\/\/schema.org","@graph":[{"@type":"WebPage","@id":"https:\/\/surysaray.com\/de\/producto\/pack-collagen-hyaluron-drink\/","url":"https:\/\/surysaray.com\/de\/producto\/pack-collagen-hyaluron-drink\/","name":"Pack COLLAGEN+ HYALURON DRINK - Sury Saray","isPartOf":{"@id":"https:\/\/surysaray.com\/#website"},"datePublished":"2025-02-11T11:43:44+00:00","dateModified":"2025-02-11T12:02:31+00:00","breadcrumb":{"@id":"https:\/\/surysaray.com\/de\/producto\/pack-collagen-hyaluron-drink\/#breadcrumb"},"inLanguage":"de-DE","potentialAction":[{"@type":"ReadAction","target":["https:\/\/surysaray.com\/de\/producto\/pack-collagen-hyaluron-drink\/"]}]},{"@type":"BreadcrumbList","@id":"https:\/\/surysaray.com\/de\/producto\/pack-collagen-hyaluron-drink\/#breadcrumb","itemListElement":[{"@type":"ListItem","position":1,"name":"Portada","item":"https:\/\/surysaray.com\/de\/"},{"@type":"ListItem","position":2,"name":"Shop","item":"https:\/\/surysaray.com\/de\/online-shop\/"},{"@type":"ListItem","position":3,"name":"Pack COLLAGEN+ HYALURON DRINK"}]},{"@type":"WebSite","@id":"https:\/\/surysaray.com\/#website","url":"https:\/\/surysaray.com\/","name":"Sury Saray","description":"","potentialAction":[{"@type":"SearchAction","target":{"@type":"EntryPoint","urlTemplate":"https:\/\/surysaray.com\/?s={search_term_string}"},"query-input":"required name=search_term_string"}],"inLanguage":"de-DE"}]}},"_links":{"self":[{"href":"https:\/\/surysaray.com\/de\/wp-json\/wp\/v3\/product\/18007"}],"collection":[{"href":"https:\/\/surysaray.com\/de\/wp-json\/wp\/v3\/product"}],"about":[{"href":"https:\/\/surysaray.com\/de\/wp-json\/wp\/v2\/types\/product"}],"wp:featuredmedia":[{"embeddable":true,"href":"https:\/\/surysaray.com\/de\/wp-json\/wp\/v2\/media\/18005"}],"wp:attachment":[{"href":"https:\/\/surysaray.com\/de\/wp-json\/wp\/v2\/media?parent=18007"}],"wp:term":[{"taxonomy":"product_cat","embeddable":true,"href":"https:\/\/surysaray.com\/de\/wp-json\/wp\/v2\/product_cat?post=18007"},{"taxonomy":"product_tag","embeddable":true,"href":"https:\/\/surysaray.com\/de\/wp-json\/wp\/v2\/product_tag?post=18007"}],"curies":[{"name":"wp","href":"https:\/\/api.w.org\/{rel}","templated":true}]}}