{"id":17956,"date":"2021-01-25T19:59:17","date_gmt":"2021-01-25T18:59:17","guid":{"rendered":"https:\/\/surysaray.com\/producto\/skin-regimen-lift-eye-cream\/"},"modified":"2025-02-04T12:42:08","modified_gmt":"2025-02-04T11:42:08","slug":"skin-regimen-lift-eye-cream","status":"publish","type":"product","link":"https:\/\/surysaray.com\/de\/producto\/skin-regimen-lift-eye-cream\/","title":{"rendered":"SKIN REGIMEN CAFFEINE EYE CREAM XL"},"content":{"rendered":"<p>Prueba la crema para el contorno de ojos \/ skin regimen \/Lx Caffeine Eye Cream, una crema de acci\u00f3n m\u00faltiple de r\u00e1pida absorci\u00f3n, con cafe\u00edna pura, extractos bot\u00e1nicos y Longevity Complex\u2122 para un contorno de ojos m\u00e1s suave. Su textura ligera es ideal incluso para aplicarla en los p\u00e1rpados, aunque est\u00e1 enriquecida con ingredientes biomim\u00e9ticos como mantecas de karit\u00e9 e illip\u00e9, escualano y glicerina. Perfecta para reducir la apariencia de bolsas, ojeras y p\u00e1rpados ca\u00eddos. Formulaci\u00f3n apta para quienes usan lentes de contacto.<\/p>\n<p>95% de ingredientes de origen natural.<\/p>\n<p>F\u00f3rmula limpia.<\/p>\n<p>DERMATOL\u00d3GICAMENTE TESTADA EN PIELES SENSIBLES.<\/p>\n<p>Aplicar ma\u00f1ana y noche en el contorno de ojos y sobre el p\u00e1rpado superior.<\/p>\n","protected":false},"excerpt":{"rendered":"<p>Con Caffeine and Longevity ComplexTM, reduce significativamente la aparici\u00f3n de arrugas, bolsas debajo de los ojos y ojeras, al mismo tiempo que tonifica el p\u00e1rpado superior. Textura de r\u00e1pida absorci\u00f3n. Sin perfume.<\/p>\n<ul>\n<li>Textura de r\u00e1pida absorci\u00f3n, sin perfume.<\/li>\n<li>Reducci\u00f3n de la aparici\u00f3n de bolsas y ojeras.<\/li>\n<li>Formulaci\u00f3n adecuada para usuarios de lentes de contacto.<\/li>\n<li>Recomendado para el contorno de ojos estresado y fatigado. Ideal para ojos hinchados y cansados que presentan signos relacionados con la falta de sue\u00f1o.<\/li>\n<\/ul>\n<p><strong>Modo de uso:<\/strong><\/p>\n<p>Producto esencial en la rutina diaria. Aplicar una peque\u00f1a cantidad de producto debajo de los ojos y en el p\u00e1rpado superior, justo debajo del hueso de la ceja.<br \/>\nAplicar mediante suaves golpecitos con las yemas de los dedos hasta que se absorba por completo.<\/p>\n<p>&nbsp;<\/p>\n","protected":false},"featured_media":17959,"template":"","meta":{"_joinchat":[]},"product_cat":[729,736,703],"product_tag":[],"yoast_head":"<!-- This site is optimized with the Yoast SEO plugin v20.2.1 - https:\/\/yoast.com\/wordpress\/plugins\/seo\/ -->\n<title>SKIN REGIMEN CAFFEINE EYE CREAM XL - Sury Saray<\/title>\n<meta name=\"robots\" content=\"noindex, follow\" \/>\n<meta property=\"og:locale\" content=\"de_DE\" \/>\n<meta property=\"og:type\" content=\"article\" \/>\n<meta property=\"og:title\" content=\"SKIN REGIMEN CAFFEINE EYE CREAM XL - Sury Saray\" \/>\n<meta property=\"og:description\" content=\"Con Caffeine and Longevity ComplexTM, reduce significativamente la aparici\u00f3n de arrugas, bolsas debajo de los ojos y ojeras, al mismo tiempo que tonifica el p\u00e1rpado superior. Textura de r\u00e1pida absorci\u00f3n. Sin perfume.   Textura de r\u00e1pida absorci\u00f3n, sin perfume.  Reducci\u00f3n de la aparici\u00f3n de bolsas y ojeras.  Formulaci\u00f3n adecuada para usuarios de lentes de contacto.  Recomendado para el contorno de ojos estresado y fatigado. Ideal para ojos hinchados y cansados que presentan signos relacionados con la falta de sue\u00f1o.  Modo de uso:  Producto esencial en la rutina diaria. Aplicar una peque\u00f1a cantidad de producto debajo de los ojos y en el p\u00e1rpado superior, justo debajo del hueso de la ceja. Aplicar mediante suaves golpecitos con las yemas de los dedos hasta que se absorba por completo.  &nbsp;\" \/>\n<meta property=\"og:url\" content=\"https:\/\/surysaray.com\/de\/producto\/skin-regimen-lift-eye-cream\/\" \/>\n<meta property=\"og:site_name\" content=\"Sury Saray\" \/>\n<meta property=\"article:modified_time\" content=\"2025-02-04T11:42:08+00:00\" \/>\n<meta property=\"og:image\" content=\"https:\/\/surysaray.com\/wp-content\/uploads\/2021\/01\/skin-regimen-lx-caffeine-eye-cream.jpg\" \/>\n\t<meta property=\"og:image:width\" content=\"610\" \/>\n\t<meta property=\"og:image:height\" content=\"671\" \/>\n\t<meta property=\"og:image:type\" content=\"image\/jpeg\" \/>\n<meta name=\"twitter:card\" content=\"summary_large_image\" \/>\n<meta name=\"twitter:label1\" content=\"Gesch\u00e4tzte Lesezeit\" \/>\n\t<meta name=\"twitter:data1\" content=\"1 Minute\" \/>\n<script type=\"application\/ld+json\" class=\"yoast-schema-graph\">{\"@context\":\"https:\/\/schema.org\",\"@graph\":[{\"@type\":\"WebPage\",\"@id\":\"https:\/\/surysaray.com\/de\/producto\/skin-regimen-lift-eye-cream\/\",\"url\":\"https:\/\/surysaray.com\/de\/producto\/skin-regimen-lift-eye-cream\/\",\"name\":\"SKIN REGIMEN CAFFEINE EYE CREAM XL - Sury Saray\",\"isPartOf\":{\"@id\":\"https:\/\/surysaray.com\/#website\"},\"datePublished\":\"2021-01-25T18:59:17+00:00\",\"dateModified\":\"2025-02-04T11:42:08+00:00\",\"breadcrumb\":{\"@id\":\"https:\/\/surysaray.com\/de\/producto\/skin-regimen-lift-eye-cream\/#breadcrumb\"},\"inLanguage\":\"de-DE\",\"potentialAction\":[{\"@type\":\"ReadAction\",\"target\":[\"https:\/\/surysaray.com\/de\/producto\/skin-regimen-lift-eye-cream\/\"]}]},{\"@type\":\"BreadcrumbList\",\"@id\":\"https:\/\/surysaray.com\/de\/producto\/skin-regimen-lift-eye-cream\/#breadcrumb\",\"itemListElement\":[{\"@type\":\"ListItem\",\"position\":1,\"name\":\"Portada\",\"item\":\"https:\/\/surysaray.com\/de\/\"},{\"@type\":\"ListItem\",\"position\":2,\"name\":\"Shop\",\"item\":\"https:\/\/surysaray.com\/de\/online-shop\/\"},{\"@type\":\"ListItem\",\"position\":3,\"name\":\"SKIN REGIMEN CAFFEINE EYE CREAM XL\"}]},{\"@type\":\"WebSite\",\"@id\":\"https:\/\/surysaray.com\/#website\",\"url\":\"https:\/\/surysaray.com\/\",\"name\":\"Sury Saray\",\"description\":\"\",\"potentialAction\":[{\"@type\":\"SearchAction\",\"target\":{\"@type\":\"EntryPoint\",\"urlTemplate\":\"https:\/\/surysaray.com\/?s={search_term_string}\"},\"query-input\":\"required name=search_term_string\"}],\"inLanguage\":\"de-DE\"}]}<\/script>\n<!-- \/ Yoast SEO plugin. -->","yoast_head_json":{"title":"SKIN REGIMEN CAFFEINE EYE CREAM XL - Sury Saray","robots":{"index":"noindex","follow":"follow"},"og_locale":"de_DE","og_type":"article","og_title":"SKIN REGIMEN CAFFEINE EYE CREAM XL - Sury Saray","og_description":"Con Caffeine and Longevity ComplexTM, reduce significativamente la aparici\u00f3n de arrugas, bolsas debajo de los ojos y ojeras, al mismo tiempo que tonifica el p\u00e1rpado superior. Textura de r\u00e1pida absorci\u00f3n. Sin perfume.   Textura de r\u00e1pida absorci\u00f3n, sin perfume.  Reducci\u00f3n de la aparici\u00f3n de bolsas y ojeras.  Formulaci\u00f3n adecuada para usuarios de lentes de contacto.  Recomendado para el contorno de ojos estresado y fatigado. Ideal para ojos hinchados y cansados que presentan signos relacionados con la falta de sue\u00f1o.  Modo de uso:  Producto esencial en la rutina diaria. Aplicar una peque\u00f1a cantidad de producto debajo de los ojos y en el p\u00e1rpado superior, justo debajo del hueso de la ceja. Aplicar mediante suaves golpecitos con las yemas de los dedos hasta que se absorba por completo.  &nbsp;","og_url":"https:\/\/surysaray.com\/de\/producto\/skin-regimen-lift-eye-cream\/","og_site_name":"Sury Saray","article_modified_time":"2025-02-04T11:42:08+00:00","og_image":[{"width":610,"height":671,"url":"https:\/\/surysaray.com\/wp-content\/uploads\/2021\/01\/skin-regimen-lx-caffeine-eye-cream.jpg","type":"image\/jpeg"}],"twitter_card":"summary_large_image","twitter_misc":{"Gesch\u00e4tzte Lesezeit":"1 Minute"},"schema":{"@context":"https:\/\/schema.org","@graph":[{"@type":"WebPage","@id":"https:\/\/surysaray.com\/de\/producto\/skin-regimen-lift-eye-cream\/","url":"https:\/\/surysaray.com\/de\/producto\/skin-regimen-lift-eye-cream\/","name":"SKIN REGIMEN CAFFEINE EYE CREAM XL - Sury Saray","isPartOf":{"@id":"https:\/\/surysaray.com\/#website"},"datePublished":"2021-01-25T18:59:17+00:00","dateModified":"2025-02-04T11:42:08+00:00","breadcrumb":{"@id":"https:\/\/surysaray.com\/de\/producto\/skin-regimen-lift-eye-cream\/#breadcrumb"},"inLanguage":"de-DE","potentialAction":[{"@type":"ReadAction","target":["https:\/\/surysaray.com\/de\/producto\/skin-regimen-lift-eye-cream\/"]}]},{"@type":"BreadcrumbList","@id":"https:\/\/surysaray.com\/de\/producto\/skin-regimen-lift-eye-cream\/#breadcrumb","itemListElement":[{"@type":"ListItem","position":1,"name":"Portada","item":"https:\/\/surysaray.com\/de\/"},{"@type":"ListItem","position":2,"name":"Shop","item":"https:\/\/surysaray.com\/de\/online-shop\/"},{"@type":"ListItem","position":3,"name":"SKIN REGIMEN CAFFEINE EYE CREAM XL"}]},{"@type":"WebSite","@id":"https:\/\/surysaray.com\/#website","url":"https:\/\/surysaray.com\/","name":"Sury Saray","description":"","potentialAction":[{"@type":"SearchAction","target":{"@type":"EntryPoint","urlTemplate":"https:\/\/surysaray.com\/?s={search_term_string}"},"query-input":"required name=search_term_string"}],"inLanguage":"de-DE"}]}},"_links":{"self":[{"href":"https:\/\/surysaray.com\/de\/wp-json\/wp\/v3\/product\/17956"}],"collection":[{"href":"https:\/\/surysaray.com\/de\/wp-json\/wp\/v3\/product"}],"about":[{"href":"https:\/\/surysaray.com\/de\/wp-json\/wp\/v2\/types\/product"}],"wp:featuredmedia":[{"embeddable":true,"href":"https:\/\/surysaray.com\/de\/wp-json\/wp\/v2\/media\/17959"}],"wp:attachment":[{"href":"https:\/\/surysaray.com\/de\/wp-json\/wp\/v2\/media?parent=17956"}],"wp:term":[{"taxonomy":"product_cat","embeddable":true,"href":"https:\/\/surysaray.com\/de\/wp-json\/wp\/v2\/product_cat?post=17956"},{"taxonomy":"product_tag","embeddable":true,"href":"https:\/\/surysaray.com\/de\/wp-json\/wp\/v2\/product_tag?post=17956"}],"curies":[{"name":"wp","href":"https:\/\/api.w.org\/{rel}","templated":true}]}}