{"id":17949,"date":"2022-02-25T18:51:54","date_gmt":"2022-02-25T17:51:54","guid":{"rendered":"https:\/\/surysaray.com\/producto\/polypeptide-rich-cream\/"},"modified":"2025-02-04T12:38:04","modified_gmt":"2025-02-04T11:38:04","slug":"polypeptide-rich-cream","status":"publish","type":"product","link":"https:\/\/surysaray.com\/de\/producto\/polypeptide-rich-cream\/","title":{"rendered":"POLYPEPTIDE RICH CREAM LX"},"content":{"rendered":"<p>Descubre \/ skin regimen \/Lx Polypeptide Rich Cream, una crema rica e iluminadora que ayuda a corregir la apariencia de los signos del envejecimiento.<\/p>\n<p>La Ecto\u00edna y el Longevity Complex\u2122, trabajan en sinergia para reafirmar la piel, reduciendo visiblemente la p\u00e9rdida de tono y atenuando la apariencia de las arrugas superficiales. La textura biomim\u00e9tica, enriquecida con mantecas de karit\u00e9, escualano y glicerina, preserva la envolvente mezcla de aceites esenciales de enebro, cilantro y jazm\u00edn, creando una fragancia que promueve una dulce sensaci\u00f3n de bienestar.<\/p>\n<p>98,3% de ingredientes de origen natural.<\/p>\n<p>F\u00f3rmula clean.<\/p>\n<p>Fragancia natural.<\/p>\n<p>DERMATOL\u00d3GICAMENTE TESTADO EN PIEL SENSIBLE.<\/p>\n<p>Aplicar diariamente sobre el rostro y el cuello. Masajear con movimientos desde el centro hacia el exterior.<\/p>\n","protected":false},"excerpt":{"rendered":"<p>Rica crema hidratante formulada con p\u00e9ptidos biomim\u00e9ticos. Protege de la contaminaci\u00f3n, reafirma la piel y ayuda a reducir la visibilidad de los signos del envejecimiento. Aroma vigorizante 100% natural.<\/p>\n<ul>\n<li>Ideal para arrugas, signos de envejecimiento y estr\u00e9s. Adecuado para pieles mayores de 40 a\u00f1os, climas fr\u00edos y pieles particularmente deshidratadas y secas.<\/li>\n<li>Aroma revitalizante natural.<\/li>\n<\/ul>\n<p><strong>MODO DE USO:<\/strong><\/p>\n<p>Por la ma\u00f1ana y por la noche, despu\u00e9s de aplicar el potenciador elegido, proceda a aplicar la crema en rostro y cuello. Masajear con movimientos desde el centro hacia el exterior del rostro y de abajo hacia arriba.<\/p>\n","protected":false},"featured_media":17953,"template":"","meta":{"_joinchat":[]},"product_cat":[692,729,718,735,694,703],"product_tag":[],"yoast_head":"<!-- This site is optimized with the Yoast SEO plugin v20.2.1 - https:\/\/yoast.com\/wordpress\/plugins\/seo\/ -->\n<title>POLYPEPTIDE RICH CREAM LX - Sury Saray<\/title>\n<meta name=\"robots\" content=\"noindex, follow\" \/>\n<meta property=\"og:locale\" content=\"de_DE\" \/>\n<meta property=\"og:type\" content=\"article\" \/>\n<meta property=\"og:title\" content=\"POLYPEPTIDE RICH CREAM LX - Sury Saray\" \/>\n<meta property=\"og:description\" content=\"Rica crema hidratante formulada con p\u00e9ptidos biomim\u00e9ticos. Protege de la contaminaci\u00f3n, reafirma la piel y ayuda a reducir la visibilidad de los signos del envejecimiento. Aroma vigorizante 100% natural.   Ideal para arrugas, signos de envejecimiento y estr\u00e9s. Adecuado para pieles mayores de 40 a\u00f1os, climas fr\u00edos y pieles particularmente deshidratadas y secas.  Aroma revitalizante natural.  MODO DE USO:  Por la ma\u00f1ana y por la noche, despu\u00e9s de aplicar el potenciador elegido, proceda a aplicar la crema en rostro y cuello. Masajear con movimientos desde el centro hacia el exterior del rostro y de abajo hacia arriba.\" \/>\n<meta property=\"og:url\" content=\"https:\/\/surysaray.com\/de\/producto\/polypeptide-rich-cream\/\" \/>\n<meta property=\"og:site_name\" content=\"Sury Saray\" \/>\n<meta property=\"article:modified_time\" content=\"2025-02-04T11:38:04+00:00\" \/>\n<meta property=\"og:image\" content=\"https:\/\/surysaray.com\/wp-content\/uploads\/2022\/02\/skin-regimen-lx-polypeptide-rich-cream.jpg\" \/>\n\t<meta property=\"og:image:width\" content=\"610\" \/>\n\t<meta property=\"og:image:height\" content=\"671\" \/>\n\t<meta property=\"og:image:type\" content=\"image\/jpeg\" \/>\n<meta name=\"twitter:card\" content=\"summary_large_image\" \/>\n<meta name=\"twitter:label1\" content=\"Gesch\u00e4tzte Lesezeit\" \/>\n\t<meta name=\"twitter:data1\" content=\"1 Minute\" \/>\n<script type=\"application\/ld+json\" class=\"yoast-schema-graph\">{\"@context\":\"https:\/\/schema.org\",\"@graph\":[{\"@type\":\"WebPage\",\"@id\":\"https:\/\/surysaray.com\/de\/producto\/polypeptide-rich-cream\/\",\"url\":\"https:\/\/surysaray.com\/de\/producto\/polypeptide-rich-cream\/\",\"name\":\"POLYPEPTIDE RICH CREAM LX - Sury Saray\",\"isPartOf\":{\"@id\":\"https:\/\/surysaray.com\/#website\"},\"datePublished\":\"2022-02-25T17:51:54+00:00\",\"dateModified\":\"2025-02-04T11:38:04+00:00\",\"breadcrumb\":{\"@id\":\"https:\/\/surysaray.com\/de\/producto\/polypeptide-rich-cream\/#breadcrumb\"},\"inLanguage\":\"de-DE\",\"potentialAction\":[{\"@type\":\"ReadAction\",\"target\":[\"https:\/\/surysaray.com\/de\/producto\/polypeptide-rich-cream\/\"]}]},{\"@type\":\"BreadcrumbList\",\"@id\":\"https:\/\/surysaray.com\/de\/producto\/polypeptide-rich-cream\/#breadcrumb\",\"itemListElement\":[{\"@type\":\"ListItem\",\"position\":1,\"name\":\"Portada\",\"item\":\"https:\/\/surysaray.com\/de\/\"},{\"@type\":\"ListItem\",\"position\":2,\"name\":\"Shop\",\"item\":\"https:\/\/surysaray.com\/de\/online-shop\/\"},{\"@type\":\"ListItem\",\"position\":3,\"name\":\"POLYPEPTIDE RICH CREAM LX\"}]},{\"@type\":\"WebSite\",\"@id\":\"https:\/\/surysaray.com\/#website\",\"url\":\"https:\/\/surysaray.com\/\",\"name\":\"Sury Saray\",\"description\":\"\",\"potentialAction\":[{\"@type\":\"SearchAction\",\"target\":{\"@type\":\"EntryPoint\",\"urlTemplate\":\"https:\/\/surysaray.com\/?s={search_term_string}\"},\"query-input\":\"required name=search_term_string\"}],\"inLanguage\":\"de-DE\"}]}<\/script>\n<!-- \/ Yoast SEO plugin. -->","yoast_head_json":{"title":"POLYPEPTIDE RICH CREAM LX - Sury Saray","robots":{"index":"noindex","follow":"follow"},"og_locale":"de_DE","og_type":"article","og_title":"POLYPEPTIDE RICH CREAM LX - Sury Saray","og_description":"Rica crema hidratante formulada con p\u00e9ptidos biomim\u00e9ticos. Protege de la contaminaci\u00f3n, reafirma la piel y ayuda a reducir la visibilidad de los signos del envejecimiento. Aroma vigorizante 100% natural.   Ideal para arrugas, signos de envejecimiento y estr\u00e9s. Adecuado para pieles mayores de 40 a\u00f1os, climas fr\u00edos y pieles particularmente deshidratadas y secas.  Aroma revitalizante natural.  MODO DE USO:  Por la ma\u00f1ana y por la noche, despu\u00e9s de aplicar el potenciador elegido, proceda a aplicar la crema en rostro y cuello. Masajear con movimientos desde el centro hacia el exterior del rostro y de abajo hacia arriba.","og_url":"https:\/\/surysaray.com\/de\/producto\/polypeptide-rich-cream\/","og_site_name":"Sury Saray","article_modified_time":"2025-02-04T11:38:04+00:00","og_image":[{"width":610,"height":671,"url":"https:\/\/surysaray.com\/wp-content\/uploads\/2022\/02\/skin-regimen-lx-polypeptide-rich-cream.jpg","type":"image\/jpeg"}],"twitter_card":"summary_large_image","twitter_misc":{"Gesch\u00e4tzte Lesezeit":"1 Minute"},"schema":{"@context":"https:\/\/schema.org","@graph":[{"@type":"WebPage","@id":"https:\/\/surysaray.com\/de\/producto\/polypeptide-rich-cream\/","url":"https:\/\/surysaray.com\/de\/producto\/polypeptide-rich-cream\/","name":"POLYPEPTIDE RICH CREAM LX - Sury Saray","isPartOf":{"@id":"https:\/\/surysaray.com\/#website"},"datePublished":"2022-02-25T17:51:54+00:00","dateModified":"2025-02-04T11:38:04+00:00","breadcrumb":{"@id":"https:\/\/surysaray.com\/de\/producto\/polypeptide-rich-cream\/#breadcrumb"},"inLanguage":"de-DE","potentialAction":[{"@type":"ReadAction","target":["https:\/\/surysaray.com\/de\/producto\/polypeptide-rich-cream\/"]}]},{"@type":"BreadcrumbList","@id":"https:\/\/surysaray.com\/de\/producto\/polypeptide-rich-cream\/#breadcrumb","itemListElement":[{"@type":"ListItem","position":1,"name":"Portada","item":"https:\/\/surysaray.com\/de\/"},{"@type":"ListItem","position":2,"name":"Shop","item":"https:\/\/surysaray.com\/de\/online-shop\/"},{"@type":"ListItem","position":3,"name":"POLYPEPTIDE RICH CREAM LX"}]},{"@type":"WebSite","@id":"https:\/\/surysaray.com\/#website","url":"https:\/\/surysaray.com\/","name":"Sury Saray","description":"","potentialAction":[{"@type":"SearchAction","target":{"@type":"EntryPoint","urlTemplate":"https:\/\/surysaray.com\/?s={search_term_string}"},"query-input":"required name=search_term_string"}],"inLanguage":"de-DE"}]}},"_links":{"self":[{"href":"https:\/\/surysaray.com\/de\/wp-json\/wp\/v3\/product\/17949"}],"collection":[{"href":"https:\/\/surysaray.com\/de\/wp-json\/wp\/v3\/product"}],"about":[{"href":"https:\/\/surysaray.com\/de\/wp-json\/wp\/v2\/types\/product"}],"wp:featuredmedia":[{"embeddable":true,"href":"https:\/\/surysaray.com\/de\/wp-json\/wp\/v2\/media\/17953"}],"wp:attachment":[{"href":"https:\/\/surysaray.com\/de\/wp-json\/wp\/v2\/media?parent=17949"}],"wp:term":[{"taxonomy":"product_cat","embeddable":true,"href":"https:\/\/surysaray.com\/de\/wp-json\/wp\/v2\/product_cat?post=17949"},{"taxonomy":"product_tag","embeddable":true,"href":"https:\/\/surysaray.com\/de\/wp-json\/wp\/v2\/product_tag?post=17949"}],"curies":[{"name":"wp","href":"https:\/\/api.w.org\/{rel}","templated":true}]}}