{"id":17939,"date":"2025-02-04T10:51:49","date_gmt":"2025-02-04T09:51:49","guid":{"rendered":"https:\/\/surysaray.com\/?post_type=product&#038;p=17939"},"modified":"2025-02-04T11:42:42","modified_gmt":"2025-02-04T10:42:42","slug":"clay-pure-mask","status":"publish","type":"product","link":"https:\/\/surysaray.com\/de\/producto\/clay-pure-mask\/","title":{"rendered":"Clay Pure Mask"},"content":{"rendered":"<p><strong>Clay-Pure Mask<\/strong>\u00a0es una mascarilla de arcilla seborreguladora para pieles mixtas, grasas y\/o con tendencia acn\u00e9ica.<\/p>\n<ol>\n<li>Limpia la piel en piel profundidad, dej\u00e1ndola seca y mate libre de grasas.<\/li>\n<li>Ofrece un efecto secante de las imperfecciones acn\u00e9icas.<\/li>\n<li>Previene la obstrucci\u00f3n del poro.<\/li>\n<li>Renueva la capa cornea m\u00e1s superficial.<\/li>\n<li>Elimina brillos, comedones e impurezas y ofrece una limpieza intensiva.Aplicar en capa fina una vez a la semana. Si se desea en las zonas con mayor intensidad acn\u00e9ica se puede aplicar en capa gruesa. Masajear y dejar actuar 15-20 minutos. Retirar con abundante agua.Uso facial y corporal.<\/li>\n<\/ol>\n<p>Ingredientes principales:<\/p>\n<p>Acido salicilico: Es un queratol\u00edtico muy activo. Provoca la ca\u00edda de la capa c\u00f3rnea de la epidermis y disminuye su grosor. Se usa en casos de acn\u00e9 y puntos negros, ya que exfolia qu\u00edmicamente la superficie de la piel y penetra hasta el poro para limpiarlo.<\/p>\n<p>Aloe Vera: Planta conocida por sus propiedades medicinales que aporta hidrataci\u00f3n sin dejar la piel grasa y suaviza la piel sin obstruir los poros.<\/p>\n<p>&nbsp;<\/p>\n","protected":false},"excerpt":{"rendered":"<p>Clay-Pure Mask\u00a0es una mascarilla de arcilla seborreguladora para pieles mixtas, grasas y\/o con tendencia acn\u00e9ica. Limpia la piel en piel profundidad, dej\u00e1ndola seca y mate libre de grasas. Ofrece un efecto secante de las imperfecciones acn\u00e9icas. Previene la obstrucci\u00f3n del poro. Renueva la capa cornea m\u00e1s superficial. Elimina brillos, comedones e impurezas y ofrece una [&hellip;]<\/p>\n","protected":false},"featured_media":17942,"template":"","meta":{"_joinchat":[]},"product_cat":[734,694,703,691],"product_tag":[],"yoast_head":"<!-- This site is optimized with the Yoast SEO plugin v20.2.1 - https:\/\/yoast.com\/wordpress\/plugins\/seo\/ -->\n<title>Clay Pure Mask - Sury Saray<\/title>\n<meta name=\"robots\" content=\"noindex, follow\" \/>\n<meta property=\"og:locale\" content=\"de_DE\" \/>\n<meta property=\"og:type\" content=\"article\" \/>\n<meta property=\"og:title\" content=\"Clay Pure Mask - Sury Saray\" \/>\n<meta property=\"og:description\" content=\"Clay-Pure Mask\u00a0es una mascarilla de arcilla seborreguladora para pieles mixtas, grasas y\/o con tendencia acn\u00e9ica. Limpia la piel en piel profundidad, dej\u00e1ndola seca y mate libre de grasas. Ofrece un efecto secante de las imperfecciones acn\u00e9icas. Previene la obstrucci\u00f3n del poro. Renueva la capa cornea m\u00e1s superficial. Elimina brillos, comedones e impurezas y ofrece una [&hellip;]\" \/>\n<meta property=\"og:url\" content=\"https:\/\/surysaray.com\/de\/producto\/clay-pure-mask\/\" \/>\n<meta property=\"og:site_name\" content=\"Sury Saray\" \/>\n<meta property=\"article:modified_time\" content=\"2025-02-04T10:42:42+00:00\" \/>\n<meta property=\"og:image\" content=\"https:\/\/surysaray.com\/wp-content\/uploads\/2025\/02\/clay-pure-mask-5-ml-sobre-individual.jpg\" \/>\n\t<meta property=\"og:image:width\" content=\"1500\" \/>\n\t<meta property=\"og:image:height\" content=\"1500\" \/>\n\t<meta property=\"og:image:type\" content=\"image\/jpeg\" \/>\n<meta name=\"twitter:card\" content=\"summary_large_image\" \/>\n<meta name=\"twitter:label1\" content=\"Gesch\u00e4tzte Lesezeit\" \/>\n\t<meta name=\"twitter:data1\" content=\"1 Minute\" \/>\n<script type=\"application\/ld+json\" class=\"yoast-schema-graph\">{\"@context\":\"https:\/\/schema.org\",\"@graph\":[{\"@type\":\"WebPage\",\"@id\":\"https:\/\/surysaray.com\/de\/producto\/clay-pure-mask\/\",\"url\":\"https:\/\/surysaray.com\/de\/producto\/clay-pure-mask\/\",\"name\":\"Clay Pure Mask - Sury Saray\",\"isPartOf\":{\"@id\":\"https:\/\/surysaray.com\/#website\"},\"datePublished\":\"2025-02-04T09:51:49+00:00\",\"dateModified\":\"2025-02-04T10:42:42+00:00\",\"breadcrumb\":{\"@id\":\"https:\/\/surysaray.com\/de\/producto\/clay-pure-mask\/#breadcrumb\"},\"inLanguage\":\"de-DE\",\"potentialAction\":[{\"@type\":\"ReadAction\",\"target\":[\"https:\/\/surysaray.com\/de\/producto\/clay-pure-mask\/\"]}]},{\"@type\":\"BreadcrumbList\",\"@id\":\"https:\/\/surysaray.com\/de\/producto\/clay-pure-mask\/#breadcrumb\",\"itemListElement\":[{\"@type\":\"ListItem\",\"position\":1,\"name\":\"Portada\",\"item\":\"https:\/\/surysaray.com\/de\/\"},{\"@type\":\"ListItem\",\"position\":2,\"name\":\"Shop\",\"item\":\"https:\/\/surysaray.com\/de\/online-shop\/\"},{\"@type\":\"ListItem\",\"position\":3,\"name\":\"Clay Pure Mask\"}]},{\"@type\":\"WebSite\",\"@id\":\"https:\/\/surysaray.com\/#website\",\"url\":\"https:\/\/surysaray.com\/\",\"name\":\"Sury Saray\",\"description\":\"\",\"potentialAction\":[{\"@type\":\"SearchAction\",\"target\":{\"@type\":\"EntryPoint\",\"urlTemplate\":\"https:\/\/surysaray.com\/?s={search_term_string}\"},\"query-input\":\"required name=search_term_string\"}],\"inLanguage\":\"de-DE\"}]}<\/script>\n<!-- \/ Yoast SEO plugin. -->","yoast_head_json":{"title":"Clay Pure Mask - Sury Saray","robots":{"index":"noindex","follow":"follow"},"og_locale":"de_DE","og_type":"article","og_title":"Clay Pure Mask - Sury Saray","og_description":"Clay-Pure Mask\u00a0es una mascarilla de arcilla seborreguladora para pieles mixtas, grasas y\/o con tendencia acn\u00e9ica. Limpia la piel en piel profundidad, dej\u00e1ndola seca y mate libre de grasas. Ofrece un efecto secante de las imperfecciones acn\u00e9icas. Previene la obstrucci\u00f3n del poro. Renueva la capa cornea m\u00e1s superficial. Elimina brillos, comedones e impurezas y ofrece una [&hellip;]","og_url":"https:\/\/surysaray.com\/de\/producto\/clay-pure-mask\/","og_site_name":"Sury Saray","article_modified_time":"2025-02-04T10:42:42+00:00","og_image":[{"width":1500,"height":1500,"url":"https:\/\/surysaray.com\/wp-content\/uploads\/2025\/02\/clay-pure-mask-5-ml-sobre-individual.jpg","type":"image\/jpeg"}],"twitter_card":"summary_large_image","twitter_misc":{"Gesch\u00e4tzte Lesezeit":"1 Minute"},"schema":{"@context":"https:\/\/schema.org","@graph":[{"@type":"WebPage","@id":"https:\/\/surysaray.com\/de\/producto\/clay-pure-mask\/","url":"https:\/\/surysaray.com\/de\/producto\/clay-pure-mask\/","name":"Clay Pure Mask - Sury Saray","isPartOf":{"@id":"https:\/\/surysaray.com\/#website"},"datePublished":"2025-02-04T09:51:49+00:00","dateModified":"2025-02-04T10:42:42+00:00","breadcrumb":{"@id":"https:\/\/surysaray.com\/de\/producto\/clay-pure-mask\/#breadcrumb"},"inLanguage":"de-DE","potentialAction":[{"@type":"ReadAction","target":["https:\/\/surysaray.com\/de\/producto\/clay-pure-mask\/"]}]},{"@type":"BreadcrumbList","@id":"https:\/\/surysaray.com\/de\/producto\/clay-pure-mask\/#breadcrumb","itemListElement":[{"@type":"ListItem","position":1,"name":"Portada","item":"https:\/\/surysaray.com\/de\/"},{"@type":"ListItem","position":2,"name":"Shop","item":"https:\/\/surysaray.com\/de\/online-shop\/"},{"@type":"ListItem","position":3,"name":"Clay Pure Mask"}]},{"@type":"WebSite","@id":"https:\/\/surysaray.com\/#website","url":"https:\/\/surysaray.com\/","name":"Sury Saray","description":"","potentialAction":[{"@type":"SearchAction","target":{"@type":"EntryPoint","urlTemplate":"https:\/\/surysaray.com\/?s={search_term_string}"},"query-input":"required name=search_term_string"}],"inLanguage":"de-DE"}]}},"_links":{"self":[{"href":"https:\/\/surysaray.com\/de\/wp-json\/wp\/v3\/product\/17939"}],"collection":[{"href":"https:\/\/surysaray.com\/de\/wp-json\/wp\/v3\/product"}],"about":[{"href":"https:\/\/surysaray.com\/de\/wp-json\/wp\/v2\/types\/product"}],"wp:featuredmedia":[{"embeddable":true,"href":"https:\/\/surysaray.com\/de\/wp-json\/wp\/v2\/media\/17942"}],"wp:attachment":[{"href":"https:\/\/surysaray.com\/de\/wp-json\/wp\/v2\/media?parent=17939"}],"wp:term":[{"taxonomy":"product_cat","embeddable":true,"href":"https:\/\/surysaray.com\/de\/wp-json\/wp\/v2\/product_cat?post=17939"},{"taxonomy":"product_tag","embeddable":true,"href":"https:\/\/surysaray.com\/de\/wp-json\/wp\/v2\/product_tag?post=17939"}],"curies":[{"name":"wp","href":"https:\/\/api.w.org\/{rel}","templated":true}]}}