{"id":17909,"date":"2023-01-18T17:34:23","date_gmt":"2023-01-18T16:34:23","guid":{"rendered":"https:\/\/surysaray.com\/producto\/noctivance\/"},"modified":"2025-02-11T12:40:49","modified_gmt":"2025-02-11T11:40:49","slug":"noctivance","status":"publish","type":"product","link":"https:\/\/surysaray.com\/de\/producto\/noctivance\/","title":{"rendered":"Noctivance"},"content":{"rendered":"<div class=\"descrpCorta\">\n<h2>Melatonina, sue\u00f1o, jet lag<\/h2>\n<\/div>\n<h3 class=\"FraseMarketing\">Complemento alimenticio a base de amino\u00e1cidos, vitaminas y minerales y melatonina.<\/h3>\n<p>La melatonina contribuye a disminuir el tiempo necesario para conciliar el sue\u00f1o (el efecto beneficioso se obtiene con una ingesta de 1 mg de melatonina poco antes de irse a dormir).<br \/>\nLa melatonina contribuye a aliviar la sensaci\u00f3n subjetiva de desfase horario (jet lag) (el efecto beneficioso se obtiene con una ingesta m\u00ednima de 0,5 mg que debe tomarse poco antes de acostarse el primer d\u00eda de viaje y unos cuantos d\u00edas despu\u00e9s de la llegada a lugar de destino).<br \/>\nLas vitaminas B3 y B6 contribuyen al funcionamiento normal del sistema nervioso.<br \/>\nEl magnesio ayuda a disminuir el cansancio y la fatiga.<\/p>\n<p>\u2022 NovaCAPS\u00ae: c\u00e1psula de origen vegetal de liberaci\u00f3n prolongada para una acci\u00f3n continua durante toda la noche.<\/p>\n<p><strong>Ingredientes<\/strong>: maltodextrina de ma\u00edz; \u00f3xido de magnesio marino; agente de recubrimiento de origen vegetal: hidroxipropilmetilcelulosa; L-tript\u00f3fano; excipientes proceso novaCAPS\u00ae: hidroxipropilmetilcelulosa, shellac; L-metionina; vitamina E (acetato dl-alfa-tocoferol); vitamina B3 (nicotinamida); extracto seco de\u00a0<strong>NUEZ\u00a0<\/strong>(<em>Juglans regia<\/em>) 12\/1; \u00f3xido de zinc; antiaglomerantes: estereato de magnesio; melatonina; vitamina B6 (clorhidrato de piridoxina); vitamina B9 (\u00e1cido f\u00f3lico).<\/p>\n<p><strong>Al\u00e9rgenos<\/strong>: Frutos de c\u00e1scara (nueces)<\/p>\n<p><strong>Por 1 c\u00e1psula al d\u00eda:<\/strong><br \/>\n&#8211; L-tript\u00f3fano: 60 mg<br \/>\n&#8211; L-metionina: 30 mg<br \/>\n&#8211; Extracto de nuez: 5 mg<br \/>\n&#8211; Melatonina: 1,9 mg<br \/>\n&#8211; Magnesio: 48,2 mg (12,9%*)<br \/>\n&#8211; Zinc: 3,45 mg (34,5%*)<br \/>\n&#8211; Vit. B3: 5,6 mg (35%*)<br \/>\n&#8211; Vit. E: 3,99 mg (33,3 %*)<br \/>\n&#8211; Vit. B6: 0,49 mg (34,7%*)<br \/>\n&#8211; Vit. B9: 69 \u00b5g (34,5%*)<\/p>\n<p><strong>1 c\u00e1psula al d\u00eda<\/strong>\u00a01 hora antes de acostarse.<\/p>\n<p>No recomendado en mujeres embarazadas ni ni\u00f1os sin consejo m\u00e9dico.<\/p>\n<p>&#8211; No superar la dosis diaria expresamente recomendada.<br \/>\n&#8211; Mantener fuera del alcance de los ni\u00f1os m\u00e1s peque\u00f1os.<br \/>\n&#8211; Los complementos alimenticios deben ser usados en el cuadro de un modo de vida sano y no pueden ser utilizados como sustitutos de una dieta variada y equilibrada.<\/p>\n","protected":false},"excerpt":{"rendered":"<p>Complemento alimenticio que ayuda a la conciliaci\u00f3n del sue\u00f1o, Jet Lag a base de amino\u00e1cidos, vitaminas y minerales y melatonina.<\/p>\n<p>La melatonina contribuye a disminuir el tiempo necesario para conciliar el sue\u00f1o (el efecto beneficioso se obtiene con una ingesta de 1 mg de melatonina poco antes de irse a dormir) ,alivia la sensaci\u00f3n subjetiva de desfase horario (jet lag) (el efecto beneficioso se obtiene con una ingesta m\u00ednima de 0,5 mg que debe tomarse poco antes de acostarse el primer d\u00eda de viaje y unos cuantos d\u00edas despu\u00e9s de la llegada a lugar de destino).<br \/>\nLas vitaminas B3 y B6 contribuyen al funcionamiento normal del sistema nervioso.<br \/>\nEl magnesio ayuda a disminuir el cansancio y la fatiga.<\/p>\n<p><strong>Ingredientes:<\/strong><\/p>\n<p>Caja de 30 c\u00e1psulas de origen vegetal y de liberaci\u00f3n prolongada. <b>Por 1 c\u00e1psula al d\u00eda\u00a0<\/b>( una hora antes de acostarse)<br \/>\n&#8211; L-tript\u00f3fano: 60 mg<br \/>\n&#8211; L-metionina: 30 mg<br \/>\n&#8211; Extracto de nuez: 5 mg<br \/>\n&#8211; Melatonina: 1,9 mg<br \/>\n&#8211; Magnesio: 48,2 mg (12,9%*)<br \/>\n&#8211; Zinc: 3,45 mg (34,5%*)<br \/>\n&#8211; Vit. B3: 5,6 mg (35%*)<br \/>\n&#8211; Vit. E: 3,99 mg (33,3 %*)<br \/>\n&#8211; Vit. B6: 0,49 mg (34,7%*)<br \/>\n&#8211; Vit. B9: 69 \u00b5g (34,5%*)<\/p>\n<p><i>No recomendado en mujeres embarazadas ni ni\u00f1os sin consejo m\u00e9dico.<\/i><\/p>\n<p>&#8211; No superar la dosis diaria expresamente recomendada.<br \/>\n&#8211; Mantener fuera del alcance de los ni\u00f1os m\u00e1s peque\u00f1os.<br \/>\n&#8211; Los complementos alimenticios deben ser usados en el cuadro de un modo de vida sano y no pueden ser utilizados como sustitutos de una dieta variada y equilibrada.<\/p>\n<p>&#8211; No crea dependencia.<\/p>\n","protected":false},"featured_media":17912,"template":"","meta":{"_joinchat":[]},"product_cat":[696,733,697],"product_tag":[],"yoast_head":"<!-- This site is optimized with the Yoast SEO plugin v20.2.1 - https:\/\/yoast.com\/wordpress\/plugins\/seo\/ -->\n<title>Noctivance - Sury Saray<\/title>\n<meta name=\"robots\" content=\"noindex, follow\" \/>\n<meta property=\"og:locale\" content=\"de_DE\" \/>\n<meta property=\"og:type\" content=\"article\" \/>\n<meta property=\"og:title\" content=\"Noctivance - Sury Saray\" \/>\n<meta property=\"og:description\" content=\"Complemento alimenticio que ayuda a la conciliaci\u00f3n del sue\u00f1o, Jet Lag a base de amino\u00e1cidos, vitaminas y minerales y melatonina.  La melatonina contribuye a disminuir el tiempo necesario para conciliar el sue\u00f1o (el efecto beneficioso se obtiene con una ingesta de 1 mg de melatonina poco antes de irse a dormir) ,alivia la sensaci\u00f3n subjetiva de desfase horario (jet lag) (el efecto beneficioso se obtiene con una ingesta m\u00ednima de 0,5 mg que debe tomarse poco antes de acostarse el primer d\u00eda de viaje y unos cuantos d\u00edas despu\u00e9s de la llegada a lugar de destino). Las vitaminas B3 y B6 contribuyen al funcionamiento normal del sistema nervioso. El magnesio ayuda a disminuir el cansancio y la fatiga.  Ingredientes:  Caja de 30 c\u00e1psulas de origen vegetal y de liberaci\u00f3n prolongada. Por 1 c\u00e1psula al d\u00eda\u00a0( una hora antes de acostarse) - L-tript\u00f3fano: 60 mg - L-metionina: 30 mg - Extracto de nuez: 5 mg - Melatonina: 1,9 mg - Magnesio: 48,2 mg (12,9%*) - Zinc: 3,45 mg (34,5%*) - Vit. B3: 5,6 mg (35%*) - Vit. E: 3,99 mg (33,3 %*) - Vit. B6: 0,49 mg (34,7%*) - Vit. B9: 69 \u00b5g (34,5%*)  No recomendado en mujeres embarazadas ni ni\u00f1os sin consejo m\u00e9dico.  - No superar la dosis diaria expresamente recomendada. - Mantener fuera del alcance de los ni\u00f1os m\u00e1s peque\u00f1os. - Los complementos alimenticios deben ser usados en el cuadro de un modo de vida sano y no pueden ser utilizados como sustitutos de una dieta variada y equilibrada.  - No crea dependencia.\" \/>\n<meta property=\"og:url\" content=\"https:\/\/surysaray.com\/de\/producto\/noctivance\/\" \/>\n<meta property=\"og:site_name\" content=\"Sury Saray\" \/>\n<meta property=\"article:modified_time\" content=\"2025-02-11T11:40:49+00:00\" \/>\n<meta property=\"og:image\" content=\"https:\/\/surysaray.com\/wp-content\/uploads\/2023\/01\/noctivance.webp\" \/>\n\t<meta property=\"og:image:width\" content=\"472\" \/>\n\t<meta property=\"og:image:height\" content=\"472\" \/>\n\t<meta property=\"og:image:type\" content=\"image\/webp\" \/>\n<meta name=\"twitter:card\" content=\"summary_large_image\" \/>\n<meta name=\"twitter:label1\" content=\"Gesch\u00e4tzte Lesezeit\" \/>\n\t<meta name=\"twitter:data1\" content=\"2 Minuten\" \/>\n<script type=\"application\/ld+json\" class=\"yoast-schema-graph\">{\"@context\":\"https:\/\/schema.org\",\"@graph\":[{\"@type\":\"WebPage\",\"@id\":\"https:\/\/surysaray.com\/de\/producto\/noctivance\/\",\"url\":\"https:\/\/surysaray.com\/de\/producto\/noctivance\/\",\"name\":\"Noctivance - Sury Saray\",\"isPartOf\":{\"@id\":\"https:\/\/surysaray.com\/#website\"},\"datePublished\":\"2023-01-18T16:34:23+00:00\",\"dateModified\":\"2025-02-11T11:40:49+00:00\",\"breadcrumb\":{\"@id\":\"https:\/\/surysaray.com\/de\/producto\/noctivance\/#breadcrumb\"},\"inLanguage\":\"de-DE\",\"potentialAction\":[{\"@type\":\"ReadAction\",\"target\":[\"https:\/\/surysaray.com\/de\/producto\/noctivance\/\"]}]},{\"@type\":\"BreadcrumbList\",\"@id\":\"https:\/\/surysaray.com\/de\/producto\/noctivance\/#breadcrumb\",\"itemListElement\":[{\"@type\":\"ListItem\",\"position\":1,\"name\":\"Portada\",\"item\":\"https:\/\/surysaray.com\/de\/\"},{\"@type\":\"ListItem\",\"position\":2,\"name\":\"Shop\",\"item\":\"https:\/\/surysaray.com\/de\/online-shop\/\"},{\"@type\":\"ListItem\",\"position\":3,\"name\":\"Noctivance\"}]},{\"@type\":\"WebSite\",\"@id\":\"https:\/\/surysaray.com\/#website\",\"url\":\"https:\/\/surysaray.com\/\",\"name\":\"Sury Saray\",\"description\":\"\",\"potentialAction\":[{\"@type\":\"SearchAction\",\"target\":{\"@type\":\"EntryPoint\",\"urlTemplate\":\"https:\/\/surysaray.com\/?s={search_term_string}\"},\"query-input\":\"required name=search_term_string\"}],\"inLanguage\":\"de-DE\"}]}<\/script>\n<!-- \/ Yoast SEO plugin. -->","yoast_head_json":{"title":"Noctivance - Sury Saray","robots":{"index":"noindex","follow":"follow"},"og_locale":"de_DE","og_type":"article","og_title":"Noctivance - Sury Saray","og_description":"Complemento alimenticio que ayuda a la conciliaci\u00f3n del sue\u00f1o, Jet Lag a base de amino\u00e1cidos, vitaminas y minerales y melatonina.  La melatonina contribuye a disminuir el tiempo necesario para conciliar el sue\u00f1o (el efecto beneficioso se obtiene con una ingesta de 1 mg de melatonina poco antes de irse a dormir) ,alivia la sensaci\u00f3n subjetiva de desfase horario (jet lag) (el efecto beneficioso se obtiene con una ingesta m\u00ednima de 0,5 mg que debe tomarse poco antes de acostarse el primer d\u00eda de viaje y unos cuantos d\u00edas despu\u00e9s de la llegada a lugar de destino). Las vitaminas B3 y B6 contribuyen al funcionamiento normal del sistema nervioso. El magnesio ayuda a disminuir el cansancio y la fatiga.  Ingredientes:  Caja de 30 c\u00e1psulas de origen vegetal y de liberaci\u00f3n prolongada. Por 1 c\u00e1psula al d\u00eda\u00a0( una hora antes de acostarse) - L-tript\u00f3fano: 60 mg - L-metionina: 30 mg - Extracto de nuez: 5 mg - Melatonina: 1,9 mg - Magnesio: 48,2 mg (12,9%*) - Zinc: 3,45 mg (34,5%*) - Vit. B3: 5,6 mg (35%*) - Vit. E: 3,99 mg (33,3 %*) - Vit. B6: 0,49 mg (34,7%*) - Vit. B9: 69 \u00b5g (34,5%*)  No recomendado en mujeres embarazadas ni ni\u00f1os sin consejo m\u00e9dico.  - No superar la dosis diaria expresamente recomendada. - Mantener fuera del alcance de los ni\u00f1os m\u00e1s peque\u00f1os. - Los complementos alimenticios deben ser usados en el cuadro de un modo de vida sano y no pueden ser utilizados como sustitutos de una dieta variada y equilibrada.  - No crea dependencia.","og_url":"https:\/\/surysaray.com\/de\/producto\/noctivance\/","og_site_name":"Sury Saray","article_modified_time":"2025-02-11T11:40:49+00:00","og_image":[{"width":472,"height":472,"url":"https:\/\/surysaray.com\/wp-content\/uploads\/2023\/01\/noctivance.webp","type":"image\/webp"}],"twitter_card":"summary_large_image","twitter_misc":{"Gesch\u00e4tzte Lesezeit":"2 Minuten"},"schema":{"@context":"https:\/\/schema.org","@graph":[{"@type":"WebPage","@id":"https:\/\/surysaray.com\/de\/producto\/noctivance\/","url":"https:\/\/surysaray.com\/de\/producto\/noctivance\/","name":"Noctivance - Sury Saray","isPartOf":{"@id":"https:\/\/surysaray.com\/#website"},"datePublished":"2023-01-18T16:34:23+00:00","dateModified":"2025-02-11T11:40:49+00:00","breadcrumb":{"@id":"https:\/\/surysaray.com\/de\/producto\/noctivance\/#breadcrumb"},"inLanguage":"de-DE","potentialAction":[{"@type":"ReadAction","target":["https:\/\/surysaray.com\/de\/producto\/noctivance\/"]}]},{"@type":"BreadcrumbList","@id":"https:\/\/surysaray.com\/de\/producto\/noctivance\/#breadcrumb","itemListElement":[{"@type":"ListItem","position":1,"name":"Portada","item":"https:\/\/surysaray.com\/de\/"},{"@type":"ListItem","position":2,"name":"Shop","item":"https:\/\/surysaray.com\/de\/online-shop\/"},{"@type":"ListItem","position":3,"name":"Noctivance"}]},{"@type":"WebSite","@id":"https:\/\/surysaray.com\/#website","url":"https:\/\/surysaray.com\/","name":"Sury Saray","description":"","potentialAction":[{"@type":"SearchAction","target":{"@type":"EntryPoint","urlTemplate":"https:\/\/surysaray.com\/?s={search_term_string}"},"query-input":"required name=search_term_string"}],"inLanguage":"de-DE"}]}},"_links":{"self":[{"href":"https:\/\/surysaray.com\/de\/wp-json\/wp\/v3\/product\/17909"}],"collection":[{"href":"https:\/\/surysaray.com\/de\/wp-json\/wp\/v3\/product"}],"about":[{"href":"https:\/\/surysaray.com\/de\/wp-json\/wp\/v2\/types\/product"}],"wp:featuredmedia":[{"embeddable":true,"href":"https:\/\/surysaray.com\/de\/wp-json\/wp\/v2\/media\/17912"}],"wp:attachment":[{"href":"https:\/\/surysaray.com\/de\/wp-json\/wp\/v2\/media?parent=17909"}],"wp:term":[{"taxonomy":"product_cat","embeddable":true,"href":"https:\/\/surysaray.com\/de\/wp-json\/wp\/v2\/product_cat?post=17909"},{"taxonomy":"product_tag","embeddable":true,"href":"https:\/\/surysaray.com\/de\/wp-json\/wp\/v2\/product_tag?post=17909"}],"curies":[{"name":"wp","href":"https:\/\/api.w.org\/{rel}","templated":true}]}}