{"id":17889,"date":"2025-01-31T11:42:06","date_gmt":"2025-01-31T10:42:06","guid":{"rendered":"https:\/\/surysaray.com\/?post_type=product&#038;p=17889"},"modified":"2025-02-04T10:27:50","modified_gmt":"2025-02-04T09:27:50","slug":"c-l-a-control-de-peso-40-capsulas","status":"publish","type":"product","link":"https:\/\/surysaray.com\/de\/producto\/c-l-a-control-de-peso-40-capsulas\/","title":{"rendered":"C.L.A Control de peso ( 40 capsulas)"},"content":{"rendered":"","protected":false},"excerpt":{"rendered":"<p>Complemento alimenticio a base de semillas de c\u00e1rcamo, guaran\u00e1 y cromo.<\/p>\n<p>Acido linoleico conjugado, equilibrio de la glucemia.<\/p>\n<p>Contiene principalmente un extracto natural de semillas de c\u00e1rtamo, con un 80% de CLA (\u00e1cido linoleico conjugado), de marca registrada Tonalin\u00ae, utilizado en estudios cl\u00ednicos con resultados positivos en la p\u00e9rdida de tejido adiposo.<br \/>\nIncluye cromo, que posee un efecto regulador sobre el metabolismo de los gl\u00facidos, y guaran\u00e1, que facilita la acci\u00f3n adelgazante durante una dieta.<\/p>\n<p>\u2022\u00a0<strong>Garant\u00eda<\/strong>: sin OGM.<br \/>\n\u2022\u00a0<strong>Contiene<\/strong>: TONALIN por el cual la EFSA concluy\u00f3 que su uso, en personas de peso normal, con sobrepeso u obesidad, pero que no sujetas a diabetes tipo 2, era seguro durante un m\u00e1ximo de 6 meses. (<em>Referencia: www.efsa.europa.eu<\/em>)<\/p>\n<p><strong>Ingredientes<\/strong>: \u00e1cido linoleico conjugado (CLA-80%); agente de recubrimiento: gelatina de pescado; estabilizante: glicerina; extracto seco de guaran\u00e1 (<em>Paullinia cupana<\/em>) (semillas &#8211; m\u00ednimo 5% cafe\u00edna); estabilizante: di\u00f3xido de silicio; espesante: cera de abejas amarillas; colorante: betacaroteno; vitamina E (D-alfa-tocoferol); cloruro de cromo (III).<br \/>\nContiene: productos ap\u00edcolas<\/p>\n<p><strong>Al\u00e9rgenos<\/strong>: Pescado (perla)<br \/>\nProductos ap\u00edcolas.<\/p>\n<p><strong>Por 4 perlas al d\u00eda:<\/strong><br \/>\n&#8211; Aceite de c\u00e1rtamo: 3000 mg, de los cuales CLA: 2400 mg<br \/>\n&#8211; Extracto de Guaran\u00e1: 108 mg, de los cuales cafe\u00edna: 5.4 mg<br \/>\n&#8211; Vit. E: 8 mg (66.6%*)<br \/>\n&#8211; Cromo: 27 \u00b5g (67.5%*)<\/p>\n<p>&#8211;\u00a0<strong>Tratamiento de choque<\/strong>: 4 c\u00e1psulas (2 por la ma\u00f1ana, 2 al mediod\u00eda o por la noche).<br \/>\n&#8211;\u00a0<strong>Tratamiento de mantenimiento<\/strong>: 2 c\u00e1psulas (1 por la ma\u00f1ana, 1 al mediod\u00eda o por la noche).<br \/>\nUtilizar en el marco de un programa que incluya una reducci\u00f3n de la ingesta cal\u00f3rica y un aumento de la actividad f\u00edsica<\/p>\n<p><strong>Contiene cafe\u00edna<\/strong>: no recomendado para personas sensibles a la cafe\u00edna (ni\u00f1os, mujeres embarazadas, personas con insomnio, personas que sufren trastornos del ritmo card\u00edaco no tratadas, hipertensi\u00f3n arterial severa).<br \/>\n&#8211; No superar la dosis diaria expresamente recomendada.<br \/>\n&#8211; Mantener fuera del alcance de los ni\u00f1os m\u00e1s peque\u00f1os.<br \/>\n&#8211; Los complementos alimenticios deben ser usados en el cuadro de un modo de vida sano y no pueden ser utilizados como sustitutos de una dieta variada y equilibrada<\/p>\n","protected":false},"featured_media":17892,"template":"","meta":{"_joinchat":[]},"product_cat":[696,694,697],"product_tag":[],"yoast_head":"<!-- This site is optimized with the Yoast SEO plugin v20.2.1 - https:\/\/yoast.com\/wordpress\/plugins\/seo\/ -->\n<title>C.L.A Control de peso ( 40 capsulas) - Sury Saray<\/title>\n<meta name=\"robots\" content=\"noindex, follow\" \/>\n<meta property=\"og:locale\" content=\"de_DE\" \/>\n<meta property=\"og:type\" content=\"article\" \/>\n<meta property=\"og:title\" content=\"C.L.A Control de peso ( 40 capsulas) - Sury Saray\" \/>\n<meta property=\"og:description\" content=\"Complemento alimenticio a base de semillas de c\u00e1rcamo, guaran\u00e1 y cromo.  Acido linoleico conjugado, equilibrio de la glucemia.  Contiene principalmente un extracto natural de semillas de c\u00e1rtamo, con un 80% de CLA (\u00e1cido linoleico conjugado), de marca registrada Tonalin\u00ae, utilizado en estudios cl\u00ednicos con resultados positivos en la p\u00e9rdida de tejido adiposo. Incluye cromo, que posee un efecto regulador sobre el metabolismo de los gl\u00facidos, y guaran\u00e1, que facilita la acci\u00f3n adelgazante durante una dieta.  \u2022\u00a0Garant\u00eda: sin OGM. \u2022\u00a0Contiene: TONALIN por el cual la EFSA concluy\u00f3 que su uso, en personas de peso normal, con sobrepeso u obesidad, pero que no sujetas a diabetes tipo 2, era seguro durante un m\u00e1ximo de 6 meses. (Referencia: www.efsa.europa.eu)  Ingredientes: \u00e1cido linoleico conjugado (CLA-80%); agente de recubrimiento: gelatina de pescado; estabilizante: glicerina; extracto seco de guaran\u00e1 (Paullinia cupana) (semillas - m\u00ednimo 5% cafe\u00edna); estabilizante: di\u00f3xido de silicio; espesante: cera de abejas amarillas; colorante: betacaroteno; vitamina E (D-alfa-tocoferol); cloruro de cromo (III). Contiene: productos ap\u00edcolas  Al\u00e9rgenos: Pescado (perla) Productos ap\u00edcolas.  Por 4 perlas al d\u00eda: - Aceite de c\u00e1rtamo: 3000 mg, de los cuales CLA: 2400 mg - Extracto de Guaran\u00e1: 108 mg, de los cuales cafe\u00edna: 5.4 mg - Vit. E: 8 mg (66.6%*) - Cromo: 27 \u00b5g (67.5%*)  -\u00a0Tratamiento de choque: 4 c\u00e1psulas (2 por la ma\u00f1ana, 2 al mediod\u00eda o por la noche). -\u00a0Tratamiento de mantenimiento: 2 c\u00e1psulas (1 por la ma\u00f1ana, 1 al mediod\u00eda o por la noche). Utilizar en el marco de un programa que incluya una reducci\u00f3n de la ingesta cal\u00f3rica y un aumento de la actividad f\u00edsica  Contiene cafe\u00edna: no recomendado para personas sensibles a la cafe\u00edna (ni\u00f1os, mujeres embarazadas, personas con insomnio, personas que sufren trastornos del ritmo card\u00edaco no tratadas, hipertensi\u00f3n arterial severa). - No superar la dosis diaria expresamente recomendada. - Mantener fuera del alcance de los ni\u00f1os m\u00e1s peque\u00f1os. - Los complementos alimenticios deben ser usados en el cuadro de un modo de vida sano y no pueden ser utilizados como sustitutos de una dieta variada y equilibrada\" \/>\n<meta property=\"og:url\" content=\"https:\/\/surysaray.com\/de\/producto\/c-l-a-control-de-peso-40-capsulas\/\" \/>\n<meta property=\"og:site_name\" content=\"Sury Saray\" \/>\n<meta property=\"article:modified_time\" content=\"2025-02-04T09:27:50+00:00\" \/>\n<meta property=\"og:image\" content=\"https:\/\/surysaray.com\/wp-content\/uploads\/2025\/01\/CLA.webp\" \/>\n\t<meta property=\"og:image:width\" content=\"472\" \/>\n\t<meta property=\"og:image:height\" content=\"472\" \/>\n\t<meta property=\"og:image:type\" content=\"image\/webp\" \/>\n<meta name=\"twitter:card\" content=\"summary_large_image\" \/>\n<script type=\"application\/ld+json\" class=\"yoast-schema-graph\">{\"@context\":\"https:\/\/schema.org\",\"@graph\":[{\"@type\":\"WebPage\",\"@id\":\"https:\/\/surysaray.com\/de\/producto\/c-l-a-control-de-peso-40-capsulas\/\",\"url\":\"https:\/\/surysaray.com\/de\/producto\/c-l-a-control-de-peso-40-capsulas\/\",\"name\":\"C.L.A Control de peso ( 40 capsulas) - Sury Saray\",\"isPartOf\":{\"@id\":\"https:\/\/surysaray.com\/#website\"},\"datePublished\":\"2025-01-31T10:42:06+00:00\",\"dateModified\":\"2025-02-04T09:27:50+00:00\",\"breadcrumb\":{\"@id\":\"https:\/\/surysaray.com\/de\/producto\/c-l-a-control-de-peso-40-capsulas\/#breadcrumb\"},\"inLanguage\":\"de-DE\",\"potentialAction\":[{\"@type\":\"ReadAction\",\"target\":[\"https:\/\/surysaray.com\/de\/producto\/c-l-a-control-de-peso-40-capsulas\/\"]}]},{\"@type\":\"BreadcrumbList\",\"@id\":\"https:\/\/surysaray.com\/de\/producto\/c-l-a-control-de-peso-40-capsulas\/#breadcrumb\",\"itemListElement\":[{\"@type\":\"ListItem\",\"position\":1,\"name\":\"Portada\",\"item\":\"https:\/\/surysaray.com\/de\/\"},{\"@type\":\"ListItem\",\"position\":2,\"name\":\"Shop\",\"item\":\"https:\/\/surysaray.com\/de\/online-shop\/\"},{\"@type\":\"ListItem\",\"position\":3,\"name\":\"C.L.A Control de peso ( 40 capsulas)\"}]},{\"@type\":\"WebSite\",\"@id\":\"https:\/\/surysaray.com\/#website\",\"url\":\"https:\/\/surysaray.com\/\",\"name\":\"Sury Saray\",\"description\":\"\",\"potentialAction\":[{\"@type\":\"SearchAction\",\"target\":{\"@type\":\"EntryPoint\",\"urlTemplate\":\"https:\/\/surysaray.com\/?s={search_term_string}\"},\"query-input\":\"required name=search_term_string\"}],\"inLanguage\":\"de-DE\"}]}<\/script>\n<!-- \/ Yoast SEO plugin. -->","yoast_head_json":{"title":"C.L.A Control de peso ( 40 capsulas) - Sury Saray","robots":{"index":"noindex","follow":"follow"},"og_locale":"de_DE","og_type":"article","og_title":"C.L.A Control de peso ( 40 capsulas) - Sury Saray","og_description":"Complemento alimenticio a base de semillas de c\u00e1rcamo, guaran\u00e1 y cromo.  Acido linoleico conjugado, equilibrio de la glucemia.  Contiene principalmente un extracto natural de semillas de c\u00e1rtamo, con un 80% de CLA (\u00e1cido linoleico conjugado), de marca registrada Tonalin\u00ae, utilizado en estudios cl\u00ednicos con resultados positivos en la p\u00e9rdida de tejido adiposo. Incluye cromo, que posee un efecto regulador sobre el metabolismo de los gl\u00facidos, y guaran\u00e1, que facilita la acci\u00f3n adelgazante durante una dieta.  \u2022\u00a0Garant\u00eda: sin OGM. \u2022\u00a0Contiene: TONALIN por el cual la EFSA concluy\u00f3 que su uso, en personas de peso normal, con sobrepeso u obesidad, pero que no sujetas a diabetes tipo 2, era seguro durante un m\u00e1ximo de 6 meses. (Referencia: www.efsa.europa.eu)  Ingredientes: \u00e1cido linoleico conjugado (CLA-80%); agente de recubrimiento: gelatina de pescado; estabilizante: glicerina; extracto seco de guaran\u00e1 (Paullinia cupana) (semillas - m\u00ednimo 5% cafe\u00edna); estabilizante: di\u00f3xido de silicio; espesante: cera de abejas amarillas; colorante: betacaroteno; vitamina E (D-alfa-tocoferol); cloruro de cromo (III). Contiene: productos ap\u00edcolas  Al\u00e9rgenos: Pescado (perla) Productos ap\u00edcolas.  Por 4 perlas al d\u00eda: - Aceite de c\u00e1rtamo: 3000 mg, de los cuales CLA: 2400 mg - Extracto de Guaran\u00e1: 108 mg, de los cuales cafe\u00edna: 5.4 mg - Vit. E: 8 mg (66.6%*) - Cromo: 27 \u00b5g (67.5%*)  -\u00a0Tratamiento de choque: 4 c\u00e1psulas (2 por la ma\u00f1ana, 2 al mediod\u00eda o por la noche). -\u00a0Tratamiento de mantenimiento: 2 c\u00e1psulas (1 por la ma\u00f1ana, 1 al mediod\u00eda o por la noche). Utilizar en el marco de un programa que incluya una reducci\u00f3n de la ingesta cal\u00f3rica y un aumento de la actividad f\u00edsica  Contiene cafe\u00edna: no recomendado para personas sensibles a la cafe\u00edna (ni\u00f1os, mujeres embarazadas, personas con insomnio, personas que sufren trastornos del ritmo card\u00edaco no tratadas, hipertensi\u00f3n arterial severa). - No superar la dosis diaria expresamente recomendada. - Mantener fuera del alcance de los ni\u00f1os m\u00e1s peque\u00f1os. - Los complementos alimenticios deben ser usados en el cuadro de un modo de vida sano y no pueden ser utilizados como sustitutos de una dieta variada y equilibrada","og_url":"https:\/\/surysaray.com\/de\/producto\/c-l-a-control-de-peso-40-capsulas\/","og_site_name":"Sury Saray","article_modified_time":"2025-02-04T09:27:50+00:00","og_image":[{"width":472,"height":472,"url":"https:\/\/surysaray.com\/wp-content\/uploads\/2025\/01\/CLA.webp","type":"image\/webp"}],"twitter_card":"summary_large_image","schema":{"@context":"https:\/\/schema.org","@graph":[{"@type":"WebPage","@id":"https:\/\/surysaray.com\/de\/producto\/c-l-a-control-de-peso-40-capsulas\/","url":"https:\/\/surysaray.com\/de\/producto\/c-l-a-control-de-peso-40-capsulas\/","name":"C.L.A Control de peso ( 40 capsulas) - Sury Saray","isPartOf":{"@id":"https:\/\/surysaray.com\/#website"},"datePublished":"2025-01-31T10:42:06+00:00","dateModified":"2025-02-04T09:27:50+00:00","breadcrumb":{"@id":"https:\/\/surysaray.com\/de\/producto\/c-l-a-control-de-peso-40-capsulas\/#breadcrumb"},"inLanguage":"de-DE","potentialAction":[{"@type":"ReadAction","target":["https:\/\/surysaray.com\/de\/producto\/c-l-a-control-de-peso-40-capsulas\/"]}]},{"@type":"BreadcrumbList","@id":"https:\/\/surysaray.com\/de\/producto\/c-l-a-control-de-peso-40-capsulas\/#breadcrumb","itemListElement":[{"@type":"ListItem","position":1,"name":"Portada","item":"https:\/\/surysaray.com\/de\/"},{"@type":"ListItem","position":2,"name":"Shop","item":"https:\/\/surysaray.com\/de\/online-shop\/"},{"@type":"ListItem","position":3,"name":"C.L.A Control de peso ( 40 capsulas)"}]},{"@type":"WebSite","@id":"https:\/\/surysaray.com\/#website","url":"https:\/\/surysaray.com\/","name":"Sury Saray","description":"","potentialAction":[{"@type":"SearchAction","target":{"@type":"EntryPoint","urlTemplate":"https:\/\/surysaray.com\/?s={search_term_string}"},"query-input":"required name=search_term_string"}],"inLanguage":"de-DE"}]}},"_links":{"self":[{"href":"https:\/\/surysaray.com\/de\/wp-json\/wp\/v3\/product\/17889"}],"collection":[{"href":"https:\/\/surysaray.com\/de\/wp-json\/wp\/v3\/product"}],"about":[{"href":"https:\/\/surysaray.com\/de\/wp-json\/wp\/v2\/types\/product"}],"wp:featuredmedia":[{"embeddable":true,"href":"https:\/\/surysaray.com\/de\/wp-json\/wp\/v2\/media\/17892"}],"wp:attachment":[{"href":"https:\/\/surysaray.com\/de\/wp-json\/wp\/v2\/media?parent=17889"}],"wp:term":[{"taxonomy":"product_cat","embeddable":true,"href":"https:\/\/surysaray.com\/de\/wp-json\/wp\/v2\/product_cat?post=17889"},{"taxonomy":"product_tag","embeddable":true,"href":"https:\/\/surysaray.com\/de\/wp-json\/wp\/v2\/product_tag?post=17889"}],"curies":[{"name":"wp","href":"https:\/\/api.w.org\/{rel}","templated":true}]}}