{"id":17416,"date":"2024-05-11T13:50:20","date_gmt":"2024-05-11T11:50:20","guid":{"rendered":"https:\/\/surysaray.com\/?post_type=product&#038;p=17416"},"modified":"2024-05-11T13:57:43","modified_gmt":"2024-05-11T11:57:43","slug":"chromium-60-comprimidos","status":"publish","type":"product","link":"https:\/\/surysaray.com\/de\/producto\/chromium-60-comprimidos\/","title":{"rendered":"Chromium 60 Comprimidos"},"content":{"rendered":"","protected":false},"excerpt":{"rendered":"<div class=\"primeraFila\">\n<div class=\"row\">\n<div class=\"col-md-12\">\n<div>Complemento alimenticio a base de cromo, vitaminas B1-B2-B3-B5-B8 y zinc.<\/div>\n<\/div>\n<\/div>\n<\/div>\n<div class=\"segundaFila\">\n<div class=\"bloqueDescripcion\">\n<p>Inovance CHROMIUM contiene picolinato de cromo Chromax\u00ae, ampliamente estudiado, del cual han demostrado una total inocuidad y una gran disponibilidad.<br \/>\nEst\u00e1 asociado de forma sin\u00e9rgica con vitaminas del grupo B y zinc, para una buena utilizaci\u00f3n de la glucosa por las c\u00e9lulas.<br \/>\n&#8211; El cromo contribuye a mantener niveles normales de glucosa en sangre.<br \/>\n&#8211; La biotina contribuye al metabolismo energ\u00e9tico normal.<br \/>\n&#8211; El cromo y la biotina contribuyen al metabolismo normal de los macronutrientes.<br \/>\n&#8211; El zinc contribuye al metabolismo normal de los hidratos de carbono.<\/p>\n<p>\u2022\u00a0<strong>Garant\u00eda<\/strong>: sin colorante, sin edulcorabre, sin OGM. Formulaci\u00f3n libre de al\u00e9rgenos.<br \/>\n\u2022\u00a0<strong>Contiene<\/strong>: picolinato de cromo\u00a0<strong>CHROMAX\u00ae: fabricado en Francia.<\/strong><\/p>\n<p><strong>Por 1 comprimido al d\u00eda:<\/strong><\/p>\n<p>&#8211; Cromo: 125 \u00b5g (312%*)<\/p>\n<p>&#8211; Vit B1: 0,55 mg (50%*)<\/p>\n<p>&#8211; Vit B2: 0,7 mg (50%*)<\/p>\n<p>&#8211; Vit B3: 8 mg (50%*)<\/p>\n<p>&#8211; Vit B5: 3 mg (50%*)<\/p>\n<p>&#8211; Vit B8: 25 \u00b5g (50%*)<\/p>\n<p>&#8211; Zinc: 1.5 mg (15%*)<\/p>\n<p><strong>De 1 a 2 comprimidos al d\u00eda<\/strong>, con un vaso de agua (antes del desayuno).<\/p>\n<p>Pedir consejo m\u00e9dico en caso de embarazo, lactancia y para ni\u00f1os menores de 12 a\u00f1os.<br \/>\n&#8211; No superar la dosis diaria expresamente recomendada.<br \/>\n&#8211; Mantener fuera del alcance de los ni\u00f1os m\u00e1s peque\u00f1os.<br \/>\n&#8211; Los complementos alimenticios deben ser usados en el cuadro de un modo de vida sano y no pueden ser utilizados como sustitutos de una dieta variada y equilibrada.<\/p>\n<\/div>\n<\/div>\n","protected":false},"featured_media":17414,"template":"","meta":{"_joinchat":[]},"product_cat":[698,696,694,699,697],"product_tag":[],"yoast_head":"<!-- This site is optimized with the Yoast SEO plugin v20.2.1 - https:\/\/yoast.com\/wordpress\/plugins\/seo\/ -->\n<title>Chromium 60 Comprimidos - Sury Saray<\/title>\n<meta name=\"robots\" content=\"noindex, follow\" \/>\n<meta property=\"og:locale\" content=\"de_DE\" \/>\n<meta property=\"og:type\" content=\"article\" \/>\n<meta property=\"og:title\" content=\"Chromium 60 Comprimidos - Sury Saray\" \/>\n<meta property=\"og:description\" content=\"Complemento alimenticio a base de cromo, vitaminas B1-B2-B3-B5-B8 y zinc.       Inovance CHROMIUM contiene picolinato de cromo Chromax\u00ae, ampliamente estudiado, del cual han demostrado una total inocuidad y una gran disponibilidad. Est\u00e1 asociado de forma sin\u00e9rgica con vitaminas del grupo B y zinc, para una buena utilizaci\u00f3n de la glucosa por las c\u00e9lulas. - El cromo contribuye a mantener niveles normales de glucosa en sangre. - La biotina contribuye al metabolismo energ\u00e9tico normal. - El cromo y la biotina contribuyen al metabolismo normal de los macronutrientes. - El zinc contribuye al metabolismo normal de los hidratos de carbono.  \u2022\u00a0Garant\u00eda: sin colorante, sin edulcorabre, sin OGM. Formulaci\u00f3n libre de al\u00e9rgenos. \u2022\u00a0Contiene: picolinato de cromo\u00a0CHROMAX\u00ae: fabricado en Francia.  Por 1 comprimido al d\u00eda:  - Cromo: 125 \u00b5g (312%*)  - Vit B1: 0,55 mg (50%*)  - Vit B2: 0,7 mg (50%*)  - Vit B3: 8 mg (50%*)  - Vit B5: 3 mg (50%*)  - Vit B8: 25 \u00b5g (50%*)  - Zinc: 1.5 mg (15%*)  De 1 a 2 comprimidos al d\u00eda, con un vaso de agua (antes del desayuno).  Pedir consejo m\u00e9dico en caso de embarazo, lactancia y para ni\u00f1os menores de 12 a\u00f1os. - No superar la dosis diaria expresamente recomendada. - Mantener fuera del alcance de los ni\u00f1os m\u00e1s peque\u00f1os. - Los complementos alimenticios deben ser usados en el cuadro de un modo de vida sano y no pueden ser utilizados como sustitutos de una dieta variada y equilibrada.\" \/>\n<meta property=\"og:url\" content=\"https:\/\/surysaray.com\/de\/producto\/chromium-60-comprimidos\/\" \/>\n<meta property=\"og:site_name\" content=\"Sury Saray\" \/>\n<meta property=\"article:modified_time\" content=\"2024-05-11T11:57:43+00:00\" \/>\n<meta property=\"og:image\" content=\"https:\/\/surysaray.com\/wp-content\/uploads\/2024\/05\/chromium.png\" \/>\n\t<meta property=\"og:image:width\" content=\"800\" \/>\n\t<meta property=\"og:image:height\" content=\"800\" \/>\n\t<meta property=\"og:image:type\" content=\"image\/png\" \/>\n<meta name=\"twitter:card\" content=\"summary_large_image\" \/>\n<script type=\"application\/ld+json\" class=\"yoast-schema-graph\">{\"@context\":\"https:\/\/schema.org\",\"@graph\":[{\"@type\":\"WebPage\",\"@id\":\"https:\/\/surysaray.com\/de\/producto\/chromium-60-comprimidos\/\",\"url\":\"https:\/\/surysaray.com\/de\/producto\/chromium-60-comprimidos\/\",\"name\":\"Chromium 60 Comprimidos - Sury Saray\",\"isPartOf\":{\"@id\":\"https:\/\/surysaray.com\/#website\"},\"datePublished\":\"2024-05-11T11:50:20+00:00\",\"dateModified\":\"2024-05-11T11:57:43+00:00\",\"breadcrumb\":{\"@id\":\"https:\/\/surysaray.com\/de\/producto\/chromium-60-comprimidos\/#breadcrumb\"},\"inLanguage\":\"de-DE\",\"potentialAction\":[{\"@type\":\"ReadAction\",\"target\":[\"https:\/\/surysaray.com\/de\/producto\/chromium-60-comprimidos\/\"]}]},{\"@type\":\"BreadcrumbList\",\"@id\":\"https:\/\/surysaray.com\/de\/producto\/chromium-60-comprimidos\/#breadcrumb\",\"itemListElement\":[{\"@type\":\"ListItem\",\"position\":1,\"name\":\"Portada\",\"item\":\"https:\/\/surysaray.com\/de\/\"},{\"@type\":\"ListItem\",\"position\":2,\"name\":\"Shop\",\"item\":\"https:\/\/surysaray.com\/de\/online-shop\/\"},{\"@type\":\"ListItem\",\"position\":3,\"name\":\"Chromium 60 Comprimidos\"}]},{\"@type\":\"WebSite\",\"@id\":\"https:\/\/surysaray.com\/#website\",\"url\":\"https:\/\/surysaray.com\/\",\"name\":\"Sury Saray\",\"description\":\"\",\"potentialAction\":[{\"@type\":\"SearchAction\",\"target\":{\"@type\":\"EntryPoint\",\"urlTemplate\":\"https:\/\/surysaray.com\/?s={search_term_string}\"},\"query-input\":\"required name=search_term_string\"}],\"inLanguage\":\"de-DE\"}]}<\/script>\n<!-- \/ Yoast SEO plugin. -->","yoast_head_json":{"title":"Chromium 60 Comprimidos - Sury Saray","robots":{"index":"noindex","follow":"follow"},"og_locale":"de_DE","og_type":"article","og_title":"Chromium 60 Comprimidos - Sury Saray","og_description":"Complemento alimenticio a base de cromo, vitaminas B1-B2-B3-B5-B8 y zinc.       Inovance CHROMIUM contiene picolinato de cromo Chromax\u00ae, ampliamente estudiado, del cual han demostrado una total inocuidad y una gran disponibilidad. Est\u00e1 asociado de forma sin\u00e9rgica con vitaminas del grupo B y zinc, para una buena utilizaci\u00f3n de la glucosa por las c\u00e9lulas. - El cromo contribuye a mantener niveles normales de glucosa en sangre. - La biotina contribuye al metabolismo energ\u00e9tico normal. - El cromo y la biotina contribuyen al metabolismo normal de los macronutrientes. - El zinc contribuye al metabolismo normal de los hidratos de carbono.  \u2022\u00a0Garant\u00eda: sin colorante, sin edulcorabre, sin OGM. Formulaci\u00f3n libre de al\u00e9rgenos. \u2022\u00a0Contiene: picolinato de cromo\u00a0CHROMAX\u00ae: fabricado en Francia.  Por 1 comprimido al d\u00eda:  - Cromo: 125 \u00b5g (312%*)  - Vit B1: 0,55 mg (50%*)  - Vit B2: 0,7 mg (50%*)  - Vit B3: 8 mg (50%*)  - Vit B5: 3 mg (50%*)  - Vit B8: 25 \u00b5g (50%*)  - Zinc: 1.5 mg (15%*)  De 1 a 2 comprimidos al d\u00eda, con un vaso de agua (antes del desayuno).  Pedir consejo m\u00e9dico en caso de embarazo, lactancia y para ni\u00f1os menores de 12 a\u00f1os. - No superar la dosis diaria expresamente recomendada. - Mantener fuera del alcance de los ni\u00f1os m\u00e1s peque\u00f1os. - Los complementos alimenticios deben ser usados en el cuadro de un modo de vida sano y no pueden ser utilizados como sustitutos de una dieta variada y equilibrada.","og_url":"https:\/\/surysaray.com\/de\/producto\/chromium-60-comprimidos\/","og_site_name":"Sury Saray","article_modified_time":"2024-05-11T11:57:43+00:00","og_image":[{"width":800,"height":800,"url":"https:\/\/surysaray.com\/wp-content\/uploads\/2024\/05\/chromium.png","type":"image\/png"}],"twitter_card":"summary_large_image","schema":{"@context":"https:\/\/schema.org","@graph":[{"@type":"WebPage","@id":"https:\/\/surysaray.com\/de\/producto\/chromium-60-comprimidos\/","url":"https:\/\/surysaray.com\/de\/producto\/chromium-60-comprimidos\/","name":"Chromium 60 Comprimidos - Sury Saray","isPartOf":{"@id":"https:\/\/surysaray.com\/#website"},"datePublished":"2024-05-11T11:50:20+00:00","dateModified":"2024-05-11T11:57:43+00:00","breadcrumb":{"@id":"https:\/\/surysaray.com\/de\/producto\/chromium-60-comprimidos\/#breadcrumb"},"inLanguage":"de-DE","potentialAction":[{"@type":"ReadAction","target":["https:\/\/surysaray.com\/de\/producto\/chromium-60-comprimidos\/"]}]},{"@type":"BreadcrumbList","@id":"https:\/\/surysaray.com\/de\/producto\/chromium-60-comprimidos\/#breadcrumb","itemListElement":[{"@type":"ListItem","position":1,"name":"Portada","item":"https:\/\/surysaray.com\/de\/"},{"@type":"ListItem","position":2,"name":"Shop","item":"https:\/\/surysaray.com\/de\/online-shop\/"},{"@type":"ListItem","position":3,"name":"Chromium 60 Comprimidos"}]},{"@type":"WebSite","@id":"https:\/\/surysaray.com\/#website","url":"https:\/\/surysaray.com\/","name":"Sury Saray","description":"","potentialAction":[{"@type":"SearchAction","target":{"@type":"EntryPoint","urlTemplate":"https:\/\/surysaray.com\/?s={search_term_string}"},"query-input":"required name=search_term_string"}],"inLanguage":"de-DE"}]}},"_links":{"self":[{"href":"https:\/\/surysaray.com\/de\/wp-json\/wp\/v3\/product\/17416"}],"collection":[{"href":"https:\/\/surysaray.com\/de\/wp-json\/wp\/v3\/product"}],"about":[{"href":"https:\/\/surysaray.com\/de\/wp-json\/wp\/v2\/types\/product"}],"wp:featuredmedia":[{"embeddable":true,"href":"https:\/\/surysaray.com\/de\/wp-json\/wp\/v2\/media\/17414"}],"wp:attachment":[{"href":"https:\/\/surysaray.com\/de\/wp-json\/wp\/v2\/media?parent=17416"}],"wp:term":[{"taxonomy":"product_cat","embeddable":true,"href":"https:\/\/surysaray.com\/de\/wp-json\/wp\/v2\/product_cat?post=17416"},{"taxonomy":"product_tag","embeddable":true,"href":"https:\/\/surysaray.com\/de\/wp-json\/wp\/v2\/product_tag?post=17416"}],"curies":[{"name":"wp","href":"https:\/\/api.w.org\/{rel}","templated":true}]}}