{"id":17407,"date":"2024-05-11T13:46:14","date_gmt":"2024-05-11T11:46:14","guid":{"rendered":"https:\/\/surysaray.com\/?post_type=product&#038;p=17407"},"modified":"2024-05-11T13:50:04","modified_gmt":"2024-05-11T11:50:04","slug":"hepactiv-60-comprimidos","status":"publish","type":"product","link":"https:\/\/surysaray.com\/de\/producto\/hepactiv-60-comprimidos\/","title":{"rendered":"Hepactiv 60 Comprimidos"},"content":{"rendered":"","protected":false},"excerpt":{"rendered":"<div class=\"primeraFila\">\n<div class=\"row\">\n<div class=\"col-md-12\">\n<div>Complemento alimenticio a base de plantas, metionina, cistina, vitaminas B3-B6 y zinc.<\/div>\n<div>Asociaci\u00f3n sin\u00e9rgica de alcachofa, r\u00e1bano negro, cardo mariano con dos amino\u00e1cidos, L-Cistina y L-Metionina, para facilitar el trabajo del h\u00edgado. La vitamina B6 contribuye a una s\u00edntesis normal de la ciste\u00edna.<\/div>\n<div>\n<p>\u2022 Formulaci\u00f3n\u00a0<strong>aminocomplejada\u00a0<\/strong>para garantizar una\u00a0<strong>mejor asimilaci\u00f3n de los activos.<\/strong><\/p>\n<p>\u2022 Extractos de\u00a0<strong>plantas no irradiadas<\/strong>,\u00a0<strong>sin OGM, sin pesticidas ni metales pesados.<\/strong><\/p>\n<p>\u2022 Formulaci\u00f3n<strong>\u00a0libre de al\u00e9rgenos.\u00a0<\/strong><\/p>\n<p><strong>Por 2 comprimidos al d\u00eda:\u00a0<\/strong><\/p>\n<p>&#8211; Alcachofa: 200 mg,<br \/>\n<em>\u00a0 de los cuales cinarina: 5 mg<\/em><\/p>\n<p>&#8211; R\u00e1bano negro: 200 mg<\/p>\n<p>&#8211; Cardo mariano: 100 mg,<br \/>\n<em>\u00a0 de los cuales silimarina: 10 mg<\/em><\/p>\n<p>&#8211; Br\u00f3coli: 100 mg<\/p>\n<p>&#8211; L-cistina: 100 mg<\/p>\n<p>&#8211; L-metionina: 100 mg<\/p>\n<p>&#8211; Hidrolizado de prote\u00ednas de arroz: 44 mg<\/p>\n<p>&#8211; Vit. B3: 16 mg (100%*)<\/p>\n<p>&#8211; Zinc: 5 mg (50%*)<\/p>\n<p>&#8211; Vit. B6: 0.42 mg (30%)<\/p>\n<p>2 comprimidos al d\u00eda (con la cena).<\/p>\n<p><em>Contiene Cardo mariano:\u00a0<\/em><em>no indicado a personas al\u00e9rgicas a las plantas Asteraceae.<\/em><\/p>\n<p><em>Contiene R\u00e1bano negro:\u00a0<\/em><em>consulte a su m\u00e9dico en caso de hipotiroidismo o de tratamiento de la tiroides. \u00a0\u00a0<\/em><\/p>\n<p><em>No recomendado en caso de obstrucci\u00f3n biliar.<\/em><\/p>\n<p><em>Contiene<\/em><em>\u00a0<\/em><em>AE de romero (quimiotipo cineol):<\/em><em>\u00a0no recomendado en mujeres embarazadas (sin consejo m\u00e9dico) ni en ni\u00f1os menores de 12 a\u00f1os.<\/em><\/p>\n<p><em>&#8211; No superar la dosis diaria expresamente recomendada.\u00a0<\/em><\/p>\n<p><em>&#8211; Mantener fuera del alcance de los ni\u00f1os m\u00e1s peque\u00f1os.<\/em><\/p>\n<p><em>&#8211; Los complementos alimenticios deben ser usados en el cuadro de un modo de vida sano y no pueden ser utilizados como sustitutos de una dieta variada y equilibrada.\u00a0<\/em><\/p>\n<\/div>\n<\/div>\n<\/div>\n<\/div>\n","protected":false},"featured_media":17410,"template":"","meta":{"_joinchat":[]},"product_cat":[698,696,694,699,697],"product_tag":[],"yoast_head":"<!-- This site is optimized with the Yoast SEO plugin v20.2.1 - https:\/\/yoast.com\/wordpress\/plugins\/seo\/ -->\n<title>Hepactiv 60 Comprimidos - Sury Saray<\/title>\n<meta name=\"robots\" content=\"noindex, follow\" \/>\n<meta property=\"og:locale\" content=\"de_DE\" \/>\n<meta property=\"og:type\" content=\"article\" \/>\n<meta property=\"og:title\" content=\"Hepactiv 60 Comprimidos - Sury Saray\" \/>\n<meta property=\"og:description\" content=\"Complemento alimenticio a base de plantas, metionina, cistina, vitaminas B3-B6 y zinc. Asociaci\u00f3n sin\u00e9rgica de alcachofa, r\u00e1bano negro, cardo mariano con dos amino\u00e1cidos, L-Cistina y L-Metionina, para facilitar el trabajo del h\u00edgado. La vitamina B6 contribuye a una s\u00edntesis normal de la ciste\u00edna.   \u2022 Formulaci\u00f3n\u00a0aminocomplejada\u00a0para garantizar una\u00a0mejor asimilaci\u00f3n de los activos.  \u2022 Extractos de\u00a0plantas no irradiadas,\u00a0sin OGM, sin pesticidas ni metales pesados.  \u2022 Formulaci\u00f3n\u00a0libre de al\u00e9rgenos.\u00a0  Por 2 comprimidos al d\u00eda:\u00a0  - Alcachofa: 200 mg, \u00a0 de los cuales cinarina: 5 mg  - R\u00e1bano negro: 200 mg  - Cardo mariano: 100 mg, \u00a0 de los cuales silimarina: 10 mg  - Br\u00f3coli: 100 mg  - L-cistina: 100 mg  - L-metionina: 100 mg  - Hidrolizado de prote\u00ednas de arroz: 44 mg  - Vit. B3: 16 mg (100%*)  - Zinc: 5 mg (50%*)  - Vit. B6: 0.42 mg (30%)  2 comprimidos al d\u00eda (con la cena).  Contiene Cardo mariano:\u00a0no indicado a personas al\u00e9rgicas a las plantas Asteraceae.  Contiene R\u00e1bano negro:\u00a0consulte a su m\u00e9dico en caso de hipotiroidismo o de tratamiento de la tiroides. \u00a0\u00a0  No recomendado en caso de obstrucci\u00f3n biliar.  Contiene\u00a0AE de romero (quimiotipo cineol):\u00a0no recomendado en mujeres embarazadas (sin consejo m\u00e9dico) ni en ni\u00f1os menores de 12 a\u00f1os.  - No superar la dosis diaria expresamente recomendada.\u00a0  - Mantener fuera del alcance de los ni\u00f1os m\u00e1s peque\u00f1os.  - Los complementos alimenticios deben ser usados en el cuadro de un modo de vida sano y no pueden ser utilizados como sustitutos de una dieta variada y equilibrada.\u00a0\" \/>\n<meta property=\"og:url\" content=\"https:\/\/surysaray.com\/de\/producto\/hepactiv-60-comprimidos\/\" \/>\n<meta property=\"og:site_name\" content=\"Sury Saray\" \/>\n<meta property=\"article:modified_time\" content=\"2024-05-11T11:50:04+00:00\" \/>\n<meta property=\"og:image\" content=\"https:\/\/surysaray.com\/wp-content\/uploads\/2024\/05\/hepactiv.png\" \/>\n\t<meta property=\"og:image:width\" content=\"800\" \/>\n\t<meta property=\"og:image:height\" content=\"800\" \/>\n\t<meta property=\"og:image:type\" content=\"image\/png\" \/>\n<meta name=\"twitter:card\" content=\"summary_large_image\" \/>\n<script type=\"application\/ld+json\" class=\"yoast-schema-graph\">{\"@context\":\"https:\/\/schema.org\",\"@graph\":[{\"@type\":\"WebPage\",\"@id\":\"https:\/\/surysaray.com\/de\/producto\/hepactiv-60-comprimidos\/\",\"url\":\"https:\/\/surysaray.com\/de\/producto\/hepactiv-60-comprimidos\/\",\"name\":\"Hepactiv 60 Comprimidos - Sury Saray\",\"isPartOf\":{\"@id\":\"https:\/\/surysaray.com\/#website\"},\"datePublished\":\"2024-05-11T11:46:14+00:00\",\"dateModified\":\"2024-05-11T11:50:04+00:00\",\"breadcrumb\":{\"@id\":\"https:\/\/surysaray.com\/de\/producto\/hepactiv-60-comprimidos\/#breadcrumb\"},\"inLanguage\":\"de-DE\",\"potentialAction\":[{\"@type\":\"ReadAction\",\"target\":[\"https:\/\/surysaray.com\/de\/producto\/hepactiv-60-comprimidos\/\"]}]},{\"@type\":\"BreadcrumbList\",\"@id\":\"https:\/\/surysaray.com\/de\/producto\/hepactiv-60-comprimidos\/#breadcrumb\",\"itemListElement\":[{\"@type\":\"ListItem\",\"position\":1,\"name\":\"Portada\",\"item\":\"https:\/\/surysaray.com\/de\/\"},{\"@type\":\"ListItem\",\"position\":2,\"name\":\"Shop\",\"item\":\"https:\/\/surysaray.com\/de\/online-shop\/\"},{\"@type\":\"ListItem\",\"position\":3,\"name\":\"Hepactiv 60 Comprimidos\"}]},{\"@type\":\"WebSite\",\"@id\":\"https:\/\/surysaray.com\/#website\",\"url\":\"https:\/\/surysaray.com\/\",\"name\":\"Sury Saray\",\"description\":\"\",\"potentialAction\":[{\"@type\":\"SearchAction\",\"target\":{\"@type\":\"EntryPoint\",\"urlTemplate\":\"https:\/\/surysaray.com\/?s={search_term_string}\"},\"query-input\":\"required name=search_term_string\"}],\"inLanguage\":\"de-DE\"}]}<\/script>\n<!-- \/ Yoast SEO plugin. -->","yoast_head_json":{"title":"Hepactiv 60 Comprimidos - Sury Saray","robots":{"index":"noindex","follow":"follow"},"og_locale":"de_DE","og_type":"article","og_title":"Hepactiv 60 Comprimidos - Sury Saray","og_description":"Complemento alimenticio a base de plantas, metionina, cistina, vitaminas B3-B6 y zinc. Asociaci\u00f3n sin\u00e9rgica de alcachofa, r\u00e1bano negro, cardo mariano con dos amino\u00e1cidos, L-Cistina y L-Metionina, para facilitar el trabajo del h\u00edgado. La vitamina B6 contribuye a una s\u00edntesis normal de la ciste\u00edna.   \u2022 Formulaci\u00f3n\u00a0aminocomplejada\u00a0para garantizar una\u00a0mejor asimilaci\u00f3n de los activos.  \u2022 Extractos de\u00a0plantas no irradiadas,\u00a0sin OGM, sin pesticidas ni metales pesados.  \u2022 Formulaci\u00f3n\u00a0libre de al\u00e9rgenos.\u00a0  Por 2 comprimidos al d\u00eda:\u00a0  - Alcachofa: 200 mg, \u00a0 de los cuales cinarina: 5 mg  - R\u00e1bano negro: 200 mg  - Cardo mariano: 100 mg, \u00a0 de los cuales silimarina: 10 mg  - Br\u00f3coli: 100 mg  - L-cistina: 100 mg  - L-metionina: 100 mg  - Hidrolizado de prote\u00ednas de arroz: 44 mg  - Vit. B3: 16 mg (100%*)  - Zinc: 5 mg (50%*)  - Vit. B6: 0.42 mg (30%)  2 comprimidos al d\u00eda (con la cena).  Contiene Cardo mariano:\u00a0no indicado a personas al\u00e9rgicas a las plantas Asteraceae.  Contiene R\u00e1bano negro:\u00a0consulte a su m\u00e9dico en caso de hipotiroidismo o de tratamiento de la tiroides. \u00a0\u00a0  No recomendado en caso de obstrucci\u00f3n biliar.  Contiene\u00a0AE de romero (quimiotipo cineol):\u00a0no recomendado en mujeres embarazadas (sin consejo m\u00e9dico) ni en ni\u00f1os menores de 12 a\u00f1os.  - No superar la dosis diaria expresamente recomendada.\u00a0  - Mantener fuera del alcance de los ni\u00f1os m\u00e1s peque\u00f1os.  - Los complementos alimenticios deben ser usados en el cuadro de un modo de vida sano y no pueden ser utilizados como sustitutos de una dieta variada y equilibrada.\u00a0","og_url":"https:\/\/surysaray.com\/de\/producto\/hepactiv-60-comprimidos\/","og_site_name":"Sury Saray","article_modified_time":"2024-05-11T11:50:04+00:00","og_image":[{"width":800,"height":800,"url":"https:\/\/surysaray.com\/wp-content\/uploads\/2024\/05\/hepactiv.png","type":"image\/png"}],"twitter_card":"summary_large_image","schema":{"@context":"https:\/\/schema.org","@graph":[{"@type":"WebPage","@id":"https:\/\/surysaray.com\/de\/producto\/hepactiv-60-comprimidos\/","url":"https:\/\/surysaray.com\/de\/producto\/hepactiv-60-comprimidos\/","name":"Hepactiv 60 Comprimidos - Sury Saray","isPartOf":{"@id":"https:\/\/surysaray.com\/#website"},"datePublished":"2024-05-11T11:46:14+00:00","dateModified":"2024-05-11T11:50:04+00:00","breadcrumb":{"@id":"https:\/\/surysaray.com\/de\/producto\/hepactiv-60-comprimidos\/#breadcrumb"},"inLanguage":"de-DE","potentialAction":[{"@type":"ReadAction","target":["https:\/\/surysaray.com\/de\/producto\/hepactiv-60-comprimidos\/"]}]},{"@type":"BreadcrumbList","@id":"https:\/\/surysaray.com\/de\/producto\/hepactiv-60-comprimidos\/#breadcrumb","itemListElement":[{"@type":"ListItem","position":1,"name":"Portada","item":"https:\/\/surysaray.com\/de\/"},{"@type":"ListItem","position":2,"name":"Shop","item":"https:\/\/surysaray.com\/de\/online-shop\/"},{"@type":"ListItem","position":3,"name":"Hepactiv 60 Comprimidos"}]},{"@type":"WebSite","@id":"https:\/\/surysaray.com\/#website","url":"https:\/\/surysaray.com\/","name":"Sury Saray","description":"","potentialAction":[{"@type":"SearchAction","target":{"@type":"EntryPoint","urlTemplate":"https:\/\/surysaray.com\/?s={search_term_string}"},"query-input":"required name=search_term_string"}],"inLanguage":"de-DE"}]}},"_links":{"self":[{"href":"https:\/\/surysaray.com\/de\/wp-json\/wp\/v3\/product\/17407"}],"collection":[{"href":"https:\/\/surysaray.com\/de\/wp-json\/wp\/v3\/product"}],"about":[{"href":"https:\/\/surysaray.com\/de\/wp-json\/wp\/v2\/types\/product"}],"wp:featuredmedia":[{"embeddable":true,"href":"https:\/\/surysaray.com\/de\/wp-json\/wp\/v2\/media\/17410"}],"wp:attachment":[{"href":"https:\/\/surysaray.com\/de\/wp-json\/wp\/v2\/media?parent=17407"}],"wp:term":[{"taxonomy":"product_cat","embeddable":true,"href":"https:\/\/surysaray.com\/de\/wp-json\/wp\/v2\/product_cat?post=17407"},{"taxonomy":"product_tag","embeddable":true,"href":"https:\/\/surysaray.com\/de\/wp-json\/wp\/v2\/product_tag?post=17407"}],"curies":[{"name":"wp","href":"https:\/\/api.w.org\/{rel}","templated":true}]}}