{"id":17400,"date":"2024-05-11T13:41:32","date_gmt":"2024-05-11T11:41:32","guid":{"rendered":"https:\/\/surysaray.com\/?post_type=product&#038;p=17400"},"modified":"2025-02-04T10:34:15","modified_gmt":"2025-02-04T09:34:15","slug":"omega-dha-30-capsulas","status":"publish","type":"product","link":"https:\/\/surysaray.com\/de\/producto\/omega-dha-30-capsulas\/","title":{"rendered":"Omega DHA 30 C\u00e1psulas"},"content":{"rendered":"","protected":false},"excerpt":{"rendered":"<p>Complemento alimenticio a base de aceite de pescado con alta concentraci\u00f3n en Omega 3 DHA.<\/p>\n<p>El\u00a0<strong>DHA<\/strong>\u00a0es reconocido porque\u00a0<strong>contribuye a mantener el funcionamiento normal del cerebro y al mantenimiento de la visi\u00f3n<\/strong>\u00a0en condiciones normales.<\/p>\n<p>El<strong>\u00a0OMEGA 3 DHA<\/strong>\u00a0<strong>es \u00fatil para las neuronas<\/strong>: refuerza la estructura, la plasticidad y la \ufb02uidez de las membranas.<\/p>\n<p>Inovance\u00a0<strong>OMEGA 3 DHA<\/strong>\u00a0est\u00e1 formado por\u00a0<strong>aceites de pescados que provienen de mares salvajes.<\/strong><\/p>\n<p>\u2022 APORTE \u00d3PTIMO DE DHA en una sola toma al d\u00eda: 600mg<br \/>\n\u2022 Calidad EPAX: pureza, trazabilidad, estabilidad<br \/>\n\u2022 Resistencia a la oxidaci\u00f3n XO\u00ae<br \/>\n\u2022 Certificado Friend of the Sea: Eco responsable<br \/>\n\u2022 Aceite desodorizado (sin olor, sin sabor a pescado)<br \/>\n\u2022 Forma Triglic\u00e9ridos TG<\/p>\n<p><strong>Ingredientes<\/strong>: aceite de\u00a0<strong>pescado<\/strong>; agente de recubrimiento de la perla (gelatina de\u00a0<strong>pescado<\/strong>, humectante: glicerol); antioxidantes: extracto rico en tocoferoles y extracto de romero (Rosmarinus officinalis).<\/p>\n<p><strong>Al\u00e9rgenos<\/strong>: Pescado<\/p>\n<p><strong>Por 1 perla al d\u00eda:<\/strong><br \/>\n&#8211; Aceite de pescado: 1000 mg<\/p>\n<p>del cual EPA: 40 mg<\/p>\n<p>del cual DHA: 600 mg<br \/>\nOMEGA 3 total: 750 mg<\/p>\n<p><strong>1 perla al d\u00eda<\/strong>\u00a0(durante la cena) con un vaso de agua.<\/p>\n<p>&#8211; No superar la dosis diaria expresamente recomendada.<br \/>\n&#8211; Mantener fuera del alcance de los ni\u00f1os m\u00e1s peque\u00f1os.<br \/>\n&#8211; Los complementos alimenticios deben ser usados en el cuadro de un modo de vida sano y no pueden ser utilizados como sustitutos de una dieta variada y equilibrada.<\/p>\n","protected":false},"featured_media":17907,"template":"","meta":{"_joinchat":[]},"product_cat":[698,696,694,699,697],"product_tag":[],"yoast_head":"<!-- This site is optimized with the Yoast SEO plugin v20.2.1 - https:\/\/yoast.com\/wordpress\/plugins\/seo\/ -->\n<title>Omega DHA 30 C\u00e1psulas - Sury Saray<\/title>\n<meta name=\"robots\" content=\"noindex, follow\" \/>\n<meta property=\"og:locale\" content=\"de_DE\" \/>\n<meta property=\"og:type\" content=\"article\" \/>\n<meta property=\"og:title\" content=\"Omega DHA 30 C\u00e1psulas - Sury Saray\" \/>\n<meta property=\"og:description\" content=\"Complemento alimenticio a base de aceite de pescado con alta concentraci\u00f3n en Omega 3 DHA.  El\u00a0DHA\u00a0es reconocido porque\u00a0contribuye a mantener el funcionamiento normal del cerebro y al mantenimiento de la visi\u00f3n\u00a0en condiciones normales.  El\u00a0OMEGA 3 DHA\u00a0es \u00fatil para las neuronas: refuerza la estructura, la plasticidad y la \ufb02uidez de las membranas.  Inovance\u00a0OMEGA 3 DHA\u00a0est\u00e1 formado por\u00a0aceites de pescados que provienen de mares salvajes.  \u2022 APORTE \u00d3PTIMO DE DHA en una sola toma al d\u00eda: 600mg \u2022 Calidad EPAX: pureza, trazabilidad, estabilidad \u2022 Resistencia a la oxidaci\u00f3n XO\u00ae \u2022 Certificado Friend of the Sea: Eco responsable \u2022 Aceite desodorizado (sin olor, sin sabor a pescado) \u2022 Forma Triglic\u00e9ridos TG  Ingredientes: aceite de\u00a0pescado; agente de recubrimiento de la perla (gelatina de\u00a0pescado, humectante: glicerol); antioxidantes: extracto rico en tocoferoles y extracto de romero (Rosmarinus officinalis).  Al\u00e9rgenos: Pescado  Por 1 perla al d\u00eda: - Aceite de pescado: 1000 mg  del cual EPA: 40 mg  del cual DHA: 600 mg OMEGA 3 total: 750 mg  1 perla al d\u00eda\u00a0(durante la cena) con un vaso de agua.  - No superar la dosis diaria expresamente recomendada. - Mantener fuera del alcance de los ni\u00f1os m\u00e1s peque\u00f1os. - Los complementos alimenticios deben ser usados en el cuadro de un modo de vida sano y no pueden ser utilizados como sustitutos de una dieta variada y equilibrada.\" \/>\n<meta property=\"og:url\" content=\"https:\/\/surysaray.com\/de\/producto\/omega-dha-30-capsulas\/\" \/>\n<meta property=\"og:site_name\" content=\"Sury Saray\" \/>\n<meta property=\"article:modified_time\" content=\"2025-02-04T09:34:15+00:00\" \/>\n<meta property=\"og:image\" content=\"https:\/\/surysaray.com\/wp-content\/uploads\/2024\/05\/dha.webp\" \/>\n\t<meta property=\"og:image:width\" content=\"472\" \/>\n\t<meta property=\"og:image:height\" content=\"472\" \/>\n\t<meta property=\"og:image:type\" content=\"image\/webp\" \/>\n<meta name=\"twitter:card\" content=\"summary_large_image\" \/>\n<script type=\"application\/ld+json\" class=\"yoast-schema-graph\">{\"@context\":\"https:\/\/schema.org\",\"@graph\":[{\"@type\":\"WebPage\",\"@id\":\"https:\/\/surysaray.com\/de\/producto\/omega-dha-30-capsulas\/\",\"url\":\"https:\/\/surysaray.com\/de\/producto\/omega-dha-30-capsulas\/\",\"name\":\"Omega DHA 30 C\u00e1psulas - Sury Saray\",\"isPartOf\":{\"@id\":\"https:\/\/surysaray.com\/#website\"},\"datePublished\":\"2024-05-11T11:41:32+00:00\",\"dateModified\":\"2025-02-04T09:34:15+00:00\",\"breadcrumb\":{\"@id\":\"https:\/\/surysaray.com\/de\/producto\/omega-dha-30-capsulas\/#breadcrumb\"},\"inLanguage\":\"de-DE\",\"potentialAction\":[{\"@type\":\"ReadAction\",\"target\":[\"https:\/\/surysaray.com\/de\/producto\/omega-dha-30-capsulas\/\"]}]},{\"@type\":\"BreadcrumbList\",\"@id\":\"https:\/\/surysaray.com\/de\/producto\/omega-dha-30-capsulas\/#breadcrumb\",\"itemListElement\":[{\"@type\":\"ListItem\",\"position\":1,\"name\":\"Portada\",\"item\":\"https:\/\/surysaray.com\/de\/\"},{\"@type\":\"ListItem\",\"position\":2,\"name\":\"Shop\",\"item\":\"https:\/\/surysaray.com\/de\/online-shop\/\"},{\"@type\":\"ListItem\",\"position\":3,\"name\":\"Omega DHA 30 C\u00e1psulas\"}]},{\"@type\":\"WebSite\",\"@id\":\"https:\/\/surysaray.com\/#website\",\"url\":\"https:\/\/surysaray.com\/\",\"name\":\"Sury Saray\",\"description\":\"\",\"potentialAction\":[{\"@type\":\"SearchAction\",\"target\":{\"@type\":\"EntryPoint\",\"urlTemplate\":\"https:\/\/surysaray.com\/?s={search_term_string}\"},\"query-input\":\"required name=search_term_string\"}],\"inLanguage\":\"de-DE\"}]}<\/script>\n<!-- \/ Yoast SEO plugin. -->","yoast_head_json":{"title":"Omega DHA 30 C\u00e1psulas - Sury Saray","robots":{"index":"noindex","follow":"follow"},"og_locale":"de_DE","og_type":"article","og_title":"Omega DHA 30 C\u00e1psulas - Sury Saray","og_description":"Complemento alimenticio a base de aceite de pescado con alta concentraci\u00f3n en Omega 3 DHA.  El\u00a0DHA\u00a0es reconocido porque\u00a0contribuye a mantener el funcionamiento normal del cerebro y al mantenimiento de la visi\u00f3n\u00a0en condiciones normales.  El\u00a0OMEGA 3 DHA\u00a0es \u00fatil para las neuronas: refuerza la estructura, la plasticidad y la \ufb02uidez de las membranas.  Inovance\u00a0OMEGA 3 DHA\u00a0est\u00e1 formado por\u00a0aceites de pescados que provienen de mares salvajes.  \u2022 APORTE \u00d3PTIMO DE DHA en una sola toma al d\u00eda: 600mg \u2022 Calidad EPAX: pureza, trazabilidad, estabilidad \u2022 Resistencia a la oxidaci\u00f3n XO\u00ae \u2022 Certificado Friend of the Sea: Eco responsable \u2022 Aceite desodorizado (sin olor, sin sabor a pescado) \u2022 Forma Triglic\u00e9ridos TG  Ingredientes: aceite de\u00a0pescado; agente de recubrimiento de la perla (gelatina de\u00a0pescado, humectante: glicerol); antioxidantes: extracto rico en tocoferoles y extracto de romero (Rosmarinus officinalis).  Al\u00e9rgenos: Pescado  Por 1 perla al d\u00eda: - Aceite de pescado: 1000 mg  del cual EPA: 40 mg  del cual DHA: 600 mg OMEGA 3 total: 750 mg  1 perla al d\u00eda\u00a0(durante la cena) con un vaso de agua.  - No superar la dosis diaria expresamente recomendada. - Mantener fuera del alcance de los ni\u00f1os m\u00e1s peque\u00f1os. - Los complementos alimenticios deben ser usados en el cuadro de un modo de vida sano y no pueden ser utilizados como sustitutos de una dieta variada y equilibrada.","og_url":"https:\/\/surysaray.com\/de\/producto\/omega-dha-30-capsulas\/","og_site_name":"Sury Saray","article_modified_time":"2025-02-04T09:34:15+00:00","og_image":[{"width":472,"height":472,"url":"https:\/\/surysaray.com\/wp-content\/uploads\/2024\/05\/dha.webp","type":"image\/webp"}],"twitter_card":"summary_large_image","schema":{"@context":"https:\/\/schema.org","@graph":[{"@type":"WebPage","@id":"https:\/\/surysaray.com\/de\/producto\/omega-dha-30-capsulas\/","url":"https:\/\/surysaray.com\/de\/producto\/omega-dha-30-capsulas\/","name":"Omega DHA 30 C\u00e1psulas - Sury Saray","isPartOf":{"@id":"https:\/\/surysaray.com\/#website"},"datePublished":"2024-05-11T11:41:32+00:00","dateModified":"2025-02-04T09:34:15+00:00","breadcrumb":{"@id":"https:\/\/surysaray.com\/de\/producto\/omega-dha-30-capsulas\/#breadcrumb"},"inLanguage":"de-DE","potentialAction":[{"@type":"ReadAction","target":["https:\/\/surysaray.com\/de\/producto\/omega-dha-30-capsulas\/"]}]},{"@type":"BreadcrumbList","@id":"https:\/\/surysaray.com\/de\/producto\/omega-dha-30-capsulas\/#breadcrumb","itemListElement":[{"@type":"ListItem","position":1,"name":"Portada","item":"https:\/\/surysaray.com\/de\/"},{"@type":"ListItem","position":2,"name":"Shop","item":"https:\/\/surysaray.com\/de\/online-shop\/"},{"@type":"ListItem","position":3,"name":"Omega DHA 30 C\u00e1psulas"}]},{"@type":"WebSite","@id":"https:\/\/surysaray.com\/#website","url":"https:\/\/surysaray.com\/","name":"Sury Saray","description":"","potentialAction":[{"@type":"SearchAction","target":{"@type":"EntryPoint","urlTemplate":"https:\/\/surysaray.com\/?s={search_term_string}"},"query-input":"required name=search_term_string"}],"inLanguage":"de-DE"}]}},"_links":{"self":[{"href":"https:\/\/surysaray.com\/de\/wp-json\/wp\/v3\/product\/17400"}],"collection":[{"href":"https:\/\/surysaray.com\/de\/wp-json\/wp\/v3\/product"}],"about":[{"href":"https:\/\/surysaray.com\/de\/wp-json\/wp\/v2\/types\/product"}],"wp:featuredmedia":[{"embeddable":true,"href":"https:\/\/surysaray.com\/de\/wp-json\/wp\/v2\/media\/17907"}],"wp:attachment":[{"href":"https:\/\/surysaray.com\/de\/wp-json\/wp\/v2\/media?parent=17400"}],"wp:term":[{"taxonomy":"product_cat","embeddable":true,"href":"https:\/\/surysaray.com\/de\/wp-json\/wp\/v2\/product_cat?post=17400"},{"taxonomy":"product_tag","embeddable":true,"href":"https:\/\/surysaray.com\/de\/wp-json\/wp\/v2\/product_tag?post=17400"}],"curies":[{"name":"wp","href":"https:\/\/api.w.org\/{rel}","templated":true}]}}